{"id":125,"date":"2021-08-02T22:50:40","date_gmt":"2021-08-02T19:50:40","guid":{"rendered":"https:\/\/ovahukuk.com\/?page_id=125"},"modified":"2023-10-10T22:41:16","modified_gmt":"2023-10-10T19:41:16","slug":"kariyer","status":"publish","type":"page","link":"https:\/\/ovahukuk.com\/en\/kariyer\/","title":{"rendered":"\u00a0Kariyer"},"content":{"rendered":"<!DOCTYPE html PUBLIC \"-\/\/W3C\/\/DTD HTML 4.0 Transitional\/\/EN\" \"http:\/\/www.w3.org\/TR\/REC-html40\/loose.dtd\">\n<html><body><div class=\"wp-block-columns is-layout-flex wp-container-core-columns-is-layout-28f84493 wp-block-columns-is-layout-flex\">\n<div class=\"wp-block-column is-layout-flow wp-block-column-is-layout-flow\" style=\"flex-basis:400px\">\n<figure class=\"wp-block-image size-full is-resized\"><img loading=\"lazy\" decoding=\"async\" src=\"https:\/\/ovahukuk.com\/wp-content\/uploads\/2021\/08\/kariyerr.png\" alt=\"\" class=\"wp-image-191\" width=\"404\" height=\"646\" srcset=\"https:\/\/ovahukuk.com\/wp-content\/uploads\/2021\/08\/kariyerr.png 400w, https:\/\/ovahukuk.com\/wp-content\/uploads\/2021\/08\/kariyerr-188x300.png 188w\" sizes=\"auto, (max-width: 404px) 100vw, 404px\" \/><\/figure>\n<\/div>\n\n\n\n<div class=\"wp-block-column is-layout-flow wp-block-column-is-layout-flow\" style=\"flex-basis:600px\">\n<div style=\"height:53px\" aria-hidden=\"true\" class=\"wp-block-spacer\"><\/div>\n\n\n\n<h4 class=\"wp-block-heading\">OVA Avukatl\u0131k B\u00fcrosu<\/h4>\n\n\n\n<p style=\"font-size:40px\"><strong>KAR\u0130YER<\/strong><\/p>\n\n\n\n<p style=\"font-size:19px\">OVA Avukatl\u0131k B\u00fcrosu, hukuk fak\u00fcltesinden yeni mezun olmu\u015f veya deneyimli, ileri seviyede yaz\u0131l\u0131 ve s\u00f6zl\u00fc \u0130ngilizce bilgisine sahip avukatlar\u0131n ba\u015fvurular\u0131n\u0131 de\u011ferlendirmektedir. \u0130\u015f ba\u015fvurusunda bulunmak isteyen adaylar, detayl\u0131 \u00f6zge\u00e7mi\u015flerini <a href=\"mailto:ik@ovahukuk.com\" data-link=\"mailto:ik@ovahukuk.com\" data-button=\"LinkPreview\" id=\"1\"><strong>ik@ovahukuk.com<\/strong><\/a> adresine g\u00f6nderebilirler.<br><\/p>\n\n\n\n<p style=\"font-size:19px\">B\u00fcromuz, stajyer avukatlar\u0131 gelecekteki \u00e7al\u0131\u015fma arkada\u015flar\u0131 olarak g\u00f6rmekte olup, bu do\u011frultuda stajyer avukatlar\u0131na sorumluluk vermekte, ayn\u0131 sorumluluk ile mesleki disiplin ve ekip \u00e7al\u0131\u015fmas\u0131n\u0131 da kendilerinden beklemektedir. Avukatl\u0131k staj\u0131n\u0131 OVA Avukatl\u0131k B\u00fcrosu\u2019nda yapmak isteyen adaylar \u00f6zge\u00e7mi\u015flerini <a href=\"mailto:ik@ovahukuk.com\" data-link=\"mailto:ik@ovahukuk.com\" data-button=\"LinkPreview\" id=\"2\"><strong>ik@ovahukuk.com<\/strong><\/a> adresine e-posta g\u00f6nderebilirler. OVA Avukatl\u0131k B\u00fcrosu, ilgili di\u011fer pozisyonlar i\u00e7in yap\u0131lacak genel i\u015f ba\u015fvurular\u0131na da a\u00e7\u0131kt\u0131r.<\/p>\n<\/div>\n<\/div>\n<\/body><\/html>","protected":false},"excerpt":{"rendered":"<p>OVA Avukatl\u0131k B\u00fcrosu KAR\u0130YER OVA Avukatl\u0131k B\u00fcrosu, hukuk fak\u00fcltesinden yeni mezun olmu\u015f veya deneyimli, ileri seviyede yaz\u0131l\u0131 ve s\u00f6zl\u00fc \u0130ngilizce bilgisine sahip avukatlar\u0131n ba\u015fvurular\u0131n\u0131 de\u011ferlendirmektedir. \u0130\u015f ba\u015fvurusunda bulunmak isteyen adaylar, detayl\u0131 \u00f6zge\u00e7mi\u015flerini ik@ovahukuk.com adresine g\u00f6nderebilirler. B\u00fcromuz, stajyer avukatlar\u0131 gelecekteki \u00e7al\u0131\u015fma arkada\u015flar\u0131 olarak g\u00f6rmekte olup, bu do\u011frultuda stajyer avukatlar\u0131na sorumluluk vermekte, [&hellip;]<\/p>","protected":false},"author":1,"featured_media":49,"parent":0,"menu_order":0,"comment_status":"closed","ping_status":"closed","template":"page-templates\/template-fullwidth.php","meta":{"om_disable_all_campaigns":false,"_monsterinsights_skip_tracking":false,"_monsterinsights_sitenote_active":false,"_monsterinsights_sitenote_note":"","_monsterinsights_sitenote_category":0,"footnotes":""},"class_list":["post-125","page","type-page","status-publish","has-post-thumbnail","hentry"],"aioseo_notices":[],"yoast_head":"<!-- This site is optimized with the Yoast SEO plugin v26.7 - https:\/\/yoast.com\/wordpress\/plugins\/seo\/ -->\n<title>\u00a0Kariyer - Ova Avukatl\u0131k B\u00fcrosu<\/title>\n<meta name=\"robots\" content=\"index, follow, max-snippet:-1, max-image-preview:large, max-video-preview:-1\" \/>\n<link rel=\"canonical\" href=\"https:\/\/ovahukuk.com\/en\/kariyer\/\" \/>\n<meta property=\"og:locale\" content=\"en_US\" \/>\n<meta property=\"og:type\" content=\"article\" \/>\n<meta property=\"og:title\" content=\"\u00a0Kariyer - Ova Avukatl\u0131k B\u00fcrosu\" \/>\n<meta property=\"og:description\" content=\"OVA Avukatl\u0131k B\u00fcrosu KAR\u0130YER OVA Avukatl\u0131k B\u00fcrosu, hukuk fak\u00fcltesinden yeni mezun olmu\u015f veya deneyimli, ileri seviyede yaz\u0131l\u0131 ve s\u00f6zl\u00fc \u0130ngilizce bilgisine sahip avukatlar\u0131n ba\u015fvurular\u0131n\u0131 de\u011ferlendirmektedir. \u0130\u015f ba\u015fvurusunda bulunmak isteyen adaylar, detayl\u0131 \u00f6zge\u00e7mi\u015flerini ik@ovahukuk.com adresine g\u00f6nderebilirler. B\u00fcromuz, stajyer avukatlar\u0131 gelecekteki \u00e7al\u0131\u015fma arkada\u015flar\u0131 olarak g\u00f6rmekte olup, bu do\u011frultuda stajyer avukatlar\u0131na sorumluluk vermekte, [&hellip;]\" \/>\n<meta property=\"og:url\" content=\"https:\/\/ovahukuk.com\/en\/kariyer\/\" \/>\n<meta property=\"og:site_name\" content=\"Ova Avukatl\u0131k B\u00fcrosu\" \/>\n<meta property=\"article:modified_time\" content=\"2023-10-10T19:41:16+00:00\" \/>\n<meta property=\"og:image\" content=\"https:\/\/ovahukuk.com\/wp-content\/uploads\/2021\/08\/bg_2.jpg\" \/>\n\t<meta property=\"og:image:width\" content=\"2000\" \/>\n\t<meta property=\"og:image:height\" content=\"1030\" \/>\n\t<meta property=\"og:image:type\" content=\"image\/jpeg\" \/>\n<meta name=\"twitter:card\" content=\"summary_large_image\" \/>\n<meta name=\"twitter:label1\" content=\"Est. reading time\" \/>\n\t<meta name=\"twitter:data1\" content=\"1 minute\" \/>\n<script type=\"application\/ld+json\" class=\"yoast-schema-graph\">{\"@context\":\"https:\/\/schema.org\",\"@graph\":[{\"@type\":\"WebPage\",\"@id\":\"https:\/\/ovahukuk.com\/kariyer\/\",\"url\":\"https:\/\/ovahukuk.com\/kariyer\/\",\"name\":\"\u00a0Kariyer - Ova Avukatl\u0131k B\u00fcrosu\",\"isPartOf\":{\"@id\":\"https:\/\/ovahukuk.com\/#website\"},\"primaryImageOfPage\":{\"@id\":\"https:\/\/ovahukuk.com\/kariyer\/#primaryimage\"},\"image\":{\"@id\":\"https:\/\/ovahukuk.com\/kariyer\/#primaryimage\"},\"thumbnailUrl\":\"https:\/\/ovahukuk.com\/wp-content\/uploads\/2021\/08\/bg_2.jpg\",\"datePublished\":\"2021-08-02T19:50:40+00:00\",\"dateModified\":\"2023-10-10T19:41:16+00:00\",\"breadcrumb\":{\"@id\":\"https:\/\/ovahukuk.com\/kariyer\/#breadcrumb\"},\"inLanguage\":\"en-US\",\"potentialAction\":[{\"@type\":\"ReadAction\",\"target\":[\"https:\/\/ovahukuk.com\/kariyer\/\"]}]},{\"@type\":\"ImageObject\",\"inLanguage\":\"en-US\",\"@id\":\"https:\/\/ovahukuk.com\/kariyer\/#primaryimage\",\"url\":\"https:\/\/ovahukuk.com\/wp-content\/uploads\/2021\/08\/bg_2.jpg\",\"contentUrl\":\"https:\/\/ovahukuk.com\/wp-content\/uploads\/2021\/08\/bg_2.jpg\",\"width\":2000,\"height\":1030},{\"@type\":\"BreadcrumbList\",\"@id\":\"https:\/\/ovahukuk.com\/kariyer\/#breadcrumb\",\"itemListElement\":[{\"@type\":\"ListItem\",\"position\":1,\"name\":\"Anasayfa\",\"item\":\"https:\/\/ovahukuk.com\/\"},{\"@type\":\"ListItem\",\"position\":2,\"name\":\"\u00a0Kariyer\"}]},{\"@type\":\"WebSite\",\"@id\":\"https:\/\/ovahukuk.com\/#website\",\"url\":\"https:\/\/ovahukuk.com\/\",\"name\":\"Ova Hukuk\",\"description\":\"Hukuk | Dan\u0131\u015fmanl\u0131k\",\"publisher\":{\"@id\":\"https:\/\/ovahukuk.com\/#organization\"},\"potentialAction\":[{\"@type\":\"SearchAction\",\"target\":{\"@type\":\"EntryPoint\",\"urlTemplate\":\"https:\/\/ovahukuk.com\/?s={search_term_string}\"},\"query-input\":{\"@type\":\"PropertyValueSpecification\",\"valueRequired\":true,\"valueName\":\"search_term_string\"}}],\"inLanguage\":\"en-US\"},{\"@type\":\"Organization\",\"@id\":\"https:\/\/ovahukuk.com\/#organization\",\"name\":\"Ova Avukatl\u0131k B\u00fcrosu\",\"url\":\"https:\/\/ovahukuk.com\/\",\"logo\":{\"@type\":\"ImageObject\",\"inLanguage\":\"en-US\",\"@id\":\"https:\/\/ovahukuk.com\/#\/schema\/logo\/image\/\",\"url\":\"https:\/\/ovahukuk.com\/wp-content\/uploads\/2021\/08\/logo2-1.png\",\"contentUrl\":\"https:\/\/ovahukuk.com\/wp-content\/uploads\/2021\/08\/logo2-1.png\",\"width\":268,\"height\":265,\"caption\":\"Ova Avukatl\u0131k B\u00fcrosu\"},\"image\":{\"@id\":\"https:\/\/ovahukuk.com\/#\/schema\/logo\/image\/\"}}]}<\/script>\n<!-- \/ Yoast SEO plugin. -->","yoast_head_json":{"title":"\u00a0Kariyer - Ova Avukatl\u0131k B\u00fcrosu","robots":{"index":"index","follow":"follow","max-snippet":"max-snippet:-1","max-image-preview":"max-image-preview:large","max-video-preview":"max-video-preview:-1"},"canonical":"https:\/\/ovahukuk.com\/en\/kariyer\/","og_locale":"en_US","og_type":"article","og_title":"\u00a0Kariyer - Ova Avukatl\u0131k B\u00fcrosu","og_description":"OVA Avukatl\u0131k B\u00fcrosu KAR\u0130YER OVA Avukatl\u0131k B\u00fcrosu, hukuk fak\u00fcltesinden yeni mezun olmu\u015f veya deneyimli, ileri seviyede yaz\u0131l\u0131 ve s\u00f6zl\u00fc \u0130ngilizce bilgisine sahip avukatlar\u0131n ba\u015fvurular\u0131n\u0131 de\u011ferlendirmektedir. \u0130\u015f ba\u015fvurusunda bulunmak isteyen adaylar, detayl\u0131 \u00f6zge\u00e7mi\u015flerini ik@ovahukuk.com adresine g\u00f6nderebilirler. B\u00fcromuz, stajyer avukatlar\u0131 gelecekteki \u00e7al\u0131\u015fma arkada\u015flar\u0131 olarak g\u00f6rmekte olup, bu do\u011frultuda stajyer avukatlar\u0131na sorumluluk vermekte, [&hellip;]","og_url":"https:\/\/ovahukuk.com\/en\/kariyer\/","og_site_name":"Ova Avukatl\u0131k B\u00fcrosu","article_modified_time":"2023-10-10T19:41:16+00:00","og_image":[{"width":2000,"height":1030,"url":"https:\/\/ovahukuk.com\/wp-content\/uploads\/2021\/08\/bg_2.jpg","type":"image\/jpeg"}],"twitter_card":"summary_large_image","twitter_misc":{"Est. reading time":"1 minute"},"schema":{"@context":"https:\/\/schema.org","@graph":[{"@type":"WebPage","@id":"https:\/\/ovahukuk.com\/kariyer\/","url":"https:\/\/ovahukuk.com\/kariyer\/","name":"\u00a0Kariyer - Ova Avukatl\u0131k B\u00fcrosu","isPartOf":{"@id":"https:\/\/ovahukuk.com\/#website"},"primaryImageOfPage":{"@id":"https:\/\/ovahukuk.com\/kariyer\/#primaryimage"},"image":{"@id":"https:\/\/ovahukuk.com\/kariyer\/#primaryimage"},"thumbnailUrl":"https:\/\/ovahukuk.com\/wp-content\/uploads\/2021\/08\/bg_2.jpg","datePublished":"2021-08-02T19:50:40+00:00","dateModified":"2023-10-10T19:41:16+00:00","breadcrumb":{"@id":"https:\/\/ovahukuk.com\/kariyer\/#breadcrumb"},"inLanguage":"en-US","potentialAction":[{"@type":"ReadAction","target":["https:\/\/ovahukuk.com\/kariyer\/"]}]},{"@type":"ImageObject","inLanguage":"en-US","@id":"https:\/\/ovahukuk.com\/kariyer\/#primaryimage","url":"https:\/\/ovahukuk.com\/wp-content\/uploads\/2021\/08\/bg_2.jpg","contentUrl":"https:\/\/ovahukuk.com\/wp-content\/uploads\/2021\/08\/bg_2.jpg","width":2000,"height":1030},{"@type":"BreadcrumbList","@id":"https:\/\/ovahukuk.com\/kariyer\/#breadcrumb","itemListElement":[{"@type":"ListItem","position":1,"name":"Anasayfa","item":"https:\/\/ovahukuk.com\/"},{"@type":"ListItem","position":2,"name":"\u00a0Kariyer"}]},{"@type":"WebSite","@id":"https:\/\/ovahukuk.com\/#website","url":"https:\/\/ovahukuk.com\/","name":"Ova Hukuk","description":"Hukuk | Dan\u0131\u015fmanl\u0131k","publisher":{"@id":"https:\/\/ovahukuk.com\/#organization"},"potentialAction":[{"@type":"SearchAction","target":{"@type":"EntryPoint","urlTemplate":"https:\/\/ovahukuk.com\/?s={search_term_string}"},"query-input":{"@type":"PropertyValueSpecification","valueRequired":true,"valueName":"search_term_string"}}],"inLanguage":"en-US"},{"@type":"Organization","@id":"https:\/\/ovahukuk.com\/#organization","name":"Ova Avukatl\u0131k B\u00fcrosu","url":"https:\/\/ovahukuk.com\/","logo":{"@type":"ImageObject","inLanguage":"en-US","@id":"https:\/\/ovahukuk.com\/#\/schema\/logo\/image\/","url":"https:\/\/ovahukuk.com\/wp-content\/uploads\/2021\/08\/logo2-1.png","contentUrl":"https:\/\/ovahukuk.com\/wp-content\/uploads\/2021\/08\/logo2-1.png","width":268,"height":265,"caption":"Ova Avukatl\u0131k B\u00fcrosu"},"image":{"@id":"https:\/\/ovahukuk.com\/#\/schema\/logo\/image\/"}}]}},"_links":{"self":[{"href":"https:\/\/ovahukuk.com\/en\/wp-json\/wp\/v2\/pages\/125","targetHints":{"allow":["GET"]}}],"collection":[{"href":"https:\/\/ovahukuk.com\/en\/wp-json\/wp\/v2\/pages"}],"about":[{"href":"https:\/\/ovahukuk.com\/en\/wp-json\/wp\/v2\/types\/page"}],"author":[{"embeddable":true,"href":"https:\/\/ovahukuk.com\/en\/wp-json\/wp\/v2\/users\/1"}],"replies":[{"embeddable":true,"href":"https:\/\/ovahukuk.com\/en\/wp-json\/wp\/v2\/comments?post=125"}],"version-history":[{"count":8,"href":"https:\/\/ovahukuk.com\/en\/wp-json\/wp\/v2\/pages\/125\/revisions"}],"predecessor-version":[{"id":512,"href":"https:\/\/ovahukuk.com\/en\/wp-json\/wp\/v2\/pages\/125\/revisions\/512"}],"wp:featuredmedia":[{"embeddable":true,"href":"https:\/\/ovahukuk.com\/en\/wp-json\/wp\/v2\/media\/49"}],"wp:attachment":[{"href":"https:\/\/ovahukuk.com\/en\/wp-json\/wp\/v2\/media?parent=125"}],"curies":[{"name":"wp","href":"https:\/\/api.w.org\/{rel}","templated":true}]}}