{"id":136,"date":"2021-08-03T09:10:58","date_gmt":"2021-08-03T06:10:58","guid":{"rendered":"https:\/\/ovahukuk.com\/?page_id=136"},"modified":"2023-10-10T22:46:20","modified_gmt":"2023-10-10T19:46:20","slug":"calisma-alanlarimiz","status":"publish","type":"page","link":"https:\/\/ovahukuk.com\/en\/calisma-alanlarimiz\/","title":{"rendered":"\u00a0\u00c7al\u0131\u015fma Alanlar\u0131m\u0131z"},"content":{"rendered":"<!DOCTYPE html PUBLIC \"-\/\/W3C\/\/DTD HTML 4.0 Transitional\/\/EN\" \"http:\/\/www.w3.org\/TR\/REC-html40\/loose.dtd\">\n<html><body><h1 class=\"wp-block-heading\">\u00c7al\u0131\u015fma Alanlar\u0131m\u0131z<\/h1>\n\n\n\n<div style=\"height:30px\" aria-hidden=\"true\" class=\"wp-block-spacer\"><\/div>\n\n\n\n<div class=\"wp-block-columns is-layout-flex wp-container-core-columns-is-layout-28f84493 wp-block-columns-is-layout-flex\">\n<div class=\"wp-block-column is-vertically-aligned-center is-layout-flow wp-block-column-is-layout-flow\">\n<div class=\"wp-block-columns is-layout-flex wp-container-core-columns-is-layout-28f84493 wp-block-columns-is-layout-flex\">\n<div class=\"wp-block-column is-vertically-aligned-center is-layout-flow wp-block-column-is-layout-flow\"><a class=\"maxbutton-4 maxbutton maxbutton-g-ald-ed19fma-alanlard-md-z\" href=\"https:\/\/ovahukuk.com\/en\/ticaret-ve-sirketler-hukuku\/\"><span class='mb-text'>Ticaret Ve \u015eirketler Hukuku<\/span><\/a>\n\n\n\n<div style=\"height:30px\" aria-hidden=\"true\" class=\"wp-block-spacer\"><\/div>\n\n\n<a class=\"maxbutton-4 maxbutton maxbutton-g-ald-ed19fma-alanlard-md-z\" href=\"https:\/\/ovahukuk.com\/en\/is-ve-sosyal-guvenlik-hukuku\/\"><span class='mb-text'>\u0130\u015f Hukuku<\/span><\/a>\n\n\n\n<div style=\"height:30px\" aria-hidden=\"true\" class=\"wp-block-spacer\"><\/div>\n\n\n<a class=\"maxbutton-4 maxbutton maxbutton-g-ald-ed19fma-alanlard-md-z\" href=\"https:\/\/ovahukuk.com\/en\/sozlesmeler-hukuku\/\"><span class='mb-text'>S\u00f6zle\u015fmeler Hukuku<\/span><\/a>\n\n\n\n<div style=\"height:30px\" aria-hidden=\"true\" class=\"wp-block-spacer\"><\/div>\n\n\n<a class=\"maxbutton-4 maxbutton maxbutton-g-ald-ed19fma-alanlard-md-z\" href=\"https:\/\/ovahukuk.com\/en\/fikri-ve-sinai-mulkiyet-hukuku\/\"><span class='mb-text'>Fikri ve S\u0131nai M\u00fclkiyet Hukuku<\/span><\/a>\n\n\n\n<div style=\"height:30px\" aria-hidden=\"true\" class=\"wp-block-spacer\"><\/div>\n\n\n<a class=\"maxbutton-4 maxbutton maxbutton-g-ald-ed19fma-alanlard-md-z\" href=\"https:\/\/ovahukuk.com\/en\/yabancilar-ve-vatandaslik-hukuku\/\"><span class='mb-text'>Yabanc\u0131lar ve Vatanda\u015fl\u0131k Hukuku<\/span><\/a>\n\n\n\n<div style=\"height:30px\" aria-hidden=\"true\" class=\"wp-block-spacer\"><\/div>\n<\/div>\n\n\n\n<div class=\"wp-block-column is-vertically-aligned-top is-layout-flow wp-block-column-is-layout-flow\"><a class=\"maxbutton-4 maxbutton maxbutton-g-ald-ed19fma-alanlard-md-z\" href=\"https:\/\/ovahukuk.com\/en\/insaat-ve-gayrimenkul-hukuku\/\"><span class='mb-text'>\u0130n\u015faat ve Gayrimenkul Hukuku<\/span><\/a>\n\n\n\n<div style=\"height:30px\" aria-hidden=\"true\" class=\"wp-block-spacer\"><\/div>\n\n\n<a class=\"maxbutton-4 maxbutton maxbutton-g-ald-ed19fma-alanlard-md-z\" href=\"https:\/\/ovahukuk.com\/en\/sigorta-hukuku\/\"><span class='mb-text'>Sigorta Hukuku<\/span><\/a>\n\n\n\n<div style=\"height:30px\" aria-hidden=\"true\" class=\"wp-block-spacer\"><\/div>\n\n\n<a class=\"maxbutton-4 maxbutton maxbutton-g-ald-ed19fma-alanlard-md-z\" href=\"https:\/\/ovahukuk.com\/en\/idare-ve-vergi-hukuku\/\"><span class='mb-text'>\u0130dare ve Vergi Hukuku<\/span><\/a>\n\n\n\n<div style=\"height:30px\" aria-hidden=\"true\" class=\"wp-block-spacer\"><\/div>\n\n\n<a class=\"maxbutton-4 maxbutton maxbutton-g-ald-ed19fma-alanlard-md-z\" href=\"https:\/\/ovahukuk.com\/en\/rekabet-hukuku\/\"><span class='mb-text'>Rekabet Hukuku<\/span><\/a>\n\n\n\n<div style=\"height:150px\" aria-hidden=\"true\" class=\"wp-block-spacer\"><\/div>\n\n\n\n<div style=\"height:30px\" aria-hidden=\"true\" class=\"wp-block-spacer\"><\/div>\n<\/div>\n<\/div>\n<\/div>\n\n\n\n<div class=\"wp-block-column is-vertically-aligned-top is-layout-flow wp-block-column-is-layout-flow\">\n<div class=\"wp-block-columns is-layout-flex wp-container-core-columns-is-layout-28f84493 wp-block-columns-is-layout-flex\">\n<div class=\"wp-block-column is-vertically-aligned-center is-layout-flow wp-block-column-is-layout-flow\"><a class=\"maxbutton-4 maxbutton maxbutton-g-ald-ed19fma-alanlard-md-z\" href=\"https:\/\/ovahukuk.com\/en\/tazminat-hukuku\/\"><span class='mb-text'>Tazminat Hukuku<\/span><\/a>\n\n\n\n<div style=\"height:30px\" aria-hidden=\"true\" class=\"wp-block-spacer\"><\/div>\n\n\n<a class=\"maxbutton-4 maxbutton maxbutton-g-ald-ed19fma-alanlard-md-z\" href=\"https:\/\/ovahukuk.com\/en\/icra-ve-iflas-hukuku\/\"><span class='mb-text'>\u0130cra ve \u0130flas Hukuku<\/span><\/a>\n\n\n\n<div style=\"height:30px\" aria-hidden=\"true\" class=\"wp-block-spacer\"><\/div>\n\n\n<a class=\"maxbutton-4 maxbutton maxbutton-g-ald-ed19fma-alanlard-md-z\" href=\"https:\/\/ovahukuk.com\/en\/aile-ve-miras-hukuku\/\"><span class='mb-text'>Aile ve Miras Hukuku<\/span><\/a>\n\n\n\n<div style=\"height:30px\" aria-hidden=\"true\" class=\"wp-block-spacer\"><\/div>\n\n\n<a class=\"maxbutton-4 maxbutton maxbutton-g-ald-ed19fma-alanlard-md-z\" href=\"https:\/\/ovahukuk.com\/en\/bilisim-ve-internet-hukuku\/\"><span class='mb-text'>Bili\u015fim ve \u0130nternet Hukuku<\/span><\/a>\n\n\n\n<div style=\"height:30px\" aria-hidden=\"true\" class=\"wp-block-spacer\"><\/div>\n\n\n\n<div style=\"height:30px\" aria-hidden=\"true\" class=\"wp-block-spacer\"><\/div>\n<\/div>\n\n\n\n<div class=\"wp-block-column is-vertically-aligned-center is-layout-flow wp-block-column-is-layout-flow\"><a class=\"maxbutton-4 maxbutton maxbutton-g-ald-ed19fma-alanlard-md-z\" href=\"https:\/\/ovahukuk.com\/en\/enerji-ve-madencilik-hukuku\/\"><span class='mb-text'>Enerji ve Madencilik Hukuku<\/span><\/a>\n\n\n\n<div style=\"height:30px\" aria-hidden=\"true\" class=\"wp-block-spacer\"><\/div>\n\n\n<a class=\"maxbutton-4 maxbutton maxbutton-g-ald-ed19fma-alanlard-md-z\" href=\"https:\/\/ovahukuk.com\/en\/uluslararasi-ticaret-hukuku\/\"><span class='mb-text'>Uluslararas\u0131 Ticaret Hukuku<\/span><\/a>\n\n\n\n<div style=\"height:30px\" aria-hidden=\"true\" class=\"wp-block-spacer\"><\/div>\n\n\n<a class=\"maxbutton-4 maxbutton maxbutton-g-ald-ed19fma-alanlard-md-z\" href=\"https:\/\/ovahukuk.com\/en\/ceza-hukuku\/\"><span class='mb-text'>Ceza Hukuku<\/span><\/a>\n\n\n\n<div style=\"height:30px\" aria-hidden=\"true\" class=\"wp-block-spacer\"><\/div>\n\n\n<a class=\"maxbutton-4 maxbutton maxbutton-g-ald-ed19fma-alanlard-md-z\" href=\"https:\/\/ovahukuk.com\/en\/uluslararasi-tahkim\/\"><span class='mb-text'>Uluslararas\u0131 Tahkim<\/span><\/a>\n\n\n\n<div style=\"height:30px\" aria-hidden=\"true\" class=\"wp-block-spacer\"><\/div>\n\n\n\n<div style=\"height:30px\" aria-hidden=\"true\" class=\"wp-block-spacer\"><\/div>\n<\/div>\n<\/div>\n<\/div>\n<\/div>\n<\/body><\/html>","protected":false},"excerpt":{"rendered":"<p>\u00c7al\u0131\u015fma Alanlar\u0131m\u0131z<\/p>","protected":false},"author":1,"featured_media":49,"parent":0,"menu_order":0,"comment_status":"closed","ping_status":"closed","template":"page-templates\/template-fullwidth.php","meta":{"om_disable_all_campaigns":false,"_monsterinsights_skip_tracking":false,"_monsterinsights_sitenote_active":false,"_monsterinsights_sitenote_note":"","_monsterinsights_sitenote_category":0,"footnotes":""},"class_list":["post-136","page","type-page","status-publish","has-post-thumbnail","hentry"],"aioseo_notices":[],"yoast_head":"<!-- This site is optimized with the Yoast SEO plugin v26.7 - https:\/\/yoast.com\/wordpress\/plugins\/seo\/ -->\n<title>\u00a0\u00c7al\u0131\u015fma Alanlar\u0131m\u0131z - Ova Avukatl\u0131k B\u00fcrosu<\/title>\n<meta name=\"robots\" content=\"index, follow, max-snippet:-1, max-image-preview:large, max-video-preview:-1\" \/>\n<link rel=\"canonical\" href=\"https:\/\/ovahukuk.com\/en\/calisma-alanlarimiz\/\" \/>\n<meta property=\"og:locale\" content=\"en_US\" \/>\n<meta property=\"og:type\" content=\"article\" \/>\n<meta property=\"og:title\" content=\"\u00a0\u00c7al\u0131\u015fma Alanlar\u0131m\u0131z - Ova Avukatl\u0131k B\u00fcrosu\" \/>\n<meta property=\"og:description\" content=\"\u00c7al\u0131\u015fma Alanlar\u0131m\u0131z\" \/>\n<meta property=\"og:url\" content=\"https:\/\/ovahukuk.com\/en\/calisma-alanlarimiz\/\" \/>\n<meta property=\"og:site_name\" content=\"Ova Avukatl\u0131k B\u00fcrosu\" \/>\n<meta property=\"article:modified_time\" content=\"2023-10-10T19:46:20+00:00\" \/>\n<meta property=\"og:image\" content=\"https:\/\/ovahukuk.com\/wp-content\/uploads\/2021\/08\/bg_2.jpg\" \/>\n\t<meta property=\"og:image:width\" content=\"2000\" \/>\n\t<meta property=\"og:image:height\" content=\"1030\" \/>\n\t<meta property=\"og:image:type\" content=\"image\/jpeg\" \/>\n<meta name=\"twitter:card\" content=\"summary_large_image\" \/>\n<meta name=\"twitter:label1\" content=\"Est. reading time\" \/>\n\t<meta name=\"twitter:data1\" content=\"1 minute\" \/>\n<script type=\"application\/ld+json\" class=\"yoast-schema-graph\">{\"@context\":\"https:\/\/schema.org\",\"@graph\":[{\"@type\":\"WebPage\",\"@id\":\"https:\/\/ovahukuk.com\/calisma-alanlarimiz\/\",\"url\":\"https:\/\/ovahukuk.com\/calisma-alanlarimiz\/\",\"name\":\"\u00a0\u00c7al\u0131\u015fma Alanlar\u0131m\u0131z - Ova Avukatl\u0131k B\u00fcrosu\",\"isPartOf\":{\"@id\":\"https:\/\/ovahukuk.com\/#website\"},\"primaryImageOfPage\":{\"@id\":\"https:\/\/ovahukuk.com\/calisma-alanlarimiz\/#primaryimage\"},\"image\":{\"@id\":\"https:\/\/ovahukuk.com\/calisma-alanlarimiz\/#primaryimage\"},\"thumbnailUrl\":\"https:\/\/ovahukuk.com\/wp-content\/uploads\/2021\/08\/bg_2.jpg\",\"datePublished\":\"2021-08-03T06:10:58+00:00\",\"dateModified\":\"2023-10-10T19:46:20+00:00\",\"breadcrumb\":{\"@id\":\"https:\/\/ovahukuk.com\/calisma-alanlarimiz\/#breadcrumb\"},\"inLanguage\":\"en-US\",\"potentialAction\":[{\"@type\":\"ReadAction\",\"target\":[\"https:\/\/ovahukuk.com\/calisma-alanlarimiz\/\"]}]},{\"@type\":\"ImageObject\",\"inLanguage\":\"en-US\",\"@id\":\"https:\/\/ovahukuk.com\/calisma-alanlarimiz\/#primaryimage\",\"url\":\"https:\/\/ovahukuk.com\/wp-content\/uploads\/2021\/08\/bg_2.jpg\",\"contentUrl\":\"https:\/\/ovahukuk.com\/wp-content\/uploads\/2021\/08\/bg_2.jpg\",\"width\":2000,\"height\":1030},{\"@type\":\"BreadcrumbList\",\"@id\":\"https:\/\/ovahukuk.com\/calisma-alanlarimiz\/#breadcrumb\",\"itemListElement\":[{\"@type\":\"ListItem\",\"position\":1,\"name\":\"Anasayfa\",\"item\":\"https:\/\/ovahukuk.com\/\"},{\"@type\":\"ListItem\",\"position\":2,\"name\":\"\u00a0\u00c7al\u0131\u015fma Alanlar\u0131m\u0131z\"}]},{\"@type\":\"WebSite\",\"@id\":\"https:\/\/ovahukuk.com\/#website\",\"url\":\"https:\/\/ovahukuk.com\/\",\"name\":\"Ova Hukuk\",\"description\":\"Hukuk | Dan\u0131\u015fmanl\u0131k\",\"publisher\":{\"@id\":\"https:\/\/ovahukuk.com\/#organization\"},\"potentialAction\":[{\"@type\":\"SearchAction\",\"target\":{\"@type\":\"EntryPoint\",\"urlTemplate\":\"https:\/\/ovahukuk.com\/?s={search_term_string}\"},\"query-input\":{\"@type\":\"PropertyValueSpecification\",\"valueRequired\":true,\"valueName\":\"search_term_string\"}}],\"inLanguage\":\"en-US\"},{\"@type\":\"Organization\",\"@id\":\"https:\/\/ovahukuk.com\/#organization\",\"name\":\"Ova Avukatl\u0131k B\u00fcrosu\",\"url\":\"https:\/\/ovahukuk.com\/\",\"logo\":{\"@type\":\"ImageObject\",\"inLanguage\":\"en-US\",\"@id\":\"https:\/\/ovahukuk.com\/#\/schema\/logo\/image\/\",\"url\":\"https:\/\/ovahukuk.com\/wp-content\/uploads\/2021\/08\/logo2-1.png\",\"contentUrl\":\"https:\/\/ovahukuk.com\/wp-content\/uploads\/2021\/08\/logo2-1.png\",\"width\":268,\"height\":265,\"caption\":\"Ova Avukatl\u0131k B\u00fcrosu\"},\"image\":{\"@id\":\"https:\/\/ovahukuk.com\/#\/schema\/logo\/image\/\"}}]}<\/script>\n<!-- \/ Yoast SEO plugin. -->","yoast_head_json":{"title":"\u00a0\u00c7al\u0131\u015fma Alanlar\u0131m\u0131z - Ova Avukatl\u0131k B\u00fcrosu","robots":{"index":"index","follow":"follow","max-snippet":"max-snippet:-1","max-image-preview":"max-image-preview:large","max-video-preview":"max-video-preview:-1"},"canonical":"https:\/\/ovahukuk.com\/en\/calisma-alanlarimiz\/","og_locale":"en_US","og_type":"article","og_title":"\u00a0\u00c7al\u0131\u015fma Alanlar\u0131m\u0131z - Ova Avukatl\u0131k B\u00fcrosu","og_description":"\u00c7al\u0131\u015fma Alanlar\u0131m\u0131z","og_url":"https:\/\/ovahukuk.com\/en\/calisma-alanlarimiz\/","og_site_name":"Ova Avukatl\u0131k B\u00fcrosu","article_modified_time":"2023-10-10T19:46:20+00:00","og_image":[{"width":2000,"height":1030,"url":"https:\/\/ovahukuk.com\/wp-content\/uploads\/2021\/08\/bg_2.jpg","type":"image\/jpeg"}],"twitter_card":"summary_large_image","twitter_misc":{"Est. reading time":"1 minute"},"schema":{"@context":"https:\/\/schema.org","@graph":[{"@type":"WebPage","@id":"https:\/\/ovahukuk.com\/calisma-alanlarimiz\/","url":"https:\/\/ovahukuk.com\/calisma-alanlarimiz\/","name":"\u00a0\u00c7al\u0131\u015fma Alanlar\u0131m\u0131z - Ova Avukatl\u0131k B\u00fcrosu","isPartOf":{"@id":"https:\/\/ovahukuk.com\/#website"},"primaryImageOfPage":{"@id":"https:\/\/ovahukuk.com\/calisma-alanlarimiz\/#primaryimage"},"image":{"@id":"https:\/\/ovahukuk.com\/calisma-alanlarimiz\/#primaryimage"},"thumbnailUrl":"https:\/\/ovahukuk.com\/wp-content\/uploads\/2021\/08\/bg_2.jpg","datePublished":"2021-08-03T06:10:58+00:00","dateModified":"2023-10-10T19:46:20+00:00","breadcrumb":{"@id":"https:\/\/ovahukuk.com\/calisma-alanlarimiz\/#breadcrumb"},"inLanguage":"en-US","potentialAction":[{"@type":"ReadAction","target":["https:\/\/ovahukuk.com\/calisma-alanlarimiz\/"]}]},{"@type":"ImageObject","inLanguage":"en-US","@id":"https:\/\/ovahukuk.com\/calisma-alanlarimiz\/#primaryimage","url":"https:\/\/ovahukuk.com\/wp-content\/uploads\/2021\/08\/bg_2.jpg","contentUrl":"https:\/\/ovahukuk.com\/wp-content\/uploads\/2021\/08\/bg_2.jpg","width":2000,"height":1030},{"@type":"BreadcrumbList","@id":"https:\/\/ovahukuk.com\/calisma-alanlarimiz\/#breadcrumb","itemListElement":[{"@type":"ListItem","position":1,"name":"Anasayfa","item":"https:\/\/ovahukuk.com\/"},{"@type":"ListItem","position":2,"name":"\u00a0\u00c7al\u0131\u015fma Alanlar\u0131m\u0131z"}]},{"@type":"WebSite","@id":"https:\/\/ovahukuk.com\/#website","url":"https:\/\/ovahukuk.com\/","name":"Ova Hukuk","description":"Hukuk | Dan\u0131\u015fmanl\u0131k","publisher":{"@id":"https:\/\/ovahukuk.com\/#organization"},"potentialAction":[{"@type":"SearchAction","target":{"@type":"EntryPoint","urlTemplate":"https:\/\/ovahukuk.com\/?s={search_term_string}"},"query-input":{"@type":"PropertyValueSpecification","valueRequired":true,"valueName":"search_term_string"}}],"inLanguage":"en-US"},{"@type":"Organization","@id":"https:\/\/ovahukuk.com\/#organization","name":"Ova Avukatl\u0131k B\u00fcrosu","url":"https:\/\/ovahukuk.com\/","logo":{"@type":"ImageObject","inLanguage":"en-US","@id":"https:\/\/ovahukuk.com\/#\/schema\/logo\/image\/","url":"https:\/\/ovahukuk.com\/wp-content\/uploads\/2021\/08\/logo2-1.png","contentUrl":"https:\/\/ovahukuk.com\/wp-content\/uploads\/2021\/08\/logo2-1.png","width":268,"height":265,"caption":"Ova Avukatl\u0131k B\u00fcrosu"},"image":{"@id":"https:\/\/ovahukuk.com\/#\/schema\/logo\/image\/"}}]}},"_links":{"self":[{"href":"https:\/\/ovahukuk.com\/en\/wp-json\/wp\/v2\/pages\/136","targetHints":{"allow":["GET"]}}],"collection":[{"href":"https:\/\/ovahukuk.com\/en\/wp-json\/wp\/v2\/pages"}],"about":[{"href":"https:\/\/ovahukuk.com\/en\/wp-json\/wp\/v2\/types\/page"}],"author":[{"embeddable":true,"href":"https:\/\/ovahukuk.com\/en\/wp-json\/wp\/v2\/users\/1"}],"replies":[{"embeddable":true,"href":"https:\/\/ovahukuk.com\/en\/wp-json\/wp\/v2\/comments?post=136"}],"version-history":[{"count":28,"href":"https:\/\/ovahukuk.com\/en\/wp-json\/wp\/v2\/pages\/136\/revisions"}],"predecessor-version":[{"id":1007,"href":"https:\/\/ovahukuk.com\/en\/wp-json\/wp\/v2\/pages\/136\/revisions\/1007"}],"wp:featuredmedia":[{"embeddable":true,"href":"https:\/\/ovahukuk.com\/en\/wp-json\/wp\/v2\/media\/49"}],"wp:attachment":[{"href":"https:\/\/ovahukuk.com\/en\/wp-json\/wp\/v2\/media?parent=136"}],"curies":[{"name":"wp","href":"https:\/\/api.w.org\/{rel}","templated":true}]}}