{"id":193,"date":"2021-08-03T18:15:50","date_gmt":"2021-08-03T15:15:50","guid":{"rendered":"https:\/\/ovahukuk.com\/?page_id=193"},"modified":"2023-10-10T22:57:21","modified_gmt":"2023-10-10T19:57:21","slug":"iletisim","status":"publish","type":"page","link":"https:\/\/ovahukuk.com\/en\/iletisim\/","title":{"rendered":"\u00a0\u0130leti\u015fim"},"content":{"rendered":"<!DOCTYPE html PUBLIC \"-\/\/W3C\/\/DTD HTML 4.0 Transitional\/\/EN\" \"http:\/\/www.w3.org\/TR\/REC-html40\/loose.dtd\">\n<html><body><div class=\"wp-block-columns is-layout-flex wp-container-core-columns-is-layout-28f84493 wp-block-columns-is-layout-flex\">\n<div class=\"wp-block-column is-layout-flow wp-block-column-is-layout-flow\">\n<h6 class=\"wp-block-heading has-text-align-center has-accent-color has-text-color\" style=\"font-size:12px\">\u2014\u2014\u2014\u2014\u00a0\u00a0\u00a0\u00a0<strong> \u0130LET\u0130\u015e\u0130M<\/strong>\u00a0\u00a0\u00a0\u00a0\u2014\u2014\u2014\u2014<\/h6>\n\n\n\n<h2 class=\"wp-block-heading has-text-align-center\">Bizimle \u0130leti\u015fime Ge\u00e7in<\/h2>\n\n\n\n<div style=\"height:45px\" aria-hidden=\"true\" class=\"wp-block-spacer\"><\/div>\n\n\n\n<iframe src=\"https:\/\/www.google.com\/maps\/embed?pb=!1m18!1m12!1m3!1d3060.478880081711!2d32.75117381570921!3d39.908298294326826!2m3!1f0!2f0!3f0!3m2!1i1024!2i768!4f13.1!3m3!1m2!1s0x14d347c0d50b4655%3A0xdbc641423429c7e7!2sOVA%20Avukatl%C4%B1k%20B%C3%BCrosu!5e0!3m2!1str!2str!4v1629884465199!5m2!1str!2str\" width=\"1140\" height=\"600\" style=\"border:0;\" allowfullscreen=\"\" loading=\"lazy\"><\/iframe>\n\n\n\n<div class=\"wp-block-columns is-layout-flex wp-container-core-columns-is-layout-28f84493 wp-block-columns-is-layout-flex\">\n<div class=\"wp-block-column has-background is-layout-flow wp-block-column-is-layout-flow\" style=\"background-color:#f6f4f0\">\n<div style=\"height:60px\" aria-hidden=\"true\" class=\"wp-block-spacer\"><\/div>\n\n\n<div class=\"wp-block-image\">\n<figure class=\"aligncenter size-full is-resized\"><img loading=\"lazy\" decoding=\"async\" src=\"https:\/\/ovahukuk.com\/wp-content\/uploads\/2021\/08\/worldwide.png\" alt=\"\" class=\"wp-image-498\" style=\"width:50px;height:50px\" width=\"50\" height=\"50\" srcset=\"https:\/\/ovahukuk.com\/wp-content\/uploads\/2021\/08\/worldwide.png 512w, https:\/\/ovahukuk.com\/wp-content\/uploads\/2021\/08\/worldwide-300x300.png 300w, https:\/\/ovahukuk.com\/wp-content\/uploads\/2021\/08\/worldwide-150x150.png 150w, https:\/\/ovahukuk.com\/wp-content\/uploads\/2021\/08\/worldwide-12x12.png 12w\" sizes=\"auto, (max-width: 50px) 100vw, 50px\" \/><\/figure>\n<\/div>\n\n\n<p class=\"has-text-align-center\" style=\"font-size:18px\">Mustafa Kemal Mahallesi Dumlup\u0131nar Bulvar\u0131 No:274\/2 Mahall Ankara C2 Blok No:46 06530 \u00c7ankaya\/Ankara<\/p>\n<\/div>\n\n\n\n<div class=\"wp-block-column has-background is-layout-flow wp-block-column-is-layout-flow\" style=\"background-color:#f6f4f0\">\n<div style=\"height:25px\" aria-hidden=\"true\" class=\"wp-block-spacer\"><\/div>\n\n\n<div class=\"wp-block-image\">\n<figure class=\"aligncenter size-full is-resized\"><img loading=\"lazy\" decoding=\"async\" src=\"https:\/\/ovahukuk.com\/wp-content\/uploads\/2021\/08\/mobile-phone.png\" alt=\"\" class=\"wp-image-499\" style=\"width:50px;height:50px\" width=\"50\" height=\"50\" srcset=\"https:\/\/ovahukuk.com\/wp-content\/uploads\/2021\/08\/mobile-phone.png 512w, https:\/\/ovahukuk.com\/wp-content\/uploads\/2021\/08\/mobile-phone-300x300.png 300w, https:\/\/ovahukuk.com\/wp-content\/uploads\/2021\/08\/mobile-phone-150x150.png 150w, https:\/\/ovahukuk.com\/wp-content\/uploads\/2021\/08\/mobile-phone-12x12.png 12w\" sizes=\"auto, (max-width: 50px) 100vw, 50px\" \/><\/figure>\n<\/div>\n\n\n<p class=\"has-text-align-center\" style=\"font-size:19px\"><a href=\"tel:+903122294496\" data-link=\"tel:+903122294496\" data-button=\"LinkPreview\" id=\"1\">+90 (312) 229 44 96<\/a><\/p>\n\n\n\n<div style=\"height:25px\" aria-hidden=\"true\" class=\"wp-block-spacer\"><\/div>\n\n\n<div class=\"wp-block-image\">\n<figure class=\"aligncenter size-full is-resized\"><img loading=\"lazy\" decoding=\"async\" src=\"https:\/\/ovahukuk.com\/wp-content\/uploads\/2021\/08\/fax.png\" alt=\"\" class=\"wp-image-500\" style=\"width:50px;height:50px\" width=\"50\" height=\"50\" srcset=\"https:\/\/ovahukuk.com\/wp-content\/uploads\/2021\/08\/fax.png 512w, https:\/\/ovahukuk.com\/wp-content\/uploads\/2021\/08\/fax-300x300.png 300w, https:\/\/ovahukuk.com\/wp-content\/uploads\/2021\/08\/fax-150x150.png 150w, https:\/\/ovahukuk.com\/wp-content\/uploads\/2021\/08\/fax-12x12.png 12w\" sizes=\"auto, (max-width: 50px) 100vw, 50px\" \/><\/figure>\n<\/div>\n\n\n<p class=\"has-text-align-center\" style=\"font-size:19px\"><a href=\"tel:03122294496\" data-link=\"tel:03122294496\" data-button=\"LinkPreview\" id=\"2\">+90 (312) 229 44 96<\/a><\/p>\n<\/div>\n\n\n\n<div class=\"wp-block-column has-background is-layout-flow wp-block-column-is-layout-flow\" style=\"background-color:#f6f4f0\">\n<div style=\"height:60px\" aria-hidden=\"true\" class=\"wp-block-spacer\"><\/div>\n\n\n<div class=\"wp-block-image\">\n<figure class=\"aligncenter size-full is-resized\"><img loading=\"lazy\" decoding=\"async\" src=\"https:\/\/ovahukuk.com\/wp-content\/uploads\/2021\/08\/paper-plane.png\" alt=\"\" class=\"wp-image-497\" style=\"width:50px;height:50px\" width=\"50\" height=\"50\" srcset=\"https:\/\/ovahukuk.com\/wp-content\/uploads\/2021\/08\/paper-plane.png 512w, https:\/\/ovahukuk.com\/wp-content\/uploads\/2021\/08\/paper-plane-300x300.png 300w, https:\/\/ovahukuk.com\/wp-content\/uploads\/2021\/08\/paper-plane-150x150.png 150w, https:\/\/ovahukuk.com\/wp-content\/uploads\/2021\/08\/paper-plane-12x12.png 12w\" sizes=\"auto, (max-width: 50px) 100vw, 50px\" \/><\/figure>\n<\/div>\n\n\n<p class=\"has-text-align-center\" style=\"font-size:19px\"><a href=\"mailto:info@ovahukuk.com\" data-link=\"mailto:info@ovahukuk.com\" data-button=\"LinkPreview\" id=\"3\">info@ovahukuk.com<\/a><\/p>\n<\/div>\n<\/div>\n\n\n<div class=\"wpforms-container wpforms-container-full wpforms-submit-container\" id=\"wpforms-120\"><form id=\"wpforms-form-120\" class=\"wpforms-validate wpforms-form\" data-formid=\"120\" method=\"post\" enctype=\"multipart\/form-data\" action=\"\/en\/wp-json\/wp\/v2\/pages\/193\" data-token=\"a73c6e6621c172466b06e357666cdef8\" data-token-time=\"1776536261\" data-trp-original-action=\"\/en\/wp-json\/wp\/v2\/pages\/193\"><noscript class=\"wpforms-error-noscript\">Please enable JavaScript in your browser to complete this form.<\/noscript><div class=\"wpforms-field-container\"><div id=\"wpforms-120-field_0-container\" class=\"wpforms-field wpforms-field-name wpforms-one-half wpforms-first\" data-field-id=\"0\"><label class=\"wpforms-field-label wpforms-label-hide\" for=\"wpforms-120-field_0\">\u0130sim <span class=\"wpforms-required-label\">*<\/span><\/label><input type=\"text\" id=\"wpforms-120-field_0\" class=\"wpforms-field-large wpforms-field-required\" name=\"wpforms[fields][0]\" placeholder=\"\u0130sminiz\" required><\/div><div id=\"wpforms-120-field_3-container\" class=\"wpforms-field wpforms-field-email wpforms-one-half\" data-field-id=\"3\"><label class=\"wpforms-field-label wpforms-label-hide\" for=\"wpforms-120-field_3\">Email <span class=\"wpforms-required-label\">*<\/span><\/label><input type=\"email\" id=\"wpforms-120-field_3\" class=\"wpforms-field-large wpforms-field-required\" name=\"wpforms[fields][3]\" placeholder=\"E-Mail Adresiniz\" spellcheck=\"false\" required><\/div><div id=\"wpforms-120-field_7-container\" class=\"wpforms-field wpforms-field-text\" data-field-id=\"7\"><label class=\"wpforms-field-label wpforms-label-hide\" for=\"wpforms-120-field_7\">Single Line Text <span class=\"wpforms-required-label\">*<\/span><\/label><input type=\"text\" id=\"wpforms-120-field_7\" class=\"wpforms-field-large wpforms-field-required\" name=\"wpforms[fields][7]\" placeholder=\"Telefon Numaran\u0131z - (5XX)\" required><\/div><div id=\"wpforms-120-field_4-container\" class=\"wpforms-field wpforms-field-text\" data-field-id=\"4\"><label class=\"wpforms-field-label wpforms-label-hide\" for=\"wpforms-120-field_4\">Subject<\/label><input type=\"text\" id=\"wpforms-120-field_4\" class=\"wpforms-field-large\" name=\"wpforms[fields][4]\" placeholder=\"Konu\" ><\/div><div id=\"wpforms-120-field_2-container\" class=\"wpforms-field wpforms-field-textarea\" data-field-id=\"2\"><label class=\"wpforms-field-label wpforms-label-hide\" for=\"wpforms-120-field_2\">Message <span class=\"wpforms-required-label\">*<\/span><\/label><textarea id=\"wpforms-120-field_2\" class=\"wpforms-field-medium wpforms-field-required\" name=\"wpforms[fields][2]\" placeholder=\"Mesaj\u0131n\u0131z\" required><\/textarea><\/div><div id=\"wpforms-120-field_6-container\" class=\"wpforms-field wpforms-field-checkbox\" data-field-id=\"6\"><label class=\"wpforms-field-label wpforms-label-hide\">Checkboxes <span class=\"wpforms-required-label\">*<\/span><\/label><ul id=\"wpforms-120-field_6\" class=\"wpforms-field-required\"><li class=\"choice-1 depth-1\"><input type=\"checkbox\" id=\"wpforms-120-field_6_1\" name=\"wpforms[fields][6][]\" value=\"Ayd\u0131nlatma Metni&#039;ni okudum, kabul ediyorum.\" required><label class=\"wpforms-field-label-inline\" for=\"wpforms-120-field_6_1\">Ayd\u0131nlatma Metni'ni okudum, kabul ediyorum.<\/label><\/li><\/ul><\/div><\/div><!-- .wpforms-field-container --><div class=\"wpforms-submit-container\" ><input type=\"hidden\" name=\"wpforms[id]\" value=\"120\"><input type=\"hidden\" name=\"page_title\" value=\"\"><input type=\"hidden\" name=\"page_url\" value=\"https:\/\/ovahukuk.com\/en\/wp-json\/wp\/v2\/pages\/193\"><input type=\"hidden\" name=\"url_referer\" value=\"\"><button type=\"submit\" name=\"wpforms[submit]\" id=\"wpforms-submit-120\" class=\"wpforms-submit background-color 183de0 important\" data-alt-text=\"G\u00f6nderiliyor...\" data-submit-text=\"Mesaj\u0131 G\u00f6nder\" aria-live=\"assertive\" value=\"wpforms-submit\">Mesaj\u0131 G\u00f6nder<\/button><\/div><input type=\"hidden\" name=\"trp-form-language\" value=\"en\"\/><\/form><\/div>  <!-- .wpforms-container -->\n\n\n\n<div style=\"height:50px\" aria-hidden=\"true\" class=\"wp-block-spacer\"><\/div>\n<\/div>\n<\/div>\n\n\n\n<div style=\"height:15px\" aria-hidden=\"true\" class=\"wp-block-spacer\"><\/div>\n<\/body><\/html>","protected":false},"excerpt":{"rendered":"<p>\u2014\u2014\u2014\u2014\u00a0\u00a0\u00a0\u00a0 \u0130LET\u0130\u015e\u0130M\u00a0\u00a0\u00a0\u00a0\u2014\u2014\u2014\u2014 Bizimle \u0130leti\u015fime Ge\u00e7in Mustafa Kemal Mahallesi Dumlup\u0131nar Bulvar\u0131 No:274\/2 Mahall Ankara C2 Blok No:46 06530 \u00c7ankaya\/Ankara +90 (312) 229 44 96 +90 (312) 229 44 96 info@ovahukuk.com<\/p>","protected":false},"author":1,"featured_media":49,"parent":0,"menu_order":0,"comment_status":"closed","ping_status":"closed","template":"page-templates\/template-fullwidth.php","meta":{"om_disable_all_campaigns":false,"_monsterinsights_skip_tracking":false,"_monsterinsights_sitenote_active":false,"_monsterinsights_sitenote_note":"","_monsterinsights_sitenote_category":0,"footnotes":""},"class_list":["post-193","page","type-page","status-publish","has-post-thumbnail","hentry"],"aioseo_notices":[],"yoast_head":"<!-- This site is optimized with the Yoast SEO plugin v26.7 - https:\/\/yoast.com\/wordpress\/plugins\/seo\/ -->\n<title>\u00a0\u0130leti\u015fim - Ova Avukatl\u0131k B\u00fcrosu<\/title>\n<meta name=\"robots\" content=\"index, follow, max-snippet:-1, max-image-preview:large, max-video-preview:-1\" \/>\n<link rel=\"canonical\" href=\"https:\/\/ovahukuk.com\/en\/iletisim\/\" \/>\n<meta property=\"og:locale\" content=\"en_US\" \/>\n<meta property=\"og:type\" content=\"article\" \/>\n<meta property=\"og:title\" content=\"\u00a0\u0130leti\u015fim - Ova Avukatl\u0131k B\u00fcrosu\" \/>\n<meta property=\"og:description\" content=\"\u2014\u2014\u2014\u2014\u00a0\u00a0\u00a0\u00a0 \u0130LET\u0130\u015e\u0130M\u00a0\u00a0\u00a0\u00a0\u2014\u2014\u2014\u2014 Bizimle \u0130leti\u015fime Ge\u00e7in Mustafa Kemal Mahallesi Dumlup\u0131nar Bulvar\u0131 No:274\/2 Mahall Ankara C2 Blok No:46 06530 \u00c7ankaya\/Ankara +90 (312) 229 44 96 +90 (312) 229 44 96 info@ovahukuk.com\" \/>\n<meta property=\"og:url\" content=\"https:\/\/ovahukuk.com\/en\/iletisim\/\" \/>\n<meta property=\"og:site_name\" content=\"Ova Avukatl\u0131k B\u00fcrosu\" \/>\n<meta property=\"article:modified_time\" content=\"2023-10-10T19:57:21+00:00\" \/>\n<meta property=\"og:image\" content=\"https:\/\/ovahukuk.com\/wp-content\/uploads\/2021\/08\/bg_2.jpg\" \/>\n\t<meta property=\"og:image:width\" content=\"2000\" \/>\n\t<meta property=\"og:image:height\" content=\"1030\" \/>\n\t<meta property=\"og:image:type\" content=\"image\/jpeg\" \/>\n<meta name=\"twitter:card\" content=\"summary_large_image\" \/>\n<script type=\"application\/ld+json\" class=\"yoast-schema-graph\">{\"@context\":\"https:\/\/schema.org\",\"@graph\":[{\"@type\":\"WebPage\",\"@id\":\"https:\/\/ovahukuk.com\/iletisim\/\",\"url\":\"https:\/\/ovahukuk.com\/iletisim\/\",\"name\":\"\u00a0\u0130leti\u015fim - Ova Avukatl\u0131k B\u00fcrosu\",\"isPartOf\":{\"@id\":\"https:\/\/ovahukuk.com\/#website\"},\"primaryImageOfPage\":{\"@id\":\"https:\/\/ovahukuk.com\/iletisim\/#primaryimage\"},\"image\":{\"@id\":\"https:\/\/ovahukuk.com\/iletisim\/#primaryimage\"},\"thumbnailUrl\":\"https:\/\/ovahukuk.com\/wp-content\/uploads\/2021\/08\/bg_2.jpg\",\"datePublished\":\"2021-08-03T15:15:50+00:00\",\"dateModified\":\"2023-10-10T19:57:21+00:00\",\"breadcrumb\":{\"@id\":\"https:\/\/ovahukuk.com\/iletisim\/#breadcrumb\"},\"inLanguage\":\"en-US\",\"potentialAction\":[{\"@type\":\"ReadAction\",\"target\":[\"https:\/\/ovahukuk.com\/iletisim\/\"]}]},{\"@type\":\"ImageObject\",\"inLanguage\":\"en-US\",\"@id\":\"https:\/\/ovahukuk.com\/iletisim\/#primaryimage\",\"url\":\"https:\/\/ovahukuk.com\/wp-content\/uploads\/2021\/08\/bg_2.jpg\",\"contentUrl\":\"https:\/\/ovahukuk.com\/wp-content\/uploads\/2021\/08\/bg_2.jpg\",\"width\":2000,\"height\":1030},{\"@type\":\"BreadcrumbList\",\"@id\":\"https:\/\/ovahukuk.com\/iletisim\/#breadcrumb\",\"itemListElement\":[{\"@type\":\"ListItem\",\"position\":1,\"name\":\"Anasayfa\",\"item\":\"https:\/\/ovahukuk.com\/\"},{\"@type\":\"ListItem\",\"position\":2,\"name\":\"\u00a0\u0130leti\u015fim\"}]},{\"@type\":\"WebSite\",\"@id\":\"https:\/\/ovahukuk.com\/#website\",\"url\":\"https:\/\/ovahukuk.com\/\",\"name\":\"Ova Hukuk\",\"description\":\"Hukuk | Dan\u0131\u015fmanl\u0131k\",\"publisher\":{\"@id\":\"https:\/\/ovahukuk.com\/#organization\"},\"potentialAction\":[{\"@type\":\"SearchAction\",\"target\":{\"@type\":\"EntryPoint\",\"urlTemplate\":\"https:\/\/ovahukuk.com\/?s={search_term_string}\"},\"query-input\":{\"@type\":\"PropertyValueSpecification\",\"valueRequired\":true,\"valueName\":\"search_term_string\"}}],\"inLanguage\":\"en-US\"},{\"@type\":\"Organization\",\"@id\":\"https:\/\/ovahukuk.com\/#organization\",\"name\":\"Ova Avukatl\u0131k B\u00fcrosu\",\"url\":\"https:\/\/ovahukuk.com\/\",\"logo\":{\"@type\":\"ImageObject\",\"inLanguage\":\"en-US\",\"@id\":\"https:\/\/ovahukuk.com\/#\/schema\/logo\/image\/\",\"url\":\"https:\/\/ovahukuk.com\/wp-content\/uploads\/2021\/08\/logo2-1.png\",\"contentUrl\":\"https:\/\/ovahukuk.com\/wp-content\/uploads\/2021\/08\/logo2-1.png\",\"width\":268,\"height\":265,\"caption\":\"Ova Avukatl\u0131k B\u00fcrosu\"},\"image\":{\"@id\":\"https:\/\/ovahukuk.com\/#\/schema\/logo\/image\/\"}}]}<\/script>\n<!-- \/ Yoast SEO plugin. -->","yoast_head_json":{"title":"\u00a0\u0130leti\u015fim - Ova Avukatl\u0131k B\u00fcrosu","robots":{"index":"index","follow":"follow","max-snippet":"max-snippet:-1","max-image-preview":"max-image-preview:large","max-video-preview":"max-video-preview:-1"},"canonical":"https:\/\/ovahukuk.com\/en\/iletisim\/","og_locale":"en_US","og_type":"article","og_title":"\u00a0\u0130leti\u015fim - Ova Avukatl\u0131k B\u00fcrosu","og_description":"\u2014\u2014\u2014\u2014\u00a0\u00a0\u00a0\u00a0 \u0130LET\u0130\u015e\u0130M\u00a0\u00a0\u00a0\u00a0\u2014\u2014\u2014\u2014 Bizimle \u0130leti\u015fime Ge\u00e7in Mustafa Kemal Mahallesi Dumlup\u0131nar Bulvar\u0131 No:274\/2 Mahall Ankara C2 Blok No:46 06530 \u00c7ankaya\/Ankara +90 (312) 229 44 96 +90 (312) 229 44 96 info@ovahukuk.com","og_url":"https:\/\/ovahukuk.com\/en\/iletisim\/","og_site_name":"Ova Avukatl\u0131k B\u00fcrosu","article_modified_time":"2023-10-10T19:57:21+00:00","og_image":[{"width":2000,"height":1030,"url":"https:\/\/ovahukuk.com\/wp-content\/uploads\/2021\/08\/bg_2.jpg","type":"image\/jpeg"}],"twitter_card":"summary_large_image","schema":{"@context":"https:\/\/schema.org","@graph":[{"@type":"WebPage","@id":"https:\/\/ovahukuk.com\/iletisim\/","url":"https:\/\/ovahukuk.com\/iletisim\/","name":"\u00a0\u0130leti\u015fim - Ova Avukatl\u0131k B\u00fcrosu","isPartOf":{"@id":"https:\/\/ovahukuk.com\/#website"},"primaryImageOfPage":{"@id":"https:\/\/ovahukuk.com\/iletisim\/#primaryimage"},"image":{"@id":"https:\/\/ovahukuk.com\/iletisim\/#primaryimage"},"thumbnailUrl":"https:\/\/ovahukuk.com\/wp-content\/uploads\/2021\/08\/bg_2.jpg","datePublished":"2021-08-03T15:15:50+00:00","dateModified":"2023-10-10T19:57:21+00:00","breadcrumb":{"@id":"https:\/\/ovahukuk.com\/iletisim\/#breadcrumb"},"inLanguage":"en-US","potentialAction":[{"@type":"ReadAction","target":["https:\/\/ovahukuk.com\/iletisim\/"]}]},{"@type":"ImageObject","inLanguage":"en-US","@id":"https:\/\/ovahukuk.com\/iletisim\/#primaryimage","url":"https:\/\/ovahukuk.com\/wp-content\/uploads\/2021\/08\/bg_2.jpg","contentUrl":"https:\/\/ovahukuk.com\/wp-content\/uploads\/2021\/08\/bg_2.jpg","width":2000,"height":1030},{"@type":"BreadcrumbList","@id":"https:\/\/ovahukuk.com\/iletisim\/#breadcrumb","itemListElement":[{"@type":"ListItem","position":1,"name":"Anasayfa","item":"https:\/\/ovahukuk.com\/"},{"@type":"ListItem","position":2,"name":"\u00a0\u0130leti\u015fim"}]},{"@type":"WebSite","@id":"https:\/\/ovahukuk.com\/#website","url":"https:\/\/ovahukuk.com\/","name":"Ova Hukuk","description":"Hukuk | Dan\u0131\u015fmanl\u0131k","publisher":{"@id":"https:\/\/ovahukuk.com\/#organization"},"potentialAction":[{"@type":"SearchAction","target":{"@type":"EntryPoint","urlTemplate":"https:\/\/ovahukuk.com\/?s={search_term_string}"},"query-input":{"@type":"PropertyValueSpecification","valueRequired":true,"valueName":"search_term_string"}}],"inLanguage":"en-US"},{"@type":"Organization","@id":"https:\/\/ovahukuk.com\/#organization","name":"Ova Avukatl\u0131k B\u00fcrosu","url":"https:\/\/ovahukuk.com\/","logo":{"@type":"ImageObject","inLanguage":"en-US","@id":"https:\/\/ovahukuk.com\/#\/schema\/logo\/image\/","url":"https:\/\/ovahukuk.com\/wp-content\/uploads\/2021\/08\/logo2-1.png","contentUrl":"https:\/\/ovahukuk.com\/wp-content\/uploads\/2021\/08\/logo2-1.png","width":268,"height":265,"caption":"Ova Avukatl\u0131k B\u00fcrosu"},"image":{"@id":"https:\/\/ovahukuk.com\/#\/schema\/logo\/image\/"}}]}},"_links":{"self":[{"href":"https:\/\/ovahukuk.com\/en\/wp-json\/wp\/v2\/pages\/193","targetHints":{"allow":["GET"]}}],"collection":[{"href":"https:\/\/ovahukuk.com\/en\/wp-json\/wp\/v2\/pages"}],"about":[{"href":"https:\/\/ovahukuk.com\/en\/wp-json\/wp\/v2\/types\/page"}],"author":[{"embeddable":true,"href":"https:\/\/ovahukuk.com\/en\/wp-json\/wp\/v2\/users\/1"}],"replies":[{"embeddable":true,"href":"https:\/\/ovahukuk.com\/en\/wp-json\/wp\/v2\/comments?post=193"}],"version-history":[{"count":19,"href":"https:\/\/ovahukuk.com\/en\/wp-json\/wp\/v2\/pages\/193\/revisions"}],"predecessor-version":[{"id":1012,"href":"https:\/\/ovahukuk.com\/en\/wp-json\/wp\/v2\/pages\/193\/revisions\/1012"}],"wp:featuredmedia":[{"embeddable":true,"href":"https:\/\/ovahukuk.com\/en\/wp-json\/wp\/v2\/media\/49"}],"wp:attachment":[{"href":"https:\/\/ovahukuk.com\/en\/wp-json\/wp\/v2\/media?parent=193"}],"curies":[{"name":"wp","href":"https:\/\/api.w.org\/{rel}","templated":true}]}}