{"id":2,"date":"2021-08-02T17:10:16","date_gmt":"2021-08-02T14:10:16","guid":{"rendered":"https:\/\/ovahukuk.com\/?page_id=2"},"modified":"2023-10-10T22:41:02","modified_gmt":"2023-10-10T19:41:02","slug":"hakkimizda","status":"publish","type":"page","link":"https:\/\/ovahukuk.com\/en\/hakkimizda\/","title":{"rendered":"\u00a0Hakk\u0131m\u0131zda"},"content":{"rendered":"<!DOCTYPE html PUBLIC \"-\/\/W3C\/\/DTD HTML 4.0 Transitional\/\/EN\" \"http:\/\/www.w3.org\/TR\/REC-html40\/loose.dtd\">\n<html><body><h1 class=\"wp-block-heading\">Hakk\u0131m\u0131zda<\/h1>\n\n\n\n<p class=\"has-black-color has-text-color\" style=\"font-size:18px\"><strong>OVA Avukatl\u0131k B\u00fcrosu, 30 y\u0131l\u0131 a\u015fk\u0131n hukuki tecr\u00fcbesiyle bir\u00e7ok farkl\u0131 disiplinde m\u00fcvekkil \u015firketler ile \u015fah\u0131slara, ulusal ve uluslararas\u0131 alanda, kar\u015f\u0131l\u0131kl\u0131 g\u00fcven ili\u015fkisinden taviz vermeden yarat\u0131c\u0131, etkin ve \u00e7\u00f6z\u00fcm odakl\u0131 avukatl\u0131k ve dan\u0131\u015fmanl\u0131k hizmeti vermektedir.<\/strong><\/p>\n\n\n\n<p class=\"has-black-color has-text-color\" style=\"font-size:18px\"><strong>B\u00fcromuz, \u00e7ok iyi derecede \u0130ngilizce bilen, alan\u0131nda uzman ve deneyimli avukatlar\u0131yla, yerli ve yabanc\u0131 m\u00fcvekkillerinin, T\u00fcrkiye ve yurtd\u0131\u015f\u0131ndaki i\u015flerinden ve yat\u0131r\u0131mlar\u0131ndan kaynaklanan en karma\u015f\u0131k ve zorlu meselelerde bile \u00e7\u0131karlar\u0131n\u0131 en iyi \u015fekilde korumakta kararl\u0131d\u0131r.<\/strong><\/p>\n\n\n\n<p class=\"has-black-color has-text-color\" style=\"font-size:18px\"><strong>Temel prensibimiz; m\u00fcvekkillerin sorunlar\u0131n\u0131 do\u011fru analiz ederek, ihtiya\u00e7lar\u0131na en uygun \u00e7\u00f6z\u00fcmleri sunmak ve en etkili \u015fekilde kar\u015f\u0131l\u0131k verebilmektir. Kar\u015f\u0131la\u015f\u0131lan her hukuki sorunda, \u00f6ncelikli olarak titiz bir ara\u015ft\u0131rma s\u00fcrecinden sonra s\u00fcre\u00e7 en etkin, h\u0131zl\u0131 ve g\u00fcvenilir \u00e7\u00f6z\u00fcme ula\u015fmakt\u0131r. B\u00fcromuz, hukuki problemlerin \u00f6nceden al\u0131nacak tedbirlerle engellenebilece\u011fi hedefiyle hizmet vermekte olup, ihtilaflar\u0131n hi\u00e7 olu\u015fmamas\u0131n\u0131 sa\u011flamay\u0131 temel ba\u015far\u0131 kriteri olarak benimsemi\u015ftir. Yarg\u0131ya intikal eden uyu\u015fmazl\u0131klar\u0131n takibinde ise titiz bir ekip \u00e7al\u0131\u015fmas\u0131 ile ba\u015flang\u0131\u00e7tan icra a\u015famas\u0131na kadar her bir ad\u0131mda etkin hukuki hizmet ile hedefe ula\u015fmak ama\u00e7lanmaktad\u0131r.<\/strong><\/p>\n\n\n\n<p class=\"has-black-color has-text-color\" style=\"font-size:18px\"><strong>OVA Avukatl\u0131k B\u00fcrosu, m\u00fcvekkillerin ba\u015far\u0131s\u0131n\u0131 \u00f6ncelik edinmi\u015f olmas\u0131, nicelik de\u011fil nitelik ilkesini benimsemesi ve m\u00fcvekkillerin de\u011fi\u015fen ihtiya\u00e7lar\u0131na zaman\u0131nda, do\u011fru ve etkin cevap verilebilmesi ad\u0131na butik bir yakla\u015f\u0131mla m\u00fcvekkillerine hizmet sunmaktad\u0131r.<\/strong><\/p>\n\n\n\n<div style=\"height:70px\" aria-hidden=\"true\" class=\"wp-block-spacer\"><\/div>\n<\/body><\/html>","protected":false},"excerpt":{"rendered":"<p>Hakk\u0131m\u0131zda OVA Avukatl\u0131k B\u00fcrosu, 30 y\u0131l\u0131 a\u015fk\u0131n hukuki tecr\u00fcbesiyle bir\u00e7ok farkl\u0131 disiplinde m\u00fcvekkil \u015firketler ile \u015fah\u0131slara, ulusal ve uluslararas\u0131 alanda, kar\u015f\u0131l\u0131kl\u0131 g\u00fcven ili\u015fkisinden taviz vermeden yarat\u0131c\u0131, etkin ve \u00e7\u00f6z\u00fcm odakl\u0131 avukatl\u0131k ve dan\u0131\u015fmanl\u0131k hizmeti vermektedir. B\u00fcromuz, \u00e7ok iyi derecede \u0130ngilizce bilen, alan\u0131nda uzman ve deneyimli avukatlar\u0131yla, yerli ve yabanc\u0131 m\u00fcvekkillerinin, [&hellip;]<\/p>","protected":false},"author":1,"featured_media":49,"parent":0,"menu_order":0,"comment_status":"closed","ping_status":"closed","template":"page-templates\/template-fullwidth.php","meta":{"om_disable_all_campaigns":false,"_monsterinsights_skip_tracking":false,"_monsterinsights_sitenote_active":false,"_monsterinsights_sitenote_note":"","_monsterinsights_sitenote_category":0,"footnotes":""},"class_list":["post-2","page","type-page","status-publish","has-post-thumbnail","hentry"],"aioseo_notices":[],"yoast_head":"<!-- This site is optimized with the Yoast SEO plugin v26.7 - https:\/\/yoast.com\/wordpress\/plugins\/seo\/ -->\n<title>\u00a0Hakk\u0131m\u0131zda - Ova Avukatl\u0131k B\u00fcrosu<\/title>\n<meta name=\"robots\" content=\"index, follow, max-snippet:-1, max-image-preview:large, max-video-preview:-1\" \/>\n<link rel=\"canonical\" href=\"https:\/\/ovahukuk.com\/en\/hakkimizda\/\" \/>\n<meta property=\"og:locale\" content=\"en_US\" \/>\n<meta property=\"og:type\" content=\"article\" \/>\n<meta property=\"og:title\" content=\"\u00a0Hakk\u0131m\u0131zda - Ova Avukatl\u0131k B\u00fcrosu\" \/>\n<meta property=\"og:description\" content=\"Hakk\u0131m\u0131zda OVA Avukatl\u0131k B\u00fcrosu, 30 y\u0131l\u0131 a\u015fk\u0131n hukuki tecr\u00fcbesiyle bir\u00e7ok farkl\u0131 disiplinde m\u00fcvekkil \u015firketler ile \u015fah\u0131slara, ulusal ve uluslararas\u0131 alanda, kar\u015f\u0131l\u0131kl\u0131 g\u00fcven ili\u015fkisinden taviz vermeden yarat\u0131c\u0131, etkin ve \u00e7\u00f6z\u00fcm odakl\u0131 avukatl\u0131k ve dan\u0131\u015fmanl\u0131k hizmeti vermektedir. B\u00fcromuz, \u00e7ok iyi derecede \u0130ngilizce bilen, alan\u0131nda uzman ve deneyimli avukatlar\u0131yla, yerli ve yabanc\u0131 m\u00fcvekkillerinin, [&hellip;]\" \/>\n<meta property=\"og:url\" content=\"https:\/\/ovahukuk.com\/en\/hakkimizda\/\" \/>\n<meta property=\"og:site_name\" content=\"Ova Avukatl\u0131k B\u00fcrosu\" \/>\n<meta property=\"article:modified_time\" content=\"2023-10-10T19:41:02+00:00\" \/>\n<meta property=\"og:image\" content=\"https:\/\/ovahukuk.com\/wp-content\/uploads\/2021\/08\/bg_2.jpg\" \/>\n\t<meta property=\"og:image:width\" content=\"2000\" \/>\n\t<meta property=\"og:image:height\" content=\"1030\" \/>\n\t<meta property=\"og:image:type\" content=\"image\/jpeg\" \/>\n<meta name=\"twitter:card\" content=\"summary_large_image\" \/>\n<meta name=\"twitter:label1\" content=\"Est. reading time\" \/>\n\t<meta name=\"twitter:data1\" content=\"1 minute\" \/>\n<script type=\"application\/ld+json\" class=\"yoast-schema-graph\">{\"@context\":\"https:\/\/schema.org\",\"@graph\":[{\"@type\":\"WebPage\",\"@id\":\"https:\/\/ovahukuk.com\/hakkimizda\/\",\"url\":\"https:\/\/ovahukuk.com\/hakkimizda\/\",\"name\":\"\u00a0Hakk\u0131m\u0131zda - Ova Avukatl\u0131k B\u00fcrosu\",\"isPartOf\":{\"@id\":\"https:\/\/ovahukuk.com\/#website\"},\"primaryImageOfPage\":{\"@id\":\"https:\/\/ovahukuk.com\/hakkimizda\/#primaryimage\"},\"image\":{\"@id\":\"https:\/\/ovahukuk.com\/hakkimizda\/#primaryimage\"},\"thumbnailUrl\":\"https:\/\/ovahukuk.com\/wp-content\/uploads\/2021\/08\/bg_2.jpg\",\"datePublished\":\"2021-08-02T14:10:16+00:00\",\"dateModified\":\"2023-10-10T19:41:02+00:00\",\"breadcrumb\":{\"@id\":\"https:\/\/ovahukuk.com\/hakkimizda\/#breadcrumb\"},\"inLanguage\":\"en-US\",\"potentialAction\":[{\"@type\":\"ReadAction\",\"target\":[\"https:\/\/ovahukuk.com\/hakkimizda\/\"]}]},{\"@type\":\"ImageObject\",\"inLanguage\":\"en-US\",\"@id\":\"https:\/\/ovahukuk.com\/hakkimizda\/#primaryimage\",\"url\":\"https:\/\/ovahukuk.com\/wp-content\/uploads\/2021\/08\/bg_2.jpg\",\"contentUrl\":\"https:\/\/ovahukuk.com\/wp-content\/uploads\/2021\/08\/bg_2.jpg\",\"width\":2000,\"height\":1030},{\"@type\":\"BreadcrumbList\",\"@id\":\"https:\/\/ovahukuk.com\/hakkimizda\/#breadcrumb\",\"itemListElement\":[{\"@type\":\"ListItem\",\"position\":1,\"name\":\"Anasayfa\",\"item\":\"https:\/\/ovahukuk.com\/\"},{\"@type\":\"ListItem\",\"position\":2,\"name\":\"\u00a0Hakk\u0131m\u0131zda\"}]},{\"@type\":\"WebSite\",\"@id\":\"https:\/\/ovahukuk.com\/#website\",\"url\":\"https:\/\/ovahukuk.com\/\",\"name\":\"Ova Hukuk\",\"description\":\"Hukuk | Dan\u0131\u015fmanl\u0131k\",\"publisher\":{\"@id\":\"https:\/\/ovahukuk.com\/#organization\"},\"potentialAction\":[{\"@type\":\"SearchAction\",\"target\":{\"@type\":\"EntryPoint\",\"urlTemplate\":\"https:\/\/ovahukuk.com\/?s={search_term_string}\"},\"query-input\":{\"@type\":\"PropertyValueSpecification\",\"valueRequired\":true,\"valueName\":\"search_term_string\"}}],\"inLanguage\":\"en-US\"},{\"@type\":\"Organization\",\"@id\":\"https:\/\/ovahukuk.com\/#organization\",\"name\":\"Ova Avukatl\u0131k B\u00fcrosu\",\"url\":\"https:\/\/ovahukuk.com\/\",\"logo\":{\"@type\":\"ImageObject\",\"inLanguage\":\"en-US\",\"@id\":\"https:\/\/ovahukuk.com\/#\/schema\/logo\/image\/\",\"url\":\"https:\/\/ovahukuk.com\/wp-content\/uploads\/2021\/08\/logo2-1.png\",\"contentUrl\":\"https:\/\/ovahukuk.com\/wp-content\/uploads\/2021\/08\/logo2-1.png\",\"width\":268,\"height\":265,\"caption\":\"Ova Avukatl\u0131k B\u00fcrosu\"},\"image\":{\"@id\":\"https:\/\/ovahukuk.com\/#\/schema\/logo\/image\/\"}}]}<\/script>\n<!-- \/ Yoast SEO plugin. -->","yoast_head_json":{"title":"\u00a0Hakk\u0131m\u0131zda - Ova Avukatl\u0131k B\u00fcrosu","robots":{"index":"index","follow":"follow","max-snippet":"max-snippet:-1","max-image-preview":"max-image-preview:large","max-video-preview":"max-video-preview:-1"},"canonical":"https:\/\/ovahukuk.com\/en\/hakkimizda\/","og_locale":"en_US","og_type":"article","og_title":"\u00a0Hakk\u0131m\u0131zda - Ova Avukatl\u0131k B\u00fcrosu","og_description":"Hakk\u0131m\u0131zda OVA Avukatl\u0131k B\u00fcrosu, 30 y\u0131l\u0131 a\u015fk\u0131n hukuki tecr\u00fcbesiyle bir\u00e7ok farkl\u0131 disiplinde m\u00fcvekkil \u015firketler ile \u015fah\u0131slara, ulusal ve uluslararas\u0131 alanda, kar\u015f\u0131l\u0131kl\u0131 g\u00fcven ili\u015fkisinden taviz vermeden yarat\u0131c\u0131, etkin ve \u00e7\u00f6z\u00fcm odakl\u0131 avukatl\u0131k ve dan\u0131\u015fmanl\u0131k hizmeti vermektedir. B\u00fcromuz, \u00e7ok iyi derecede \u0130ngilizce bilen, alan\u0131nda uzman ve deneyimli avukatlar\u0131yla, yerli ve yabanc\u0131 m\u00fcvekkillerinin, [&hellip;]","og_url":"https:\/\/ovahukuk.com\/en\/hakkimizda\/","og_site_name":"Ova Avukatl\u0131k B\u00fcrosu","article_modified_time":"2023-10-10T19:41:02+00:00","og_image":[{"width":2000,"height":1030,"url":"https:\/\/ovahukuk.com\/wp-content\/uploads\/2021\/08\/bg_2.jpg","type":"image\/jpeg"}],"twitter_card":"summary_large_image","twitter_misc":{"Est. reading time":"1 minute"},"schema":{"@context":"https:\/\/schema.org","@graph":[{"@type":"WebPage","@id":"https:\/\/ovahukuk.com\/hakkimizda\/","url":"https:\/\/ovahukuk.com\/hakkimizda\/","name":"\u00a0Hakk\u0131m\u0131zda - Ova Avukatl\u0131k B\u00fcrosu","isPartOf":{"@id":"https:\/\/ovahukuk.com\/#website"},"primaryImageOfPage":{"@id":"https:\/\/ovahukuk.com\/hakkimizda\/#primaryimage"},"image":{"@id":"https:\/\/ovahukuk.com\/hakkimizda\/#primaryimage"},"thumbnailUrl":"https:\/\/ovahukuk.com\/wp-content\/uploads\/2021\/08\/bg_2.jpg","datePublished":"2021-08-02T14:10:16+00:00","dateModified":"2023-10-10T19:41:02+00:00","breadcrumb":{"@id":"https:\/\/ovahukuk.com\/hakkimizda\/#breadcrumb"},"inLanguage":"en-US","potentialAction":[{"@type":"ReadAction","target":["https:\/\/ovahukuk.com\/hakkimizda\/"]}]},{"@type":"ImageObject","inLanguage":"en-US","@id":"https:\/\/ovahukuk.com\/hakkimizda\/#primaryimage","url":"https:\/\/ovahukuk.com\/wp-content\/uploads\/2021\/08\/bg_2.jpg","contentUrl":"https:\/\/ovahukuk.com\/wp-content\/uploads\/2021\/08\/bg_2.jpg","width":2000,"height":1030},{"@type":"BreadcrumbList","@id":"https:\/\/ovahukuk.com\/hakkimizda\/#breadcrumb","itemListElement":[{"@type":"ListItem","position":1,"name":"Anasayfa","item":"https:\/\/ovahukuk.com\/"},{"@type":"ListItem","position":2,"name":"\u00a0Hakk\u0131m\u0131zda"}]},{"@type":"WebSite","@id":"https:\/\/ovahukuk.com\/#website","url":"https:\/\/ovahukuk.com\/","name":"Ova Hukuk","description":"Hukuk | Dan\u0131\u015fmanl\u0131k","publisher":{"@id":"https:\/\/ovahukuk.com\/#organization"},"potentialAction":[{"@type":"SearchAction","target":{"@type":"EntryPoint","urlTemplate":"https:\/\/ovahukuk.com\/?s={search_term_string}"},"query-input":{"@type":"PropertyValueSpecification","valueRequired":true,"valueName":"search_term_string"}}],"inLanguage":"en-US"},{"@type":"Organization","@id":"https:\/\/ovahukuk.com\/#organization","name":"Ova Avukatl\u0131k B\u00fcrosu","url":"https:\/\/ovahukuk.com\/","logo":{"@type":"ImageObject","inLanguage":"en-US","@id":"https:\/\/ovahukuk.com\/#\/schema\/logo\/image\/","url":"https:\/\/ovahukuk.com\/wp-content\/uploads\/2021\/08\/logo2-1.png","contentUrl":"https:\/\/ovahukuk.com\/wp-content\/uploads\/2021\/08\/logo2-1.png","width":268,"height":265,"caption":"Ova Avukatl\u0131k B\u00fcrosu"},"image":{"@id":"https:\/\/ovahukuk.com\/#\/schema\/logo\/image\/"}}]}},"_links":{"self":[{"href":"https:\/\/ovahukuk.com\/en\/wp-json\/wp\/v2\/pages\/2","targetHints":{"allow":["GET"]}}],"collection":[{"href":"https:\/\/ovahukuk.com\/en\/wp-json\/wp\/v2\/pages"}],"about":[{"href":"https:\/\/ovahukuk.com\/en\/wp-json\/wp\/v2\/types\/page"}],"author":[{"embeddable":true,"href":"https:\/\/ovahukuk.com\/en\/wp-json\/wp\/v2\/users\/1"}],"replies":[{"embeddable":true,"href":"https:\/\/ovahukuk.com\/en\/wp-json\/wp\/v2\/comments?post=2"}],"version-history":[{"count":6,"href":"https:\/\/ovahukuk.com\/en\/wp-json\/wp\/v2\/pages\/2\/revisions"}],"predecessor-version":[{"id":466,"href":"https:\/\/ovahukuk.com\/en\/wp-json\/wp\/v2\/pages\/2\/revisions\/466"}],"wp:featuredmedia":[{"embeddable":true,"href":"https:\/\/ovahukuk.com\/en\/wp-json\/wp\/v2\/media\/49"}],"wp:attachment":[{"href":"https:\/\/ovahukuk.com\/en\/wp-json\/wp\/v2\/media?parent=2"}],"curies":[{"name":"wp","href":"https:\/\/api.w.org\/{rel}","templated":true}]}}