{"id":28,"date":"2021-08-02T17:26:07","date_gmt":"2021-08-02T17:26:07","guid":{"rendered":"https:\/\/ovahukuk.com\/?page_id=28"},"modified":"2021-09-12T13:50:50","modified_gmt":"2021-09-12T13:50:50","slug":"home","status":"publish","type":"page","link":"https:\/\/ovahukuk.com\/en\/","title":{"rendered":"Home"},"content":{"rendered":"<!DOCTYPE html PUBLIC \"-\/\/W3C\/\/DTD HTML 4.0 Transitional\/\/EN\" \"http:\/\/www.w3.org\/TR\/REC-html40\/loose.dtd\">\n<html><body><p class=\"has-black-color has-text-color\"><strong>\u00a0<\/strong>        <div class=\"rmwr-wrapper\" \n             data-id=\"rmwr-69e3b0f9cceab\"\n             data-mode=\"normal\"\n             data-animation=\"fade\"\n             data-duration=\"300\"\n             data-smooth-scroll=\"true\"\n             data-scroll-offset=\"0\">\n            <button \n                type=\"button\"\n                class=\"read-link\" \n                id=\"readlinkrmwr-69e3b0f9cceab\"\n                data-open-text=\"D\u0130KKAT\"\n                data-close-text=\"Daha Az\"\n                aria-expanded=\"false\"\n                aria-controls=\"readrmwr-69e3b0f9cceab\"\n                aria-label=\"D\u0130KKAT\"\n            >\n                <span class=\"rmwr-text\">D\u0130KKAT<\/span>\n            <\/button>\n            <div \n                class=\"read_div\" \n                id=\"readrmwr-69e3b0f9cceab\"\n                aria-hidden=\"true\"\n                data-animation=\"fade\"\n                data-duration=\"300\"\n                style=\"display: none;\"\n            >\n                 <\/p>\n\n\n\n<p class=\"has-text-align-left has-black-color has-text-color\" style=\"font-size:15px\">Bu internet sitesi, m\u00fcvekkiller. olas\u0131 m\u00fcvekkiller ve b\u00fcromuzda .istihdam edilebilecek ki\u015filer i\u00e7in b\u00fcromuz. hakk\u0131nda genel bilgileri i\u00e7ermektedir. Bu sitedeki bilgiler hukuki tavsiye. niteli\u011finde olmay\u0131p bu bilgiler hi\u00e7bir \u015fekilde. site ziyaret\u00e7ileri ile OVA Avukatl\u0131k B\u00fcrosu aras\u0131nda vekil-m\u00fcvekkil ili\u015fkisi kurulmas\u0131na matuf. bi\u00e7imde yorumlanamaz yahut kullan\u0131lamaz. Olas\u0131 m\u00fcvekkiller, i\u015f ili\u015fkisi .kurmak amac\u0131yla ileti\u015fime ge\u00e7melidirler. Site i\u00e7eri\u011finde yer alan bilgilere istinaden profesyonel .hukuki yard\u0131m almadan hareket edilmesi durumunda olu\u015fabilecek herhangi bir zarardan. b\u00fcromuz sorumlu de\u011fildir.1136 say\u0131l\u0131 Avukatl\u0131k .Yasas\u0131 yahut T\u00fcrkiye Barolar Birli\u011fi Meslek Kurallar\u0131 uyar\u0131nca site i\u00e7eri\u011fi hi\u00e7bir \u015fekilde .reklam ama\u00e7l\u0131 yahut ticari ama\u00e7l\u0131 kullan\u0131lamaz. Bu internet sitesinde bulunan yaz\u0131l\u0131 .materyal, bilgi ve B\u00fcro logosuna ili\u015fkin fikri haklar OVA Avukatl\u0131k. B\u00fcrosuna ait olup, yaz\u0131l\u0131 onay al\u0131nmad\u0131k\u00e7a. kopyalanamaz ve kullan\u0131lamaz.<\/p>\n\n\n\n<p class=\"has-text-align-center has-black-color has-text-color\"><strong>OVA Avukatl\u0131k B\u00fcrosu \u00a92021 T\u00fcm Haklar\u0131 Sakl\u0131d\u0131r<\/strong>.<\/p>\n\n\n\n<p class=\"has-black-color has-text-color\">            <\/div>\n        <\/div>\n        <\/p>\n<\/body><\/html>","protected":false},"excerpt":{"rendered":"<p>\u00a0<\/p>","protected":false},"author":1,"featured_media":0,"parent":0,"menu_order":0,"comment_status":"closed","ping_status":"closed","template":"","meta":{"om_disable_all_campaigns":false,"_monsterinsights_skip_tracking":false,"_monsterinsights_sitenote_active":false,"_monsterinsights_sitenote_note":"","_monsterinsights_sitenote_category":0,"footnotes":""},"class_list":["post-28","page","type-page","status-publish","hentry"],"aioseo_notices":[],"yoast_head":"<!-- This site is optimized with the Yoast SEO plugin v26.7 - https:\/\/yoast.com\/wordpress\/plugins\/seo\/ -->\n<title>Home - Ova Avukatl\u0131k B\u00fcrosu<\/title>\n<meta name=\"robots\" content=\"index, follow, max-snippet:-1, max-image-preview:large, max-video-preview:-1\" \/>\n<link rel=\"canonical\" href=\"https:\/\/ovahukuk.com\/en\/\" \/>\n<meta property=\"og:locale\" content=\"en_US\" \/>\n<meta property=\"og:type\" content=\"article\" \/>\n<meta property=\"og:title\" content=\"Home - Ova Avukatl\u0131k B\u00fcrosu\" \/>\n<meta property=\"og:description\" content=\"\u00a0\" \/>\n<meta property=\"og:url\" content=\"https:\/\/ovahukuk.com\/en\/\" \/>\n<meta property=\"og:site_name\" content=\"Ova Avukatl\u0131k B\u00fcrosu\" \/>\n<meta property=\"article:modified_time\" content=\"2021-09-12T13:50:50+00:00\" \/>\n<meta name=\"twitter:card\" content=\"summary_large_image\" \/>\n<meta name=\"twitter:label1\" content=\"Est. reading time\" \/>\n\t<meta name=\"twitter:data1\" content=\"1 minute\" \/>\n<script type=\"application\/ld+json\" class=\"yoast-schema-graph\">{\"@context\":\"https:\/\/schema.org\",\"@graph\":[{\"@type\":\"WebPage\",\"@id\":\"https:\/\/ovahukuk.com\/\",\"url\":\"https:\/\/ovahukuk.com\/\",\"name\":\"Home - Ova Avukatl\u0131k B\u00fcrosu\",\"isPartOf\":{\"@id\":\"https:\/\/ovahukuk.com\/#website\"},\"datePublished\":\"2021-08-02T17:26:07+00:00\",\"dateModified\":\"2021-09-12T13:50:50+00:00\",\"breadcrumb\":{\"@id\":\"https:\/\/ovahukuk.com\/#breadcrumb\"},\"inLanguage\":\"en-US\",\"potentialAction\":[{\"@type\":\"ReadAction\",\"target\":[\"https:\/\/ovahukuk.com\/\"]}]},{\"@type\":\"BreadcrumbList\",\"@id\":\"https:\/\/ovahukuk.com\/#breadcrumb\",\"itemListElement\":[{\"@type\":\"ListItem\",\"position\":1,\"name\":\"Anasayfa\",\"item\":\"https:\/\/ovahukuk.com\/\"},{\"@type\":\"ListItem\",\"position\":2,\"name\":\"Home\"}]},{\"@type\":\"WebSite\",\"@id\":\"https:\/\/ovahukuk.com\/#website\",\"url\":\"https:\/\/ovahukuk.com\/\",\"name\":\"Ova Hukuk\",\"description\":\"Hukuk | Dan\u0131\u015fmanl\u0131k\",\"publisher\":{\"@id\":\"https:\/\/ovahukuk.com\/#organization\"},\"potentialAction\":[{\"@type\":\"SearchAction\",\"target\":{\"@type\":\"EntryPoint\",\"urlTemplate\":\"https:\/\/ovahukuk.com\/?s={search_term_string}\"},\"query-input\":{\"@type\":\"PropertyValueSpecification\",\"valueRequired\":true,\"valueName\":\"search_term_string\"}}],\"inLanguage\":\"en-US\"},{\"@type\":\"Organization\",\"@id\":\"https:\/\/ovahukuk.com\/#organization\",\"name\":\"Ova Avukatl\u0131k B\u00fcrosu\",\"url\":\"https:\/\/ovahukuk.com\/\",\"logo\":{\"@type\":\"ImageObject\",\"inLanguage\":\"en-US\",\"@id\":\"https:\/\/ovahukuk.com\/#\/schema\/logo\/image\/\",\"url\":\"https:\/\/ovahukuk.com\/wp-content\/uploads\/2021\/08\/logo2-1.png\",\"contentUrl\":\"https:\/\/ovahukuk.com\/wp-content\/uploads\/2021\/08\/logo2-1.png\",\"width\":268,\"height\":265,\"caption\":\"Ova Avukatl\u0131k B\u00fcrosu\"},\"image\":{\"@id\":\"https:\/\/ovahukuk.com\/#\/schema\/logo\/image\/\"}}]}<\/script>\n<!-- \/ Yoast SEO plugin. -->","yoast_head_json":{"title":"Home - Ova Avukatl\u0131k B\u00fcrosu","robots":{"index":"index","follow":"follow","max-snippet":"max-snippet:-1","max-image-preview":"max-image-preview:large","max-video-preview":"max-video-preview:-1"},"canonical":"https:\/\/ovahukuk.com\/en\/","og_locale":"en_US","og_type":"article","og_title":"Home - Ova Avukatl\u0131k B\u00fcrosu","og_description":"\u00a0","og_url":"https:\/\/ovahukuk.com\/en\/","og_site_name":"Ova Avukatl\u0131k B\u00fcrosu","article_modified_time":"2021-09-12T13:50:50+00:00","twitter_card":"summary_large_image","twitter_misc":{"Est. reading time":"1 minute"},"schema":{"@context":"https:\/\/schema.org","@graph":[{"@type":"WebPage","@id":"https:\/\/ovahukuk.com\/","url":"https:\/\/ovahukuk.com\/","name":"Home - Ova Avukatl\u0131k B\u00fcrosu","isPartOf":{"@id":"https:\/\/ovahukuk.com\/#website"},"datePublished":"2021-08-02T17:26:07+00:00","dateModified":"2021-09-12T13:50:50+00:00","breadcrumb":{"@id":"https:\/\/ovahukuk.com\/#breadcrumb"},"inLanguage":"en-US","potentialAction":[{"@type":"ReadAction","target":["https:\/\/ovahukuk.com\/"]}]},{"@type":"BreadcrumbList","@id":"https:\/\/ovahukuk.com\/#breadcrumb","itemListElement":[{"@type":"ListItem","position":1,"name":"Anasayfa","item":"https:\/\/ovahukuk.com\/"},{"@type":"ListItem","position":2,"name":"Home"}]},{"@type":"WebSite","@id":"https:\/\/ovahukuk.com\/#website","url":"https:\/\/ovahukuk.com\/","name":"Ova Hukuk","description":"Hukuk | Dan\u0131\u015fmanl\u0131k","publisher":{"@id":"https:\/\/ovahukuk.com\/#organization"},"potentialAction":[{"@type":"SearchAction","target":{"@type":"EntryPoint","urlTemplate":"https:\/\/ovahukuk.com\/?s={search_term_string}"},"query-input":{"@type":"PropertyValueSpecification","valueRequired":true,"valueName":"search_term_string"}}],"inLanguage":"en-US"},{"@type":"Organization","@id":"https:\/\/ovahukuk.com\/#organization","name":"Ova Avukatl\u0131k B\u00fcrosu","url":"https:\/\/ovahukuk.com\/","logo":{"@type":"ImageObject","inLanguage":"en-US","@id":"https:\/\/ovahukuk.com\/#\/schema\/logo\/image\/","url":"https:\/\/ovahukuk.com\/wp-content\/uploads\/2021\/08\/logo2-1.png","contentUrl":"https:\/\/ovahukuk.com\/wp-content\/uploads\/2021\/08\/logo2-1.png","width":268,"height":265,"caption":"Ova Avukatl\u0131k B\u00fcrosu"},"image":{"@id":"https:\/\/ovahukuk.com\/#\/schema\/logo\/image\/"}}]}},"_links":{"self":[{"href":"https:\/\/ovahukuk.com\/en\/wp-json\/wp\/v2\/pages\/28","targetHints":{"allow":["GET"]}}],"collection":[{"href":"https:\/\/ovahukuk.com\/en\/wp-json\/wp\/v2\/pages"}],"about":[{"href":"https:\/\/ovahukuk.com\/en\/wp-json\/wp\/v2\/types\/page"}],"author":[{"embeddable":true,"href":"https:\/\/ovahukuk.com\/en\/wp-json\/wp\/v2\/users\/1"}],"replies":[{"embeddable":true,"href":"https:\/\/ovahukuk.com\/en\/wp-json\/wp\/v2\/comments?post=28"}],"version-history":[{"count":2,"href":"https:\/\/ovahukuk.com\/en\/wp-json\/wp\/v2\/pages\/28\/revisions"}],"predecessor-version":[{"id":541,"href":"https:\/\/ovahukuk.com\/en\/wp-json\/wp\/v2\/pages\/28\/revisions\/541"}],"wp:attachment":[{"href":"https:\/\/ovahukuk.com\/en\/wp-json\/wp\/v2\/media?parent=28"}],"curies":[{"name":"wp","href":"https:\/\/api.w.org\/{rel}","templated":true}]}}