{"id":316,"date":"2021-08-05T08:30:32","date_gmt":"2021-08-05T08:30:32","guid":{"rendered":"https:\/\/ovahukuk.com\/?page_id=316"},"modified":"2021-09-15T21:24:44","modified_gmt":"2021-09-15T21:24:44","slug":"ticaret-ve-sirketler-hukuku","status":"publish","type":"page","link":"https:\/\/ovahukuk.com\/en\/ticaret-ve-sirketler-hukuku\/","title":{"rendered":"Ticaret ve \u015eirketler Hukuku"},"content":{"rendered":"<!DOCTYPE html PUBLIC \"-\/\/W3C\/\/DTD HTML 4.0 Transitional\/\/EN\" \"http:\/\/www.w3.org\/TR\/REC-html40\/loose.dtd\">\n<html><body><h1 class=\"wp-block-heading\">Ticaret ve \u015eirketler Hukuku<\/h1>\n\n\n\n<p style=\"font-size:18px\">OVA Avukatl\u0131k B\u00fcrosu, ticaret ve \u015firketler hukuku alan\u0131nda m\u00fcvekkillerinin ihtiyac\u0131 olan avukatl\u0131k hizmetini en etkili ve h\u0131zl\u0131 \u015fekilde y\u00fcr\u00fctmektedir. Ticari hayat\u0131n \u00e7e\u015fitli alanlar\u0131nda faaliyet g\u00f6steren yerli ve yabanc\u0131 m\u00fcvekkillerimize, bu kapsamda a\u015fa\u011f\u0131da yer alan hususlarda etkin avukatl\u0131k hizmeti vermekteyiz:<\/p>\n\n\n\n<ul class=\"wp-block-list\" style=\"font-size:18px\"><li>Her t\u00fcrl\u00fc ticari davan\u0131n a\u00e7\u0131lmas\u0131 ve dava s\u00fcrecinin takip edilerek neticelendirilmesi,<\/li><li>K\u0131ymetli evrak, \u00e7ek, senet alacaklar\u0131 ile t\u00fcm ticari alacaklar\u0131n dava ve icra yoluyla tahsili,<\/li><li>\u015eirket ana s\u00f6zle\u015fmesi ve ortakl\u0131k s\u00f6zle\u015fmesi haz\u0131rlanmas\u0131,<\/li><li>\u015eirketlerin kurumsal i\u015fleyi\u015fine dair dan\u0131\u015fmanl\u0131k hizmeti sunulmas\u0131,<\/li><li>Sermaye art\u0131r\u0131mlar\u0131 ve azalt\u0131lmas\u0131 i\u015flemleri,<\/li><li>T\u00fcrk \u015firketlerinin yurtd\u0131\u015f\u0131ndaki alacaklar\u0131n\u0131n tahsili, \u015firket kurulu\u015flar\u0131na ili\u015fkin olarak yabanc\u0131 b\u00fcrolarla i\u015f birli\u011fi i\u00e7erisinde \u00e7al\u0131\u015farak<\/li><li>\u015eirket y\u00f6netim kurulu kararlar\u0131n\u0131n tanzimi ve de\u011ferlendirilmesi ile genel kurul i\u015flemlerinin yap\u0131lmas\u0131,<\/li><li>Hisse devir s\u00f6zle\u015fmelerinin, oy s\u00f6zle\u015fmelerin haz\u0131rlanmas\u0131,<\/li><li>E-Ticaret hukuku ve internetten yap\u0131lan ticari i\u015flemlerin hukuki mahiyeti hakk\u0131nda bilgilendirme ve ihtilaflar\u0131n \u00e7\u00f6z\u00fcm\u00fc i\u00e7in arabuluculuk s\u00fcre\u00e7lerinin y\u00fcr\u00fct\u00fclmesi, dava ve icra takibi ba\u015flat\u0131lmas\u0131 ile s\u00fcre\u00e7 takibi,<\/li><li>Due diligence,<\/li><li>Ticaret sicili nezdinde kapsaml\u0131 temsil (kurulu\u015f, tescil de\u011fi\u015fiklikleri, terkin i\u015flemleri),<\/li><li>Yerli ve yabanc\u0131 \u015firketlerin g\u00fcnl\u00fck ola\u011fan faaliyetlerine ili\u015fkin hukuki dan\u0131\u015fmanl\u0131k sa\u011flanmas\u0131,<\/li><li>Aile \u015firketlerinin kurumsal altyap\u0131ya kavu\u015fturulmas\u0131,<\/li><li>T\u00fcrkiye\u2019nin i\u00e7inde veya d\u0131\u015f\u0131nda \u015fube veya irtibat b\u00fcrosu kurulmas\u0131,<\/li><li>\u0130\u015f ve i\u015fletme kurulumu ve y\u00f6netim dan\u0131\u015fmanl\u0131\u011f\u0131.<\/li><\/ul>\n\n\n\n<p><\/p>\n<\/body><\/html>","protected":false},"excerpt":{"rendered":"<p>Ticaret ve \u015eirketler Hukuku OVA Avukatl\u0131k B\u00fcrosu, ticaret ve \u015firketler hukuku alan\u0131nda m\u00fcvekkillerinin ihtiyac\u0131 olan avukatl\u0131k hizmetini en etkili ve h\u0131zl\u0131 \u015fekilde y\u00fcr\u00fctmektedir. Ticari hayat\u0131n \u00e7e\u015fitli alanlar\u0131nda faaliyet g\u00f6steren yerli ve yabanc\u0131 m\u00fcvekkillerimize, bu kapsamda a\u015fa\u011f\u0131da yer alan hususlarda etkin avukatl\u0131k hizmeti vermekteyiz: Her t\u00fcrl\u00fc ticari davan\u0131n a\u00e7\u0131lmas\u0131 ve dava [&hellip;]<\/p>","protected":false},"author":1,"featured_media":49,"parent":0,"menu_order":0,"comment_status":"closed","ping_status":"closed","template":"page-templates\/template-fullwidth.php","meta":{"om_disable_all_campaigns":false,"_monsterinsights_skip_tracking":false,"_monsterinsights_sitenote_active":false,"_monsterinsights_sitenote_note":"","_monsterinsights_sitenote_category":0,"footnotes":""},"class_list":["post-316","page","type-page","status-publish","has-post-thumbnail","hentry"],"aioseo_notices":[],"yoast_head":"<!-- This site is optimized with the Yoast SEO plugin v26.7 - https:\/\/yoast.com\/wordpress\/plugins\/seo\/ -->\n<title>Ticaret ve \u015eirketler Hukuku - Ova Avukatl\u0131k B\u00fcrosu<\/title>\n<meta name=\"robots\" content=\"index, follow, max-snippet:-1, max-image-preview:large, max-video-preview:-1\" \/>\n<link rel=\"canonical\" href=\"https:\/\/ovahukuk.com\/en\/ticaret-ve-sirketler-hukuku\/\" \/>\n<meta property=\"og:locale\" content=\"en_US\" \/>\n<meta property=\"og:type\" content=\"article\" \/>\n<meta property=\"og:title\" content=\"Ticaret ve \u015eirketler Hukuku - Ova Avukatl\u0131k B\u00fcrosu\" \/>\n<meta property=\"og:description\" content=\"Ticaret ve \u015eirketler Hukuku OVA Avukatl\u0131k B\u00fcrosu, ticaret ve \u015firketler hukuku alan\u0131nda m\u00fcvekkillerinin ihtiyac\u0131 olan avukatl\u0131k hizmetini en etkili ve h\u0131zl\u0131 \u015fekilde y\u00fcr\u00fctmektedir. Ticari hayat\u0131n \u00e7e\u015fitli alanlar\u0131nda faaliyet g\u00f6steren yerli ve yabanc\u0131 m\u00fcvekkillerimize, bu kapsamda a\u015fa\u011f\u0131da yer alan hususlarda etkin avukatl\u0131k hizmeti vermekteyiz: Her t\u00fcrl\u00fc ticari davan\u0131n a\u00e7\u0131lmas\u0131 ve dava [&hellip;]\" \/>\n<meta property=\"og:url\" content=\"https:\/\/ovahukuk.com\/en\/ticaret-ve-sirketler-hukuku\/\" \/>\n<meta property=\"og:site_name\" content=\"Ova Avukatl\u0131k B\u00fcrosu\" \/>\n<meta property=\"article:modified_time\" content=\"2021-09-15T21:24:44+00:00\" \/>\n<meta property=\"og:image\" content=\"https:\/\/ovahukuk.com\/wp-content\/uploads\/2021\/08\/bg_2.jpg\" \/>\n\t<meta property=\"og:image:width\" content=\"2000\" \/>\n\t<meta property=\"og:image:height\" content=\"1030\" \/>\n\t<meta property=\"og:image:type\" content=\"image\/jpeg\" \/>\n<meta name=\"twitter:card\" content=\"summary_large_image\" \/>\n<meta name=\"twitter:label1\" content=\"Est. reading time\" \/>\n\t<meta name=\"twitter:data1\" content=\"1 minute\" \/>\n<script type=\"application\/ld+json\" class=\"yoast-schema-graph\">{\"@context\":\"https:\/\/schema.org\",\"@graph\":[{\"@type\":\"WebPage\",\"@id\":\"https:\/\/ovahukuk.com\/ticaret-ve-sirketler-hukuku\/\",\"url\":\"https:\/\/ovahukuk.com\/ticaret-ve-sirketler-hukuku\/\",\"name\":\"Ticaret ve \u015eirketler Hukuku - Ova Avukatl\u0131k B\u00fcrosu\",\"isPartOf\":{\"@id\":\"https:\/\/ovahukuk.com\/#website\"},\"primaryImageOfPage\":{\"@id\":\"https:\/\/ovahukuk.com\/ticaret-ve-sirketler-hukuku\/#primaryimage\"},\"image\":{\"@id\":\"https:\/\/ovahukuk.com\/ticaret-ve-sirketler-hukuku\/#primaryimage\"},\"thumbnailUrl\":\"https:\/\/ovahukuk.com\/wp-content\/uploads\/2021\/08\/bg_2.jpg\",\"datePublished\":\"2021-08-05T08:30:32+00:00\",\"dateModified\":\"2021-09-15T21:24:44+00:00\",\"breadcrumb\":{\"@id\":\"https:\/\/ovahukuk.com\/ticaret-ve-sirketler-hukuku\/#breadcrumb\"},\"inLanguage\":\"en-US\",\"potentialAction\":[{\"@type\":\"ReadAction\",\"target\":[\"https:\/\/ovahukuk.com\/ticaret-ve-sirketler-hukuku\/\"]}]},{\"@type\":\"ImageObject\",\"inLanguage\":\"en-US\",\"@id\":\"https:\/\/ovahukuk.com\/ticaret-ve-sirketler-hukuku\/#primaryimage\",\"url\":\"https:\/\/ovahukuk.com\/wp-content\/uploads\/2021\/08\/bg_2.jpg\",\"contentUrl\":\"https:\/\/ovahukuk.com\/wp-content\/uploads\/2021\/08\/bg_2.jpg\",\"width\":2000,\"height\":1030},{\"@type\":\"BreadcrumbList\",\"@id\":\"https:\/\/ovahukuk.com\/ticaret-ve-sirketler-hukuku\/#breadcrumb\",\"itemListElement\":[{\"@type\":\"ListItem\",\"position\":1,\"name\":\"Anasayfa\",\"item\":\"https:\/\/ovahukuk.com\/\"},{\"@type\":\"ListItem\",\"position\":2,\"name\":\"Ticaret ve \u015eirketler Hukuku\"}]},{\"@type\":\"WebSite\",\"@id\":\"https:\/\/ovahukuk.com\/#website\",\"url\":\"https:\/\/ovahukuk.com\/\",\"name\":\"Ova Hukuk\",\"description\":\"Hukuk | Dan\u0131\u015fmanl\u0131k\",\"publisher\":{\"@id\":\"https:\/\/ovahukuk.com\/#organization\"},\"potentialAction\":[{\"@type\":\"SearchAction\",\"target\":{\"@type\":\"EntryPoint\",\"urlTemplate\":\"https:\/\/ovahukuk.com\/?s={search_term_string}\"},\"query-input\":{\"@type\":\"PropertyValueSpecification\",\"valueRequired\":true,\"valueName\":\"search_term_string\"}}],\"inLanguage\":\"en-US\"},{\"@type\":\"Organization\",\"@id\":\"https:\/\/ovahukuk.com\/#organization\",\"name\":\"Ova Avukatl\u0131k B\u00fcrosu\",\"url\":\"https:\/\/ovahukuk.com\/\",\"logo\":{\"@type\":\"ImageObject\",\"inLanguage\":\"en-US\",\"@id\":\"https:\/\/ovahukuk.com\/#\/schema\/logo\/image\/\",\"url\":\"https:\/\/ovahukuk.com\/wp-content\/uploads\/2021\/08\/logo2-1.png\",\"contentUrl\":\"https:\/\/ovahukuk.com\/wp-content\/uploads\/2021\/08\/logo2-1.png\",\"width\":268,\"height\":265,\"caption\":\"Ova Avukatl\u0131k B\u00fcrosu\"},\"image\":{\"@id\":\"https:\/\/ovahukuk.com\/#\/schema\/logo\/image\/\"}}]}<\/script>\n<!-- \/ Yoast SEO plugin. -->","yoast_head_json":{"title":"Ticaret ve \u015eirketler Hukuku - Ova Avukatl\u0131k B\u00fcrosu","robots":{"index":"index","follow":"follow","max-snippet":"max-snippet:-1","max-image-preview":"max-image-preview:large","max-video-preview":"max-video-preview:-1"},"canonical":"https:\/\/ovahukuk.com\/en\/ticaret-ve-sirketler-hukuku\/","og_locale":"en_US","og_type":"article","og_title":"Ticaret ve \u015eirketler Hukuku - Ova Avukatl\u0131k B\u00fcrosu","og_description":"Ticaret ve \u015eirketler Hukuku OVA Avukatl\u0131k B\u00fcrosu, ticaret ve \u015firketler hukuku alan\u0131nda m\u00fcvekkillerinin ihtiyac\u0131 olan avukatl\u0131k hizmetini en etkili ve h\u0131zl\u0131 \u015fekilde y\u00fcr\u00fctmektedir. Ticari hayat\u0131n \u00e7e\u015fitli alanlar\u0131nda faaliyet g\u00f6steren yerli ve yabanc\u0131 m\u00fcvekkillerimize, bu kapsamda a\u015fa\u011f\u0131da yer alan hususlarda etkin avukatl\u0131k hizmeti vermekteyiz: Her t\u00fcrl\u00fc ticari davan\u0131n a\u00e7\u0131lmas\u0131 ve dava [&hellip;]","og_url":"https:\/\/ovahukuk.com\/en\/ticaret-ve-sirketler-hukuku\/","og_site_name":"Ova Avukatl\u0131k B\u00fcrosu","article_modified_time":"2021-09-15T21:24:44+00:00","og_image":[{"width":2000,"height":1030,"url":"https:\/\/ovahukuk.com\/wp-content\/uploads\/2021\/08\/bg_2.jpg","type":"image\/jpeg"}],"twitter_card":"summary_large_image","twitter_misc":{"Est. reading time":"1 minute"},"schema":{"@context":"https:\/\/schema.org","@graph":[{"@type":"WebPage","@id":"https:\/\/ovahukuk.com\/ticaret-ve-sirketler-hukuku\/","url":"https:\/\/ovahukuk.com\/ticaret-ve-sirketler-hukuku\/","name":"Ticaret ve \u015eirketler Hukuku - Ova Avukatl\u0131k B\u00fcrosu","isPartOf":{"@id":"https:\/\/ovahukuk.com\/#website"},"primaryImageOfPage":{"@id":"https:\/\/ovahukuk.com\/ticaret-ve-sirketler-hukuku\/#primaryimage"},"image":{"@id":"https:\/\/ovahukuk.com\/ticaret-ve-sirketler-hukuku\/#primaryimage"},"thumbnailUrl":"https:\/\/ovahukuk.com\/wp-content\/uploads\/2021\/08\/bg_2.jpg","datePublished":"2021-08-05T08:30:32+00:00","dateModified":"2021-09-15T21:24:44+00:00","breadcrumb":{"@id":"https:\/\/ovahukuk.com\/ticaret-ve-sirketler-hukuku\/#breadcrumb"},"inLanguage":"en-US","potentialAction":[{"@type":"ReadAction","target":["https:\/\/ovahukuk.com\/ticaret-ve-sirketler-hukuku\/"]}]},{"@type":"ImageObject","inLanguage":"en-US","@id":"https:\/\/ovahukuk.com\/ticaret-ve-sirketler-hukuku\/#primaryimage","url":"https:\/\/ovahukuk.com\/wp-content\/uploads\/2021\/08\/bg_2.jpg","contentUrl":"https:\/\/ovahukuk.com\/wp-content\/uploads\/2021\/08\/bg_2.jpg","width":2000,"height":1030},{"@type":"BreadcrumbList","@id":"https:\/\/ovahukuk.com\/ticaret-ve-sirketler-hukuku\/#breadcrumb","itemListElement":[{"@type":"ListItem","position":1,"name":"Anasayfa","item":"https:\/\/ovahukuk.com\/"},{"@type":"ListItem","position":2,"name":"Ticaret ve \u015eirketler Hukuku"}]},{"@type":"WebSite","@id":"https:\/\/ovahukuk.com\/#website","url":"https:\/\/ovahukuk.com\/","name":"Ova Hukuk","description":"Hukuk | Dan\u0131\u015fmanl\u0131k","publisher":{"@id":"https:\/\/ovahukuk.com\/#organization"},"potentialAction":[{"@type":"SearchAction","target":{"@type":"EntryPoint","urlTemplate":"https:\/\/ovahukuk.com\/?s={search_term_string}"},"query-input":{"@type":"PropertyValueSpecification","valueRequired":true,"valueName":"search_term_string"}}],"inLanguage":"en-US"},{"@type":"Organization","@id":"https:\/\/ovahukuk.com\/#organization","name":"Ova Avukatl\u0131k B\u00fcrosu","url":"https:\/\/ovahukuk.com\/","logo":{"@type":"ImageObject","inLanguage":"en-US","@id":"https:\/\/ovahukuk.com\/#\/schema\/logo\/image\/","url":"https:\/\/ovahukuk.com\/wp-content\/uploads\/2021\/08\/logo2-1.png","contentUrl":"https:\/\/ovahukuk.com\/wp-content\/uploads\/2021\/08\/logo2-1.png","width":268,"height":265,"caption":"Ova Avukatl\u0131k B\u00fcrosu"},"image":{"@id":"https:\/\/ovahukuk.com\/#\/schema\/logo\/image\/"}}]}},"_links":{"self":[{"href":"https:\/\/ovahukuk.com\/en\/wp-json\/wp\/v2\/pages\/316","targetHints":{"allow":["GET"]}}],"collection":[{"href":"https:\/\/ovahukuk.com\/en\/wp-json\/wp\/v2\/pages"}],"about":[{"href":"https:\/\/ovahukuk.com\/en\/wp-json\/wp\/v2\/types\/page"}],"author":[{"embeddable":true,"href":"https:\/\/ovahukuk.com\/en\/wp-json\/wp\/v2\/users\/1"}],"replies":[{"embeddable":true,"href":"https:\/\/ovahukuk.com\/en\/wp-json\/wp\/v2\/comments?post=316"}],"version-history":[{"count":3,"href":"https:\/\/ovahukuk.com\/en\/wp-json\/wp\/v2\/pages\/316\/revisions"}],"predecessor-version":[{"id":548,"href":"https:\/\/ovahukuk.com\/en\/wp-json\/wp\/v2\/pages\/316\/revisions\/548"}],"wp:featuredmedia":[{"embeddable":true,"href":"https:\/\/ovahukuk.com\/en\/wp-json\/wp\/v2\/media\/49"}],"wp:attachment":[{"href":"https:\/\/ovahukuk.com\/en\/wp-json\/wp\/v2\/media?parent=316"}],"curies":[{"name":"wp","href":"https:\/\/api.w.org\/{rel}","templated":true}]}}