{"id":320,"date":"2021-08-05T08:34:15","date_gmt":"2021-08-05T08:34:15","guid":{"rendered":"https:\/\/ovahukuk.com\/?page_id=320"},"modified":"2021-09-15T21:48:09","modified_gmt":"2021-09-15T21:48:09","slug":"is-ve-sosyal-guvenlik-hukuku","status":"publish","type":"page","link":"https:\/\/ovahukuk.com\/en\/is-ve-sosyal-guvenlik-hukuku\/","title":{"rendered":"\u0130\u015f ve Sosyal G\u00fcvenlik Hukuku"},"content":{"rendered":"<!DOCTYPE html PUBLIC \"-\/\/W3C\/\/DTD HTML 4.0 Transitional\/\/EN\" \"http:\/\/www.w3.org\/TR\/REC-html40\/loose.dtd\">\n<html><body><h1 class=\"wp-block-heading\">\u0130\u015f ve Sosyal G\u00fcvenlik Hukuku<\/h1>\n\n\n\n<p style=\"font-size:18px\">\u0130\u015f\u00e7i ve i\u015fverenin kar\u015f\u0131l\u0131kl\u0131 sahip oldu\u011fu haklar\u0131 kapsayan ve bu haklar\u0131n yasal anlamda nas\u0131l kullan\u0131labilece\u011fini ifade eden hukuk alan\u0131 olan \u0130\u015f ve Sosyal G\u00fcvenlik Hukuku; i\u015f\u00e7i-i\u015fveren ili\u015fkisinin d\u00fczenlenmesi ve ortaya \u00e7\u0131kabilecek uyu\u015fmazl\u0131klar\u0131n \u00e7\u00f6z\u00fcme kavu\u015fturulmas\u0131 amac\u0131 g\u00fctmektedir. B\u00fcromuz, ferdi ve kurumsal m\u00fcvekkillerin i\u015f hukukundan kaynaklanan t\u00fcm uyu\u015fmazl\u0131klar\u0131n\u0131n ilgili mevzuat uyar\u0131nca \u00e7\u00f6z\u00fcm\u00fcnde m\u00fcvekkilleri temsil etmektedir. Ba\u015fl\u0131ca hizmetlerimiz;<\/p>\n\n\n\n<ul class=\"wp-block-list\" style=\"font-size:18px\"><li>\u015eirketlere y\u00f6nelik aleyhe do\u011fabilecek her t\u00fcrl\u00fc i\u015f\u00e7ilik alaca\u011f\u0131n\u0131n \u00f6nlenmesine y\u00f6nelik hukuki dan\u0131\u015fmanl\u0131k,<\/li><li>Zorunlu arabuluculuk s\u00fcrecinin tamamlanmas\u0131,<\/li><li>\u0130\u015f\u00e7i- i\u015fveren aras\u0131ndaki hizmet ili\u015fkisi kapsam\u0131nda i\u015f s\u00f6zle\u015fmelerinin haz\u0131rlanmas\u0131,<\/li><li>\u0130\u015f s\u00f6zle\u015fmesinin feshi ve i\u015ften \u00e7\u0131karma konular\u0131n\u0131n sulh veya dava yolu ile \u00e7\u00f6z\u00fcm\u00fc,<\/li><li>\u0130\u015f\u00e7i alacaklar\u0131, y\u0131ll\u0131k izin \u00fccreti, k\u0131dem ve ihbar tazminat\u0131, i\u015fe iade, sigortal\u0131l\u0131\u011f\u0131n tespiti, i\u015f kazas\u0131 ve kazadan kaynakl\u0131 tazminat konular\u0131nda dan\u0131\u015fmanl\u0131k ve dava yolu ile \u00e7\u00f6z\u00fcm\u00fc,<\/li><li>\u0130\u015f ili\u015fkisi \u00e7er\u00e7evesinde somut duruma \u00f6zg\u00fc tutanak, savunma istem yaz\u0131lar\u0131, fesih ve ihtar bildirimlerinin haz\u0131rlanmas\u0131,<\/li><li>Hizmet tespit davalar\u0131n\u0131n haz\u0131rlanmas\u0131 ve dava s\u00fcrecinin takibi,<\/li><li>Hakl\u0131 fesih ve sonras\u0131ndaki dava s\u00fcre\u00e7lerinin takibi,<\/li><li>\u0130\u015f sa\u011fl\u0131\u011f\u0131 ve g\u00fcvenli\u011fi kapsam\u0131nda i\u015fyerinde meydana gelen kazalar sonras\u0131 ortaya \u00e7\u0131kan zarar\u0131n takibi,<\/li><\/ul>\n\n\n\n<div style=\"height:80px\" aria-hidden=\"true\" class=\"wp-block-spacer\"><\/div>\n<\/body><\/html>","protected":false},"excerpt":{"rendered":"<p>\u0130\u015f ve Sosyal G\u00fcvenlik Hukuku \u0130\u015f\u00e7i ve i\u015fverenin kar\u015f\u0131l\u0131kl\u0131 sahip oldu\u011fu haklar\u0131 kapsayan ve bu haklar\u0131n yasal anlamda nas\u0131l kullan\u0131labilece\u011fini ifade eden hukuk alan\u0131 olan \u0130\u015f ve Sosyal G\u00fcvenlik Hukuku; i\u015f\u00e7i-i\u015fveren ili\u015fkisinin d\u00fczenlenmesi ve ortaya \u00e7\u0131kabilecek uyu\u015fmazl\u0131klar\u0131n \u00e7\u00f6z\u00fcme kavu\u015fturulmas\u0131 amac\u0131 g\u00fctmektedir. B\u00fcromuz, ferdi ve kurumsal m\u00fcvekkillerin i\u015f hukukundan kaynaklanan t\u00fcm [&hellip;]<\/p>","protected":false},"author":1,"featured_media":49,"parent":0,"menu_order":0,"comment_status":"closed","ping_status":"closed","template":"page-templates\/template-fullwidth.php","meta":{"om_disable_all_campaigns":false,"_monsterinsights_skip_tracking":false,"_monsterinsights_sitenote_active":false,"_monsterinsights_sitenote_note":"","_monsterinsights_sitenote_category":0,"footnotes":""},"class_list":["post-320","page","type-page","status-publish","has-post-thumbnail","hentry"],"aioseo_notices":[],"yoast_head":"<!-- This site is optimized with the Yoast SEO plugin v26.7 - https:\/\/yoast.com\/wordpress\/plugins\/seo\/ -->\n<title>\u0130\u015f ve Sosyal G\u00fcvenlik Hukuku - Ova Avukatl\u0131k B\u00fcrosu<\/title>\n<meta name=\"robots\" content=\"index, follow, max-snippet:-1, max-image-preview:large, max-video-preview:-1\" \/>\n<link rel=\"canonical\" href=\"https:\/\/ovahukuk.com\/en\/is-ve-sosyal-guvenlik-hukuku\/\" \/>\n<meta property=\"og:locale\" content=\"en_US\" \/>\n<meta property=\"og:type\" content=\"article\" \/>\n<meta property=\"og:title\" content=\"\u0130\u015f ve Sosyal G\u00fcvenlik Hukuku - Ova Avukatl\u0131k B\u00fcrosu\" \/>\n<meta property=\"og:description\" content=\"\u0130\u015f ve Sosyal G\u00fcvenlik Hukuku \u0130\u015f\u00e7i ve i\u015fverenin kar\u015f\u0131l\u0131kl\u0131 sahip oldu\u011fu haklar\u0131 kapsayan ve bu haklar\u0131n yasal anlamda nas\u0131l kullan\u0131labilece\u011fini ifade eden hukuk alan\u0131 olan \u0130\u015f ve Sosyal G\u00fcvenlik Hukuku; i\u015f\u00e7i-i\u015fveren ili\u015fkisinin d\u00fczenlenmesi ve ortaya \u00e7\u0131kabilecek uyu\u015fmazl\u0131klar\u0131n \u00e7\u00f6z\u00fcme kavu\u015fturulmas\u0131 amac\u0131 g\u00fctmektedir. B\u00fcromuz, ferdi ve kurumsal m\u00fcvekkillerin i\u015f hukukundan kaynaklanan t\u00fcm [&hellip;]\" \/>\n<meta property=\"og:url\" content=\"https:\/\/ovahukuk.com\/en\/is-ve-sosyal-guvenlik-hukuku\/\" \/>\n<meta property=\"og:site_name\" content=\"Ova Avukatl\u0131k B\u00fcrosu\" \/>\n<meta property=\"article:modified_time\" content=\"2021-09-15T21:48:09+00:00\" \/>\n<meta property=\"og:image\" content=\"https:\/\/ovahukuk.com\/wp-content\/uploads\/2021\/08\/bg_2.jpg\" \/>\n\t<meta property=\"og:image:width\" content=\"2000\" \/>\n\t<meta property=\"og:image:height\" content=\"1030\" \/>\n\t<meta property=\"og:image:type\" content=\"image\/jpeg\" \/>\n<meta name=\"twitter:card\" content=\"summary_large_image\" \/>\n<meta name=\"twitter:label1\" content=\"Est. reading time\" \/>\n\t<meta name=\"twitter:data1\" content=\"1 minute\" \/>\n<script type=\"application\/ld+json\" class=\"yoast-schema-graph\">{\"@context\":\"https:\/\/schema.org\",\"@graph\":[{\"@type\":\"WebPage\",\"@id\":\"https:\/\/ovahukuk.com\/is-ve-sosyal-guvenlik-hukuku\/\",\"url\":\"https:\/\/ovahukuk.com\/is-ve-sosyal-guvenlik-hukuku\/\",\"name\":\"\u0130\u015f ve Sosyal G\u00fcvenlik Hukuku - Ova Avukatl\u0131k B\u00fcrosu\",\"isPartOf\":{\"@id\":\"https:\/\/ovahukuk.com\/#website\"},\"primaryImageOfPage\":{\"@id\":\"https:\/\/ovahukuk.com\/is-ve-sosyal-guvenlik-hukuku\/#primaryimage\"},\"image\":{\"@id\":\"https:\/\/ovahukuk.com\/is-ve-sosyal-guvenlik-hukuku\/#primaryimage\"},\"thumbnailUrl\":\"https:\/\/ovahukuk.com\/wp-content\/uploads\/2021\/08\/bg_2.jpg\",\"datePublished\":\"2021-08-05T08:34:15+00:00\",\"dateModified\":\"2021-09-15T21:48:09+00:00\",\"breadcrumb\":{\"@id\":\"https:\/\/ovahukuk.com\/is-ve-sosyal-guvenlik-hukuku\/#breadcrumb\"},\"inLanguage\":\"en-US\",\"potentialAction\":[{\"@type\":\"ReadAction\",\"target\":[\"https:\/\/ovahukuk.com\/is-ve-sosyal-guvenlik-hukuku\/\"]}]},{\"@type\":\"ImageObject\",\"inLanguage\":\"en-US\",\"@id\":\"https:\/\/ovahukuk.com\/is-ve-sosyal-guvenlik-hukuku\/#primaryimage\",\"url\":\"https:\/\/ovahukuk.com\/wp-content\/uploads\/2021\/08\/bg_2.jpg\",\"contentUrl\":\"https:\/\/ovahukuk.com\/wp-content\/uploads\/2021\/08\/bg_2.jpg\",\"width\":2000,\"height\":1030},{\"@type\":\"BreadcrumbList\",\"@id\":\"https:\/\/ovahukuk.com\/is-ve-sosyal-guvenlik-hukuku\/#breadcrumb\",\"itemListElement\":[{\"@type\":\"ListItem\",\"position\":1,\"name\":\"Anasayfa\",\"item\":\"https:\/\/ovahukuk.com\/\"},{\"@type\":\"ListItem\",\"position\":2,\"name\":\"\u0130\u015f ve Sosyal G\u00fcvenlik Hukuku\"}]},{\"@type\":\"WebSite\",\"@id\":\"https:\/\/ovahukuk.com\/#website\",\"url\":\"https:\/\/ovahukuk.com\/\",\"name\":\"Ova Hukuk\",\"description\":\"Hukuk | Dan\u0131\u015fmanl\u0131k\",\"publisher\":{\"@id\":\"https:\/\/ovahukuk.com\/#organization\"},\"potentialAction\":[{\"@type\":\"SearchAction\",\"target\":{\"@type\":\"EntryPoint\",\"urlTemplate\":\"https:\/\/ovahukuk.com\/?s={search_term_string}\"},\"query-input\":{\"@type\":\"PropertyValueSpecification\",\"valueRequired\":true,\"valueName\":\"search_term_string\"}}],\"inLanguage\":\"en-US\"},{\"@type\":\"Organization\",\"@id\":\"https:\/\/ovahukuk.com\/#organization\",\"name\":\"Ova Avukatl\u0131k B\u00fcrosu\",\"url\":\"https:\/\/ovahukuk.com\/\",\"logo\":{\"@type\":\"ImageObject\",\"inLanguage\":\"en-US\",\"@id\":\"https:\/\/ovahukuk.com\/#\/schema\/logo\/image\/\",\"url\":\"https:\/\/ovahukuk.com\/wp-content\/uploads\/2021\/08\/logo2-1.png\",\"contentUrl\":\"https:\/\/ovahukuk.com\/wp-content\/uploads\/2021\/08\/logo2-1.png\",\"width\":268,\"height\":265,\"caption\":\"Ova Avukatl\u0131k B\u00fcrosu\"},\"image\":{\"@id\":\"https:\/\/ovahukuk.com\/#\/schema\/logo\/image\/\"}}]}<\/script>\n<!-- \/ Yoast SEO plugin. -->","yoast_head_json":{"title":"\u0130\u015f ve Sosyal G\u00fcvenlik Hukuku - Ova Avukatl\u0131k B\u00fcrosu","robots":{"index":"index","follow":"follow","max-snippet":"max-snippet:-1","max-image-preview":"max-image-preview:large","max-video-preview":"max-video-preview:-1"},"canonical":"https:\/\/ovahukuk.com\/en\/is-ve-sosyal-guvenlik-hukuku\/","og_locale":"en_US","og_type":"article","og_title":"\u0130\u015f ve Sosyal G\u00fcvenlik Hukuku - Ova Avukatl\u0131k B\u00fcrosu","og_description":"\u0130\u015f ve Sosyal G\u00fcvenlik Hukuku \u0130\u015f\u00e7i ve i\u015fverenin kar\u015f\u0131l\u0131kl\u0131 sahip oldu\u011fu haklar\u0131 kapsayan ve bu haklar\u0131n yasal anlamda nas\u0131l kullan\u0131labilece\u011fini ifade eden hukuk alan\u0131 olan \u0130\u015f ve Sosyal G\u00fcvenlik Hukuku; i\u015f\u00e7i-i\u015fveren ili\u015fkisinin d\u00fczenlenmesi ve ortaya \u00e7\u0131kabilecek uyu\u015fmazl\u0131klar\u0131n \u00e7\u00f6z\u00fcme kavu\u015fturulmas\u0131 amac\u0131 g\u00fctmektedir. B\u00fcromuz, ferdi ve kurumsal m\u00fcvekkillerin i\u015f hukukundan kaynaklanan t\u00fcm [&hellip;]","og_url":"https:\/\/ovahukuk.com\/en\/is-ve-sosyal-guvenlik-hukuku\/","og_site_name":"Ova Avukatl\u0131k B\u00fcrosu","article_modified_time":"2021-09-15T21:48:09+00:00","og_image":[{"width":2000,"height":1030,"url":"https:\/\/ovahukuk.com\/wp-content\/uploads\/2021\/08\/bg_2.jpg","type":"image\/jpeg"}],"twitter_card":"summary_large_image","twitter_misc":{"Est. reading time":"1 minute"},"schema":{"@context":"https:\/\/schema.org","@graph":[{"@type":"WebPage","@id":"https:\/\/ovahukuk.com\/is-ve-sosyal-guvenlik-hukuku\/","url":"https:\/\/ovahukuk.com\/is-ve-sosyal-guvenlik-hukuku\/","name":"\u0130\u015f ve Sosyal G\u00fcvenlik Hukuku - Ova Avukatl\u0131k B\u00fcrosu","isPartOf":{"@id":"https:\/\/ovahukuk.com\/#website"},"primaryImageOfPage":{"@id":"https:\/\/ovahukuk.com\/is-ve-sosyal-guvenlik-hukuku\/#primaryimage"},"image":{"@id":"https:\/\/ovahukuk.com\/is-ve-sosyal-guvenlik-hukuku\/#primaryimage"},"thumbnailUrl":"https:\/\/ovahukuk.com\/wp-content\/uploads\/2021\/08\/bg_2.jpg","datePublished":"2021-08-05T08:34:15+00:00","dateModified":"2021-09-15T21:48:09+00:00","breadcrumb":{"@id":"https:\/\/ovahukuk.com\/is-ve-sosyal-guvenlik-hukuku\/#breadcrumb"},"inLanguage":"en-US","potentialAction":[{"@type":"ReadAction","target":["https:\/\/ovahukuk.com\/is-ve-sosyal-guvenlik-hukuku\/"]}]},{"@type":"ImageObject","inLanguage":"en-US","@id":"https:\/\/ovahukuk.com\/is-ve-sosyal-guvenlik-hukuku\/#primaryimage","url":"https:\/\/ovahukuk.com\/wp-content\/uploads\/2021\/08\/bg_2.jpg","contentUrl":"https:\/\/ovahukuk.com\/wp-content\/uploads\/2021\/08\/bg_2.jpg","width":2000,"height":1030},{"@type":"BreadcrumbList","@id":"https:\/\/ovahukuk.com\/is-ve-sosyal-guvenlik-hukuku\/#breadcrumb","itemListElement":[{"@type":"ListItem","position":1,"name":"Anasayfa","item":"https:\/\/ovahukuk.com\/"},{"@type":"ListItem","position":2,"name":"\u0130\u015f ve Sosyal G\u00fcvenlik Hukuku"}]},{"@type":"WebSite","@id":"https:\/\/ovahukuk.com\/#website","url":"https:\/\/ovahukuk.com\/","name":"Ova Hukuk","description":"Hukuk | Dan\u0131\u015fmanl\u0131k","publisher":{"@id":"https:\/\/ovahukuk.com\/#organization"},"potentialAction":[{"@type":"SearchAction","target":{"@type":"EntryPoint","urlTemplate":"https:\/\/ovahukuk.com\/?s={search_term_string}"},"query-input":{"@type":"PropertyValueSpecification","valueRequired":true,"valueName":"search_term_string"}}],"inLanguage":"en-US"},{"@type":"Organization","@id":"https:\/\/ovahukuk.com\/#organization","name":"Ova Avukatl\u0131k B\u00fcrosu","url":"https:\/\/ovahukuk.com\/","logo":{"@type":"ImageObject","inLanguage":"en-US","@id":"https:\/\/ovahukuk.com\/#\/schema\/logo\/image\/","url":"https:\/\/ovahukuk.com\/wp-content\/uploads\/2021\/08\/logo2-1.png","contentUrl":"https:\/\/ovahukuk.com\/wp-content\/uploads\/2021\/08\/logo2-1.png","width":268,"height":265,"caption":"Ova Avukatl\u0131k B\u00fcrosu"},"image":{"@id":"https:\/\/ovahukuk.com\/#\/schema\/logo\/image\/"}}]}},"_links":{"self":[{"href":"https:\/\/ovahukuk.com\/en\/wp-json\/wp\/v2\/pages\/320","targetHints":{"allow":["GET"]}}],"collection":[{"href":"https:\/\/ovahukuk.com\/en\/wp-json\/wp\/v2\/pages"}],"about":[{"href":"https:\/\/ovahukuk.com\/en\/wp-json\/wp\/v2\/types\/page"}],"author":[{"embeddable":true,"href":"https:\/\/ovahukuk.com\/en\/wp-json\/wp\/v2\/users\/1"}],"replies":[{"embeddable":true,"href":"https:\/\/ovahukuk.com\/en\/wp-json\/wp\/v2\/comments?post=320"}],"version-history":[{"count":2,"href":"https:\/\/ovahukuk.com\/en\/wp-json\/wp\/v2\/pages\/320\/revisions"}],"predecessor-version":[{"id":552,"href":"https:\/\/ovahukuk.com\/en\/wp-json\/wp\/v2\/pages\/320\/revisions\/552"}],"wp:featuredmedia":[{"embeddable":true,"href":"https:\/\/ovahukuk.com\/en\/wp-json\/wp\/v2\/media\/49"}],"wp:attachment":[{"href":"https:\/\/ovahukuk.com\/en\/wp-json\/wp\/v2\/media?parent=320"}],"curies":[{"name":"wp","href":"https:\/\/api.w.org\/{rel}","templated":true}]}}