{"id":321,"date":"2021-08-05T08:35:22","date_gmt":"2021-08-05T08:35:22","guid":{"rendered":"https:\/\/ovahukuk.com\/?page_id=321"},"modified":"2021-09-15T21:52:27","modified_gmt":"2021-09-15T21:52:27","slug":"sozlesmeler-hukuku","status":"publish","type":"page","link":"https:\/\/ovahukuk.com\/en\/sozlesmeler-hukuku\/","title":{"rendered":"S\u00f6zle\u015fmeler Hukuku"},"content":{"rendered":"<!DOCTYPE html PUBLIC \"-\/\/W3C\/\/DTD HTML 4.0 Transitional\/\/EN\" \"http:\/\/www.w3.org\/TR\/REC-html40\/loose.dtd\">\n<html><body><h1 class=\"wp-block-heading\">S\u00f6zle\u015fmeler Hukuku<\/h1>\n\n\n\n<p style=\"font-size:18px\">S\u00f6zle\u015fme hukuku bak\u0131m\u0131ndan anla\u015fman\u0131n detayl\u0131 ve deneyimli hukuk\u00e7ular taraf\u0131ndan yap\u0131lmas\u0131, y\u00fcr\u00fcrl\u00fc\u011fe konulmas\u0131 ve s\u00f6zle\u015fmeye ayk\u0131r\u0131l\u0131k durumunda \u00f6denecek bedelin bi\u00e7imlendirilmesi son derece \u00f6nem arz etmektedir. Hem \u015firketler hem de \u015fah\u0131slar i\u015flem yaparken, \u00fcr\u00fcn ve faaliyetlerini lisanslad\u0131klar\u0131nda, sat\u0131n alma ve \u00e7e\u015fitli bir\u00e7ok durumda s\u00f6zle\u015fme yapmaktad\u0131r. Bu sebeple s\u00f6zle\u015fmenin her kelimesinin dikkatle haz\u0131rlanmas\u0131, gelecekteki olas\u0131 risklerin belirlenmesi ve s\u00f6zle\u015fmeden kaynaklanan b\u00fct\u00fcn menfaatlerin korunmas\u0131 ile cezai \u015fartlar\u0131n belirlenmesi \u00e7ok \u00f6nemlidir. B\u00fcromuz, kuruldu\u011fu g\u00fcnden itibaren yerli ve yabanc\u0131 ger\u00e7ek ve t\u00fczel ki\u015filer aras\u0131nda akdedilen s\u00f6zle\u015fmelerin b\u00fct\u00fcn a\u015famalar\u0131nda bulunmu\u015f olman\u0131n verdi\u011fi deneyimle, m\u00fcvekkillerinin s\u00f6zle\u015fmeye ili\u015fkin menfaatleri ile ihtiya\u00e7lar\u0131 anlar ve bu y\u00f6nde hareket eder. Bu do\u011frultuda, yerli ve yabanc\u0131 ger\u00e7ek ve t\u00fczel ki\u015filer aras\u0131nda yap\u0131lacak her t\u00fcrl\u00fc s\u00f6zle\u015fmeye ili\u015fkin m\u00fczakereleri y\u00fcr\u00fct\u00fcr; s\u00f6zle\u015fmelerin haz\u0131rlanmas\u0131, incelenmesi, yorumlanmas\u0131, revize edilmesi, y\u00fcr\u00fct\u00fclmesi, s\u00f6zle\u015fmeden do\u011fan uyu\u015fmazl\u0131klar\u0131n \u00e7\u00f6z\u00fcmlenmesi, s\u00f6zle\u015fmelerin risk analizlerinin yap\u0131lmas\u0131 konular\u0131nda dan\u0131\u015fmanl\u0131k ve avukatl\u0131k hizmeti verir. S\u00f6zle\u015fme hukuku kapsam\u0131nda ba\u015fl\u0131ca hizmet verdi\u011fimiz konular \u015funlard\u0131r:<\/p>\n\n\n\n<ul class=\"wp-block-list\" style=\"font-size:18px\"><li>Ticari S\u00f6zle\u015fmeler, Sat\u0131\u015f S\u00f6zle\u015fmeleri, Mesafeli Sat\u0131\u015f S\u00f6zle\u015fmeleri,<\/li><li>Ta\u015f\u0131nmaz Sat\u0131\u015f S\u00f6zle\u015fmesi, Gayrimenkul S\u00f6zle\u015fmesi, Arsa Pay\u0131 Kar\u015f\u0131l\u0131\u011f\u0131 \u0130n\u015faat S\u00f6zle\u015fmesi,<\/li><li>Sigorta S\u00f6zle\u015fmesi, Karma S\u00f6zle\u015fmeler, Franchise S\u00f6zle\u015fmesi, Know-How S\u00f6zle\u015fmesi,<\/li><li>Sponsorluk S\u00f6zle\u015fmesi, Kefalet S\u00f6zle\u015fmesi, Hizmet S\u00f6zle\u015fmesi, Temsil S\u00f6zle\u015fmesi,<\/li><li>Kurulum S\u00f6zle\u015fmesi, Kira S\u00f6zle\u015fmesi, Trampa (Takas) S\u00f6zle\u015fmesi,<\/li><li>Finansal Kiralama (Leasing) S\u00f6zle\u015fmesi, Kredi S\u00f6zle\u015fmesi, Garanti S\u00f6zle\u015fmesi,<\/li><li>Fakt\u00f6ring S\u00f6zle\u015fmesi, Tek Sat\u0131c\u0131l\u0131k S\u00f6zle\u015fmesi, \u0130mtiyaz-Pazarlama S\u00f6zle\u015fmesi,<\/li><li>Evde Hizmet S\u00f6zle\u015fmesi, Yay\u0131m S\u00f6zle\u015fmesi, Simsarl\u0131k S\u00f6zle\u015fmesi, Komisyon S\u00f6zle\u015fmesi,<\/li><li>Adi Ortakl\u0131k S\u00f6zle\u015fmesi, Konsorsiyum S\u00f6zle\u015fmesi, Eser S\u00f6zle\u015fmesi, Opsiyon S\u00f6zle\u015fmesi,<\/li><li>\u0130\u015f S\u00f6zle\u015fmesi, Enerji Y\u00f6netim S\u00f6zle\u015fmesi, Enerji Sat\u0131m S\u00f6zle\u015fmesi,<\/li><\/ul>\n\n\n\n<div style=\"height:80px\" aria-hidden=\"true\" class=\"wp-block-spacer\"><\/div>\n<\/body><\/html>","protected":false},"excerpt":{"rendered":"<p>S\u00f6zle\u015fmeler Hukuku S\u00f6zle\u015fme hukuku bak\u0131m\u0131ndan anla\u015fman\u0131n detayl\u0131 ve deneyimli hukuk\u00e7ular taraf\u0131ndan yap\u0131lmas\u0131, y\u00fcr\u00fcrl\u00fc\u011fe konulmas\u0131 ve s\u00f6zle\u015fmeye ayk\u0131r\u0131l\u0131k durumunda \u00f6denecek bedelin bi\u00e7imlendirilmesi son derece \u00f6nem arz etmektedir. Hem \u015firketler hem de \u015fah\u0131slar i\u015flem yaparken, \u00fcr\u00fcn ve faaliyetlerini lisanslad\u0131klar\u0131nda, sat\u0131n alma ve \u00e7e\u015fitli bir\u00e7ok durumda s\u00f6zle\u015fme yapmaktad\u0131r. Bu sebeple s\u00f6zle\u015fmenin her kelimesinin [&hellip;]<\/p>","protected":false},"author":1,"featured_media":49,"parent":0,"menu_order":0,"comment_status":"closed","ping_status":"closed","template":"page-templates\/template-fullwidth.php","meta":{"om_disable_all_campaigns":false,"_monsterinsights_skip_tracking":false,"_monsterinsights_sitenote_active":false,"_monsterinsights_sitenote_note":"","_monsterinsights_sitenote_category":0,"footnotes":""},"class_list":["post-321","page","type-page","status-publish","has-post-thumbnail","hentry"],"aioseo_notices":[],"yoast_head":"<!-- This site is optimized with the Yoast SEO plugin v26.7 - https:\/\/yoast.com\/wordpress\/plugins\/seo\/ -->\n<title>S\u00f6zle\u015fmeler Hukuku - Ova Avukatl\u0131k B\u00fcrosu<\/title>\n<meta name=\"robots\" content=\"index, follow, max-snippet:-1, max-image-preview:large, max-video-preview:-1\" \/>\n<link rel=\"canonical\" href=\"https:\/\/ovahukuk.com\/en\/sozlesmeler-hukuku\/\" \/>\n<meta property=\"og:locale\" content=\"en_US\" \/>\n<meta property=\"og:type\" content=\"article\" \/>\n<meta property=\"og:title\" content=\"S\u00f6zle\u015fmeler Hukuku - Ova Avukatl\u0131k B\u00fcrosu\" \/>\n<meta property=\"og:description\" content=\"S\u00f6zle\u015fmeler Hukuku S\u00f6zle\u015fme hukuku bak\u0131m\u0131ndan anla\u015fman\u0131n detayl\u0131 ve deneyimli hukuk\u00e7ular taraf\u0131ndan yap\u0131lmas\u0131, y\u00fcr\u00fcrl\u00fc\u011fe konulmas\u0131 ve s\u00f6zle\u015fmeye ayk\u0131r\u0131l\u0131k durumunda \u00f6denecek bedelin bi\u00e7imlendirilmesi son derece \u00f6nem arz etmektedir. Hem \u015firketler hem de \u015fah\u0131slar i\u015flem yaparken, \u00fcr\u00fcn ve faaliyetlerini lisanslad\u0131klar\u0131nda, sat\u0131n alma ve \u00e7e\u015fitli bir\u00e7ok durumda s\u00f6zle\u015fme yapmaktad\u0131r. Bu sebeple s\u00f6zle\u015fmenin her kelimesinin [&hellip;]\" \/>\n<meta property=\"og:url\" content=\"https:\/\/ovahukuk.com\/en\/sozlesmeler-hukuku\/\" \/>\n<meta property=\"og:site_name\" content=\"Ova Avukatl\u0131k B\u00fcrosu\" \/>\n<meta property=\"article:modified_time\" content=\"2021-09-15T21:52:27+00:00\" \/>\n<meta property=\"og:image\" content=\"https:\/\/ovahukuk.com\/wp-content\/uploads\/2021\/08\/bg_2.jpg\" \/>\n\t<meta property=\"og:image:width\" content=\"2000\" \/>\n\t<meta property=\"og:image:height\" content=\"1030\" \/>\n\t<meta property=\"og:image:type\" content=\"image\/jpeg\" \/>\n<meta name=\"twitter:card\" content=\"summary_large_image\" \/>\n<meta name=\"twitter:label1\" content=\"Est. reading time\" \/>\n\t<meta name=\"twitter:data1\" content=\"1 minute\" \/>\n<script type=\"application\/ld+json\" class=\"yoast-schema-graph\">{\"@context\":\"https:\/\/schema.org\",\"@graph\":[{\"@type\":\"WebPage\",\"@id\":\"https:\/\/ovahukuk.com\/sozlesmeler-hukuku\/\",\"url\":\"https:\/\/ovahukuk.com\/sozlesmeler-hukuku\/\",\"name\":\"S\u00f6zle\u015fmeler Hukuku - Ova Avukatl\u0131k B\u00fcrosu\",\"isPartOf\":{\"@id\":\"https:\/\/ovahukuk.com\/#website\"},\"primaryImageOfPage\":{\"@id\":\"https:\/\/ovahukuk.com\/sozlesmeler-hukuku\/#primaryimage\"},\"image\":{\"@id\":\"https:\/\/ovahukuk.com\/sozlesmeler-hukuku\/#primaryimage\"},\"thumbnailUrl\":\"https:\/\/ovahukuk.com\/wp-content\/uploads\/2021\/08\/bg_2.jpg\",\"datePublished\":\"2021-08-05T08:35:22+00:00\",\"dateModified\":\"2021-09-15T21:52:27+00:00\",\"breadcrumb\":{\"@id\":\"https:\/\/ovahukuk.com\/sozlesmeler-hukuku\/#breadcrumb\"},\"inLanguage\":\"en-US\",\"potentialAction\":[{\"@type\":\"ReadAction\",\"target\":[\"https:\/\/ovahukuk.com\/sozlesmeler-hukuku\/\"]}]},{\"@type\":\"ImageObject\",\"inLanguage\":\"en-US\",\"@id\":\"https:\/\/ovahukuk.com\/sozlesmeler-hukuku\/#primaryimage\",\"url\":\"https:\/\/ovahukuk.com\/wp-content\/uploads\/2021\/08\/bg_2.jpg\",\"contentUrl\":\"https:\/\/ovahukuk.com\/wp-content\/uploads\/2021\/08\/bg_2.jpg\",\"width\":2000,\"height\":1030},{\"@type\":\"BreadcrumbList\",\"@id\":\"https:\/\/ovahukuk.com\/sozlesmeler-hukuku\/#breadcrumb\",\"itemListElement\":[{\"@type\":\"ListItem\",\"position\":1,\"name\":\"Anasayfa\",\"item\":\"https:\/\/ovahukuk.com\/\"},{\"@type\":\"ListItem\",\"position\":2,\"name\":\"S\u00f6zle\u015fmeler Hukuku\"}]},{\"@type\":\"WebSite\",\"@id\":\"https:\/\/ovahukuk.com\/#website\",\"url\":\"https:\/\/ovahukuk.com\/\",\"name\":\"Ova Hukuk\",\"description\":\"Hukuk | Dan\u0131\u015fmanl\u0131k\",\"publisher\":{\"@id\":\"https:\/\/ovahukuk.com\/#organization\"},\"potentialAction\":[{\"@type\":\"SearchAction\",\"target\":{\"@type\":\"EntryPoint\",\"urlTemplate\":\"https:\/\/ovahukuk.com\/?s={search_term_string}\"},\"query-input\":{\"@type\":\"PropertyValueSpecification\",\"valueRequired\":true,\"valueName\":\"search_term_string\"}}],\"inLanguage\":\"en-US\"},{\"@type\":\"Organization\",\"@id\":\"https:\/\/ovahukuk.com\/#organization\",\"name\":\"Ova Avukatl\u0131k B\u00fcrosu\",\"url\":\"https:\/\/ovahukuk.com\/\",\"logo\":{\"@type\":\"ImageObject\",\"inLanguage\":\"en-US\",\"@id\":\"https:\/\/ovahukuk.com\/#\/schema\/logo\/image\/\",\"url\":\"https:\/\/ovahukuk.com\/wp-content\/uploads\/2021\/08\/logo2-1.png\",\"contentUrl\":\"https:\/\/ovahukuk.com\/wp-content\/uploads\/2021\/08\/logo2-1.png\",\"width\":268,\"height\":265,\"caption\":\"Ova Avukatl\u0131k B\u00fcrosu\"},\"image\":{\"@id\":\"https:\/\/ovahukuk.com\/#\/schema\/logo\/image\/\"}}]}<\/script>\n<!-- \/ Yoast SEO plugin. -->","yoast_head_json":{"title":"S\u00f6zle\u015fmeler Hukuku - Ova Avukatl\u0131k B\u00fcrosu","robots":{"index":"index","follow":"follow","max-snippet":"max-snippet:-1","max-image-preview":"max-image-preview:large","max-video-preview":"max-video-preview:-1"},"canonical":"https:\/\/ovahukuk.com\/en\/sozlesmeler-hukuku\/","og_locale":"en_US","og_type":"article","og_title":"S\u00f6zle\u015fmeler Hukuku - Ova Avukatl\u0131k B\u00fcrosu","og_description":"S\u00f6zle\u015fmeler Hukuku S\u00f6zle\u015fme hukuku bak\u0131m\u0131ndan anla\u015fman\u0131n detayl\u0131 ve deneyimli hukuk\u00e7ular taraf\u0131ndan yap\u0131lmas\u0131, y\u00fcr\u00fcrl\u00fc\u011fe konulmas\u0131 ve s\u00f6zle\u015fmeye ayk\u0131r\u0131l\u0131k durumunda \u00f6denecek bedelin bi\u00e7imlendirilmesi son derece \u00f6nem arz etmektedir. Hem \u015firketler hem de \u015fah\u0131slar i\u015flem yaparken, \u00fcr\u00fcn ve faaliyetlerini lisanslad\u0131klar\u0131nda, sat\u0131n alma ve \u00e7e\u015fitli bir\u00e7ok durumda s\u00f6zle\u015fme yapmaktad\u0131r. Bu sebeple s\u00f6zle\u015fmenin her kelimesinin [&hellip;]","og_url":"https:\/\/ovahukuk.com\/en\/sozlesmeler-hukuku\/","og_site_name":"Ova Avukatl\u0131k B\u00fcrosu","article_modified_time":"2021-09-15T21:52:27+00:00","og_image":[{"width":2000,"height":1030,"url":"https:\/\/ovahukuk.com\/wp-content\/uploads\/2021\/08\/bg_2.jpg","type":"image\/jpeg"}],"twitter_card":"summary_large_image","twitter_misc":{"Est. reading time":"1 minute"},"schema":{"@context":"https:\/\/schema.org","@graph":[{"@type":"WebPage","@id":"https:\/\/ovahukuk.com\/sozlesmeler-hukuku\/","url":"https:\/\/ovahukuk.com\/sozlesmeler-hukuku\/","name":"S\u00f6zle\u015fmeler Hukuku - Ova Avukatl\u0131k B\u00fcrosu","isPartOf":{"@id":"https:\/\/ovahukuk.com\/#website"},"primaryImageOfPage":{"@id":"https:\/\/ovahukuk.com\/sozlesmeler-hukuku\/#primaryimage"},"image":{"@id":"https:\/\/ovahukuk.com\/sozlesmeler-hukuku\/#primaryimage"},"thumbnailUrl":"https:\/\/ovahukuk.com\/wp-content\/uploads\/2021\/08\/bg_2.jpg","datePublished":"2021-08-05T08:35:22+00:00","dateModified":"2021-09-15T21:52:27+00:00","breadcrumb":{"@id":"https:\/\/ovahukuk.com\/sozlesmeler-hukuku\/#breadcrumb"},"inLanguage":"en-US","potentialAction":[{"@type":"ReadAction","target":["https:\/\/ovahukuk.com\/sozlesmeler-hukuku\/"]}]},{"@type":"ImageObject","inLanguage":"en-US","@id":"https:\/\/ovahukuk.com\/sozlesmeler-hukuku\/#primaryimage","url":"https:\/\/ovahukuk.com\/wp-content\/uploads\/2021\/08\/bg_2.jpg","contentUrl":"https:\/\/ovahukuk.com\/wp-content\/uploads\/2021\/08\/bg_2.jpg","width":2000,"height":1030},{"@type":"BreadcrumbList","@id":"https:\/\/ovahukuk.com\/sozlesmeler-hukuku\/#breadcrumb","itemListElement":[{"@type":"ListItem","position":1,"name":"Anasayfa","item":"https:\/\/ovahukuk.com\/"},{"@type":"ListItem","position":2,"name":"S\u00f6zle\u015fmeler Hukuku"}]},{"@type":"WebSite","@id":"https:\/\/ovahukuk.com\/#website","url":"https:\/\/ovahukuk.com\/","name":"Ova Hukuk","description":"Hukuk | Dan\u0131\u015fmanl\u0131k","publisher":{"@id":"https:\/\/ovahukuk.com\/#organization"},"potentialAction":[{"@type":"SearchAction","target":{"@type":"EntryPoint","urlTemplate":"https:\/\/ovahukuk.com\/?s={search_term_string}"},"query-input":{"@type":"PropertyValueSpecification","valueRequired":true,"valueName":"search_term_string"}}],"inLanguage":"en-US"},{"@type":"Organization","@id":"https:\/\/ovahukuk.com\/#organization","name":"Ova Avukatl\u0131k B\u00fcrosu","url":"https:\/\/ovahukuk.com\/","logo":{"@type":"ImageObject","inLanguage":"en-US","@id":"https:\/\/ovahukuk.com\/#\/schema\/logo\/image\/","url":"https:\/\/ovahukuk.com\/wp-content\/uploads\/2021\/08\/logo2-1.png","contentUrl":"https:\/\/ovahukuk.com\/wp-content\/uploads\/2021\/08\/logo2-1.png","width":268,"height":265,"caption":"Ova Avukatl\u0131k B\u00fcrosu"},"image":{"@id":"https:\/\/ovahukuk.com\/#\/schema\/logo\/image\/"}}]}},"_links":{"self":[{"href":"https:\/\/ovahukuk.com\/en\/wp-json\/wp\/v2\/pages\/321","targetHints":{"allow":["GET"]}}],"collection":[{"href":"https:\/\/ovahukuk.com\/en\/wp-json\/wp\/v2\/pages"}],"about":[{"href":"https:\/\/ovahukuk.com\/en\/wp-json\/wp\/v2\/types\/page"}],"author":[{"embeddable":true,"href":"https:\/\/ovahukuk.com\/en\/wp-json\/wp\/v2\/users\/1"}],"replies":[{"embeddable":true,"href":"https:\/\/ovahukuk.com\/en\/wp-json\/wp\/v2\/comments?post=321"}],"version-history":[{"count":3,"href":"https:\/\/ovahukuk.com\/en\/wp-json\/wp\/v2\/pages\/321\/revisions"}],"predecessor-version":[{"id":554,"href":"https:\/\/ovahukuk.com\/en\/wp-json\/wp\/v2\/pages\/321\/revisions\/554"}],"wp:featuredmedia":[{"embeddable":true,"href":"https:\/\/ovahukuk.com\/en\/wp-json\/wp\/v2\/media\/49"}],"wp:attachment":[{"href":"https:\/\/ovahukuk.com\/en\/wp-json\/wp\/v2\/media?parent=321"}],"curies":[{"name":"wp","href":"https:\/\/api.w.org\/{rel}","templated":true}]}}