{"id":322,"date":"2021-08-05T08:36:34","date_gmt":"2021-08-05T08:36:34","guid":{"rendered":"https:\/\/ovahukuk.com\/?page_id=322"},"modified":"2021-08-22T18:34:29","modified_gmt":"2021-08-22T18:34:29","slug":"fikri-ve-sinai-mulkiyet-hukuku","status":"publish","type":"page","link":"https:\/\/ovahukuk.com\/en\/fikri-ve-sinai-mulkiyet-hukuku\/","title":{"rendered":"Fikri ve S\u0131nai M\u00fclkiyet Hukuku"},"content":{"rendered":"<!DOCTYPE html PUBLIC \"-\/\/W3C\/\/DTD HTML 4.0 Transitional\/\/EN\" \"http:\/\/www.w3.org\/TR\/REC-html40\/loose.dtd\">\n<html><body><h1 class=\"wp-block-heading\">Fikri ve S\u0131nai M\u00fclkiyet Hukuku<\/h1>\n\n\n\n<p style=\"font-size:18px\">G\u00fcn\u00fcm\u00fczde uluslararas\u0131 alanda k\u00fcreselle\u015fmenin h\u0131zlanmas\u0131 ile fikri m\u00fclkiyet haklar\u0131n\u0131 koruman\u0131n \u00f6nemi hem \u015firketler hem de ki\u015filer i\u00e7in giderek artmaktad\u0131r. OVA Avukatl\u0131k B\u00fcrosu olarak m\u00fcvekkillerimizin \u00fcr\u00fcn ve hizmetleri ile ticari markalar\u0131n\u0131, patentlerini, telif haklar\u0131n\u0131, ticari s\u0131rlar\u0131n\u0131, bilgisayar yaz\u0131l\u0131mlar\u0131n\u0131, Ar-Ge \u00e7al\u0131\u015fmalar\u0131n\u0131, end\u00fcstriyel tasar\u0131mlar\u0131n\u0131 ve faydal\u0131 model gibi b\u00fct\u00fcn fikri ve s\u0131na\u00ee haklar\u0131n\u0131n korunmas\u0131na son derece ciddiye al\u0131yor ve profesyonelce takip ediyoruz. Uyu\u015fmazl\u0131k durumunda verdi\u011fimiz etkin hukuki hizmetin yan\u0131 s\u0131ra, m\u00fcvekkillerimizin fikri m\u00fclkiyet haklar\u0131na yap\u0131lan en k\u00fc\u00e7\u00fck m\u00fcdahalede dahi gerekli \u00f6nlemlerin al\u0131nmas\u0131n\u0131 h\u0131zl\u0131 bir bi\u00e7imde sa\u011fl\u0131yoruz.<\/p>\n\n\n\n<p style=\"font-size:18px\">Marka, telif haklar\u0131, end\u00fcstriyel tasar\u0131mlar, patent, faydal\u0131 model, co\u011frafi i\u015faretler, internet alan adlar\u0131 ba\u015fta olmak \u00fczere, fikri ve s\u0131na\u00ee m\u00fclkiyete ili\u015fkin idari kurumlar nezdinde ba\u015fvurular\u0131n haz\u0131rlanmas\u0131, i\u015flemlerin y\u00fcr\u00fct\u00fclmesi, ba\u015fvuruya kar\u015f\u0131 itirazlar\u0131n yap\u0131lmas\u0131, lisans, devir, temlik, s\u00f6zle\u015fmelerin haz\u0131rlanmas\u0131 ve ilgili idari i\u015flemlerin y\u00fcr\u00fct\u00fclmesi konusunda hukuki hizmet vermekteyiz.<\/p>\n\n\n\n<div style=\"height:80px\" aria-hidden=\"true\" class=\"wp-block-spacer\"><\/div>\n<\/body><\/html>","protected":false},"excerpt":{"rendered":"<p>Fikri ve S\u0131nai M\u00fclkiyet Hukuku G\u00fcn\u00fcm\u00fczde uluslararas\u0131 alanda k\u00fcreselle\u015fmenin h\u0131zlanmas\u0131 ile fikri m\u00fclkiyet haklar\u0131n\u0131 koruman\u0131n \u00f6nemi hem \u015firketler hem de ki\u015filer i\u00e7in giderek artmaktad\u0131r. OVA Avukatl\u0131k B\u00fcrosu olarak m\u00fcvekkillerimizin \u00fcr\u00fcn ve hizmetleri ile ticari markalar\u0131n\u0131, patentlerini, telif haklar\u0131n\u0131, ticari s\u0131rlar\u0131n\u0131, bilgisayar yaz\u0131l\u0131mlar\u0131n\u0131, Ar-Ge \u00e7al\u0131\u015fmalar\u0131n\u0131, end\u00fcstriyel tasar\u0131mlar\u0131n\u0131 ve faydal\u0131 model gibi [&hellip;]<\/p>","protected":false},"author":1,"featured_media":49,"parent":0,"menu_order":0,"comment_status":"closed","ping_status":"closed","template":"page-templates\/template-fullwidth.php","meta":{"om_disable_all_campaigns":false,"_monsterinsights_skip_tracking":false,"_monsterinsights_sitenote_active":false,"_monsterinsights_sitenote_note":"","_monsterinsights_sitenote_category":0,"footnotes":""},"class_list":["post-322","page","type-page","status-publish","has-post-thumbnail","hentry"],"aioseo_notices":[],"yoast_head":"<!-- This site is optimized with the Yoast SEO plugin v26.7 - https:\/\/yoast.com\/wordpress\/plugins\/seo\/ -->\n<title>Fikri ve S\u0131nai M\u00fclkiyet Hukuku - Ova Avukatl\u0131k B\u00fcrosu<\/title>\n<meta name=\"robots\" content=\"index, follow, max-snippet:-1, max-image-preview:large, max-video-preview:-1\" \/>\n<link rel=\"canonical\" href=\"https:\/\/ovahukuk.com\/en\/fikri-ve-sinai-mulkiyet-hukuku\/\" \/>\n<meta property=\"og:locale\" content=\"en_US\" \/>\n<meta property=\"og:type\" content=\"article\" \/>\n<meta property=\"og:title\" content=\"Fikri ve S\u0131nai M\u00fclkiyet Hukuku - Ova Avukatl\u0131k B\u00fcrosu\" \/>\n<meta property=\"og:description\" content=\"Fikri ve S\u0131nai M\u00fclkiyet Hukuku G\u00fcn\u00fcm\u00fczde uluslararas\u0131 alanda k\u00fcreselle\u015fmenin h\u0131zlanmas\u0131 ile fikri m\u00fclkiyet haklar\u0131n\u0131 koruman\u0131n \u00f6nemi hem \u015firketler hem de ki\u015filer i\u00e7in giderek artmaktad\u0131r. OVA Avukatl\u0131k B\u00fcrosu olarak m\u00fcvekkillerimizin \u00fcr\u00fcn ve hizmetleri ile ticari markalar\u0131n\u0131, patentlerini, telif haklar\u0131n\u0131, ticari s\u0131rlar\u0131n\u0131, bilgisayar yaz\u0131l\u0131mlar\u0131n\u0131, Ar-Ge \u00e7al\u0131\u015fmalar\u0131n\u0131, end\u00fcstriyel tasar\u0131mlar\u0131n\u0131 ve faydal\u0131 model gibi [&hellip;]\" \/>\n<meta property=\"og:url\" content=\"https:\/\/ovahukuk.com\/en\/fikri-ve-sinai-mulkiyet-hukuku\/\" \/>\n<meta property=\"og:site_name\" content=\"Ova Avukatl\u0131k B\u00fcrosu\" \/>\n<meta property=\"article:modified_time\" content=\"2021-08-22T18:34:29+00:00\" \/>\n<meta property=\"og:image\" content=\"https:\/\/ovahukuk.com\/wp-content\/uploads\/2021\/08\/bg_2.jpg\" \/>\n\t<meta property=\"og:image:width\" content=\"2000\" \/>\n\t<meta property=\"og:image:height\" content=\"1030\" \/>\n\t<meta property=\"og:image:type\" content=\"image\/jpeg\" \/>\n<meta name=\"twitter:card\" content=\"summary_large_image\" \/>\n<meta name=\"twitter:label1\" content=\"Est. reading time\" \/>\n\t<meta name=\"twitter:data1\" content=\"1 minute\" \/>\n<script type=\"application\/ld+json\" class=\"yoast-schema-graph\">{\"@context\":\"https:\/\/schema.org\",\"@graph\":[{\"@type\":\"WebPage\",\"@id\":\"https:\/\/ovahukuk.com\/fikri-ve-sinai-mulkiyet-hukuku\/\",\"url\":\"https:\/\/ovahukuk.com\/fikri-ve-sinai-mulkiyet-hukuku\/\",\"name\":\"Fikri ve S\u0131nai M\u00fclkiyet Hukuku - Ova Avukatl\u0131k B\u00fcrosu\",\"isPartOf\":{\"@id\":\"https:\/\/ovahukuk.com\/#website\"},\"primaryImageOfPage\":{\"@id\":\"https:\/\/ovahukuk.com\/fikri-ve-sinai-mulkiyet-hukuku\/#primaryimage\"},\"image\":{\"@id\":\"https:\/\/ovahukuk.com\/fikri-ve-sinai-mulkiyet-hukuku\/#primaryimage\"},\"thumbnailUrl\":\"https:\/\/ovahukuk.com\/wp-content\/uploads\/2021\/08\/bg_2.jpg\",\"datePublished\":\"2021-08-05T08:36:34+00:00\",\"dateModified\":\"2021-08-22T18:34:29+00:00\",\"breadcrumb\":{\"@id\":\"https:\/\/ovahukuk.com\/fikri-ve-sinai-mulkiyet-hukuku\/#breadcrumb\"},\"inLanguage\":\"en-US\",\"potentialAction\":[{\"@type\":\"ReadAction\",\"target\":[\"https:\/\/ovahukuk.com\/fikri-ve-sinai-mulkiyet-hukuku\/\"]}]},{\"@type\":\"ImageObject\",\"inLanguage\":\"en-US\",\"@id\":\"https:\/\/ovahukuk.com\/fikri-ve-sinai-mulkiyet-hukuku\/#primaryimage\",\"url\":\"https:\/\/ovahukuk.com\/wp-content\/uploads\/2021\/08\/bg_2.jpg\",\"contentUrl\":\"https:\/\/ovahukuk.com\/wp-content\/uploads\/2021\/08\/bg_2.jpg\",\"width\":2000,\"height\":1030},{\"@type\":\"BreadcrumbList\",\"@id\":\"https:\/\/ovahukuk.com\/fikri-ve-sinai-mulkiyet-hukuku\/#breadcrumb\",\"itemListElement\":[{\"@type\":\"ListItem\",\"position\":1,\"name\":\"Anasayfa\",\"item\":\"https:\/\/ovahukuk.com\/\"},{\"@type\":\"ListItem\",\"position\":2,\"name\":\"Fikri ve S\u0131nai M\u00fclkiyet Hukuku\"}]},{\"@type\":\"WebSite\",\"@id\":\"https:\/\/ovahukuk.com\/#website\",\"url\":\"https:\/\/ovahukuk.com\/\",\"name\":\"Ova Hukuk\",\"description\":\"Hukuk | Dan\u0131\u015fmanl\u0131k\",\"publisher\":{\"@id\":\"https:\/\/ovahukuk.com\/#organization\"},\"potentialAction\":[{\"@type\":\"SearchAction\",\"target\":{\"@type\":\"EntryPoint\",\"urlTemplate\":\"https:\/\/ovahukuk.com\/?s={search_term_string}\"},\"query-input\":{\"@type\":\"PropertyValueSpecification\",\"valueRequired\":true,\"valueName\":\"search_term_string\"}}],\"inLanguage\":\"en-US\"},{\"@type\":\"Organization\",\"@id\":\"https:\/\/ovahukuk.com\/#organization\",\"name\":\"Ova Avukatl\u0131k B\u00fcrosu\",\"url\":\"https:\/\/ovahukuk.com\/\",\"logo\":{\"@type\":\"ImageObject\",\"inLanguage\":\"en-US\",\"@id\":\"https:\/\/ovahukuk.com\/#\/schema\/logo\/image\/\",\"url\":\"https:\/\/ovahukuk.com\/wp-content\/uploads\/2021\/08\/logo2-1.png\",\"contentUrl\":\"https:\/\/ovahukuk.com\/wp-content\/uploads\/2021\/08\/logo2-1.png\",\"width\":268,\"height\":265,\"caption\":\"Ova Avukatl\u0131k B\u00fcrosu\"},\"image\":{\"@id\":\"https:\/\/ovahukuk.com\/#\/schema\/logo\/image\/\"}}]}<\/script>\n<!-- \/ Yoast SEO plugin. -->","yoast_head_json":{"title":"Fikri ve S\u0131nai M\u00fclkiyet Hukuku - Ova Avukatl\u0131k B\u00fcrosu","robots":{"index":"index","follow":"follow","max-snippet":"max-snippet:-1","max-image-preview":"max-image-preview:large","max-video-preview":"max-video-preview:-1"},"canonical":"https:\/\/ovahukuk.com\/en\/fikri-ve-sinai-mulkiyet-hukuku\/","og_locale":"en_US","og_type":"article","og_title":"Fikri ve S\u0131nai M\u00fclkiyet Hukuku - Ova Avukatl\u0131k B\u00fcrosu","og_description":"Fikri ve S\u0131nai M\u00fclkiyet Hukuku G\u00fcn\u00fcm\u00fczde uluslararas\u0131 alanda k\u00fcreselle\u015fmenin h\u0131zlanmas\u0131 ile fikri m\u00fclkiyet haklar\u0131n\u0131 koruman\u0131n \u00f6nemi hem \u015firketler hem de ki\u015filer i\u00e7in giderek artmaktad\u0131r. OVA Avukatl\u0131k B\u00fcrosu olarak m\u00fcvekkillerimizin \u00fcr\u00fcn ve hizmetleri ile ticari markalar\u0131n\u0131, patentlerini, telif haklar\u0131n\u0131, ticari s\u0131rlar\u0131n\u0131, bilgisayar yaz\u0131l\u0131mlar\u0131n\u0131, Ar-Ge \u00e7al\u0131\u015fmalar\u0131n\u0131, end\u00fcstriyel tasar\u0131mlar\u0131n\u0131 ve faydal\u0131 model gibi [&hellip;]","og_url":"https:\/\/ovahukuk.com\/en\/fikri-ve-sinai-mulkiyet-hukuku\/","og_site_name":"Ova Avukatl\u0131k B\u00fcrosu","article_modified_time":"2021-08-22T18:34:29+00:00","og_image":[{"width":2000,"height":1030,"url":"https:\/\/ovahukuk.com\/wp-content\/uploads\/2021\/08\/bg_2.jpg","type":"image\/jpeg"}],"twitter_card":"summary_large_image","twitter_misc":{"Est. reading time":"1 minute"},"schema":{"@context":"https:\/\/schema.org","@graph":[{"@type":"WebPage","@id":"https:\/\/ovahukuk.com\/fikri-ve-sinai-mulkiyet-hukuku\/","url":"https:\/\/ovahukuk.com\/fikri-ve-sinai-mulkiyet-hukuku\/","name":"Fikri ve S\u0131nai M\u00fclkiyet Hukuku - Ova Avukatl\u0131k B\u00fcrosu","isPartOf":{"@id":"https:\/\/ovahukuk.com\/#website"},"primaryImageOfPage":{"@id":"https:\/\/ovahukuk.com\/fikri-ve-sinai-mulkiyet-hukuku\/#primaryimage"},"image":{"@id":"https:\/\/ovahukuk.com\/fikri-ve-sinai-mulkiyet-hukuku\/#primaryimage"},"thumbnailUrl":"https:\/\/ovahukuk.com\/wp-content\/uploads\/2021\/08\/bg_2.jpg","datePublished":"2021-08-05T08:36:34+00:00","dateModified":"2021-08-22T18:34:29+00:00","breadcrumb":{"@id":"https:\/\/ovahukuk.com\/fikri-ve-sinai-mulkiyet-hukuku\/#breadcrumb"},"inLanguage":"en-US","potentialAction":[{"@type":"ReadAction","target":["https:\/\/ovahukuk.com\/fikri-ve-sinai-mulkiyet-hukuku\/"]}]},{"@type":"ImageObject","inLanguage":"en-US","@id":"https:\/\/ovahukuk.com\/fikri-ve-sinai-mulkiyet-hukuku\/#primaryimage","url":"https:\/\/ovahukuk.com\/wp-content\/uploads\/2021\/08\/bg_2.jpg","contentUrl":"https:\/\/ovahukuk.com\/wp-content\/uploads\/2021\/08\/bg_2.jpg","width":2000,"height":1030},{"@type":"BreadcrumbList","@id":"https:\/\/ovahukuk.com\/fikri-ve-sinai-mulkiyet-hukuku\/#breadcrumb","itemListElement":[{"@type":"ListItem","position":1,"name":"Anasayfa","item":"https:\/\/ovahukuk.com\/"},{"@type":"ListItem","position":2,"name":"Fikri ve S\u0131nai M\u00fclkiyet Hukuku"}]},{"@type":"WebSite","@id":"https:\/\/ovahukuk.com\/#website","url":"https:\/\/ovahukuk.com\/","name":"Ova Hukuk","description":"Hukuk | Dan\u0131\u015fmanl\u0131k","publisher":{"@id":"https:\/\/ovahukuk.com\/#organization"},"potentialAction":[{"@type":"SearchAction","target":{"@type":"EntryPoint","urlTemplate":"https:\/\/ovahukuk.com\/?s={search_term_string}"},"query-input":{"@type":"PropertyValueSpecification","valueRequired":true,"valueName":"search_term_string"}}],"inLanguage":"en-US"},{"@type":"Organization","@id":"https:\/\/ovahukuk.com\/#organization","name":"Ova Avukatl\u0131k B\u00fcrosu","url":"https:\/\/ovahukuk.com\/","logo":{"@type":"ImageObject","inLanguage":"en-US","@id":"https:\/\/ovahukuk.com\/#\/schema\/logo\/image\/","url":"https:\/\/ovahukuk.com\/wp-content\/uploads\/2021\/08\/logo2-1.png","contentUrl":"https:\/\/ovahukuk.com\/wp-content\/uploads\/2021\/08\/logo2-1.png","width":268,"height":265,"caption":"Ova Avukatl\u0131k B\u00fcrosu"},"image":{"@id":"https:\/\/ovahukuk.com\/#\/schema\/logo\/image\/"}}]}},"_links":{"self":[{"href":"https:\/\/ovahukuk.com\/en\/wp-json\/wp\/v2\/pages\/322","targetHints":{"allow":["GET"]}}],"collection":[{"href":"https:\/\/ovahukuk.com\/en\/wp-json\/wp\/v2\/pages"}],"about":[{"href":"https:\/\/ovahukuk.com\/en\/wp-json\/wp\/v2\/types\/page"}],"author":[{"embeddable":true,"href":"https:\/\/ovahukuk.com\/en\/wp-json\/wp\/v2\/users\/1"}],"replies":[{"embeddable":true,"href":"https:\/\/ovahukuk.com\/en\/wp-json\/wp\/v2\/comments?post=322"}],"version-history":[{"count":2,"href":"https:\/\/ovahukuk.com\/en\/wp-json\/wp\/v2\/pages\/322\/revisions"}],"predecessor-version":[{"id":527,"href":"https:\/\/ovahukuk.com\/en\/wp-json\/wp\/v2\/pages\/322\/revisions\/527"}],"wp:featuredmedia":[{"embeddable":true,"href":"https:\/\/ovahukuk.com\/en\/wp-json\/wp\/v2\/media\/49"}],"wp:attachment":[{"href":"https:\/\/ovahukuk.com\/en\/wp-json\/wp\/v2\/media?parent=322"}],"curies":[{"name":"wp","href":"https:\/\/api.w.org\/{rel}","templated":true}]}}