{"id":326,"date":"2021-08-05T08:48:43","date_gmt":"2021-08-05T08:48:43","guid":{"rendered":"https:\/\/ovahukuk.com\/?page_id=326"},"modified":"2021-08-22T18:31:55","modified_gmt":"2021-08-22T18:31:55","slug":"insaat-ve-gayrimenkul-hukuku","status":"publish","type":"page","link":"https:\/\/ovahukuk.com\/en\/insaat-ve-gayrimenkul-hukuku\/","title":{"rendered":"\u0130n\u015faat ve Gayrimenkul Hukuku"},"content":{"rendered":"<!DOCTYPE html PUBLIC \"-\/\/W3C\/\/DTD HTML 4.0 Transitional\/\/EN\" \"http:\/\/www.w3.org\/TR\/REC-html40\/loose.dtd\">\n<html><body><h1 class=\"wp-block-heading\">\u0130n\u015faat ve Gayrimenkul Hukuku<\/h1>\n\n\n\n<div style=\"height:80px\" aria-hidden=\"true\" class=\"wp-block-spacer\"><\/div>\n\n\n\n<p style=\"font-size:18px\">OVA Avukatl\u0131k B\u00fcrosu, uzun y\u0131llar in\u015faat ve gayrimenkul hukuku alan\u0131nda gerek yerli ger\u00e7ek ve t\u00fczel ki\u015fi gerekse yabanc\u0131 m\u00fcvekkillerin in\u015faat ve gayrimenkul hukuku alan\u0131ndaki hukuki meselelerine ili\u015fkin avukatl\u0131k ve dan\u0131\u015fmanl\u0131k hizmeti vermi\u015f olup, bir\u00e7ok konuda uzmanla\u015fm\u0131\u015f ve geni\u015f bir bilgi birikimi elde etmi\u015ftir. Bu kapsamda verdi\u011fimiz hizmetler;<\/p>\n\n\n\n<ul class=\"wp-block-list\" style=\"font-size:18px\"><li>\u0130n\u015faat ve gayrimenkul alan\u0131nda ilgili kamu kurumlar\u0131nda gerekli ba\u015fvuru ve izin s\u00fcre\u00e7lerinin y\u00fcr\u00fct\u00fclmesi,<\/li><li>Gayrimenkul yat\u0131r\u0131mlar\u0131nda ve in\u015faat projelerinin y\u00fcr\u00fct\u00fclmesine y\u00f6nelik t\u00fcm konularda avukatl\u0131k ve dan\u0131\u015fmanl\u0131k hizmeti,<\/li><li>Gayrimenkul ile ilgili her t\u00fcrl\u00fc s\u00f6zle\u015fmenin haz\u0131rlanmas\u0131 ve bu s\u00f6zle\u015fmelerden do\u011fan uyu\u015fmazl\u0131klar\u0131n \u00e7\u00f6z\u00fcm\u00fc,<\/li><li>Yabanc\u0131lar\u0131n T\u00fcrkiye\u2019de m\u00fclkiyet edinmesi ile ilgili s\u00fcre\u00e7lerin takibi,<\/li><li>Kentsel d\u00f6n\u00fc\u015f\u00fcm, imar hukuku, in\u015faat hukuku, kira ve kat m\u00fclkiyeti hukukundan kaynakl\u0131 uyu\u015fmazl\u0131klar\u0131n \u00e7\u00f6z\u00fcm\u00fc (dava ve tahkim),<\/li><li>M\u00fcvekkillere yat\u0131r\u0131mlar\u0131 \u00f6ncesinde ve devam eden s\u00fcre\u00e7te kar\u015f\u0131la\u015fmalar\u0131 muhtemel uyu\u015fmazl\u0131klarla ilgili hukuki durum tespitinin yap\u0131lmas\u0131 ve raporunun haz\u0131rlanmas\u0131 (Due Diligence)<br>-\u0130mar mevzuat\u0131na uyum, y\u00f6netim planlar\u0131n\u0131n haz\u0131rlanmas\u0131 veya geli\u015ftirilmesi, izin ve ruhsat al\u0131m s\u00fcre\u00e7lerinin y\u00fcr\u00fct\u00fclmesi,<\/li><li>Y\u00f6netim plan\u0131 haz\u0131rlanmas\u0131,<\/li><li>Y\u00fcklenici s\u00f6zle\u015fmelerinin haz\u0131rlanmas\u0131 ve m\u00fczakere edilmesi,<\/li><li>Gayrimenkul Yat\u0131r\u0131m Ortakl\u0131klar\u0131na \u0130li\u015fkin \u0130\u015flemlerin Yap\u0131lmas\u0131,<\/li><li>Tapu \u0130ptal Davalar\u0131 ve Tapu Kayd\u0131n\u0131n D\u00fczeltilmesi Davalar\u0131,<\/li><li>Gayrimenkul Al\u0131m ve Sat\u0131m S\u00f6zle\u015fmeleri ile Sat\u0131\u015f Vaadi S\u00f6zle\u015fmelerinin D\u00fczenlenmesi<\/li><li>Yap-\u0130\u015flet-Devret Projeleri, Kamu ve \u00d6zel Sekt\u00f6r \u0130haleleri, \u0130mtiyaz S\u00f6zle\u015fmeleri, Alt Y\u00fcklenicilik S\u00f6zle\u015fmeleri, Lisans Anla\u015fmalar\u0131,<\/li><li>\u0130n\u015faat, \u0130potek, Kat \u0130rtifak\u0131, Bina Y\u00f6netimi, Proje Y\u00f6netimi, Al\u0131\u015fveri\u015f Merkezleri y\u00f6netim, lisans, arac\u0131l\u0131k ve kat kar\u015f\u0131l\u0131\u011f\u0131 in\u015faat s\u00f6zle\u015fmelerinin haz\u0131rlanmas\u0131, m\u00fczakereleri ve revizyonu,<\/li><li>\u00d6zellikle kat kar\u015f\u0131l\u0131\u011f\u0131 in\u015faat s\u00f6zle\u015fmelerine ili\u015fkin delil tespiti ve dava s\u00fcre\u00e7lerinin y\u00f6netilmesi,<\/li><li>Eksik, hatal\u0131 yahut ay\u0131pl\u0131 imalat ve in\u015faatlara ili\u015fkin olarak delil tespiti ve dava s\u00fcre\u00e7lerinin y\u00fcr\u00fct\u00fclmesi, hukuki dan\u0131\u015fmanl\u0131k hizmetlerinin sunulmas\u0131,<\/li><li>Rezidanslar, kuleler, i\u015f merkezleri ve sitelerin ihtiyac\u0131 olan ola\u011fan ve ola\u011fan\u00fcst\u00fc kat malikleri kurulu toplant\u0131lar\u0131n\u0131n haz\u0131rl\u0131klar\u0131n\u0131n yap\u0131larak organizasyon sa\u011flanmas\u0131, kat malikleri kurulu kararlar\u0131n\u0131n iptali davalar\u0131n\u0131n a\u00e7\u0131lmas\u0131 ve\/veya y\u00fcr\u00fct\u00fclmesi,<\/li><\/ul>\n<\/body><\/html>","protected":false},"excerpt":{"rendered":"<p>\u0130n\u015faat ve Gayrimenkul Hukuku OVA Avukatl\u0131k B\u00fcrosu, uzun y\u0131llar in\u015faat ve gayrimenkul hukuku alan\u0131nda gerek yerli ger\u00e7ek ve t\u00fczel ki\u015fi gerekse yabanc\u0131 m\u00fcvekkillerin in\u015faat ve gayrimenkul hukuku alan\u0131ndaki hukuki meselelerine ili\u015fkin avukatl\u0131k ve dan\u0131\u015fmanl\u0131k hizmeti vermi\u015f olup, bir\u00e7ok konuda uzmanla\u015fm\u0131\u015f ve geni\u015f bir bilgi birikimi elde etmi\u015ftir. Bu kapsamda verdi\u011fimiz [&hellip;]<\/p>","protected":false},"author":1,"featured_media":49,"parent":0,"menu_order":0,"comment_status":"closed","ping_status":"closed","template":"page-templates\/template-fullwidth.php","meta":{"om_disable_all_campaigns":false,"_monsterinsights_skip_tracking":false,"_monsterinsights_sitenote_active":false,"_monsterinsights_sitenote_note":"","_monsterinsights_sitenote_category":0,"footnotes":""},"class_list":["post-326","page","type-page","status-publish","has-post-thumbnail","hentry"],"aioseo_notices":[],"yoast_head":"<!-- This site is optimized with the Yoast SEO plugin v26.7 - https:\/\/yoast.com\/wordpress\/plugins\/seo\/ -->\n<title>\u0130n\u015faat ve Gayrimenkul Hukuku - Ova Avukatl\u0131k B\u00fcrosu<\/title>\n<meta name=\"robots\" content=\"index, follow, max-snippet:-1, max-image-preview:large, max-video-preview:-1\" \/>\n<link rel=\"canonical\" href=\"https:\/\/ovahukuk.com\/en\/insaat-ve-gayrimenkul-hukuku\/\" \/>\n<meta property=\"og:locale\" content=\"en_US\" \/>\n<meta property=\"og:type\" content=\"article\" \/>\n<meta property=\"og:title\" content=\"\u0130n\u015faat ve Gayrimenkul Hukuku - Ova Avukatl\u0131k B\u00fcrosu\" \/>\n<meta property=\"og:description\" content=\"\u0130n\u015faat ve Gayrimenkul Hukuku OVA Avukatl\u0131k B\u00fcrosu, uzun y\u0131llar in\u015faat ve gayrimenkul hukuku alan\u0131nda gerek yerli ger\u00e7ek ve t\u00fczel ki\u015fi gerekse yabanc\u0131 m\u00fcvekkillerin in\u015faat ve gayrimenkul hukuku alan\u0131ndaki hukuki meselelerine ili\u015fkin avukatl\u0131k ve dan\u0131\u015fmanl\u0131k hizmeti vermi\u015f olup, bir\u00e7ok konuda uzmanla\u015fm\u0131\u015f ve geni\u015f bir bilgi birikimi elde etmi\u015ftir. Bu kapsamda verdi\u011fimiz [&hellip;]\" \/>\n<meta property=\"og:url\" content=\"https:\/\/ovahukuk.com\/en\/insaat-ve-gayrimenkul-hukuku\/\" \/>\n<meta property=\"og:site_name\" content=\"Ova Avukatl\u0131k B\u00fcrosu\" \/>\n<meta property=\"article:modified_time\" content=\"2021-08-22T18:31:55+00:00\" \/>\n<meta property=\"og:image\" content=\"https:\/\/ovahukuk.com\/wp-content\/uploads\/2021\/08\/bg_2.jpg\" \/>\n\t<meta property=\"og:image:width\" content=\"2000\" \/>\n\t<meta property=\"og:image:height\" content=\"1030\" \/>\n\t<meta property=\"og:image:type\" content=\"image\/jpeg\" \/>\n<meta name=\"twitter:card\" content=\"summary_large_image\" \/>\n<meta name=\"twitter:label1\" content=\"Est. reading time\" \/>\n\t<meta name=\"twitter:data1\" content=\"2 minutes\" \/>\n<script type=\"application\/ld+json\" class=\"yoast-schema-graph\">{\"@context\":\"https:\/\/schema.org\",\"@graph\":[{\"@type\":\"WebPage\",\"@id\":\"https:\/\/ovahukuk.com\/en\/insaat-ve-gayrimenkul-hukuku\/\",\"url\":\"https:\/\/ovahukuk.com\/en\/insaat-ve-gayrimenkul-hukuku\/\",\"name\":\"\u0130n\u015faat ve Gayrimenkul Hukuku - Ova Avukatl\u0131k B\u00fcrosu\",\"isPartOf\":{\"@id\":\"https:\/\/ovahukuk.com\/#website\"},\"primaryImageOfPage\":{\"@id\":\"https:\/\/ovahukuk.com\/en\/insaat-ve-gayrimenkul-hukuku\/#primaryimage\"},\"image\":{\"@id\":\"https:\/\/ovahukuk.com\/en\/insaat-ve-gayrimenkul-hukuku\/#primaryimage\"},\"thumbnailUrl\":\"https:\/\/ovahukuk.com\/wp-content\/uploads\/2021\/08\/bg_2.jpg\",\"datePublished\":\"2021-08-05T08:48:43+00:00\",\"dateModified\":\"2021-08-22T18:31:55+00:00\",\"breadcrumb\":{\"@id\":\"https:\/\/ovahukuk.com\/en\/insaat-ve-gayrimenkul-hukuku\/#breadcrumb\"},\"inLanguage\":\"en-US\",\"potentialAction\":[{\"@type\":\"ReadAction\",\"target\":[\"https:\/\/ovahukuk.com\/en\/insaat-ve-gayrimenkul-hukuku\/\"]}]},{\"@type\":\"ImageObject\",\"inLanguage\":\"en-US\",\"@id\":\"https:\/\/ovahukuk.com\/en\/insaat-ve-gayrimenkul-hukuku\/#primaryimage\",\"url\":\"https:\/\/ovahukuk.com\/wp-content\/uploads\/2021\/08\/bg_2.jpg\",\"contentUrl\":\"https:\/\/ovahukuk.com\/wp-content\/uploads\/2021\/08\/bg_2.jpg\",\"width\":2000,\"height\":1030},{\"@type\":\"BreadcrumbList\",\"@id\":\"https:\/\/ovahukuk.com\/en\/insaat-ve-gayrimenkul-hukuku\/#breadcrumb\",\"itemListElement\":[{\"@type\":\"ListItem\",\"position\":1,\"name\":\"Anasayfa\",\"item\":\"https:\/\/ovahukuk.com\/\"},{\"@type\":\"ListItem\",\"position\":2,\"name\":\"\u0130n\u015faat ve Gayrimenkul Hukuku\"}]},{\"@type\":\"WebSite\",\"@id\":\"https:\/\/ovahukuk.com\/#website\",\"url\":\"https:\/\/ovahukuk.com\/\",\"name\":\"Ova Hukuk\",\"description\":\"Hukuk | Dan\u0131\u015fmanl\u0131k\",\"publisher\":{\"@id\":\"https:\/\/ovahukuk.com\/#organization\"},\"potentialAction\":[{\"@type\":\"SearchAction\",\"target\":{\"@type\":\"EntryPoint\",\"urlTemplate\":\"https:\/\/ovahukuk.com\/?s={search_term_string}\"},\"query-input\":{\"@type\":\"PropertyValueSpecification\",\"valueRequired\":true,\"valueName\":\"search_term_string\"}}],\"inLanguage\":\"en-US\"},{\"@type\":\"Organization\",\"@id\":\"https:\/\/ovahukuk.com\/#organization\",\"name\":\"Ova Avukatl\u0131k B\u00fcrosu\",\"url\":\"https:\/\/ovahukuk.com\/\",\"logo\":{\"@type\":\"ImageObject\",\"inLanguage\":\"en-US\",\"@id\":\"https:\/\/ovahukuk.com\/#\/schema\/logo\/image\/\",\"url\":\"https:\/\/ovahukuk.com\/wp-content\/uploads\/2021\/08\/logo2-1.png\",\"contentUrl\":\"https:\/\/ovahukuk.com\/wp-content\/uploads\/2021\/08\/logo2-1.png\",\"width\":268,\"height\":265,\"caption\":\"Ova Avukatl\u0131k B\u00fcrosu\"},\"image\":{\"@id\":\"https:\/\/ovahukuk.com\/#\/schema\/logo\/image\/\"}}]}<\/script>\n<!-- \/ Yoast SEO plugin. -->","yoast_head_json":{"title":"\u0130n\u015faat ve Gayrimenkul Hukuku - Ova Avukatl\u0131k B\u00fcrosu","robots":{"index":"index","follow":"follow","max-snippet":"max-snippet:-1","max-image-preview":"max-image-preview:large","max-video-preview":"max-video-preview:-1"},"canonical":"https:\/\/ovahukuk.com\/en\/insaat-ve-gayrimenkul-hukuku\/","og_locale":"en_US","og_type":"article","og_title":"\u0130n\u015faat ve Gayrimenkul Hukuku - Ova Avukatl\u0131k B\u00fcrosu","og_description":"\u0130n\u015faat ve Gayrimenkul Hukuku OVA Avukatl\u0131k B\u00fcrosu, uzun y\u0131llar in\u015faat ve gayrimenkul hukuku alan\u0131nda gerek yerli ger\u00e7ek ve t\u00fczel ki\u015fi gerekse yabanc\u0131 m\u00fcvekkillerin in\u015faat ve gayrimenkul hukuku alan\u0131ndaki hukuki meselelerine ili\u015fkin avukatl\u0131k ve dan\u0131\u015fmanl\u0131k hizmeti vermi\u015f olup, bir\u00e7ok konuda uzmanla\u015fm\u0131\u015f ve geni\u015f bir bilgi birikimi elde etmi\u015ftir. Bu kapsamda verdi\u011fimiz [&hellip;]","og_url":"https:\/\/ovahukuk.com\/en\/insaat-ve-gayrimenkul-hukuku\/","og_site_name":"Ova Avukatl\u0131k B\u00fcrosu","article_modified_time":"2021-08-22T18:31:55+00:00","og_image":[{"width":2000,"height":1030,"url":"https:\/\/ovahukuk.com\/wp-content\/uploads\/2021\/08\/bg_2.jpg","type":"image\/jpeg"}],"twitter_card":"summary_large_image","twitter_misc":{"Est. reading time":"2 minutes"},"schema":{"@context":"https:\/\/schema.org","@graph":[{"@type":"WebPage","@id":"https:\/\/ovahukuk.com\/en\/insaat-ve-gayrimenkul-hukuku\/","url":"https:\/\/ovahukuk.com\/en\/insaat-ve-gayrimenkul-hukuku\/","name":"\u0130n\u015faat ve Gayrimenkul Hukuku - Ova Avukatl\u0131k B\u00fcrosu","isPartOf":{"@id":"https:\/\/ovahukuk.com\/#website"},"primaryImageOfPage":{"@id":"https:\/\/ovahukuk.com\/en\/insaat-ve-gayrimenkul-hukuku\/#primaryimage"},"image":{"@id":"https:\/\/ovahukuk.com\/en\/insaat-ve-gayrimenkul-hukuku\/#primaryimage"},"thumbnailUrl":"https:\/\/ovahukuk.com\/wp-content\/uploads\/2021\/08\/bg_2.jpg","datePublished":"2021-08-05T08:48:43+00:00","dateModified":"2021-08-22T18:31:55+00:00","breadcrumb":{"@id":"https:\/\/ovahukuk.com\/en\/insaat-ve-gayrimenkul-hukuku\/#breadcrumb"},"inLanguage":"en-US","potentialAction":[{"@type":"ReadAction","target":["https:\/\/ovahukuk.com\/en\/insaat-ve-gayrimenkul-hukuku\/"]}]},{"@type":"ImageObject","inLanguage":"en-US","@id":"https:\/\/ovahukuk.com\/en\/insaat-ve-gayrimenkul-hukuku\/#primaryimage","url":"https:\/\/ovahukuk.com\/wp-content\/uploads\/2021\/08\/bg_2.jpg","contentUrl":"https:\/\/ovahukuk.com\/wp-content\/uploads\/2021\/08\/bg_2.jpg","width":2000,"height":1030},{"@type":"BreadcrumbList","@id":"https:\/\/ovahukuk.com\/en\/insaat-ve-gayrimenkul-hukuku\/#breadcrumb","itemListElement":[{"@type":"ListItem","position":1,"name":"Anasayfa","item":"https:\/\/ovahukuk.com\/"},{"@type":"ListItem","position":2,"name":"\u0130n\u015faat ve Gayrimenkul Hukuku"}]},{"@type":"WebSite","@id":"https:\/\/ovahukuk.com\/#website","url":"https:\/\/ovahukuk.com\/","name":"Ova Hukuk","description":"Hukuk | Dan\u0131\u015fmanl\u0131k","publisher":{"@id":"https:\/\/ovahukuk.com\/#organization"},"potentialAction":[{"@type":"SearchAction","target":{"@type":"EntryPoint","urlTemplate":"https:\/\/ovahukuk.com\/?s={search_term_string}"},"query-input":{"@type":"PropertyValueSpecification","valueRequired":true,"valueName":"search_term_string"}}],"inLanguage":"en-US"},{"@type":"Organization","@id":"https:\/\/ovahukuk.com\/#organization","name":"Ova Avukatl\u0131k B\u00fcrosu","url":"https:\/\/ovahukuk.com\/","logo":{"@type":"ImageObject","inLanguage":"en-US","@id":"https:\/\/ovahukuk.com\/#\/schema\/logo\/image\/","url":"https:\/\/ovahukuk.com\/wp-content\/uploads\/2021\/08\/logo2-1.png","contentUrl":"https:\/\/ovahukuk.com\/wp-content\/uploads\/2021\/08\/logo2-1.png","width":268,"height":265,"caption":"Ova Avukatl\u0131k B\u00fcrosu"},"image":{"@id":"https:\/\/ovahukuk.com\/#\/schema\/logo\/image\/"}}]}},"_links":{"self":[{"href":"https:\/\/ovahukuk.com\/en\/wp-json\/wp\/v2\/pages\/326","targetHints":{"allow":["GET"]}}],"collection":[{"href":"https:\/\/ovahukuk.com\/en\/wp-json\/wp\/v2\/pages"}],"about":[{"href":"https:\/\/ovahukuk.com\/en\/wp-json\/wp\/v2\/types\/page"}],"author":[{"embeddable":true,"href":"https:\/\/ovahukuk.com\/en\/wp-json\/wp\/v2\/users\/1"}],"replies":[{"embeddable":true,"href":"https:\/\/ovahukuk.com\/en\/wp-json\/wp\/v2\/comments?post=326"}],"version-history":[{"count":3,"href":"https:\/\/ovahukuk.com\/en\/wp-json\/wp\/v2\/pages\/326\/revisions"}],"predecessor-version":[{"id":523,"href":"https:\/\/ovahukuk.com\/en\/wp-json\/wp\/v2\/pages\/326\/revisions\/523"}],"wp:featuredmedia":[{"embeddable":true,"href":"https:\/\/ovahukuk.com\/en\/wp-json\/wp\/v2\/media\/49"}],"wp:attachment":[{"href":"https:\/\/ovahukuk.com\/en\/wp-json\/wp\/v2\/media?parent=326"}],"curies":[{"name":"wp","href":"https:\/\/api.w.org\/{rel}","templated":true}]}}