{"id":327,"date":"2021-08-05T08:49:45","date_gmt":"2021-08-05T08:49:45","guid":{"rendered":"https:\/\/ovahukuk.com\/?page_id=327"},"modified":"2021-08-22T18:33:20","modified_gmt":"2021-08-22T18:33:20","slug":"sigorta-hukuku","status":"publish","type":"page","link":"https:\/\/ovahukuk.com\/en\/sigorta-hukuku\/","title":{"rendered":"Sigorta Hukuku"},"content":{"rendered":"<!DOCTYPE html PUBLIC \"-\/\/W3C\/\/DTD HTML 4.0 Transitional\/\/EN\" \"http:\/\/www.w3.org\/TR\/REC-html40\/loose.dtd\">\n<html><body><h1 class=\"wp-block-heading\">Sigorta Hukuku<\/h1>\n\n\n\n<p style=\"font-size:18px\">B\u00fcromuz, sigortac\u0131l\u0131k faaliyetlerini aktif bir \u015fekilde s\u00fcrd\u00fcren t\u00fczel ve ger\u00e7ek ki\u015filerin kar\u015f\u0131la\u015ft\u0131\u011f\u0131 hukuki sorunlar\u0131n en aza indirilmesi ve hukuki problemlerini en k\u0131sa s\u00fcrede a\u015fabilmesi i\u00e7in ve di\u011fer b\u00fct\u00fcn hukuki talepleri i\u00e7in avukatl\u0131k ve dan\u0131\u015fmanl\u0131k hizmeti vermektedir.<\/p>\n\n\n\n<p style=\"font-size:18px\">Bu do\u011frultuda yerli ve yabanc\u0131 \u015firketlere ve \u015fah\u0131slara, \u00fc\u00e7\u00fcnc\u00fc ki\u015filerle olan sigorta ili\u015fkileri i\u00e7in hukuki dan\u0131\u015fmanl\u0131k yapmaktad\u0131r. M\u00fcvekkillerinin hak ve alacaklar\u0131n\u0131 en iyi \u015fekilde korumak i\u00e7in m\u00fczakerelerde bulunmak, tahkime ba\u015fvurmak ve mahkeme s\u00fcreci yollar\u0131nda etkili bir bi\u00e7imde temsil faaliyetinde bulunmaktad\u0131r. Bunun yan\u0131 s\u0131ra; \u015firketlerin faaliyetlerinin T\u00fcrk Hukukuna uyumu konusunda hukuki destek, hasar y\u00f6netim dan\u0131\u015fmanl\u0131\u011f\u0131, sigorta poli\u00e7elerinin ve ilgili di\u011fer s\u00f6zle\u015fmelerin haz\u0131rlanmas\u0131 hizmetlerini vermektedir. Hedefimiz m\u00fcvekkillerimizin en karma\u015f\u0131k uyu\u015fmazl\u0131klar\u0131nda ve hukuki sorunlar\u0131nda, profesyonel bir yakla\u015f\u0131mla do\u011fru sonucu ve azami kazan\u0131m\u0131 elde etmektir.<\/p>\n\n\n\n<div style=\"height:100px\" aria-hidden=\"true\" class=\"wp-block-spacer\"><\/div>\n<\/body><\/html>","protected":false},"excerpt":{"rendered":"<p>Sigorta Hukuku B\u00fcromuz, sigortac\u0131l\u0131k faaliyetlerini aktif bir \u015fekilde s\u00fcrd\u00fcren t\u00fczel ve ger\u00e7ek ki\u015filerin kar\u015f\u0131la\u015ft\u0131\u011f\u0131 hukuki sorunlar\u0131n en aza indirilmesi ve hukuki problemlerini en k\u0131sa s\u00fcrede a\u015fabilmesi i\u00e7in ve di\u011fer b\u00fct\u00fcn hukuki talepleri i\u00e7in avukatl\u0131k ve dan\u0131\u015fmanl\u0131k hizmeti vermektedir. Bu do\u011frultuda yerli ve yabanc\u0131 \u015firketlere ve \u015fah\u0131slara, \u00fc\u00e7\u00fcnc\u00fc ki\u015filerle olan sigorta [&hellip;]<\/p>","protected":false},"author":1,"featured_media":49,"parent":0,"menu_order":0,"comment_status":"closed","ping_status":"closed","template":"page-templates\/template-fullwidth.php","meta":{"om_disable_all_campaigns":false,"_monsterinsights_skip_tracking":false,"_monsterinsights_sitenote_active":false,"_monsterinsights_sitenote_note":"","_monsterinsights_sitenote_category":0,"footnotes":""},"class_list":["post-327","page","type-page","status-publish","has-post-thumbnail","hentry"],"aioseo_notices":[],"yoast_head":"<!-- This site is optimized with the Yoast SEO plugin v26.7 - https:\/\/yoast.com\/wordpress\/plugins\/seo\/ -->\n<title>Sigorta Hukuku - Ova Avukatl\u0131k B\u00fcrosu<\/title>\n<meta name=\"robots\" content=\"index, follow, max-snippet:-1, max-image-preview:large, max-video-preview:-1\" \/>\n<link rel=\"canonical\" href=\"https:\/\/ovahukuk.com\/en\/sigorta-hukuku\/\" \/>\n<meta property=\"og:locale\" content=\"en_US\" \/>\n<meta property=\"og:type\" content=\"article\" \/>\n<meta property=\"og:title\" content=\"Sigorta Hukuku - Ova Avukatl\u0131k B\u00fcrosu\" \/>\n<meta property=\"og:description\" content=\"Sigorta Hukuku B\u00fcromuz, sigortac\u0131l\u0131k faaliyetlerini aktif bir \u015fekilde s\u00fcrd\u00fcren t\u00fczel ve ger\u00e7ek ki\u015filerin kar\u015f\u0131la\u015ft\u0131\u011f\u0131 hukuki sorunlar\u0131n en aza indirilmesi ve hukuki problemlerini en k\u0131sa s\u00fcrede a\u015fabilmesi i\u00e7in ve di\u011fer b\u00fct\u00fcn hukuki talepleri i\u00e7in avukatl\u0131k ve dan\u0131\u015fmanl\u0131k hizmeti vermektedir. Bu do\u011frultuda yerli ve yabanc\u0131 \u015firketlere ve \u015fah\u0131slara, \u00fc\u00e7\u00fcnc\u00fc ki\u015filerle olan sigorta [&hellip;]\" \/>\n<meta property=\"og:url\" content=\"https:\/\/ovahukuk.com\/en\/sigorta-hukuku\/\" \/>\n<meta property=\"og:site_name\" content=\"Ova Avukatl\u0131k B\u00fcrosu\" \/>\n<meta property=\"article:modified_time\" content=\"2021-08-22T18:33:20+00:00\" \/>\n<meta property=\"og:image\" content=\"https:\/\/ovahukuk.com\/wp-content\/uploads\/2021\/08\/bg_2.jpg\" \/>\n\t<meta property=\"og:image:width\" content=\"2000\" \/>\n\t<meta property=\"og:image:height\" content=\"1030\" \/>\n\t<meta property=\"og:image:type\" content=\"image\/jpeg\" \/>\n<meta name=\"twitter:card\" content=\"summary_large_image\" \/>\n<meta name=\"twitter:label1\" content=\"Est. reading time\" \/>\n\t<meta name=\"twitter:data1\" content=\"1 minute\" \/>\n<script type=\"application\/ld+json\" class=\"yoast-schema-graph\">{\"@context\":\"https:\/\/schema.org\",\"@graph\":[{\"@type\":\"WebPage\",\"@id\":\"https:\/\/ovahukuk.com\/sigorta-hukuku\/\",\"url\":\"https:\/\/ovahukuk.com\/sigorta-hukuku\/\",\"name\":\"Sigorta Hukuku - Ova Avukatl\u0131k B\u00fcrosu\",\"isPartOf\":{\"@id\":\"https:\/\/ovahukuk.com\/#website\"},\"primaryImageOfPage\":{\"@id\":\"https:\/\/ovahukuk.com\/sigorta-hukuku\/#primaryimage\"},\"image\":{\"@id\":\"https:\/\/ovahukuk.com\/sigorta-hukuku\/#primaryimage\"},\"thumbnailUrl\":\"https:\/\/ovahukuk.com\/wp-content\/uploads\/2021\/08\/bg_2.jpg\",\"datePublished\":\"2021-08-05T08:49:45+00:00\",\"dateModified\":\"2021-08-22T18:33:20+00:00\",\"breadcrumb\":{\"@id\":\"https:\/\/ovahukuk.com\/sigorta-hukuku\/#breadcrumb\"},\"inLanguage\":\"en-US\",\"potentialAction\":[{\"@type\":\"ReadAction\",\"target\":[\"https:\/\/ovahukuk.com\/sigorta-hukuku\/\"]}]},{\"@type\":\"ImageObject\",\"inLanguage\":\"en-US\",\"@id\":\"https:\/\/ovahukuk.com\/sigorta-hukuku\/#primaryimage\",\"url\":\"https:\/\/ovahukuk.com\/wp-content\/uploads\/2021\/08\/bg_2.jpg\",\"contentUrl\":\"https:\/\/ovahukuk.com\/wp-content\/uploads\/2021\/08\/bg_2.jpg\",\"width\":2000,\"height\":1030},{\"@type\":\"BreadcrumbList\",\"@id\":\"https:\/\/ovahukuk.com\/sigorta-hukuku\/#breadcrumb\",\"itemListElement\":[{\"@type\":\"ListItem\",\"position\":1,\"name\":\"Anasayfa\",\"item\":\"https:\/\/ovahukuk.com\/\"},{\"@type\":\"ListItem\",\"position\":2,\"name\":\"Sigorta Hukuku\"}]},{\"@type\":\"WebSite\",\"@id\":\"https:\/\/ovahukuk.com\/#website\",\"url\":\"https:\/\/ovahukuk.com\/\",\"name\":\"Ova Hukuk\",\"description\":\"Hukuk | Dan\u0131\u015fmanl\u0131k\",\"publisher\":{\"@id\":\"https:\/\/ovahukuk.com\/#organization\"},\"potentialAction\":[{\"@type\":\"SearchAction\",\"target\":{\"@type\":\"EntryPoint\",\"urlTemplate\":\"https:\/\/ovahukuk.com\/?s={search_term_string}\"},\"query-input\":{\"@type\":\"PropertyValueSpecification\",\"valueRequired\":true,\"valueName\":\"search_term_string\"}}],\"inLanguage\":\"en-US\"},{\"@type\":\"Organization\",\"@id\":\"https:\/\/ovahukuk.com\/#organization\",\"name\":\"Ova Avukatl\u0131k B\u00fcrosu\",\"url\":\"https:\/\/ovahukuk.com\/\",\"logo\":{\"@type\":\"ImageObject\",\"inLanguage\":\"en-US\",\"@id\":\"https:\/\/ovahukuk.com\/#\/schema\/logo\/image\/\",\"url\":\"https:\/\/ovahukuk.com\/wp-content\/uploads\/2021\/08\/logo2-1.png\",\"contentUrl\":\"https:\/\/ovahukuk.com\/wp-content\/uploads\/2021\/08\/logo2-1.png\",\"width\":268,\"height\":265,\"caption\":\"Ova Avukatl\u0131k B\u00fcrosu\"},\"image\":{\"@id\":\"https:\/\/ovahukuk.com\/#\/schema\/logo\/image\/\"}}]}<\/script>\n<!-- \/ Yoast SEO plugin. -->","yoast_head_json":{"title":"Sigorta Hukuku - Ova Avukatl\u0131k B\u00fcrosu","robots":{"index":"index","follow":"follow","max-snippet":"max-snippet:-1","max-image-preview":"max-image-preview:large","max-video-preview":"max-video-preview:-1"},"canonical":"https:\/\/ovahukuk.com\/en\/sigorta-hukuku\/","og_locale":"en_US","og_type":"article","og_title":"Sigorta Hukuku - Ova Avukatl\u0131k B\u00fcrosu","og_description":"Sigorta Hukuku B\u00fcromuz, sigortac\u0131l\u0131k faaliyetlerini aktif bir \u015fekilde s\u00fcrd\u00fcren t\u00fczel ve ger\u00e7ek ki\u015filerin kar\u015f\u0131la\u015ft\u0131\u011f\u0131 hukuki sorunlar\u0131n en aza indirilmesi ve hukuki problemlerini en k\u0131sa s\u00fcrede a\u015fabilmesi i\u00e7in ve di\u011fer b\u00fct\u00fcn hukuki talepleri i\u00e7in avukatl\u0131k ve dan\u0131\u015fmanl\u0131k hizmeti vermektedir. Bu do\u011frultuda yerli ve yabanc\u0131 \u015firketlere ve \u015fah\u0131slara, \u00fc\u00e7\u00fcnc\u00fc ki\u015filerle olan sigorta [&hellip;]","og_url":"https:\/\/ovahukuk.com\/en\/sigorta-hukuku\/","og_site_name":"Ova Avukatl\u0131k B\u00fcrosu","article_modified_time":"2021-08-22T18:33:20+00:00","og_image":[{"width":2000,"height":1030,"url":"https:\/\/ovahukuk.com\/wp-content\/uploads\/2021\/08\/bg_2.jpg","type":"image\/jpeg"}],"twitter_card":"summary_large_image","twitter_misc":{"Est. reading time":"1 minute"},"schema":{"@context":"https:\/\/schema.org","@graph":[{"@type":"WebPage","@id":"https:\/\/ovahukuk.com\/sigorta-hukuku\/","url":"https:\/\/ovahukuk.com\/sigorta-hukuku\/","name":"Sigorta Hukuku - Ova Avukatl\u0131k B\u00fcrosu","isPartOf":{"@id":"https:\/\/ovahukuk.com\/#website"},"primaryImageOfPage":{"@id":"https:\/\/ovahukuk.com\/sigorta-hukuku\/#primaryimage"},"image":{"@id":"https:\/\/ovahukuk.com\/sigorta-hukuku\/#primaryimage"},"thumbnailUrl":"https:\/\/ovahukuk.com\/wp-content\/uploads\/2021\/08\/bg_2.jpg","datePublished":"2021-08-05T08:49:45+00:00","dateModified":"2021-08-22T18:33:20+00:00","breadcrumb":{"@id":"https:\/\/ovahukuk.com\/sigorta-hukuku\/#breadcrumb"},"inLanguage":"en-US","potentialAction":[{"@type":"ReadAction","target":["https:\/\/ovahukuk.com\/sigorta-hukuku\/"]}]},{"@type":"ImageObject","inLanguage":"en-US","@id":"https:\/\/ovahukuk.com\/sigorta-hukuku\/#primaryimage","url":"https:\/\/ovahukuk.com\/wp-content\/uploads\/2021\/08\/bg_2.jpg","contentUrl":"https:\/\/ovahukuk.com\/wp-content\/uploads\/2021\/08\/bg_2.jpg","width":2000,"height":1030},{"@type":"BreadcrumbList","@id":"https:\/\/ovahukuk.com\/sigorta-hukuku\/#breadcrumb","itemListElement":[{"@type":"ListItem","position":1,"name":"Anasayfa","item":"https:\/\/ovahukuk.com\/"},{"@type":"ListItem","position":2,"name":"Sigorta Hukuku"}]},{"@type":"WebSite","@id":"https:\/\/ovahukuk.com\/#website","url":"https:\/\/ovahukuk.com\/","name":"Ova Hukuk","description":"Hukuk | Dan\u0131\u015fmanl\u0131k","publisher":{"@id":"https:\/\/ovahukuk.com\/#organization"},"potentialAction":[{"@type":"SearchAction","target":{"@type":"EntryPoint","urlTemplate":"https:\/\/ovahukuk.com\/?s={search_term_string}"},"query-input":{"@type":"PropertyValueSpecification","valueRequired":true,"valueName":"search_term_string"}}],"inLanguage":"en-US"},{"@type":"Organization","@id":"https:\/\/ovahukuk.com\/#organization","name":"Ova Avukatl\u0131k B\u00fcrosu","url":"https:\/\/ovahukuk.com\/","logo":{"@type":"ImageObject","inLanguage":"en-US","@id":"https:\/\/ovahukuk.com\/#\/schema\/logo\/image\/","url":"https:\/\/ovahukuk.com\/wp-content\/uploads\/2021\/08\/logo2-1.png","contentUrl":"https:\/\/ovahukuk.com\/wp-content\/uploads\/2021\/08\/logo2-1.png","width":268,"height":265,"caption":"Ova Avukatl\u0131k B\u00fcrosu"},"image":{"@id":"https:\/\/ovahukuk.com\/#\/schema\/logo\/image\/"}}]}},"_links":{"self":[{"href":"https:\/\/ovahukuk.com\/en\/wp-json\/wp\/v2\/pages\/327","targetHints":{"allow":["GET"]}}],"collection":[{"href":"https:\/\/ovahukuk.com\/en\/wp-json\/wp\/v2\/pages"}],"about":[{"href":"https:\/\/ovahukuk.com\/en\/wp-json\/wp\/v2\/types\/page"}],"author":[{"embeddable":true,"href":"https:\/\/ovahukuk.com\/en\/wp-json\/wp\/v2\/users\/1"}],"replies":[{"embeddable":true,"href":"https:\/\/ovahukuk.com\/en\/wp-json\/wp\/v2\/comments?post=327"}],"version-history":[{"count":2,"href":"https:\/\/ovahukuk.com\/en\/wp-json\/wp\/v2\/pages\/327\/revisions"}],"predecessor-version":[{"id":525,"href":"https:\/\/ovahukuk.com\/en\/wp-json\/wp\/v2\/pages\/327\/revisions\/525"}],"wp:featuredmedia":[{"embeddable":true,"href":"https:\/\/ovahukuk.com\/en\/wp-json\/wp\/v2\/media\/49"}],"wp:attachment":[{"href":"https:\/\/ovahukuk.com\/en\/wp-json\/wp\/v2\/media?parent=327"}],"curies":[{"name":"wp","href":"https:\/\/api.w.org\/{rel}","templated":true}]}}