{"id":328,"date":"2021-08-05T08:54:04","date_gmt":"2021-08-05T08:54:04","guid":{"rendered":"https:\/\/ovahukuk.com\/?page_id=328"},"modified":"2021-09-15T21:53:32","modified_gmt":"2021-09-15T21:53:32","slug":"idare-ve-vergi-hukuku","status":"publish","type":"page","link":"https:\/\/ovahukuk.com\/en\/idare-ve-vergi-hukuku\/","title":{"rendered":"\u0130dare ve Vergi Hukuku"},"content":{"rendered":"<!DOCTYPE html PUBLIC \"-\/\/W3C\/\/DTD HTML 4.0 Transitional\/\/EN\" \"http:\/\/www.w3.org\/TR\/REC-html40\/loose.dtd\">\n<html><body><h1 class=\"wp-block-heading\">\u0130dare ve Vergi Hukuku<\/h1>\n\n\n\n<p style=\"font-size:18px\">Devlet organlar\u0131 ile kamu kurum ve kurulu\u015flar\u0131n\u0131n \u00f6rg\u00fctlenme ve i\u015fleyi\u015flerini d\u00fczenleyen ve bunlar\u0131n bireylerle olan ili\u015fkilerini ilkelere ba\u011flayan, temelini anayasadan alan idare hukuku kapsam\u0131nda ortaya \u00e7\u0131kabilecek uyu\u015fmazl\u0131klar\u0131n \u00e7\u00f6z\u00fcm\u00fc konusunda OVA Avukatl\u0131k B\u00fcrosu hukuki dan\u0131\u015fmanl\u0131k ve avukatl\u0131k hizmeti vermekte ve m\u00fcvekkilleri temsil etmektedir. \u0130darenin sahip oldu\u011fu \u00fcst\u00fcnl\u00fck ve ayr\u0131cal\u0131klar kar\u015f\u0131s\u0131nda bireylerin hak ve h\u00fcrriyetlerinin dengelenmesi ve korunmas\u0131na y\u00f6nelik m\u00fcvekkillerin idari kurumlar nezdinde temsili, ilgili idari kurum ve kurulu\u015flara her t\u00fcrl\u00fc ba\u015fvurunun haz\u0131rlanmas\u0131 ve takibi, idarenin i\u015fleyi\u015fine ili\u015fkin olarak a\u00e7\u0131lacak iptal ve tam yarg\u0131 davalar\u0131n\u0131n takibi alan\u0131nda temsil ve dan\u0131\u015fmanl\u0131k hizmeti sunulmaktad\u0131r.<\/p>\n\n\n\n<ul class=\"wp-block-list\" style=\"font-size:18px\"><li>\u0130dari para cezalar\u0131na itiraz edilmesi ve iptal davalar\u0131 a\u00e7\u0131lmas\u0131,<\/li><li>\u0130darenin sorumlulu\u011fu nedeniyle tazminat davalar\u0131 a\u00e7\u0131lmas\u0131,<\/li><li>Hukuka ayk\u0131r\u0131 idari i\u015flemlerin iptaline ili\u015fkin dava a\u00e7\u0131lmas\u0131,<\/li><li>Kamula\u015ft\u0131rma ile ilgili davalar\u0131n y\u00fcr\u00fct\u00fclmesi,<\/li><li>\u0130mar hukukuna ili\u015fkin ihtilaflar\u0131n \u00e7\u00f6z\u00fcme kavu\u015fturulmas\u0131, \u00e7\u00f6z\u00fcm yollar\u0131 ve imar davalar\u0131 takibi,<\/li><li>\u0130hale hukukuna ili\u015fkin ihtilaflar\u0131n \u00e7\u00f6z\u00fcme kavu\u015fturulmas\u0131 ve ihale davalar\u0131 takibi,<\/li><li>Memur davalar\u0131 y\u00fcr\u00fct\u00fclmesi (Disiplin cezalar\u0131, atama i\u015flemleri, ili\u015fik kesilmesi)<\/li><li>Karayollar\u0131 Trafik Davalar\u0131n\u0131n sonu\u00e7land\u0131r\u0131lmas\u0131,<\/li><li>\u0130dari s\u00f6zle\u015fmelerden do\u011fan davalar\u0131n a\u00e7\u0131lmas\u0131,<\/li><li>\u0130ptal ve tam yarg\u0131 davalar\u0131,<\/li><\/ul>\n\n\n\n<p style=\"font-size:18px\">OVA Avukatl\u0131k B\u00fcrosu, verginin tarh\u0131, tahakkuku ve tahsili a\u015famalar\u0131nda ortaya \u00e7\u0131kan uyu\u015fmazl\u0131klar\u0131n gerek idari gerekse yarg\u0131sal \u00e7\u00f6z\u00fcm\u00fc yan\u0131nda vergi ceza hukuku dahil olmak \u00fczere t\u00fcm vergi davalar\u0131n\u0131n takibi konusunda hukuki destek sa\u011flanmakta olup vergi uyu\u015fmazl\u0131klar\u0131, cezalar\u0131 ve iptali davalar\u0131nda etkin avukatl\u0131k hizmeti vermektedir. Bu kapsamda, dava \u00f6ncesi uzla\u015fma s\u00fcrecinin y\u00fcr\u00fct\u00fclmesi, dava yoluna ba\u015fvurulmas\u0131 gereken hallerde dava takibinin sa\u011flanmas\u0131, vergi cezalar\u0131n\u0131n iptali i\u015flemleri ve d\u00fczeltme talepleri konular\u0131nda hizmet vermektedir.<\/p>\n\n\n\n<div style=\"height:100px\" aria-hidden=\"true\" class=\"wp-block-spacer\"><\/div>\n<\/body><\/html>","protected":false},"excerpt":{"rendered":"<p>\u0130dare ve Vergi Hukuku Devlet organlar\u0131 ile kamu kurum ve kurulu\u015flar\u0131n\u0131n \u00f6rg\u00fctlenme ve i\u015fleyi\u015flerini d\u00fczenleyen ve bunlar\u0131n bireylerle olan ili\u015fkilerini ilkelere ba\u011flayan, temelini anayasadan alan idare hukuku kapsam\u0131nda ortaya \u00e7\u0131kabilecek uyu\u015fmazl\u0131klar\u0131n \u00e7\u00f6z\u00fcm\u00fc konusunda OVA Avukatl\u0131k B\u00fcrosu hukuki dan\u0131\u015fmanl\u0131k ve avukatl\u0131k hizmeti vermekte ve m\u00fcvekkilleri temsil etmektedir. \u0130darenin sahip oldu\u011fu \u00fcst\u00fcnl\u00fck [&hellip;]<\/p>","protected":false},"author":1,"featured_media":49,"parent":0,"menu_order":0,"comment_status":"closed","ping_status":"closed","template":"page-templates\/template-fullwidth.php","meta":{"om_disable_all_campaigns":false,"_monsterinsights_skip_tracking":false,"_monsterinsights_sitenote_active":false,"_monsterinsights_sitenote_note":"","_monsterinsights_sitenote_category":0,"footnotes":""},"class_list":["post-328","page","type-page","status-publish","has-post-thumbnail","hentry"],"aioseo_notices":[],"yoast_head":"<!-- This site is optimized with the Yoast SEO plugin v26.7 - https:\/\/yoast.com\/wordpress\/plugins\/seo\/ -->\n<title>\u0130dare ve Vergi Hukuku - Ova Avukatl\u0131k B\u00fcrosu<\/title>\n<meta name=\"robots\" content=\"index, follow, max-snippet:-1, max-image-preview:large, max-video-preview:-1\" \/>\n<link rel=\"canonical\" href=\"https:\/\/ovahukuk.com\/en\/idare-ve-vergi-hukuku\/\" \/>\n<meta property=\"og:locale\" content=\"en_US\" \/>\n<meta property=\"og:type\" content=\"article\" \/>\n<meta property=\"og:title\" content=\"\u0130dare ve Vergi Hukuku - Ova Avukatl\u0131k B\u00fcrosu\" \/>\n<meta property=\"og:description\" content=\"\u0130dare ve Vergi Hukuku Devlet organlar\u0131 ile kamu kurum ve kurulu\u015flar\u0131n\u0131n \u00f6rg\u00fctlenme ve i\u015fleyi\u015flerini d\u00fczenleyen ve bunlar\u0131n bireylerle olan ili\u015fkilerini ilkelere ba\u011flayan, temelini anayasadan alan idare hukuku kapsam\u0131nda ortaya \u00e7\u0131kabilecek uyu\u015fmazl\u0131klar\u0131n \u00e7\u00f6z\u00fcm\u00fc konusunda OVA Avukatl\u0131k B\u00fcrosu hukuki dan\u0131\u015fmanl\u0131k ve avukatl\u0131k hizmeti vermekte ve m\u00fcvekkilleri temsil etmektedir. \u0130darenin sahip oldu\u011fu \u00fcst\u00fcnl\u00fck [&hellip;]\" \/>\n<meta property=\"og:url\" content=\"https:\/\/ovahukuk.com\/en\/idare-ve-vergi-hukuku\/\" \/>\n<meta property=\"og:site_name\" content=\"Ova Avukatl\u0131k B\u00fcrosu\" \/>\n<meta property=\"article:modified_time\" content=\"2021-09-15T21:53:32+00:00\" \/>\n<meta property=\"og:image\" content=\"https:\/\/ovahukuk.com\/wp-content\/uploads\/2021\/08\/bg_2.jpg\" \/>\n\t<meta property=\"og:image:width\" content=\"2000\" \/>\n\t<meta property=\"og:image:height\" content=\"1030\" \/>\n\t<meta property=\"og:image:type\" content=\"image\/jpeg\" \/>\n<meta name=\"twitter:card\" content=\"summary_large_image\" \/>\n<meta name=\"twitter:label1\" content=\"Est. reading time\" \/>\n\t<meta name=\"twitter:data1\" content=\"2 minutes\" \/>\n<script type=\"application\/ld+json\" class=\"yoast-schema-graph\">{\"@context\":\"https:\/\/schema.org\",\"@graph\":[{\"@type\":\"WebPage\",\"@id\":\"https:\/\/ovahukuk.com\/idare-ve-vergi-hukuku\/\",\"url\":\"https:\/\/ovahukuk.com\/idare-ve-vergi-hukuku\/\",\"name\":\"\u0130dare ve Vergi Hukuku - Ova Avukatl\u0131k B\u00fcrosu\",\"isPartOf\":{\"@id\":\"https:\/\/ovahukuk.com\/#website\"},\"primaryImageOfPage\":{\"@id\":\"https:\/\/ovahukuk.com\/idare-ve-vergi-hukuku\/#primaryimage\"},\"image\":{\"@id\":\"https:\/\/ovahukuk.com\/idare-ve-vergi-hukuku\/#primaryimage\"},\"thumbnailUrl\":\"https:\/\/ovahukuk.com\/wp-content\/uploads\/2021\/08\/bg_2.jpg\",\"datePublished\":\"2021-08-05T08:54:04+00:00\",\"dateModified\":\"2021-09-15T21:53:32+00:00\",\"breadcrumb\":{\"@id\":\"https:\/\/ovahukuk.com\/idare-ve-vergi-hukuku\/#breadcrumb\"},\"inLanguage\":\"en-US\",\"potentialAction\":[{\"@type\":\"ReadAction\",\"target\":[\"https:\/\/ovahukuk.com\/idare-ve-vergi-hukuku\/\"]}]},{\"@type\":\"ImageObject\",\"inLanguage\":\"en-US\",\"@id\":\"https:\/\/ovahukuk.com\/idare-ve-vergi-hukuku\/#primaryimage\",\"url\":\"https:\/\/ovahukuk.com\/wp-content\/uploads\/2021\/08\/bg_2.jpg\",\"contentUrl\":\"https:\/\/ovahukuk.com\/wp-content\/uploads\/2021\/08\/bg_2.jpg\",\"width\":2000,\"height\":1030},{\"@type\":\"BreadcrumbList\",\"@id\":\"https:\/\/ovahukuk.com\/idare-ve-vergi-hukuku\/#breadcrumb\",\"itemListElement\":[{\"@type\":\"ListItem\",\"position\":1,\"name\":\"Anasayfa\",\"item\":\"https:\/\/ovahukuk.com\/\"},{\"@type\":\"ListItem\",\"position\":2,\"name\":\"\u0130dare ve Vergi Hukuku\"}]},{\"@type\":\"WebSite\",\"@id\":\"https:\/\/ovahukuk.com\/#website\",\"url\":\"https:\/\/ovahukuk.com\/\",\"name\":\"Ova Hukuk\",\"description\":\"Hukuk | Dan\u0131\u015fmanl\u0131k\",\"publisher\":{\"@id\":\"https:\/\/ovahukuk.com\/#organization\"},\"potentialAction\":[{\"@type\":\"SearchAction\",\"target\":{\"@type\":\"EntryPoint\",\"urlTemplate\":\"https:\/\/ovahukuk.com\/?s={search_term_string}\"},\"query-input\":{\"@type\":\"PropertyValueSpecification\",\"valueRequired\":true,\"valueName\":\"search_term_string\"}}],\"inLanguage\":\"en-US\"},{\"@type\":\"Organization\",\"@id\":\"https:\/\/ovahukuk.com\/#organization\",\"name\":\"Ova Avukatl\u0131k B\u00fcrosu\",\"url\":\"https:\/\/ovahukuk.com\/\",\"logo\":{\"@type\":\"ImageObject\",\"inLanguage\":\"en-US\",\"@id\":\"https:\/\/ovahukuk.com\/#\/schema\/logo\/image\/\",\"url\":\"https:\/\/ovahukuk.com\/wp-content\/uploads\/2021\/08\/logo2-1.png\",\"contentUrl\":\"https:\/\/ovahukuk.com\/wp-content\/uploads\/2021\/08\/logo2-1.png\",\"width\":268,\"height\":265,\"caption\":\"Ova Avukatl\u0131k B\u00fcrosu\"},\"image\":{\"@id\":\"https:\/\/ovahukuk.com\/#\/schema\/logo\/image\/\"}}]}<\/script>\n<!-- \/ Yoast SEO plugin. -->","yoast_head_json":{"title":"\u0130dare ve Vergi Hukuku - Ova Avukatl\u0131k B\u00fcrosu","robots":{"index":"index","follow":"follow","max-snippet":"max-snippet:-1","max-image-preview":"max-image-preview:large","max-video-preview":"max-video-preview:-1"},"canonical":"https:\/\/ovahukuk.com\/en\/idare-ve-vergi-hukuku\/","og_locale":"en_US","og_type":"article","og_title":"\u0130dare ve Vergi Hukuku - Ova Avukatl\u0131k B\u00fcrosu","og_description":"\u0130dare ve Vergi Hukuku Devlet organlar\u0131 ile kamu kurum ve kurulu\u015flar\u0131n\u0131n \u00f6rg\u00fctlenme ve i\u015fleyi\u015flerini d\u00fczenleyen ve bunlar\u0131n bireylerle olan ili\u015fkilerini ilkelere ba\u011flayan, temelini anayasadan alan idare hukuku kapsam\u0131nda ortaya \u00e7\u0131kabilecek uyu\u015fmazl\u0131klar\u0131n \u00e7\u00f6z\u00fcm\u00fc konusunda OVA Avukatl\u0131k B\u00fcrosu hukuki dan\u0131\u015fmanl\u0131k ve avukatl\u0131k hizmeti vermekte ve m\u00fcvekkilleri temsil etmektedir. \u0130darenin sahip oldu\u011fu \u00fcst\u00fcnl\u00fck [&hellip;]","og_url":"https:\/\/ovahukuk.com\/en\/idare-ve-vergi-hukuku\/","og_site_name":"Ova Avukatl\u0131k B\u00fcrosu","article_modified_time":"2021-09-15T21:53:32+00:00","og_image":[{"width":2000,"height":1030,"url":"https:\/\/ovahukuk.com\/wp-content\/uploads\/2021\/08\/bg_2.jpg","type":"image\/jpeg"}],"twitter_card":"summary_large_image","twitter_misc":{"Est. reading time":"2 minutes"},"schema":{"@context":"https:\/\/schema.org","@graph":[{"@type":"WebPage","@id":"https:\/\/ovahukuk.com\/idare-ve-vergi-hukuku\/","url":"https:\/\/ovahukuk.com\/idare-ve-vergi-hukuku\/","name":"\u0130dare ve Vergi Hukuku - Ova Avukatl\u0131k B\u00fcrosu","isPartOf":{"@id":"https:\/\/ovahukuk.com\/#website"},"primaryImageOfPage":{"@id":"https:\/\/ovahukuk.com\/idare-ve-vergi-hukuku\/#primaryimage"},"image":{"@id":"https:\/\/ovahukuk.com\/idare-ve-vergi-hukuku\/#primaryimage"},"thumbnailUrl":"https:\/\/ovahukuk.com\/wp-content\/uploads\/2021\/08\/bg_2.jpg","datePublished":"2021-08-05T08:54:04+00:00","dateModified":"2021-09-15T21:53:32+00:00","breadcrumb":{"@id":"https:\/\/ovahukuk.com\/idare-ve-vergi-hukuku\/#breadcrumb"},"inLanguage":"en-US","potentialAction":[{"@type":"ReadAction","target":["https:\/\/ovahukuk.com\/idare-ve-vergi-hukuku\/"]}]},{"@type":"ImageObject","inLanguage":"en-US","@id":"https:\/\/ovahukuk.com\/idare-ve-vergi-hukuku\/#primaryimage","url":"https:\/\/ovahukuk.com\/wp-content\/uploads\/2021\/08\/bg_2.jpg","contentUrl":"https:\/\/ovahukuk.com\/wp-content\/uploads\/2021\/08\/bg_2.jpg","width":2000,"height":1030},{"@type":"BreadcrumbList","@id":"https:\/\/ovahukuk.com\/idare-ve-vergi-hukuku\/#breadcrumb","itemListElement":[{"@type":"ListItem","position":1,"name":"Anasayfa","item":"https:\/\/ovahukuk.com\/"},{"@type":"ListItem","position":2,"name":"\u0130dare ve Vergi Hukuku"}]},{"@type":"WebSite","@id":"https:\/\/ovahukuk.com\/#website","url":"https:\/\/ovahukuk.com\/","name":"Ova Hukuk","description":"Hukuk | Dan\u0131\u015fmanl\u0131k","publisher":{"@id":"https:\/\/ovahukuk.com\/#organization"},"potentialAction":[{"@type":"SearchAction","target":{"@type":"EntryPoint","urlTemplate":"https:\/\/ovahukuk.com\/?s={search_term_string}"},"query-input":{"@type":"PropertyValueSpecification","valueRequired":true,"valueName":"search_term_string"}}],"inLanguage":"en-US"},{"@type":"Organization","@id":"https:\/\/ovahukuk.com\/#organization","name":"Ova Avukatl\u0131k B\u00fcrosu","url":"https:\/\/ovahukuk.com\/","logo":{"@type":"ImageObject","inLanguage":"en-US","@id":"https:\/\/ovahukuk.com\/#\/schema\/logo\/image\/","url":"https:\/\/ovahukuk.com\/wp-content\/uploads\/2021\/08\/logo2-1.png","contentUrl":"https:\/\/ovahukuk.com\/wp-content\/uploads\/2021\/08\/logo2-1.png","width":268,"height":265,"caption":"Ova Avukatl\u0131k B\u00fcrosu"},"image":{"@id":"https:\/\/ovahukuk.com\/#\/schema\/logo\/image\/"}}]}},"_links":{"self":[{"href":"https:\/\/ovahukuk.com\/en\/wp-json\/wp\/v2\/pages\/328","targetHints":{"allow":["GET"]}}],"collection":[{"href":"https:\/\/ovahukuk.com\/en\/wp-json\/wp\/v2\/pages"}],"about":[{"href":"https:\/\/ovahukuk.com\/en\/wp-json\/wp\/v2\/types\/page"}],"author":[{"embeddable":true,"href":"https:\/\/ovahukuk.com\/en\/wp-json\/wp\/v2\/users\/1"}],"replies":[{"embeddable":true,"href":"https:\/\/ovahukuk.com\/en\/wp-json\/wp\/v2\/comments?post=328"}],"version-history":[{"count":2,"href":"https:\/\/ovahukuk.com\/en\/wp-json\/wp\/v2\/pages\/328\/revisions"}],"predecessor-version":[{"id":555,"href":"https:\/\/ovahukuk.com\/en\/wp-json\/wp\/v2\/pages\/328\/revisions\/555"}],"wp:featuredmedia":[{"embeddable":true,"href":"https:\/\/ovahukuk.com\/en\/wp-json\/wp\/v2\/media\/49"}],"wp:attachment":[{"href":"https:\/\/ovahukuk.com\/en\/wp-json\/wp\/v2\/media?parent=328"}],"curies":[{"name":"wp","href":"https:\/\/api.w.org\/{rel}","templated":true}]}}