{"id":329,"date":"2021-08-05T08:55:23","date_gmt":"2021-08-05T08:55:23","guid":{"rendered":"https:\/\/ovahukuk.com\/?page_id=329"},"modified":"2021-09-15T22:04:38","modified_gmt":"2021-09-15T22:04:38","slug":"rekabet-hukuku","status":"publish","type":"page","link":"https:\/\/ovahukuk.com\/en\/rekabet-hukuku\/","title":{"rendered":"Rekabet Hukuku"},"content":{"rendered":"<!DOCTYPE html PUBLIC \"-\/\/W3C\/\/DTD HTML 4.0 Transitional\/\/EN\" \"http:\/\/www.w3.org\/TR\/REC-html40\/loose.dtd\">\n<html><body><h1 class=\"wp-block-heading\">Rekabet Hukuku<\/h1>\n\n\n\n<p style=\"font-size:18px\">Rekabet hukukunun amac\u0131 mal ve hizmet piyasalar\u0131ndaki rekabeti engelleyici, bozucu veya k\u0131s\u0131tlay\u0131c\u0131 anla\u015fma, karar ve uygulamalar\u0131 ve piyasaya h\u00e2kim olan te\u015febb\u00fcslerin bu h\u00e2kimiyetlerini k\u00f6t\u00fcye kullanmalar\u0131n\u0131 \u00f6nlemek, bunun i\u00e7in gerekli d\u00fczenleme ve denetlemeleri yaparak rekabetin korunmas\u0131n\u0131 sa\u011flamakt\u0131r. Bu kapsamda b\u00fcromuz yerli ve yabanc\u0131 ger\u00e7ek veyahut t\u00fczel ki\u015filere yapacaklar\u0131 anla\u015fmalar\u0131n, alacaklar\u0131 kararlar\u0131n ve uygulamalar\u0131n\u0131n rekabet hukuku a\u00e7\u0131s\u0131ndan sonu\u00e7lar\u0131 konusunda avukatl\u0131k ve dan\u0131\u015fmanl\u0131k hizmeti vermektedir. Bu do\u011frultuda verdi\u011fimiz ba\u015fl\u0131ca hizmet konular\u0131 \u015funlard\u0131r:<\/p>\n\n\n\n<ul class=\"wp-block-list\" style=\"font-size:18px\"><li>Birle\u015fme, Devralma ve Ortak Giri\u015fimler,<\/li><li>H\u00e2kim Durumun K\u00f6t\u00fcye Kullan\u0131lmas\u0131,<\/li><li>Rekabete Uyum ve Rekabet \u0130ncelemeleri,<\/li><li>M\u00fcvekkillerin S\u00f6zle\u015fmelerinin Herhangi Bir Rekabet \u0130hlaline Yol A\u00e7mamas\u0131 \u0130\u00e7in \u0130lgili Mevzuata Uygun Olarak Haz\u0131rlanmas\u0131 ve G\u00f6zden Ge\u00e7irilmesi,<\/li><li>Piyasada Rekabeti Engelleyici Nitelikteki Olas\u0131 Risklere Dair Dan\u0131\u015fmanl\u0131k Hizmeti,<\/li><li>Yat\u0131r\u0131m \u00d6ncesinde Al\u0131nacak Olan \u00d6nleyici Tedbirlerin Belirlenmesi,<\/li><li>Rekabet Kurumu Nezdinde Firmalar\u0131n Yaz\u0131\u015fma, Menfi Tespit ve Muafiyet \u0130\u015flemlerinde Temsil,<\/li><li>Rekabet \u0130nceleme, Soru\u015fturma ve Davalarda Temsil.<\/li><li>S\u00f6zle\u015fme Revizyonu, S\u00f6zle\u015fmenin \u0130hlali \u0130\u00e7in \u00d6nlemler, S\u00f6zle\u015fmelerin \u0130ptal \u0130\u015flemleri, S\u00f6zle\u015fme \u0130hlallerinde Tazminat ve Cezai \u015eart Talebi, S\u00f6zle\u015fme M\u00fczakere Edilmesi, Anla\u015fmaya Var\u0131lmas\u0131, S\u00f6zle\u015fmenin \u0130mzalanmas\u0131, S\u00f6zle\u015fmelere \u0130li\u015fkin Dava Takibi.<\/li><\/ul>\n\n\n\n<div style=\"height:100px\" aria-hidden=\"true\" class=\"wp-block-spacer\"><\/div>\n<\/body><\/html>","protected":false},"excerpt":{"rendered":"<p>Rekabet Hukuku Rekabet hukukunun amac\u0131 mal ve hizmet piyasalar\u0131ndaki rekabeti engelleyici, bozucu veya k\u0131s\u0131tlay\u0131c\u0131 anla\u015fma, karar ve uygulamalar\u0131 ve piyasaya h\u00e2kim olan te\u015febb\u00fcslerin bu h\u00e2kimiyetlerini k\u00f6t\u00fcye kullanmalar\u0131n\u0131 \u00f6nlemek, bunun i\u00e7in gerekli d\u00fczenleme ve denetlemeleri yaparak rekabetin korunmas\u0131n\u0131 sa\u011flamakt\u0131r. Bu kapsamda b\u00fcromuz yerli ve yabanc\u0131 ger\u00e7ek veyahut t\u00fczel ki\u015filere yapacaklar\u0131 anla\u015fmalar\u0131n, [&hellip;]<\/p>","protected":false},"author":1,"featured_media":49,"parent":0,"menu_order":0,"comment_status":"closed","ping_status":"closed","template":"page-templates\/template-fullwidth.php","meta":{"om_disable_all_campaigns":false,"_monsterinsights_skip_tracking":false,"_monsterinsights_sitenote_active":false,"_monsterinsights_sitenote_note":"","_monsterinsights_sitenote_category":0,"footnotes":""},"class_list":["post-329","page","type-page","status-publish","has-post-thumbnail","hentry"],"aioseo_notices":[],"yoast_head":"<!-- This site is optimized with the Yoast SEO plugin v26.7 - https:\/\/yoast.com\/wordpress\/plugins\/seo\/ -->\n<title>Rekabet Hukuku - Ova Avukatl\u0131k B\u00fcrosu<\/title>\n<meta name=\"robots\" content=\"index, follow, max-snippet:-1, max-image-preview:large, max-video-preview:-1\" \/>\n<link rel=\"canonical\" href=\"https:\/\/ovahukuk.com\/en\/rekabet-hukuku\/\" \/>\n<meta property=\"og:locale\" content=\"en_US\" \/>\n<meta property=\"og:type\" content=\"article\" \/>\n<meta property=\"og:title\" content=\"Rekabet Hukuku - Ova Avukatl\u0131k B\u00fcrosu\" \/>\n<meta property=\"og:description\" content=\"Rekabet Hukuku Rekabet hukukunun amac\u0131 mal ve hizmet piyasalar\u0131ndaki rekabeti engelleyici, bozucu veya k\u0131s\u0131tlay\u0131c\u0131 anla\u015fma, karar ve uygulamalar\u0131 ve piyasaya h\u00e2kim olan te\u015febb\u00fcslerin bu h\u00e2kimiyetlerini k\u00f6t\u00fcye kullanmalar\u0131n\u0131 \u00f6nlemek, bunun i\u00e7in gerekli d\u00fczenleme ve denetlemeleri yaparak rekabetin korunmas\u0131n\u0131 sa\u011flamakt\u0131r. Bu kapsamda b\u00fcromuz yerli ve yabanc\u0131 ger\u00e7ek veyahut t\u00fczel ki\u015filere yapacaklar\u0131 anla\u015fmalar\u0131n, [&hellip;]\" \/>\n<meta property=\"og:url\" content=\"https:\/\/ovahukuk.com\/en\/rekabet-hukuku\/\" \/>\n<meta property=\"og:site_name\" content=\"Ova Avukatl\u0131k B\u00fcrosu\" \/>\n<meta property=\"article:modified_time\" content=\"2021-09-15T22:04:38+00:00\" \/>\n<meta property=\"og:image\" content=\"https:\/\/ovahukuk.com\/wp-content\/uploads\/2021\/08\/bg_2.jpg\" \/>\n\t<meta property=\"og:image:width\" content=\"2000\" \/>\n\t<meta property=\"og:image:height\" content=\"1030\" \/>\n\t<meta property=\"og:image:type\" content=\"image\/jpeg\" \/>\n<meta name=\"twitter:card\" content=\"summary_large_image\" \/>\n<meta name=\"twitter:label1\" content=\"Est. reading time\" \/>\n\t<meta name=\"twitter:data1\" content=\"1 minute\" \/>\n<script type=\"application\/ld+json\" class=\"yoast-schema-graph\">{\"@context\":\"https:\/\/schema.org\",\"@graph\":[{\"@type\":\"WebPage\",\"@id\":\"https:\/\/ovahukuk.com\/rekabet-hukuku\/\",\"url\":\"https:\/\/ovahukuk.com\/rekabet-hukuku\/\",\"name\":\"Rekabet Hukuku - Ova Avukatl\u0131k B\u00fcrosu\",\"isPartOf\":{\"@id\":\"https:\/\/ovahukuk.com\/#website\"},\"primaryImageOfPage\":{\"@id\":\"https:\/\/ovahukuk.com\/rekabet-hukuku\/#primaryimage\"},\"image\":{\"@id\":\"https:\/\/ovahukuk.com\/rekabet-hukuku\/#primaryimage\"},\"thumbnailUrl\":\"https:\/\/ovahukuk.com\/wp-content\/uploads\/2021\/08\/bg_2.jpg\",\"datePublished\":\"2021-08-05T08:55:23+00:00\",\"dateModified\":\"2021-09-15T22:04:38+00:00\",\"breadcrumb\":{\"@id\":\"https:\/\/ovahukuk.com\/rekabet-hukuku\/#breadcrumb\"},\"inLanguage\":\"en-US\",\"potentialAction\":[{\"@type\":\"ReadAction\",\"target\":[\"https:\/\/ovahukuk.com\/rekabet-hukuku\/\"]}]},{\"@type\":\"ImageObject\",\"inLanguage\":\"en-US\",\"@id\":\"https:\/\/ovahukuk.com\/rekabet-hukuku\/#primaryimage\",\"url\":\"https:\/\/ovahukuk.com\/wp-content\/uploads\/2021\/08\/bg_2.jpg\",\"contentUrl\":\"https:\/\/ovahukuk.com\/wp-content\/uploads\/2021\/08\/bg_2.jpg\",\"width\":2000,\"height\":1030},{\"@type\":\"BreadcrumbList\",\"@id\":\"https:\/\/ovahukuk.com\/rekabet-hukuku\/#breadcrumb\",\"itemListElement\":[{\"@type\":\"ListItem\",\"position\":1,\"name\":\"Anasayfa\",\"item\":\"https:\/\/ovahukuk.com\/\"},{\"@type\":\"ListItem\",\"position\":2,\"name\":\"Rekabet Hukuku\"}]},{\"@type\":\"WebSite\",\"@id\":\"https:\/\/ovahukuk.com\/#website\",\"url\":\"https:\/\/ovahukuk.com\/\",\"name\":\"Ova Hukuk\",\"description\":\"Hukuk | Dan\u0131\u015fmanl\u0131k\",\"publisher\":{\"@id\":\"https:\/\/ovahukuk.com\/#organization\"},\"potentialAction\":[{\"@type\":\"SearchAction\",\"target\":{\"@type\":\"EntryPoint\",\"urlTemplate\":\"https:\/\/ovahukuk.com\/?s={search_term_string}\"},\"query-input\":{\"@type\":\"PropertyValueSpecification\",\"valueRequired\":true,\"valueName\":\"search_term_string\"}}],\"inLanguage\":\"en-US\"},{\"@type\":\"Organization\",\"@id\":\"https:\/\/ovahukuk.com\/#organization\",\"name\":\"Ova Avukatl\u0131k B\u00fcrosu\",\"url\":\"https:\/\/ovahukuk.com\/\",\"logo\":{\"@type\":\"ImageObject\",\"inLanguage\":\"en-US\",\"@id\":\"https:\/\/ovahukuk.com\/#\/schema\/logo\/image\/\",\"url\":\"https:\/\/ovahukuk.com\/wp-content\/uploads\/2021\/08\/logo2-1.png\",\"contentUrl\":\"https:\/\/ovahukuk.com\/wp-content\/uploads\/2021\/08\/logo2-1.png\",\"width\":268,\"height\":265,\"caption\":\"Ova Avukatl\u0131k B\u00fcrosu\"},\"image\":{\"@id\":\"https:\/\/ovahukuk.com\/#\/schema\/logo\/image\/\"}}]}<\/script>\n<!-- \/ Yoast SEO plugin. -->","yoast_head_json":{"title":"Rekabet Hukuku - Ova Avukatl\u0131k B\u00fcrosu","robots":{"index":"index","follow":"follow","max-snippet":"max-snippet:-1","max-image-preview":"max-image-preview:large","max-video-preview":"max-video-preview:-1"},"canonical":"https:\/\/ovahukuk.com\/en\/rekabet-hukuku\/","og_locale":"en_US","og_type":"article","og_title":"Rekabet Hukuku - Ova Avukatl\u0131k B\u00fcrosu","og_description":"Rekabet Hukuku Rekabet hukukunun amac\u0131 mal ve hizmet piyasalar\u0131ndaki rekabeti engelleyici, bozucu veya k\u0131s\u0131tlay\u0131c\u0131 anla\u015fma, karar ve uygulamalar\u0131 ve piyasaya h\u00e2kim olan te\u015febb\u00fcslerin bu h\u00e2kimiyetlerini k\u00f6t\u00fcye kullanmalar\u0131n\u0131 \u00f6nlemek, bunun i\u00e7in gerekli d\u00fczenleme ve denetlemeleri yaparak rekabetin korunmas\u0131n\u0131 sa\u011flamakt\u0131r. Bu kapsamda b\u00fcromuz yerli ve yabanc\u0131 ger\u00e7ek veyahut t\u00fczel ki\u015filere yapacaklar\u0131 anla\u015fmalar\u0131n, [&hellip;]","og_url":"https:\/\/ovahukuk.com\/en\/rekabet-hukuku\/","og_site_name":"Ova Avukatl\u0131k B\u00fcrosu","article_modified_time":"2021-09-15T22:04:38+00:00","og_image":[{"width":2000,"height":1030,"url":"https:\/\/ovahukuk.com\/wp-content\/uploads\/2021\/08\/bg_2.jpg","type":"image\/jpeg"}],"twitter_card":"summary_large_image","twitter_misc":{"Est. reading time":"1 minute"},"schema":{"@context":"https:\/\/schema.org","@graph":[{"@type":"WebPage","@id":"https:\/\/ovahukuk.com\/rekabet-hukuku\/","url":"https:\/\/ovahukuk.com\/rekabet-hukuku\/","name":"Rekabet Hukuku - Ova Avukatl\u0131k B\u00fcrosu","isPartOf":{"@id":"https:\/\/ovahukuk.com\/#website"},"primaryImageOfPage":{"@id":"https:\/\/ovahukuk.com\/rekabet-hukuku\/#primaryimage"},"image":{"@id":"https:\/\/ovahukuk.com\/rekabet-hukuku\/#primaryimage"},"thumbnailUrl":"https:\/\/ovahukuk.com\/wp-content\/uploads\/2021\/08\/bg_2.jpg","datePublished":"2021-08-05T08:55:23+00:00","dateModified":"2021-09-15T22:04:38+00:00","breadcrumb":{"@id":"https:\/\/ovahukuk.com\/rekabet-hukuku\/#breadcrumb"},"inLanguage":"en-US","potentialAction":[{"@type":"ReadAction","target":["https:\/\/ovahukuk.com\/rekabet-hukuku\/"]}]},{"@type":"ImageObject","inLanguage":"en-US","@id":"https:\/\/ovahukuk.com\/rekabet-hukuku\/#primaryimage","url":"https:\/\/ovahukuk.com\/wp-content\/uploads\/2021\/08\/bg_2.jpg","contentUrl":"https:\/\/ovahukuk.com\/wp-content\/uploads\/2021\/08\/bg_2.jpg","width":2000,"height":1030},{"@type":"BreadcrumbList","@id":"https:\/\/ovahukuk.com\/rekabet-hukuku\/#breadcrumb","itemListElement":[{"@type":"ListItem","position":1,"name":"Anasayfa","item":"https:\/\/ovahukuk.com\/"},{"@type":"ListItem","position":2,"name":"Rekabet Hukuku"}]},{"@type":"WebSite","@id":"https:\/\/ovahukuk.com\/#website","url":"https:\/\/ovahukuk.com\/","name":"Ova Hukuk","description":"Hukuk | Dan\u0131\u015fmanl\u0131k","publisher":{"@id":"https:\/\/ovahukuk.com\/#organization"},"potentialAction":[{"@type":"SearchAction","target":{"@type":"EntryPoint","urlTemplate":"https:\/\/ovahukuk.com\/?s={search_term_string}"},"query-input":{"@type":"PropertyValueSpecification","valueRequired":true,"valueName":"search_term_string"}}],"inLanguage":"en-US"},{"@type":"Organization","@id":"https:\/\/ovahukuk.com\/#organization","name":"Ova Avukatl\u0131k B\u00fcrosu","url":"https:\/\/ovahukuk.com\/","logo":{"@type":"ImageObject","inLanguage":"en-US","@id":"https:\/\/ovahukuk.com\/#\/schema\/logo\/image\/","url":"https:\/\/ovahukuk.com\/wp-content\/uploads\/2021\/08\/logo2-1.png","contentUrl":"https:\/\/ovahukuk.com\/wp-content\/uploads\/2021\/08\/logo2-1.png","width":268,"height":265,"caption":"Ova Avukatl\u0131k B\u00fcrosu"},"image":{"@id":"https:\/\/ovahukuk.com\/#\/schema\/logo\/image\/"}}]}},"_links":{"self":[{"href":"https:\/\/ovahukuk.com\/en\/wp-json\/wp\/v2\/pages\/329","targetHints":{"allow":["GET"]}}],"collection":[{"href":"https:\/\/ovahukuk.com\/en\/wp-json\/wp\/v2\/pages"}],"about":[{"href":"https:\/\/ovahukuk.com\/en\/wp-json\/wp\/v2\/types\/page"}],"author":[{"embeddable":true,"href":"https:\/\/ovahukuk.com\/en\/wp-json\/wp\/v2\/users\/1"}],"replies":[{"embeddable":true,"href":"https:\/\/ovahukuk.com\/en\/wp-json\/wp\/v2\/comments?post=329"}],"version-history":[{"count":3,"href":"https:\/\/ovahukuk.com\/en\/wp-json\/wp\/v2\/pages\/329\/revisions"}],"predecessor-version":[{"id":560,"href":"https:\/\/ovahukuk.com\/en\/wp-json\/wp\/v2\/pages\/329\/revisions\/560"}],"wp:featuredmedia":[{"embeddable":true,"href":"https:\/\/ovahukuk.com\/en\/wp-json\/wp\/v2\/media\/49"}],"wp:attachment":[{"href":"https:\/\/ovahukuk.com\/en\/wp-json\/wp\/v2\/media?parent=329"}],"curies":[{"name":"wp","href":"https:\/\/api.w.org\/{rel}","templated":true}]}}