{"id":334,"date":"2021-08-05T08:56:28","date_gmt":"2021-08-05T05:56:28","guid":{"rendered":"https:\/\/ovahukuk.com\/?page_id=334"},"modified":"2023-10-10T22:31:22","modified_gmt":"2023-10-10T19:31:22","slug":"tazminat-hukuku","status":"publish","type":"page","link":"https:\/\/ovahukuk.com\/en\/tazminat-hukuku\/","title":{"rendered":"Tazminat Hukuku"},"content":{"rendered":"<!DOCTYPE html PUBLIC \"-\/\/W3C\/\/DTD HTML 4.0 Transitional\/\/EN\" \"http:\/\/www.w3.org\/TR\/REC-html40\/loose.dtd\">\n<html><body><h1 class=\"wp-block-heading\">Tenzimat Hukuku<\/h1>\n\n\n\n<p style=\"font-size:18px\">OVA Avukatl\u0131k B\u00fcrosu, ger\u00e7ek ki\u015finin veya t\u00fczel ki\u015fili\u011fin malvarl\u0131\u011f\u0131nda r\u0131zas\u0131 d\u0131\u015f\u0131nda meydana gelen eksilme sonucu u\u011frad\u0131\u011f\u0131 her t\u00fcrl\u00fc zarar\u0131n (\u00f6l\u00fcm, sakatlanma, organ kayb\u0131, yaralanma, i\u015f g\u00fcc\u00fc kayb\u0131 ve kaza sonras\u0131 ara\u00e7ta meydana gelen de\u011fer kayb\u0131 gibi) tazminat yoluyla giderilmesi i\u00e7in etkin ve h\u0131zl\u0131 avukatl\u0131k hizmeti vermektedir. Ki\u015filerin kar\u015f\u0131lanacak zararlar\u0131 maddi zarar olabilece\u011fi gibi manevi zarar \u015feklinde de olabilir. Maddi ve manevi tazminat davalar\u0131; trafik kazalar\u0131, s\u00f6zle\u015fme, haks\u0131z fiil, eser s\u00f6zle\u015fmeleri, hakaret, iftira ve ceza hukukuna da konu olabilecek durumlardan kaynaklanabilir. \u00d6rne\u011fin; Trafik kazalar\u0131 sonucunda meydana gelen zarar\u0131n tespiti ve tazmini i\u00e7in sigorta \u015firketlerine, Sosyal G\u00fcvenlik Kurumuna ve kazan\u0131n meydana gelmesinde kusuru olan ki\u015fi ve kurulu\u015flara gerekli m\u00fcracaatlar yap\u0131lmakta, ard\u0131ndan zarar\u0131n tazmini i\u00e7in tazminat davalar\u0131 a\u00e7\u0131lmaktad\u0131r. Maddi ve manevi zararlar\u0131n kar\u015f\u0131lanmas\u0131 a\u00e7\u0131s\u0131ndan tazminat davalar\u0131 b\u00fcromuz taraf\u0131ndan \u00f6zenle takip edilmekte olup ba\u015fl\u0131ca hizmetlerimiz \u015funlard\u0131r;<\/p>\n\n\n\n<ul class=\"wp-block-list\" style=\"font-size:18px\"><li>Trafik ve i\u015f kazalar\u0131 ile her t\u00fcrl\u00fc maddi- manevi tazminat davalar\u0131 ve takibi,<\/li><li>Trafik kazalar\u0131ndan kaynaklanan bak\u0131m ve tedavi giderlerine ili\u015fkin tazminat davalar\u0131,<\/li><li>Trafik kazalar\u0131ndan kaynaklanan destekten yoksun kalma tazminat davalar\u0131,<\/li><li>Sigorta \u015firketlerinin T\u00fcrk Ticaret Kanunu \u00e7er\u00e7evesinde her t\u00fcrl\u00fc r\u00fccu davalar\u0131 ve icra takipleri,<\/li><li>S\u00f6zle\u015fmeden kaynaklanan maddi- manevi tazminat davalar\u0131 ve takibi,<\/li><li>Haks\u0131z fiilden kaynaklanan maddi- manevi tazminat davalar\u0131 ve takibi,<\/li><li>Resm\u00ee kurumlara a\u00e7\u0131lacak maddi manevi tazminat davalar\u0131 ve takibi,<\/li><li>Hakaret, iftira ve ceza hukukuna da konu olabilecek durumlardan kaynaklanan maddi- manevi tazminat davalar\u0131 ve takibi,<\/li><\/ul>\n\n\n\n<div style=\"height:100px\" aria-hidden=\"true\" class=\"wp-block-spacer\"><\/div>\n<\/body><\/html>","protected":false},"excerpt":{"rendered":"<p>Tenzimat Hukuku OVA Avukatl\u0131k B\u00fcrosu, ger\u00e7ek ki\u015finin veya t\u00fczel ki\u015fili\u011fin malvarl\u0131\u011f\u0131nda r\u0131zas\u0131 d\u0131\u015f\u0131nda meydana gelen eksilme sonucu u\u011frad\u0131\u011f\u0131 her t\u00fcrl\u00fc zarar\u0131n (\u00f6l\u00fcm, sakatlanma, organ kayb\u0131, yaralanma, i\u015f g\u00fcc\u00fc kayb\u0131 ve kaza sonras\u0131 ara\u00e7ta meydana gelen de\u011fer kayb\u0131 gibi) tazminat yoluyla giderilmesi i\u00e7in etkin ve h\u0131zl\u0131 avukatl\u0131k hizmeti vermektedir. Ki\u015filerin kar\u015f\u0131lanacak [&hellip;]<\/p>","protected":false},"author":1,"featured_media":49,"parent":0,"menu_order":0,"comment_status":"closed","ping_status":"closed","template":"page-templates\/template-fullwidth.php","meta":{"om_disable_all_campaigns":false,"_monsterinsights_skip_tracking":false,"_monsterinsights_sitenote_active":false,"_monsterinsights_sitenote_note":"","_monsterinsights_sitenote_category":0,"footnotes":""},"class_list":["post-334","page","type-page","status-publish","has-post-thumbnail","hentry"],"aioseo_notices":[],"yoast_head":"<!-- This site is optimized with the Yoast SEO plugin v26.7 - https:\/\/yoast.com\/wordpress\/plugins\/seo\/ -->\n<title>Tazminat Hukuku - Ova Avukatl\u0131k B\u00fcrosu<\/title>\n<meta name=\"robots\" content=\"index, follow, max-snippet:-1, max-image-preview:large, max-video-preview:-1\" \/>\n<link rel=\"canonical\" href=\"https:\/\/ovahukuk.com\/en\/tazminat-hukuku\/\" \/>\n<meta property=\"og:locale\" content=\"en_US\" \/>\n<meta property=\"og:type\" content=\"article\" \/>\n<meta property=\"og:title\" content=\"Tazminat Hukuku - Ova Avukatl\u0131k B\u00fcrosu\" \/>\n<meta property=\"og:description\" content=\"Tenzimat Hukuku OVA Avukatl\u0131k B\u00fcrosu, ger\u00e7ek ki\u015finin veya t\u00fczel ki\u015fili\u011fin malvarl\u0131\u011f\u0131nda r\u0131zas\u0131 d\u0131\u015f\u0131nda meydana gelen eksilme sonucu u\u011frad\u0131\u011f\u0131 her t\u00fcrl\u00fc zarar\u0131n (\u00f6l\u00fcm, sakatlanma, organ kayb\u0131, yaralanma, i\u015f g\u00fcc\u00fc kayb\u0131 ve kaza sonras\u0131 ara\u00e7ta meydana gelen de\u011fer kayb\u0131 gibi) tazminat yoluyla giderilmesi i\u00e7in etkin ve h\u0131zl\u0131 avukatl\u0131k hizmeti vermektedir. Ki\u015filerin kar\u015f\u0131lanacak [&hellip;]\" \/>\n<meta property=\"og:url\" content=\"https:\/\/ovahukuk.com\/en\/tazminat-hukuku\/\" \/>\n<meta property=\"og:site_name\" content=\"Ova Avukatl\u0131k B\u00fcrosu\" \/>\n<meta property=\"article:modified_time\" content=\"2023-10-10T19:31:22+00:00\" \/>\n<meta property=\"og:image\" content=\"https:\/\/ovahukuk.com\/wp-content\/uploads\/2021\/08\/bg_2.jpg\" \/>\n\t<meta property=\"og:image:width\" content=\"2000\" \/>\n\t<meta property=\"og:image:height\" content=\"1030\" \/>\n\t<meta property=\"og:image:type\" content=\"image\/jpeg\" \/>\n<meta name=\"twitter:card\" content=\"summary_large_image\" \/>\n<meta name=\"twitter:label1\" content=\"Est. reading time\" \/>\n\t<meta name=\"twitter:data1\" content=\"1 minute\" \/>\n<script type=\"application\/ld+json\" class=\"yoast-schema-graph\">{\"@context\":\"https:\/\/schema.org\",\"@graph\":[{\"@type\":\"WebPage\",\"@id\":\"https:\/\/ovahukuk.com\/tazminat-hukuku\/\",\"url\":\"https:\/\/ovahukuk.com\/tazminat-hukuku\/\",\"name\":\"Tazminat Hukuku - Ova Avukatl\u0131k B\u00fcrosu\",\"isPartOf\":{\"@id\":\"https:\/\/ovahukuk.com\/#website\"},\"primaryImageOfPage\":{\"@id\":\"https:\/\/ovahukuk.com\/tazminat-hukuku\/#primaryimage\"},\"image\":{\"@id\":\"https:\/\/ovahukuk.com\/tazminat-hukuku\/#primaryimage\"},\"thumbnailUrl\":\"https:\/\/ovahukuk.com\/wp-content\/uploads\/2021\/08\/bg_2.jpg\",\"datePublished\":\"2021-08-05T05:56:28+00:00\",\"dateModified\":\"2023-10-10T19:31:22+00:00\",\"breadcrumb\":{\"@id\":\"https:\/\/ovahukuk.com\/tazminat-hukuku\/#breadcrumb\"},\"inLanguage\":\"en-US\",\"potentialAction\":[{\"@type\":\"ReadAction\",\"target\":[\"https:\/\/ovahukuk.com\/tazminat-hukuku\/\"]}]},{\"@type\":\"ImageObject\",\"inLanguage\":\"en-US\",\"@id\":\"https:\/\/ovahukuk.com\/tazminat-hukuku\/#primaryimage\",\"url\":\"https:\/\/ovahukuk.com\/wp-content\/uploads\/2021\/08\/bg_2.jpg\",\"contentUrl\":\"https:\/\/ovahukuk.com\/wp-content\/uploads\/2021\/08\/bg_2.jpg\",\"width\":2000,\"height\":1030},{\"@type\":\"BreadcrumbList\",\"@id\":\"https:\/\/ovahukuk.com\/tazminat-hukuku\/#breadcrumb\",\"itemListElement\":[{\"@type\":\"ListItem\",\"position\":1,\"name\":\"Anasayfa\",\"item\":\"https:\/\/ovahukuk.com\/\"},{\"@type\":\"ListItem\",\"position\":2,\"name\":\"Tazminat Hukuku\"}]},{\"@type\":\"WebSite\",\"@id\":\"https:\/\/ovahukuk.com\/#website\",\"url\":\"https:\/\/ovahukuk.com\/\",\"name\":\"Ova Hukuk\",\"description\":\"Hukuk | Dan\u0131\u015fmanl\u0131k\",\"publisher\":{\"@id\":\"https:\/\/ovahukuk.com\/#organization\"},\"potentialAction\":[{\"@type\":\"SearchAction\",\"target\":{\"@type\":\"EntryPoint\",\"urlTemplate\":\"https:\/\/ovahukuk.com\/?s={search_term_string}\"},\"query-input\":{\"@type\":\"PropertyValueSpecification\",\"valueRequired\":true,\"valueName\":\"search_term_string\"}}],\"inLanguage\":\"en-US\"},{\"@type\":\"Organization\",\"@id\":\"https:\/\/ovahukuk.com\/#organization\",\"name\":\"Ova Avukatl\u0131k B\u00fcrosu\",\"url\":\"https:\/\/ovahukuk.com\/\",\"logo\":{\"@type\":\"ImageObject\",\"inLanguage\":\"en-US\",\"@id\":\"https:\/\/ovahukuk.com\/#\/schema\/logo\/image\/\",\"url\":\"https:\/\/ovahukuk.com\/wp-content\/uploads\/2021\/08\/logo2-1.png\",\"contentUrl\":\"https:\/\/ovahukuk.com\/wp-content\/uploads\/2021\/08\/logo2-1.png\",\"width\":268,\"height\":265,\"caption\":\"Ova Avukatl\u0131k B\u00fcrosu\"},\"image\":{\"@id\":\"https:\/\/ovahukuk.com\/#\/schema\/logo\/image\/\"}}]}<\/script>\n<!-- \/ Yoast SEO plugin. -->","yoast_head_json":{"title":"Tazminat Hukuku - Ova Avukatl\u0131k B\u00fcrosu","robots":{"index":"index","follow":"follow","max-snippet":"max-snippet:-1","max-image-preview":"max-image-preview:large","max-video-preview":"max-video-preview:-1"},"canonical":"https:\/\/ovahukuk.com\/en\/tazminat-hukuku\/","og_locale":"en_US","og_type":"article","og_title":"Tazminat Hukuku - Ova Avukatl\u0131k B\u00fcrosu","og_description":"Tenzimat Hukuku OVA Avukatl\u0131k B\u00fcrosu, ger\u00e7ek ki\u015finin veya t\u00fczel ki\u015fili\u011fin malvarl\u0131\u011f\u0131nda r\u0131zas\u0131 d\u0131\u015f\u0131nda meydana gelen eksilme sonucu u\u011frad\u0131\u011f\u0131 her t\u00fcrl\u00fc zarar\u0131n (\u00f6l\u00fcm, sakatlanma, organ kayb\u0131, yaralanma, i\u015f g\u00fcc\u00fc kayb\u0131 ve kaza sonras\u0131 ara\u00e7ta meydana gelen de\u011fer kayb\u0131 gibi) tazminat yoluyla giderilmesi i\u00e7in etkin ve h\u0131zl\u0131 avukatl\u0131k hizmeti vermektedir. Ki\u015filerin kar\u015f\u0131lanacak [&hellip;]","og_url":"https:\/\/ovahukuk.com\/en\/tazminat-hukuku\/","og_site_name":"Ova Avukatl\u0131k B\u00fcrosu","article_modified_time":"2023-10-10T19:31:22+00:00","og_image":[{"width":2000,"height":1030,"url":"https:\/\/ovahukuk.com\/wp-content\/uploads\/2021\/08\/bg_2.jpg","type":"image\/jpeg"}],"twitter_card":"summary_large_image","twitter_misc":{"Est. reading time":"1 minute"},"schema":{"@context":"https:\/\/schema.org","@graph":[{"@type":"WebPage","@id":"https:\/\/ovahukuk.com\/tazminat-hukuku\/","url":"https:\/\/ovahukuk.com\/tazminat-hukuku\/","name":"Tazminat Hukuku - Ova Avukatl\u0131k B\u00fcrosu","isPartOf":{"@id":"https:\/\/ovahukuk.com\/#website"},"primaryImageOfPage":{"@id":"https:\/\/ovahukuk.com\/tazminat-hukuku\/#primaryimage"},"image":{"@id":"https:\/\/ovahukuk.com\/tazminat-hukuku\/#primaryimage"},"thumbnailUrl":"https:\/\/ovahukuk.com\/wp-content\/uploads\/2021\/08\/bg_2.jpg","datePublished":"2021-08-05T05:56:28+00:00","dateModified":"2023-10-10T19:31:22+00:00","breadcrumb":{"@id":"https:\/\/ovahukuk.com\/tazminat-hukuku\/#breadcrumb"},"inLanguage":"en-US","potentialAction":[{"@type":"ReadAction","target":["https:\/\/ovahukuk.com\/tazminat-hukuku\/"]}]},{"@type":"ImageObject","inLanguage":"en-US","@id":"https:\/\/ovahukuk.com\/tazminat-hukuku\/#primaryimage","url":"https:\/\/ovahukuk.com\/wp-content\/uploads\/2021\/08\/bg_2.jpg","contentUrl":"https:\/\/ovahukuk.com\/wp-content\/uploads\/2021\/08\/bg_2.jpg","width":2000,"height":1030},{"@type":"BreadcrumbList","@id":"https:\/\/ovahukuk.com\/tazminat-hukuku\/#breadcrumb","itemListElement":[{"@type":"ListItem","position":1,"name":"Anasayfa","item":"https:\/\/ovahukuk.com\/"},{"@type":"ListItem","position":2,"name":"Tazminat Hukuku"}]},{"@type":"WebSite","@id":"https:\/\/ovahukuk.com\/#website","url":"https:\/\/ovahukuk.com\/","name":"Ova Hukuk","description":"Hukuk | Dan\u0131\u015fmanl\u0131k","publisher":{"@id":"https:\/\/ovahukuk.com\/#organization"},"potentialAction":[{"@type":"SearchAction","target":{"@type":"EntryPoint","urlTemplate":"https:\/\/ovahukuk.com\/?s={search_term_string}"},"query-input":{"@type":"PropertyValueSpecification","valueRequired":true,"valueName":"search_term_string"}}],"inLanguage":"en-US"},{"@type":"Organization","@id":"https:\/\/ovahukuk.com\/#organization","name":"Ova Avukatl\u0131k B\u00fcrosu","url":"https:\/\/ovahukuk.com\/","logo":{"@type":"ImageObject","inLanguage":"en-US","@id":"https:\/\/ovahukuk.com\/#\/schema\/logo\/image\/","url":"https:\/\/ovahukuk.com\/wp-content\/uploads\/2021\/08\/logo2-1.png","contentUrl":"https:\/\/ovahukuk.com\/wp-content\/uploads\/2021\/08\/logo2-1.png","width":268,"height":265,"caption":"Ova Avukatl\u0131k B\u00fcrosu"},"image":{"@id":"https:\/\/ovahukuk.com\/#\/schema\/logo\/image\/"}}]}},"_links":{"self":[{"href":"https:\/\/ovahukuk.com\/en\/wp-json\/wp\/v2\/pages\/334","targetHints":{"allow":["GET"]}}],"collection":[{"href":"https:\/\/ovahukuk.com\/en\/wp-json\/wp\/v2\/pages"}],"about":[{"href":"https:\/\/ovahukuk.com\/en\/wp-json\/wp\/v2\/types\/page"}],"author":[{"embeddable":true,"href":"https:\/\/ovahukuk.com\/en\/wp-json\/wp\/v2\/users\/1"}],"replies":[{"embeddable":true,"href":"https:\/\/ovahukuk.com\/en\/wp-json\/wp\/v2\/comments?post=334"}],"version-history":[{"count":3,"href":"https:\/\/ovahukuk.com\/en\/wp-json\/wp\/v2\/pages\/334\/revisions"}],"predecessor-version":[{"id":998,"href":"https:\/\/ovahukuk.com\/en\/wp-json\/wp\/v2\/pages\/334\/revisions\/998"}],"wp:featuredmedia":[{"embeddable":true,"href":"https:\/\/ovahukuk.com\/en\/wp-json\/wp\/v2\/media\/49"}],"wp:attachment":[{"href":"https:\/\/ovahukuk.com\/en\/wp-json\/wp\/v2\/media?parent=334"}],"curies":[{"name":"wp","href":"https:\/\/api.w.org\/{rel}","templated":true}]}}