{"id":335,"date":"2021-08-05T08:58:27","date_gmt":"2021-08-05T08:58:27","guid":{"rendered":"https:\/\/ovahukuk.com\/?page_id=335"},"modified":"2021-09-15T21:51:28","modified_gmt":"2021-09-15T21:51:28","slug":"icra-ve-iflas-hukuku","status":"publish","type":"page","link":"https:\/\/ovahukuk.com\/en\/icra-ve-iflas-hukuku\/","title":{"rendered":"\u0130cra ve \u0130flas Hukuku"},"content":{"rendered":"<!DOCTYPE html PUBLIC \"-\/\/W3C\/\/DTD HTML 4.0 Transitional\/\/EN\" \"http:\/\/www.w3.org\/TR\/REC-html40\/loose.dtd\">\n<html><body><h1 class=\"wp-block-heading\">\u0130cra ve \u0130flas Hukuku<\/h1>\n\n\n\n<p style=\"font-size:18px\">Ticari ve g\u00fcndelik hayatta mevcut alacaklar\u0131n tahsil edilememesi neticesinde hukuksal m\u00fcesseselere ba\u015fvurulmas\u0131n\u0131n olduk\u00e7a yayg\u0131n oldu\u011fu g\u00fcn\u00fcm\u00fczde; icra takiplerinin ger\u00e7ekle\u015ftirilmesi, takipler neticesinde tahsilat yap\u0131lmas\u0131, haks\u0131z yere yap\u0131lan icra takiplerinin \u00f6n\u00fcne ge\u00e7ilmesi, bu alanlarda \u00e7\u0131kan ihtilaflara dair davalar\u0131n takibi, \u015firketlerin alacak ve ekonomik zorlu\u011fa d\u00fc\u015ferek konkordato ve iflasa ba\u015fvurmas\u0131 halinde hukuki destek sa\u011flanmas\u0131 ve benzeri alanlarda, m\u00fcvekkillere dan\u0131\u015fmanl\u0131k ve hukuki yard\u0131m hizmeti sunulmaktad\u0131r. Bu kapsamda, etkin ara\u015ft\u0131rma ve etkili s\u00fcre\u00e7 takibi ile m\u00fcvekkillerin alacaklar\u0131 en h\u0131zl\u0131 \u015fekilde tahsil edilmektedir. \u0130cra \u0130flas Hukuku alan\u0131nda verilen hizmetlerimiz;<\/p>\n\n\n\n<p><\/p>\n\n\n\n<ul class=\"wp-block-list\" style=\"font-size:18px\"><li>\u0130cra dairelerinde her t\u00fcrl\u00fc ilaml\u0131 ve ilams\u0131z alacak takibi, ihtiyati haciz, haciz ve muhafaza i\u015flemleri,<\/li><li>\u0130tiraz ve tespit davalar\u0131,<\/li><li>\u0130tiraz\u0131n iptali, menfi tespit, iflas ve konkordato i\u015flemleri ve dava vekilli\u011fi,<\/li><li>Rehin ve ipote\u011fin paraya \u00e7evrilmesine y\u00f6nelik icra ve iflas takipleri,<\/li><li>Haciz i\u015flemleri nedeniyle iptal, \u015fik\u00e2yet, istihkak, istirdat ve tazminat talepleri,<\/li><li>Kar\u015f\u0131l\u0131ks\u0131z \u00e7ek davalar\u0131n\u0131n a\u00e7\u0131lmas\u0131 ve takibi,<\/li><li>\u0130flas\u0131n ertelenmesi davalar\u0131 ve takibi,<\/li><li>\u0130flas hukuku i\u015flemleri,<\/li><li>Yedieminli\u011fi suiistimal davalar\u0131n\u0131n a\u00e7\u0131lmas\u0131,<\/li><\/ul>\n\n\n\n<div style=\"height:100px\" aria-hidden=\"true\" class=\"wp-block-spacer\"><\/div>\n\n\n\n<p><\/p>\n<\/body><\/html>","protected":false},"excerpt":{"rendered":"<p>\u0130cra ve \u0130flas Hukuku Ticari ve g\u00fcndelik hayatta mevcut alacaklar\u0131n tahsil edilememesi neticesinde hukuksal m\u00fcesseselere ba\u015fvurulmas\u0131n\u0131n olduk\u00e7a yayg\u0131n oldu\u011fu g\u00fcn\u00fcm\u00fczde; icra takiplerinin ger\u00e7ekle\u015ftirilmesi, takipler neticesinde tahsilat yap\u0131lmas\u0131, haks\u0131z yere yap\u0131lan icra takiplerinin \u00f6n\u00fcne ge\u00e7ilmesi, bu alanlarda \u00e7\u0131kan ihtilaflara dair davalar\u0131n takibi, \u015firketlerin alacak ve ekonomik zorlu\u011fa d\u00fc\u015ferek konkordato ve iflasa [&hellip;]<\/p>","protected":false},"author":1,"featured_media":49,"parent":0,"menu_order":0,"comment_status":"closed","ping_status":"closed","template":"page-templates\/template-fullwidth.php","meta":{"om_disable_all_campaigns":false,"_monsterinsights_skip_tracking":false,"_monsterinsights_sitenote_active":false,"_monsterinsights_sitenote_note":"","_monsterinsights_sitenote_category":0,"footnotes":""},"class_list":["post-335","page","type-page","status-publish","has-post-thumbnail","hentry"],"aioseo_notices":[],"yoast_head":"<!-- This site is optimized with the Yoast SEO plugin v26.7 - https:\/\/yoast.com\/wordpress\/plugins\/seo\/ -->\n<title>\u0130cra ve \u0130flas Hukuku - Ova Avukatl\u0131k B\u00fcrosu<\/title>\n<meta name=\"robots\" content=\"index, follow, max-snippet:-1, max-image-preview:large, max-video-preview:-1\" \/>\n<link rel=\"canonical\" href=\"https:\/\/ovahukuk.com\/en\/icra-ve-iflas-hukuku\/\" \/>\n<meta property=\"og:locale\" content=\"en_US\" \/>\n<meta property=\"og:type\" content=\"article\" \/>\n<meta property=\"og:title\" content=\"\u0130cra ve \u0130flas Hukuku - Ova Avukatl\u0131k B\u00fcrosu\" \/>\n<meta property=\"og:description\" content=\"\u0130cra ve \u0130flas Hukuku Ticari ve g\u00fcndelik hayatta mevcut alacaklar\u0131n tahsil edilememesi neticesinde hukuksal m\u00fcesseselere ba\u015fvurulmas\u0131n\u0131n olduk\u00e7a yayg\u0131n oldu\u011fu g\u00fcn\u00fcm\u00fczde; icra takiplerinin ger\u00e7ekle\u015ftirilmesi, takipler neticesinde tahsilat yap\u0131lmas\u0131, haks\u0131z yere yap\u0131lan icra takiplerinin \u00f6n\u00fcne ge\u00e7ilmesi, bu alanlarda \u00e7\u0131kan ihtilaflara dair davalar\u0131n takibi, \u015firketlerin alacak ve ekonomik zorlu\u011fa d\u00fc\u015ferek konkordato ve iflasa [&hellip;]\" \/>\n<meta property=\"og:url\" content=\"https:\/\/ovahukuk.com\/en\/icra-ve-iflas-hukuku\/\" \/>\n<meta property=\"og:site_name\" content=\"Ova Avukatl\u0131k B\u00fcrosu\" \/>\n<meta property=\"article:modified_time\" content=\"2021-09-15T21:51:28+00:00\" \/>\n<meta property=\"og:image\" content=\"https:\/\/ovahukuk.com\/wp-content\/uploads\/2021\/08\/bg_2.jpg\" \/>\n\t<meta property=\"og:image:width\" content=\"2000\" \/>\n\t<meta property=\"og:image:height\" content=\"1030\" \/>\n\t<meta property=\"og:image:type\" content=\"image\/jpeg\" \/>\n<meta name=\"twitter:card\" content=\"summary_large_image\" \/>\n<meta name=\"twitter:label1\" content=\"Est. reading time\" \/>\n\t<meta name=\"twitter:data1\" content=\"1 minute\" \/>\n<script type=\"application\/ld+json\" class=\"yoast-schema-graph\">{\"@context\":\"https:\/\/schema.org\",\"@graph\":[{\"@type\":\"WebPage\",\"@id\":\"https:\/\/ovahukuk.com\/en\/icra-ve-iflas-hukuku\/\",\"url\":\"https:\/\/ovahukuk.com\/en\/icra-ve-iflas-hukuku\/\",\"name\":\"\u0130cra ve \u0130flas Hukuku - Ova Avukatl\u0131k B\u00fcrosu\",\"isPartOf\":{\"@id\":\"https:\/\/ovahukuk.com\/#website\"},\"primaryImageOfPage\":{\"@id\":\"https:\/\/ovahukuk.com\/en\/icra-ve-iflas-hukuku\/#primaryimage\"},\"image\":{\"@id\":\"https:\/\/ovahukuk.com\/en\/icra-ve-iflas-hukuku\/#primaryimage\"},\"thumbnailUrl\":\"https:\/\/ovahukuk.com\/wp-content\/uploads\/2021\/08\/bg_2.jpg\",\"datePublished\":\"2021-08-05T08:58:27+00:00\",\"dateModified\":\"2021-09-15T21:51:28+00:00\",\"breadcrumb\":{\"@id\":\"https:\/\/ovahukuk.com\/en\/icra-ve-iflas-hukuku\/#breadcrumb\"},\"inLanguage\":\"en-US\",\"potentialAction\":[{\"@type\":\"ReadAction\",\"target\":[\"https:\/\/ovahukuk.com\/en\/icra-ve-iflas-hukuku\/\"]}]},{\"@type\":\"ImageObject\",\"inLanguage\":\"en-US\",\"@id\":\"https:\/\/ovahukuk.com\/en\/icra-ve-iflas-hukuku\/#primaryimage\",\"url\":\"https:\/\/ovahukuk.com\/wp-content\/uploads\/2021\/08\/bg_2.jpg\",\"contentUrl\":\"https:\/\/ovahukuk.com\/wp-content\/uploads\/2021\/08\/bg_2.jpg\",\"width\":2000,\"height\":1030},{\"@type\":\"BreadcrumbList\",\"@id\":\"https:\/\/ovahukuk.com\/en\/icra-ve-iflas-hukuku\/#breadcrumb\",\"itemListElement\":[{\"@type\":\"ListItem\",\"position\":1,\"name\":\"Anasayfa\",\"item\":\"https:\/\/ovahukuk.com\/\"},{\"@type\":\"ListItem\",\"position\":2,\"name\":\"\u0130cra ve \u0130flas Hukuku\"}]},{\"@type\":\"WebSite\",\"@id\":\"https:\/\/ovahukuk.com\/#website\",\"url\":\"https:\/\/ovahukuk.com\/\",\"name\":\"Ova Hukuk\",\"description\":\"Hukuk | Dan\u0131\u015fmanl\u0131k\",\"publisher\":{\"@id\":\"https:\/\/ovahukuk.com\/#organization\"},\"potentialAction\":[{\"@type\":\"SearchAction\",\"target\":{\"@type\":\"EntryPoint\",\"urlTemplate\":\"https:\/\/ovahukuk.com\/?s={search_term_string}\"},\"query-input\":{\"@type\":\"PropertyValueSpecification\",\"valueRequired\":true,\"valueName\":\"search_term_string\"}}],\"inLanguage\":\"en-US\"},{\"@type\":\"Organization\",\"@id\":\"https:\/\/ovahukuk.com\/#organization\",\"name\":\"Ova Avukatl\u0131k B\u00fcrosu\",\"url\":\"https:\/\/ovahukuk.com\/\",\"logo\":{\"@type\":\"ImageObject\",\"inLanguage\":\"en-US\",\"@id\":\"https:\/\/ovahukuk.com\/#\/schema\/logo\/image\/\",\"url\":\"https:\/\/ovahukuk.com\/wp-content\/uploads\/2021\/08\/logo2-1.png\",\"contentUrl\":\"https:\/\/ovahukuk.com\/wp-content\/uploads\/2021\/08\/logo2-1.png\",\"width\":268,\"height\":265,\"caption\":\"Ova Avukatl\u0131k B\u00fcrosu\"},\"image\":{\"@id\":\"https:\/\/ovahukuk.com\/#\/schema\/logo\/image\/\"}}]}<\/script>\n<!-- \/ Yoast SEO plugin. -->","yoast_head_json":{"title":"\u0130cra ve \u0130flas Hukuku - Ova Avukatl\u0131k B\u00fcrosu","robots":{"index":"index","follow":"follow","max-snippet":"max-snippet:-1","max-image-preview":"max-image-preview:large","max-video-preview":"max-video-preview:-1"},"canonical":"https:\/\/ovahukuk.com\/en\/icra-ve-iflas-hukuku\/","og_locale":"en_US","og_type":"article","og_title":"\u0130cra ve \u0130flas Hukuku - Ova Avukatl\u0131k B\u00fcrosu","og_description":"\u0130cra ve \u0130flas Hukuku Ticari ve g\u00fcndelik hayatta mevcut alacaklar\u0131n tahsil edilememesi neticesinde hukuksal m\u00fcesseselere ba\u015fvurulmas\u0131n\u0131n olduk\u00e7a yayg\u0131n oldu\u011fu g\u00fcn\u00fcm\u00fczde; icra takiplerinin ger\u00e7ekle\u015ftirilmesi, takipler neticesinde tahsilat yap\u0131lmas\u0131, haks\u0131z yere yap\u0131lan icra takiplerinin \u00f6n\u00fcne ge\u00e7ilmesi, bu alanlarda \u00e7\u0131kan ihtilaflara dair davalar\u0131n takibi, \u015firketlerin alacak ve ekonomik zorlu\u011fa d\u00fc\u015ferek konkordato ve iflasa [&hellip;]","og_url":"https:\/\/ovahukuk.com\/en\/icra-ve-iflas-hukuku\/","og_site_name":"Ova Avukatl\u0131k B\u00fcrosu","article_modified_time":"2021-09-15T21:51:28+00:00","og_image":[{"width":2000,"height":1030,"url":"https:\/\/ovahukuk.com\/wp-content\/uploads\/2021\/08\/bg_2.jpg","type":"image\/jpeg"}],"twitter_card":"summary_large_image","twitter_misc":{"Est. reading time":"1 minute"},"schema":{"@context":"https:\/\/schema.org","@graph":[{"@type":"WebPage","@id":"https:\/\/ovahukuk.com\/en\/icra-ve-iflas-hukuku\/","url":"https:\/\/ovahukuk.com\/en\/icra-ve-iflas-hukuku\/","name":"\u0130cra ve \u0130flas Hukuku - Ova Avukatl\u0131k B\u00fcrosu","isPartOf":{"@id":"https:\/\/ovahukuk.com\/#website"},"primaryImageOfPage":{"@id":"https:\/\/ovahukuk.com\/en\/icra-ve-iflas-hukuku\/#primaryimage"},"image":{"@id":"https:\/\/ovahukuk.com\/en\/icra-ve-iflas-hukuku\/#primaryimage"},"thumbnailUrl":"https:\/\/ovahukuk.com\/wp-content\/uploads\/2021\/08\/bg_2.jpg","datePublished":"2021-08-05T08:58:27+00:00","dateModified":"2021-09-15T21:51:28+00:00","breadcrumb":{"@id":"https:\/\/ovahukuk.com\/en\/icra-ve-iflas-hukuku\/#breadcrumb"},"inLanguage":"en-US","potentialAction":[{"@type":"ReadAction","target":["https:\/\/ovahukuk.com\/en\/icra-ve-iflas-hukuku\/"]}]},{"@type":"ImageObject","inLanguage":"en-US","@id":"https:\/\/ovahukuk.com\/en\/icra-ve-iflas-hukuku\/#primaryimage","url":"https:\/\/ovahukuk.com\/wp-content\/uploads\/2021\/08\/bg_2.jpg","contentUrl":"https:\/\/ovahukuk.com\/wp-content\/uploads\/2021\/08\/bg_2.jpg","width":2000,"height":1030},{"@type":"BreadcrumbList","@id":"https:\/\/ovahukuk.com\/en\/icra-ve-iflas-hukuku\/#breadcrumb","itemListElement":[{"@type":"ListItem","position":1,"name":"Anasayfa","item":"https:\/\/ovahukuk.com\/"},{"@type":"ListItem","position":2,"name":"\u0130cra ve \u0130flas Hukuku"}]},{"@type":"WebSite","@id":"https:\/\/ovahukuk.com\/#website","url":"https:\/\/ovahukuk.com\/","name":"Ova Hukuk","description":"Hukuk | Dan\u0131\u015fmanl\u0131k","publisher":{"@id":"https:\/\/ovahukuk.com\/#organization"},"potentialAction":[{"@type":"SearchAction","target":{"@type":"EntryPoint","urlTemplate":"https:\/\/ovahukuk.com\/?s={search_term_string}"},"query-input":{"@type":"PropertyValueSpecification","valueRequired":true,"valueName":"search_term_string"}}],"inLanguage":"en-US"},{"@type":"Organization","@id":"https:\/\/ovahukuk.com\/#organization","name":"Ova Avukatl\u0131k B\u00fcrosu","url":"https:\/\/ovahukuk.com\/","logo":{"@type":"ImageObject","inLanguage":"en-US","@id":"https:\/\/ovahukuk.com\/#\/schema\/logo\/image\/","url":"https:\/\/ovahukuk.com\/wp-content\/uploads\/2021\/08\/logo2-1.png","contentUrl":"https:\/\/ovahukuk.com\/wp-content\/uploads\/2021\/08\/logo2-1.png","width":268,"height":265,"caption":"Ova Avukatl\u0131k B\u00fcrosu"},"image":{"@id":"https:\/\/ovahukuk.com\/#\/schema\/logo\/image\/"}}]}},"_links":{"self":[{"href":"https:\/\/ovahukuk.com\/en\/wp-json\/wp\/v2\/pages\/335","targetHints":{"allow":["GET"]}}],"collection":[{"href":"https:\/\/ovahukuk.com\/en\/wp-json\/wp\/v2\/pages"}],"about":[{"href":"https:\/\/ovahukuk.com\/en\/wp-json\/wp\/v2\/types\/page"}],"author":[{"embeddable":true,"href":"https:\/\/ovahukuk.com\/en\/wp-json\/wp\/v2\/users\/1"}],"replies":[{"embeddable":true,"href":"https:\/\/ovahukuk.com\/en\/wp-json\/wp\/v2\/comments?post=335"}],"version-history":[{"count":2,"href":"https:\/\/ovahukuk.com\/en\/wp-json\/wp\/v2\/pages\/335\/revisions"}],"predecessor-version":[{"id":553,"href":"https:\/\/ovahukuk.com\/en\/wp-json\/wp\/v2\/pages\/335\/revisions\/553"}],"wp:featuredmedia":[{"embeddable":true,"href":"https:\/\/ovahukuk.com\/en\/wp-json\/wp\/v2\/media\/49"}],"wp:attachment":[{"href":"https:\/\/ovahukuk.com\/en\/wp-json\/wp\/v2\/media?parent=335"}],"curies":[{"name":"wp","href":"https:\/\/api.w.org\/{rel}","templated":true}]}}