{"id":336,"date":"2021-08-05T09:07:38","date_gmt":"2021-08-05T09:07:38","guid":{"rendered":"https:\/\/ovahukuk.com\/?page_id=336"},"modified":"2021-09-15T21:55:21","modified_gmt":"2021-09-15T21:55:21","slug":"aile-ve-miras-hukuku","status":"publish","type":"page","link":"https:\/\/ovahukuk.com\/en\/aile-ve-miras-hukuku\/","title":{"rendered":"Aile ve Miras Hukuku"},"content":{"rendered":"<!DOCTYPE html PUBLIC \"-\/\/W3C\/\/DTD HTML 4.0 Transitional\/\/EN\" \"http:\/\/www.w3.org\/TR\/REC-html40\/loose.dtd\">\n<html><body><h1 class=\"wp-block-heading\">Aile ve Miras Hukuku<\/h1>\n\n\n\n<p style=\"font-size:18px\">Aile yap\u0131s\u0131 i\u00e7inde meydana gelen her t\u00fcrl\u00fc hukuksal sorun ve uyu\u015fmazl\u0131klar\u0131n \u00e7\u00f6z\u00fcm\u00fc noktas\u0131nda taraflar\u0131n mahremiyetlerinin gizli tutulmas\u0131 ilkesi esas al\u0131narak dan\u0131\u015fmanl\u0131k hizmeti ve davalar\u0131n takibi avukatl\u0131k b\u00fcromuz taraf\u0131ndan y\u00fcr\u00fct\u00fclmektedir. Medeni Kanun ve ilgili mevzuatlardaki g\u00fcncel d\u00fczenlemelerin \u0131\u015f\u0131\u011f\u0131nda;<\/p>\n\n\n\n<ul class=\"wp-block-list\" style=\"font-size:18px\"><li>Anla\u015fmal\u0131 ve \u00e7eki\u015fmeli bo\u015fanma davalar\u0131n\u0131n takibi,<\/li><li>Maddi ve manevi tazminat davalar\u0131,<\/li><li>Tan\u0131ma-tenfiz davalar\u0131n\u0131n takibi,<\/li><li>Mal rejimi s\u00f6zle\u015fmelerinin haz\u0131rlanmas\u0131 ve dan\u0131\u015fmanl\u0131k hizmeti,<\/li><li>Nafaka,<\/li><li>Koruyucu tedbirlerin al\u0131nmas\u0131,<\/li><li>soyba\u011f\u0131n\u0131n kurulmas\u0131,<\/li><li>Nesebin reddi,<\/li><li>Evlat edinme,<\/li><li>Velayet-vesayet<\/li><li>ve Aile Mahkemelerinin g\u00f6rev alan\u0131na giren di\u011fer davalarda da mahkemeler nezdinde davalar\u0131n takibi s\u00fcrecinde dan\u0131\u015fmanl\u0131k hizmeti vermekte, m\u00fcvekkillerini temsil etmektedir. OVA Avukatl\u0131k B\u00fcrosu olarak amac\u0131m\u0131z, s\u00fcre\u00e7 boyunca en h\u0131zl\u0131 \u015fekilde m\u00fcvekkiller i\u00e7in elde edilebilecek en fazla kazan\u0131m\u0131 elde etmektir.<\/li><\/ul>\n\n\n\n<p style=\"font-size:19px\">Ger\u00e7ek ki\u015filerin \u00f6l\u00fcm\u00fc halinde bu ki\u015filerin mal varl\u0131klar\u0131n\u0131n ak\u0131beti konusunu d\u00fczenleyen Miras Hukuku kapsam\u0131nda;<\/p>\n\n\n\n<ul class=\"wp-block-list\" style=\"font-size:18px\"><li>Vasiyetname, miras s\u00f6zle\u015fmesi, mirastan feragat s\u00f6zle\u015fmesi, \u00f6l\u00fcnceye kadar bakma s\u00f6zle\u015fmesi haz\u0131rlanmas\u0131,<\/li><li>Miras\u0131 payla\u015ft\u0131r\u0131lmas\u0131na ili\u015fkin hukuki dan\u0131\u015fmanl\u0131k,<\/li><li>Miras\u00e7\u0131lar\u0131n terekeden alacaklar\u0131 pay ve oranlara ili\u015fkin miras\u00e7\u0131l\u0131k belgesi al\u0131nmas\u0131 ve miras\u00e7\u0131l\u0131k belgesinin iptali dava ve i\u015flemlerinde vekaleten temsil,<\/li><li>Miras taksim s\u00f6zle\u015fmelerinin haz\u0131rlanmas\u0131,<\/li><li>Miras b\u0131rakan\u0131n sa\u011fl\u0131\u011f\u0131nda ya da \u00f6l\u00fcme ba\u011fl\u0131 tasarrufta bulunmak suretiyle, sakl\u0131 payl\u0131 miras\u00e7\u0131lar\u0131n sakl\u0131 paylar\u0131n\u0131 ihlal etti\u011fi durumlarda, tenkis davas\u0131 a\u00e7\u0131lmas\u0131 ve temsil,<\/li><li>Terekenin tespiti davalar\u0131n\u0131n haz\u0131rlanmas\u0131,<\/li><li>Murisin yasal miras\u00e7\u0131lar\u0131n\u0131, terekesinden mahrum b\u0131rakmak amac\u0131yla, ger\u00e7e\u011fe ayk\u0131r\u0131 \u015fekilde muvazaal\u0131 olarak yapt\u0131\u011f\u0131 devir i\u015flemlerinin iptali i\u00e7in muris muvazaas\u0131na ili\u015fkin davalar\u0131n a\u00e7\u0131lmas\u0131 ve temsil,<\/li><li>Miras\u0131n reddine ili\u015fkin davalar\u0131n a\u00e7\u0131lmas\u0131 ve temsili,<\/li><li>Murisin terekesinde yer alan varl\u0131klar\u0131n, yasal ve\/veya atanm\u0131\u015f miras\u00e7\u0131lar aras\u0131nda payla\u015f\u0131lmas\u0131 hususunda anla\u015f\u0131lamama durumunda ortakl\u0131\u011f\u0131n giderilmesi davas\u0131 a\u00e7\u0131lmas\u0131, gibi hizmetler ba\u015fta olmak \u00fczere OVA Avukatl\u0131k B\u00fcrosu, Aile ve Miras Hukuku kapsam\u0131ndaki her t\u00fcrl\u00fc uyu\u015fmazl\u0131\u011f\u0131n \u00e7\u00f6z\u00fcm\u00fcnde m\u00fcvekkillerine etkin avukatl\u0131k ve dan\u0131\u015fmanl\u0131k hizmeti sunmaktad\u0131r.<\/li><\/ul>\n\n\n\n<div style=\"height:100px\" aria-hidden=\"true\" class=\"wp-block-spacer\"><\/div>\n<\/body><\/html>","protected":false},"excerpt":{"rendered":"<p>Aile ve Miras Hukuku Aile yap\u0131s\u0131 i\u00e7inde meydana gelen her t\u00fcrl\u00fc hukuksal sorun ve uyu\u015fmazl\u0131klar\u0131n \u00e7\u00f6z\u00fcm\u00fc noktas\u0131nda taraflar\u0131n mahremiyetlerinin gizli tutulmas\u0131 ilkesi esas al\u0131narak dan\u0131\u015fmanl\u0131k hizmeti ve davalar\u0131n takibi avukatl\u0131k b\u00fcromuz taraf\u0131ndan y\u00fcr\u00fct\u00fclmektedir. Medeni Kanun ve ilgili mevzuatlardaki g\u00fcncel d\u00fczenlemelerin \u0131\u015f\u0131\u011f\u0131nda; Anla\u015fmal\u0131 ve \u00e7eki\u015fmeli bo\u015fanma davalar\u0131n\u0131n takibi, Maddi ve manevi [&hellip;]<\/p>","protected":false},"author":1,"featured_media":49,"parent":0,"menu_order":0,"comment_status":"closed","ping_status":"closed","template":"page-templates\/template-fullwidth.php","meta":{"om_disable_all_campaigns":false,"_monsterinsights_skip_tracking":false,"_monsterinsights_sitenote_active":false,"_monsterinsights_sitenote_note":"","_monsterinsights_sitenote_category":0,"footnotes":""},"class_list":["post-336","page","type-page","status-publish","has-post-thumbnail","hentry"],"aioseo_notices":[],"yoast_head":"<!-- This site is optimized with the Yoast SEO plugin v26.7 - https:\/\/yoast.com\/wordpress\/plugins\/seo\/ -->\n<title>Aile ve Miras Hukuku - Ova Avukatl\u0131k B\u00fcrosu<\/title>\n<meta name=\"robots\" content=\"index, follow, max-snippet:-1, max-image-preview:large, max-video-preview:-1\" \/>\n<link rel=\"canonical\" href=\"https:\/\/ovahukuk.com\/en\/aile-ve-miras-hukuku\/\" \/>\n<meta property=\"og:locale\" content=\"en_US\" \/>\n<meta property=\"og:type\" content=\"article\" \/>\n<meta property=\"og:title\" content=\"Aile ve Miras Hukuku - Ova Avukatl\u0131k B\u00fcrosu\" \/>\n<meta property=\"og:description\" content=\"Aile ve Miras Hukuku Aile yap\u0131s\u0131 i\u00e7inde meydana gelen her t\u00fcrl\u00fc hukuksal sorun ve uyu\u015fmazl\u0131klar\u0131n \u00e7\u00f6z\u00fcm\u00fc noktas\u0131nda taraflar\u0131n mahremiyetlerinin gizli tutulmas\u0131 ilkesi esas al\u0131narak dan\u0131\u015fmanl\u0131k hizmeti ve davalar\u0131n takibi avukatl\u0131k b\u00fcromuz taraf\u0131ndan y\u00fcr\u00fct\u00fclmektedir. Medeni Kanun ve ilgili mevzuatlardaki g\u00fcncel d\u00fczenlemelerin \u0131\u015f\u0131\u011f\u0131nda; Anla\u015fmal\u0131 ve \u00e7eki\u015fmeli bo\u015fanma davalar\u0131n\u0131n takibi, Maddi ve manevi [&hellip;]\" \/>\n<meta property=\"og:url\" content=\"https:\/\/ovahukuk.com\/en\/aile-ve-miras-hukuku\/\" \/>\n<meta property=\"og:site_name\" content=\"Ova Avukatl\u0131k B\u00fcrosu\" \/>\n<meta property=\"article:modified_time\" content=\"2021-09-15T21:55:21+00:00\" \/>\n<meta property=\"og:image\" content=\"https:\/\/ovahukuk.com\/wp-content\/uploads\/2021\/08\/bg_2.jpg\" \/>\n\t<meta property=\"og:image:width\" content=\"2000\" \/>\n\t<meta property=\"og:image:height\" content=\"1030\" \/>\n\t<meta property=\"og:image:type\" content=\"image\/jpeg\" \/>\n<meta name=\"twitter:card\" content=\"summary_large_image\" \/>\n<meta name=\"twitter:label1\" content=\"Est. reading time\" \/>\n\t<meta name=\"twitter:data1\" content=\"2 minutes\" \/>\n<script type=\"application\/ld+json\" class=\"yoast-schema-graph\">{\"@context\":\"https:\/\/schema.org\",\"@graph\":[{\"@type\":\"WebPage\",\"@id\":\"https:\/\/ovahukuk.com\/aile-ve-miras-hukuku\/\",\"url\":\"https:\/\/ovahukuk.com\/aile-ve-miras-hukuku\/\",\"name\":\"Aile ve Miras Hukuku - Ova Avukatl\u0131k B\u00fcrosu\",\"isPartOf\":{\"@id\":\"https:\/\/ovahukuk.com\/#website\"},\"primaryImageOfPage\":{\"@id\":\"https:\/\/ovahukuk.com\/aile-ve-miras-hukuku\/#primaryimage\"},\"image\":{\"@id\":\"https:\/\/ovahukuk.com\/aile-ve-miras-hukuku\/#primaryimage\"},\"thumbnailUrl\":\"https:\/\/ovahukuk.com\/wp-content\/uploads\/2021\/08\/bg_2.jpg\",\"datePublished\":\"2021-08-05T09:07:38+00:00\",\"dateModified\":\"2021-09-15T21:55:21+00:00\",\"breadcrumb\":{\"@id\":\"https:\/\/ovahukuk.com\/aile-ve-miras-hukuku\/#breadcrumb\"},\"inLanguage\":\"en-US\",\"potentialAction\":[{\"@type\":\"ReadAction\",\"target\":[\"https:\/\/ovahukuk.com\/aile-ve-miras-hukuku\/\"]}]},{\"@type\":\"ImageObject\",\"inLanguage\":\"en-US\",\"@id\":\"https:\/\/ovahukuk.com\/aile-ve-miras-hukuku\/#primaryimage\",\"url\":\"https:\/\/ovahukuk.com\/wp-content\/uploads\/2021\/08\/bg_2.jpg\",\"contentUrl\":\"https:\/\/ovahukuk.com\/wp-content\/uploads\/2021\/08\/bg_2.jpg\",\"width\":2000,\"height\":1030},{\"@type\":\"BreadcrumbList\",\"@id\":\"https:\/\/ovahukuk.com\/aile-ve-miras-hukuku\/#breadcrumb\",\"itemListElement\":[{\"@type\":\"ListItem\",\"position\":1,\"name\":\"Anasayfa\",\"item\":\"https:\/\/ovahukuk.com\/\"},{\"@type\":\"ListItem\",\"position\":2,\"name\":\"Aile ve Miras Hukuku\"}]},{\"@type\":\"WebSite\",\"@id\":\"https:\/\/ovahukuk.com\/#website\",\"url\":\"https:\/\/ovahukuk.com\/\",\"name\":\"Ova Hukuk\",\"description\":\"Hukuk | Dan\u0131\u015fmanl\u0131k\",\"publisher\":{\"@id\":\"https:\/\/ovahukuk.com\/#organization\"},\"potentialAction\":[{\"@type\":\"SearchAction\",\"target\":{\"@type\":\"EntryPoint\",\"urlTemplate\":\"https:\/\/ovahukuk.com\/?s={search_term_string}\"},\"query-input\":{\"@type\":\"PropertyValueSpecification\",\"valueRequired\":true,\"valueName\":\"search_term_string\"}}],\"inLanguage\":\"en-US\"},{\"@type\":\"Organization\",\"@id\":\"https:\/\/ovahukuk.com\/#organization\",\"name\":\"Ova Avukatl\u0131k B\u00fcrosu\",\"url\":\"https:\/\/ovahukuk.com\/\",\"logo\":{\"@type\":\"ImageObject\",\"inLanguage\":\"en-US\",\"@id\":\"https:\/\/ovahukuk.com\/#\/schema\/logo\/image\/\",\"url\":\"https:\/\/ovahukuk.com\/wp-content\/uploads\/2021\/08\/logo2-1.png\",\"contentUrl\":\"https:\/\/ovahukuk.com\/wp-content\/uploads\/2021\/08\/logo2-1.png\",\"width\":268,\"height\":265,\"caption\":\"Ova Avukatl\u0131k B\u00fcrosu\"},\"image\":{\"@id\":\"https:\/\/ovahukuk.com\/#\/schema\/logo\/image\/\"}}]}<\/script>\n<!-- \/ Yoast SEO plugin. -->","yoast_head_json":{"title":"Aile ve Miras Hukuku - Ova Avukatl\u0131k B\u00fcrosu","robots":{"index":"index","follow":"follow","max-snippet":"max-snippet:-1","max-image-preview":"max-image-preview:large","max-video-preview":"max-video-preview:-1"},"canonical":"https:\/\/ovahukuk.com\/en\/aile-ve-miras-hukuku\/","og_locale":"en_US","og_type":"article","og_title":"Aile ve Miras Hukuku - Ova Avukatl\u0131k B\u00fcrosu","og_description":"Aile ve Miras Hukuku Aile yap\u0131s\u0131 i\u00e7inde meydana gelen her t\u00fcrl\u00fc hukuksal sorun ve uyu\u015fmazl\u0131klar\u0131n \u00e7\u00f6z\u00fcm\u00fc noktas\u0131nda taraflar\u0131n mahremiyetlerinin gizli tutulmas\u0131 ilkesi esas al\u0131narak dan\u0131\u015fmanl\u0131k hizmeti ve davalar\u0131n takibi avukatl\u0131k b\u00fcromuz taraf\u0131ndan y\u00fcr\u00fct\u00fclmektedir. Medeni Kanun ve ilgili mevzuatlardaki g\u00fcncel d\u00fczenlemelerin \u0131\u015f\u0131\u011f\u0131nda; Anla\u015fmal\u0131 ve \u00e7eki\u015fmeli bo\u015fanma davalar\u0131n\u0131n takibi, Maddi ve manevi [&hellip;]","og_url":"https:\/\/ovahukuk.com\/en\/aile-ve-miras-hukuku\/","og_site_name":"Ova Avukatl\u0131k B\u00fcrosu","article_modified_time":"2021-09-15T21:55:21+00:00","og_image":[{"width":2000,"height":1030,"url":"https:\/\/ovahukuk.com\/wp-content\/uploads\/2021\/08\/bg_2.jpg","type":"image\/jpeg"}],"twitter_card":"summary_large_image","twitter_misc":{"Est. reading time":"2 minutes"},"schema":{"@context":"https:\/\/schema.org","@graph":[{"@type":"WebPage","@id":"https:\/\/ovahukuk.com\/aile-ve-miras-hukuku\/","url":"https:\/\/ovahukuk.com\/aile-ve-miras-hukuku\/","name":"Aile ve Miras Hukuku - Ova Avukatl\u0131k B\u00fcrosu","isPartOf":{"@id":"https:\/\/ovahukuk.com\/#website"},"primaryImageOfPage":{"@id":"https:\/\/ovahukuk.com\/aile-ve-miras-hukuku\/#primaryimage"},"image":{"@id":"https:\/\/ovahukuk.com\/aile-ve-miras-hukuku\/#primaryimage"},"thumbnailUrl":"https:\/\/ovahukuk.com\/wp-content\/uploads\/2021\/08\/bg_2.jpg","datePublished":"2021-08-05T09:07:38+00:00","dateModified":"2021-09-15T21:55:21+00:00","breadcrumb":{"@id":"https:\/\/ovahukuk.com\/aile-ve-miras-hukuku\/#breadcrumb"},"inLanguage":"en-US","potentialAction":[{"@type":"ReadAction","target":["https:\/\/ovahukuk.com\/aile-ve-miras-hukuku\/"]}]},{"@type":"ImageObject","inLanguage":"en-US","@id":"https:\/\/ovahukuk.com\/aile-ve-miras-hukuku\/#primaryimage","url":"https:\/\/ovahukuk.com\/wp-content\/uploads\/2021\/08\/bg_2.jpg","contentUrl":"https:\/\/ovahukuk.com\/wp-content\/uploads\/2021\/08\/bg_2.jpg","width":2000,"height":1030},{"@type":"BreadcrumbList","@id":"https:\/\/ovahukuk.com\/aile-ve-miras-hukuku\/#breadcrumb","itemListElement":[{"@type":"ListItem","position":1,"name":"Anasayfa","item":"https:\/\/ovahukuk.com\/"},{"@type":"ListItem","position":2,"name":"Aile ve Miras Hukuku"}]},{"@type":"WebSite","@id":"https:\/\/ovahukuk.com\/#website","url":"https:\/\/ovahukuk.com\/","name":"Ova Hukuk","description":"Hukuk | Dan\u0131\u015fmanl\u0131k","publisher":{"@id":"https:\/\/ovahukuk.com\/#organization"},"potentialAction":[{"@type":"SearchAction","target":{"@type":"EntryPoint","urlTemplate":"https:\/\/ovahukuk.com\/?s={search_term_string}"},"query-input":{"@type":"PropertyValueSpecification","valueRequired":true,"valueName":"search_term_string"}}],"inLanguage":"en-US"},{"@type":"Organization","@id":"https:\/\/ovahukuk.com\/#organization","name":"Ova Avukatl\u0131k B\u00fcrosu","url":"https:\/\/ovahukuk.com\/","logo":{"@type":"ImageObject","inLanguage":"en-US","@id":"https:\/\/ovahukuk.com\/#\/schema\/logo\/image\/","url":"https:\/\/ovahukuk.com\/wp-content\/uploads\/2021\/08\/logo2-1.png","contentUrl":"https:\/\/ovahukuk.com\/wp-content\/uploads\/2021\/08\/logo2-1.png","width":268,"height":265,"caption":"Ova Avukatl\u0131k B\u00fcrosu"},"image":{"@id":"https:\/\/ovahukuk.com\/#\/schema\/logo\/image\/"}}]}},"_links":{"self":[{"href":"https:\/\/ovahukuk.com\/en\/wp-json\/wp\/v2\/pages\/336","targetHints":{"allow":["GET"]}}],"collection":[{"href":"https:\/\/ovahukuk.com\/en\/wp-json\/wp\/v2\/pages"}],"about":[{"href":"https:\/\/ovahukuk.com\/en\/wp-json\/wp\/v2\/types\/page"}],"author":[{"embeddable":true,"href":"https:\/\/ovahukuk.com\/en\/wp-json\/wp\/v2\/users\/1"}],"replies":[{"embeddable":true,"href":"https:\/\/ovahukuk.com\/en\/wp-json\/wp\/v2\/comments?post=336"}],"version-history":[{"count":3,"href":"https:\/\/ovahukuk.com\/en\/wp-json\/wp\/v2\/pages\/336\/revisions"}],"predecessor-version":[{"id":557,"href":"https:\/\/ovahukuk.com\/en\/wp-json\/wp\/v2\/pages\/336\/revisions\/557"}],"wp:featuredmedia":[{"embeddable":true,"href":"https:\/\/ovahukuk.com\/en\/wp-json\/wp\/v2\/media\/49"}],"wp:attachment":[{"href":"https:\/\/ovahukuk.com\/en\/wp-json\/wp\/v2\/media?parent=336"}],"curies":[{"name":"wp","href":"https:\/\/api.w.org\/{rel}","templated":true}]}}