{"id":337,"date":"2021-08-05T09:08:55","date_gmt":"2021-08-05T09:08:55","guid":{"rendered":"https:\/\/ovahukuk.com\/?page_id=337"},"modified":"2021-09-15T22:03:08","modified_gmt":"2021-09-15T22:03:08","slug":"bilisim-ve-internet-hukuku","status":"publish","type":"page","link":"https:\/\/ovahukuk.com\/en\/bilisim-ve-internet-hukuku\/","title":{"rendered":"Bili\u015fim ve \u0130nternet Hukuku"},"content":{"rendered":"<!DOCTYPE html PUBLIC \"-\/\/W3C\/\/DTD HTML 4.0 Transitional\/\/EN\" \"http:\/\/www.w3.org\/TR\/REC-html40\/loose.dtd\">\n<html><body><h1 class=\"wp-block-heading\">Bili\u015fim ve \u0130nternet Hukuku<\/h1>\n\n\n\n<p style=\"font-size:18px\">Teknoloji \u00e7a\u011f\u0131n\u0131n getirisi olarak g\u00fcn\u00fcm\u00fczde hem sosyal hayatta hem de ticari hayatta bili\u015fim olduk\u00e7a \u00f6nemli bir yere gelmi\u015ftir. Bu meyanda, internet \u00fczerinden etkile\u015fimin artmas\u0131 do\u011fal olarak bu alandaki hukuki problemlerin de artmas\u0131na sebebiyet vermektedir. Hem \u015firketlerin e-ticaret ve bili\u015fime y\u00f6nelik b\u00fct\u00fcn ihtiya\u00e7lar\u0131na ve ihtilaflar\u0131na \u00e7\u00f6z\u00fcm bulmak, hem de \u015fah\u0131slar\u0131n bili\u015fim ve internet alan\u0131ndan kaynaklanan hukuki problemlerine yan\u0131t vermek ad\u0131na, OVA Avukatl\u0131k B\u00fcrosu olarak g\u00fcn ge\u00e7tik\u00e7e de\u011fi\u015fen ve geli\u015fen bu hukuk dal\u0131n\u0131 yak\u0131ndan takip ediyor, m\u00fcvekkillerimize en g\u00fcncel ve etkin hukuki \u00e7\u00f6z\u00fcmleri sunuyoruz. Bu do\u011frultuda, bili\u015fim hukuku alan\u0131nda m\u00fcvekkillerimize, s\u0131n\u0131rl\u0131 olmamak \u00fczere, a\u015fa\u011f\u0131daki hizmetleri veriyoruz:<\/p>\n\n\n\n<ul class=\"wp-block-list\" style=\"font-size:18px\"><li>E-ticaret platformlar\u0131n\u0131n (hizmet sa\u011flay\u0131c\u0131 veya arac\u0131 hizmet sa\u011flay\u0131c\u0131 olarak) kurulu\u015funda dan\u0131\u015fmanl\u0131k, \u0130nternet \u00fczerinden mal ve hizmet satan \u015firketlere y\u00f6nelik olarak hukuki dan\u0131\u015fmanl\u0131k hizmetleri verilmesi ve hukuki alt yap\u0131n\u0131n haz\u0131rlanmas\u0131,<\/li><li>Startup kurulu\u015fu ve melek yat\u0131r\u0131mc\u0131l\u0131kla ilgili dan\u0131\u015fmanl\u0131k,<\/li><li>Ki\u015fisel verilerin korunmas\u0131, ticari elektronik iletiler, e-ticaret hukuku ile ilgili davalar\u0131n takibi ve dan\u0131\u015fmanl\u0131k<\/li><li>Sosyal medyada yap\u0131lan payla\u015f\u0131m ve faaliyetten do\u011fan hukuki sorumlulu\u011fa ili\u015fkin davalar,<\/li><li>Bili\u015fim s\u00f6zle\u015fmelerinin d\u00fczenlenmesi ve incelenmesi,<\/li><li>Kullan\u0131m \u015fartlar\u0131 ve ko\u015fullar\u0131, gizlilik politikalar\u0131, \u00e7erez politikalar\u0131 ve \u00fcyelik s\u00f6zle\u015fmeleri gibi ve sair internet sitesi i\u00e7in gerekli belgelerin d\u00fczenlenmesi ve incelenmesi,<\/li><li>Eri\u015fimin engellenmesi,<\/li><li>\u0130nternet yoluyla ger\u00e7ekle\u015fen sorunlar\u0131n ve ihlallerin \u00e7\u00f6z\u00fcm\u00fc, dava a\u00e7\u0131lmas\u0131, takibi ve sonu\u00e7land\u0131r\u0131lmas\u0131.<\/li><\/ul>\n\n\n\n<div style=\"height:100px\" aria-hidden=\"true\" class=\"wp-block-spacer\"><\/div>\n<\/body><\/html>","protected":false},"excerpt":{"rendered":"<p>Bili\u015fim ve \u0130nternet Hukuku Teknoloji \u00e7a\u011f\u0131n\u0131n getirisi olarak g\u00fcn\u00fcm\u00fczde hem sosyal hayatta hem de ticari hayatta bili\u015fim olduk\u00e7a \u00f6nemli bir yere gelmi\u015ftir. Bu meyanda, internet \u00fczerinden etkile\u015fimin artmas\u0131 do\u011fal olarak bu alandaki hukuki problemlerin de artmas\u0131na sebebiyet vermektedir. Hem \u015firketlerin e-ticaret ve bili\u015fime y\u00f6nelik b\u00fct\u00fcn ihtiya\u00e7lar\u0131na ve ihtilaflar\u0131na \u00e7\u00f6z\u00fcm bulmak, [&hellip;]<\/p>","protected":false},"author":1,"featured_media":49,"parent":0,"menu_order":0,"comment_status":"closed","ping_status":"closed","template":"page-templates\/template-fullwidth.php","meta":{"om_disable_all_campaigns":false,"_monsterinsights_skip_tracking":false,"_monsterinsights_sitenote_active":false,"_monsterinsights_sitenote_note":"","_monsterinsights_sitenote_category":0,"footnotes":""},"class_list":["post-337","page","type-page","status-publish","has-post-thumbnail","hentry"],"aioseo_notices":[],"yoast_head":"<!-- This site is optimized with the Yoast SEO plugin v26.7 - https:\/\/yoast.com\/wordpress\/plugins\/seo\/ -->\n<title>Bili\u015fim ve \u0130nternet Hukuku - Ova Avukatl\u0131k B\u00fcrosu<\/title>\n<meta name=\"robots\" content=\"index, follow, max-snippet:-1, max-image-preview:large, max-video-preview:-1\" \/>\n<link rel=\"canonical\" href=\"https:\/\/ovahukuk.com\/en\/bilisim-ve-internet-hukuku\/\" \/>\n<meta property=\"og:locale\" content=\"en_US\" \/>\n<meta property=\"og:type\" content=\"article\" \/>\n<meta property=\"og:title\" content=\"Bili\u015fim ve \u0130nternet Hukuku - Ova Avukatl\u0131k B\u00fcrosu\" \/>\n<meta property=\"og:description\" content=\"Bili\u015fim ve \u0130nternet Hukuku Teknoloji \u00e7a\u011f\u0131n\u0131n getirisi olarak g\u00fcn\u00fcm\u00fczde hem sosyal hayatta hem de ticari hayatta bili\u015fim olduk\u00e7a \u00f6nemli bir yere gelmi\u015ftir. Bu meyanda, internet \u00fczerinden etkile\u015fimin artmas\u0131 do\u011fal olarak bu alandaki hukuki problemlerin de artmas\u0131na sebebiyet vermektedir. Hem \u015firketlerin e-ticaret ve bili\u015fime y\u00f6nelik b\u00fct\u00fcn ihtiya\u00e7lar\u0131na ve ihtilaflar\u0131na \u00e7\u00f6z\u00fcm bulmak, [&hellip;]\" \/>\n<meta property=\"og:url\" content=\"https:\/\/ovahukuk.com\/en\/bilisim-ve-internet-hukuku\/\" \/>\n<meta property=\"og:site_name\" content=\"Ova Avukatl\u0131k B\u00fcrosu\" \/>\n<meta property=\"article:modified_time\" content=\"2021-09-15T22:03:08+00:00\" \/>\n<meta property=\"og:image\" content=\"https:\/\/ovahukuk.com\/wp-content\/uploads\/2021\/08\/bg_2.jpg\" \/>\n\t<meta property=\"og:image:width\" content=\"2000\" \/>\n\t<meta property=\"og:image:height\" content=\"1030\" \/>\n\t<meta property=\"og:image:type\" content=\"image\/jpeg\" \/>\n<meta name=\"twitter:card\" content=\"summary_large_image\" \/>\n<meta name=\"twitter:label1\" content=\"Est. reading time\" \/>\n\t<meta name=\"twitter:data1\" content=\"1 minute\" \/>\n<script type=\"application\/ld+json\" class=\"yoast-schema-graph\">{\"@context\":\"https:\/\/schema.org\",\"@graph\":[{\"@type\":\"WebPage\",\"@id\":\"https:\/\/ovahukuk.com\/bilisim-ve-internet-hukuku\/\",\"url\":\"https:\/\/ovahukuk.com\/bilisim-ve-internet-hukuku\/\",\"name\":\"Bili\u015fim ve \u0130nternet Hukuku - Ova Avukatl\u0131k B\u00fcrosu\",\"isPartOf\":{\"@id\":\"https:\/\/ovahukuk.com\/#website\"},\"primaryImageOfPage\":{\"@id\":\"https:\/\/ovahukuk.com\/bilisim-ve-internet-hukuku\/#primaryimage\"},\"image\":{\"@id\":\"https:\/\/ovahukuk.com\/bilisim-ve-internet-hukuku\/#primaryimage\"},\"thumbnailUrl\":\"https:\/\/ovahukuk.com\/wp-content\/uploads\/2021\/08\/bg_2.jpg\",\"datePublished\":\"2021-08-05T09:08:55+00:00\",\"dateModified\":\"2021-09-15T22:03:08+00:00\",\"breadcrumb\":{\"@id\":\"https:\/\/ovahukuk.com\/bilisim-ve-internet-hukuku\/#breadcrumb\"},\"inLanguage\":\"en-US\",\"potentialAction\":[{\"@type\":\"ReadAction\",\"target\":[\"https:\/\/ovahukuk.com\/bilisim-ve-internet-hukuku\/\"]}]},{\"@type\":\"ImageObject\",\"inLanguage\":\"en-US\",\"@id\":\"https:\/\/ovahukuk.com\/bilisim-ve-internet-hukuku\/#primaryimage\",\"url\":\"https:\/\/ovahukuk.com\/wp-content\/uploads\/2021\/08\/bg_2.jpg\",\"contentUrl\":\"https:\/\/ovahukuk.com\/wp-content\/uploads\/2021\/08\/bg_2.jpg\",\"width\":2000,\"height\":1030},{\"@type\":\"BreadcrumbList\",\"@id\":\"https:\/\/ovahukuk.com\/bilisim-ve-internet-hukuku\/#breadcrumb\",\"itemListElement\":[{\"@type\":\"ListItem\",\"position\":1,\"name\":\"Anasayfa\",\"item\":\"https:\/\/ovahukuk.com\/\"},{\"@type\":\"ListItem\",\"position\":2,\"name\":\"Bili\u015fim ve \u0130nternet Hukuku\"}]},{\"@type\":\"WebSite\",\"@id\":\"https:\/\/ovahukuk.com\/#website\",\"url\":\"https:\/\/ovahukuk.com\/\",\"name\":\"Ova Hukuk\",\"description\":\"Hukuk | Dan\u0131\u015fmanl\u0131k\",\"publisher\":{\"@id\":\"https:\/\/ovahukuk.com\/#organization\"},\"potentialAction\":[{\"@type\":\"SearchAction\",\"target\":{\"@type\":\"EntryPoint\",\"urlTemplate\":\"https:\/\/ovahukuk.com\/?s={search_term_string}\"},\"query-input\":{\"@type\":\"PropertyValueSpecification\",\"valueRequired\":true,\"valueName\":\"search_term_string\"}}],\"inLanguage\":\"en-US\"},{\"@type\":\"Organization\",\"@id\":\"https:\/\/ovahukuk.com\/#organization\",\"name\":\"Ova Avukatl\u0131k B\u00fcrosu\",\"url\":\"https:\/\/ovahukuk.com\/\",\"logo\":{\"@type\":\"ImageObject\",\"inLanguage\":\"en-US\",\"@id\":\"https:\/\/ovahukuk.com\/#\/schema\/logo\/image\/\",\"url\":\"https:\/\/ovahukuk.com\/wp-content\/uploads\/2021\/08\/logo2-1.png\",\"contentUrl\":\"https:\/\/ovahukuk.com\/wp-content\/uploads\/2021\/08\/logo2-1.png\",\"width\":268,\"height\":265,\"caption\":\"Ova Avukatl\u0131k B\u00fcrosu\"},\"image\":{\"@id\":\"https:\/\/ovahukuk.com\/#\/schema\/logo\/image\/\"}}]}<\/script>\n<!-- \/ Yoast SEO plugin. -->","yoast_head_json":{"title":"Bili\u015fim ve \u0130nternet Hukuku - Ova Avukatl\u0131k B\u00fcrosu","robots":{"index":"index","follow":"follow","max-snippet":"max-snippet:-1","max-image-preview":"max-image-preview:large","max-video-preview":"max-video-preview:-1"},"canonical":"https:\/\/ovahukuk.com\/en\/bilisim-ve-internet-hukuku\/","og_locale":"en_US","og_type":"article","og_title":"Bili\u015fim ve \u0130nternet Hukuku - Ova Avukatl\u0131k B\u00fcrosu","og_description":"Bili\u015fim ve \u0130nternet Hukuku Teknoloji \u00e7a\u011f\u0131n\u0131n getirisi olarak g\u00fcn\u00fcm\u00fczde hem sosyal hayatta hem de ticari hayatta bili\u015fim olduk\u00e7a \u00f6nemli bir yere gelmi\u015ftir. Bu meyanda, internet \u00fczerinden etkile\u015fimin artmas\u0131 do\u011fal olarak bu alandaki hukuki problemlerin de artmas\u0131na sebebiyet vermektedir. Hem \u015firketlerin e-ticaret ve bili\u015fime y\u00f6nelik b\u00fct\u00fcn ihtiya\u00e7lar\u0131na ve ihtilaflar\u0131na \u00e7\u00f6z\u00fcm bulmak, [&hellip;]","og_url":"https:\/\/ovahukuk.com\/en\/bilisim-ve-internet-hukuku\/","og_site_name":"Ova Avukatl\u0131k B\u00fcrosu","article_modified_time":"2021-09-15T22:03:08+00:00","og_image":[{"width":2000,"height":1030,"url":"https:\/\/ovahukuk.com\/wp-content\/uploads\/2021\/08\/bg_2.jpg","type":"image\/jpeg"}],"twitter_card":"summary_large_image","twitter_misc":{"Est. reading time":"1 minute"},"schema":{"@context":"https:\/\/schema.org","@graph":[{"@type":"WebPage","@id":"https:\/\/ovahukuk.com\/bilisim-ve-internet-hukuku\/","url":"https:\/\/ovahukuk.com\/bilisim-ve-internet-hukuku\/","name":"Bili\u015fim ve \u0130nternet Hukuku - Ova Avukatl\u0131k B\u00fcrosu","isPartOf":{"@id":"https:\/\/ovahukuk.com\/#website"},"primaryImageOfPage":{"@id":"https:\/\/ovahukuk.com\/bilisim-ve-internet-hukuku\/#primaryimage"},"image":{"@id":"https:\/\/ovahukuk.com\/bilisim-ve-internet-hukuku\/#primaryimage"},"thumbnailUrl":"https:\/\/ovahukuk.com\/wp-content\/uploads\/2021\/08\/bg_2.jpg","datePublished":"2021-08-05T09:08:55+00:00","dateModified":"2021-09-15T22:03:08+00:00","breadcrumb":{"@id":"https:\/\/ovahukuk.com\/bilisim-ve-internet-hukuku\/#breadcrumb"},"inLanguage":"en-US","potentialAction":[{"@type":"ReadAction","target":["https:\/\/ovahukuk.com\/bilisim-ve-internet-hukuku\/"]}]},{"@type":"ImageObject","inLanguage":"en-US","@id":"https:\/\/ovahukuk.com\/bilisim-ve-internet-hukuku\/#primaryimage","url":"https:\/\/ovahukuk.com\/wp-content\/uploads\/2021\/08\/bg_2.jpg","contentUrl":"https:\/\/ovahukuk.com\/wp-content\/uploads\/2021\/08\/bg_2.jpg","width":2000,"height":1030},{"@type":"BreadcrumbList","@id":"https:\/\/ovahukuk.com\/bilisim-ve-internet-hukuku\/#breadcrumb","itemListElement":[{"@type":"ListItem","position":1,"name":"Anasayfa","item":"https:\/\/ovahukuk.com\/"},{"@type":"ListItem","position":2,"name":"Bili\u015fim ve \u0130nternet Hukuku"}]},{"@type":"WebSite","@id":"https:\/\/ovahukuk.com\/#website","url":"https:\/\/ovahukuk.com\/","name":"Ova Hukuk","description":"Hukuk | Dan\u0131\u015fmanl\u0131k","publisher":{"@id":"https:\/\/ovahukuk.com\/#organization"},"potentialAction":[{"@type":"SearchAction","target":{"@type":"EntryPoint","urlTemplate":"https:\/\/ovahukuk.com\/?s={search_term_string}"},"query-input":{"@type":"PropertyValueSpecification","valueRequired":true,"valueName":"search_term_string"}}],"inLanguage":"en-US"},{"@type":"Organization","@id":"https:\/\/ovahukuk.com\/#organization","name":"Ova Avukatl\u0131k B\u00fcrosu","url":"https:\/\/ovahukuk.com\/","logo":{"@type":"ImageObject","inLanguage":"en-US","@id":"https:\/\/ovahukuk.com\/#\/schema\/logo\/image\/","url":"https:\/\/ovahukuk.com\/wp-content\/uploads\/2021\/08\/logo2-1.png","contentUrl":"https:\/\/ovahukuk.com\/wp-content\/uploads\/2021\/08\/logo2-1.png","width":268,"height":265,"caption":"Ova Avukatl\u0131k B\u00fcrosu"},"image":{"@id":"https:\/\/ovahukuk.com\/#\/schema\/logo\/image\/"}}]}},"_links":{"self":[{"href":"https:\/\/ovahukuk.com\/en\/wp-json\/wp\/v2\/pages\/337","targetHints":{"allow":["GET"]}}],"collection":[{"href":"https:\/\/ovahukuk.com\/en\/wp-json\/wp\/v2\/pages"}],"about":[{"href":"https:\/\/ovahukuk.com\/en\/wp-json\/wp\/v2\/types\/page"}],"author":[{"embeddable":true,"href":"https:\/\/ovahukuk.com\/en\/wp-json\/wp\/v2\/users\/1"}],"replies":[{"embeddable":true,"href":"https:\/\/ovahukuk.com\/en\/wp-json\/wp\/v2\/comments?post=337"}],"version-history":[{"count":3,"href":"https:\/\/ovahukuk.com\/en\/wp-json\/wp\/v2\/pages\/337\/revisions"}],"predecessor-version":[{"id":559,"href":"https:\/\/ovahukuk.com\/en\/wp-json\/wp\/v2\/pages\/337\/revisions\/559"}],"wp:featuredmedia":[{"embeddable":true,"href":"https:\/\/ovahukuk.com\/en\/wp-json\/wp\/v2\/media\/49"}],"wp:attachment":[{"href":"https:\/\/ovahukuk.com\/en\/wp-json\/wp\/v2\/media?parent=337"}],"curies":[{"name":"wp","href":"https:\/\/api.w.org\/{rel}","templated":true}]}}