{"id":342,"date":"2021-08-05T09:09:56","date_gmt":"2021-08-05T09:09:56","guid":{"rendered":"https:\/\/ovahukuk.com\/?page_id=342"},"modified":"2021-08-22T18:32:42","modified_gmt":"2021-08-22T18:32:42","slug":"enerji-ve-madencilik-hukuku","status":"publish","type":"page","link":"https:\/\/ovahukuk.com\/en\/enerji-ve-madencilik-hukuku\/","title":{"rendered":"Enerji ve Madencilik Hukuku"},"content":{"rendered":"<!DOCTYPE html PUBLIC \"-\/\/W3C\/\/DTD HTML 4.0 Transitional\/\/EN\" \"http:\/\/www.w3.org\/TR\/REC-html40\/loose.dtd\">\n<html><body><h1 class=\"wp-block-heading\">Enerji ve Madencilik Hukuku<\/h1>\n\n\n\n<p style=\"font-size:18px\">Enerji sekt\u00f6r\u00fc; \u00e7ok y\u00f6nl\u00fc, karma\u015f\u0131k, de\u011fi\u015fken piyasa ko\u015fullar\u0131na ve s\u0131k\u0131 d\u00fczenlemelere sahip, teknik, kendine \u00f6zg\u00fc zorluklar\u0131 ve riskleri bar\u0131nd\u0131ran ve etkili uygulamalar gerektiren bir sekt\u00f6rd\u00fcr. Uzun y\u0131llard\u0131r enerji ve alt sekt\u00f6rlerini yak\u0131ndan takip etmi\u015f olmam\u0131z sayesinde b\u00fcromuz; s\u0131k\u0131 d\u00fczenlemelere ve karma\u015f\u0131k yap\u0131ya sahip olan enerji alan\u0131nda ve alt sekt\u00f6rlerinde bulunan zorluklar\u0131n a\u015f\u0131lmas\u0131 ve \u00f6nlenmesi i\u00e7in yap\u0131lmas\u0131 gereken yasal uygulamalar hakk\u0131nda bilgi ve tecr\u00fcbeye sahiptir. Bu sayede enerji ve b\u00fct\u00fcn alt sekt\u00f6rlerinde etkin, kusursuz, profesyonel ve m\u00fcvekkil odakl\u0131 avukatl\u0131k ve dan\u0131\u015fmanl\u0131k hizmeti vermektedir.<br>Bu do\u011frultuda; lisans ba\u015fvurular\u0131, lisanslar\u0131n devri, durum raporlar\u0131n\u0131n haz\u0131rlanmas\u0131, enerji sekt\u00f6r\u00fcndeki birle\u015fme ve devralmalar, emtia ticareti, yenilenebilir enerji, enerji da\u011f\u0131t\u0131m ve ta\u015f\u0131ma, enerji ve altyap\u0131 projeleri ve \u00f6zelle\u015ftirmeleri, risk y\u00f6netimi, enerji santrallerinin kurulumu\/kiralanmas\u0131, s\u00f6zle\u015fmelerin haz\u0131rlanmas\u0131 ve proje finansman\u0131 konular\u0131nda hukuki hizmet vermektedir. Enerji sekt\u00f6r\u00fcndeki yasal d\u00fczenlemeler ve bunlara uyulmas\u0131 ile d\u00fczenlemelerin getirdi\u011fi yasal engellerin a\u015f\u0131lmas\u0131n\u0131n yan\u0131 s\u0131ra, enerji sekt\u00f6r\u00fcne ili\u015fkin yat\u0131r\u0131m ve i\u015flemlerden do\u011fan t\u00fcm uyu\u015fmazl\u0131klar\u0131n mahkeme ve tahkim nezdinde en k\u0131sa ve etkili olarak \u00e7\u00f6z\u00fcm\u00fc i\u00e7in m\u00fcvekkillerini temsil etmektedir.<br>Madencilik sekt\u00f6r\u00fc teknik \u00f6zelliklere sahiptir ve bu sebeple yap\u0131lacak hukuki i\u015flemler uzmanl\u0131k gerektirmektedir. B\u00fcromuz; madencilik ve ilgili b\u00fct\u00fcn mevzuatlara, madencilik politikalar\u0131na, teknik bilgiye h\u00e2kim olmas\u0131 sayesinde maden hukuku alan\u0131nda m\u00fcvekkilleri ad\u0131na hukuki faaliyetlerini etkin ve \u00e7\u00f6z\u00fcm odakl\u0131 olarak y\u00fcr\u00fctmektedir.<br>Bu do\u011frultuda; hangi tabii kaynak ve servetin aran\u0131p i\u015fletilebilece\u011fi, idare ile g\u00f6r\u00fc\u015fmelerin yap\u0131lmas\u0131, sekt\u00f6re ili\u015fkin idari yapt\u0131r\u0131mlardan ka\u00e7\u0131n\u0131lmas\u0131, idari denetimlere uygunluk, maden arama, madenlerin i\u015fletilmesi-kullan\u0131lmas\u0131 konular\u0131nda hukuki hizmetlerini s\u00fcrd\u00fcrmektedir. Bunun yan\u0131 s\u0131ra her t\u00fcr lisanslama, s\u00f6zle\u015fmelerin haz\u0131rlanmas\u0131, ruhsatland\u0131rma, risk analizi, raporlama, i\u015fveren\/maden i\u015f\u00e7isi ili\u015fkileri, devir, intikal, fesih gibi konularda, uyu\u015fmazl\u0131ktan \u00f6nce ve sonra, deneyimli hukuk\u00e7ular\u0131yla etkin bi\u00e7imde avukatl\u0131k ve dan\u0131\u015fmanl\u0131k hizmeti sunmaktad\u0131r.<\/p>\n\n\n\n<div style=\"height:100px\" aria-hidden=\"true\" class=\"wp-block-spacer\"><\/div>\n<\/body><\/html>","protected":false},"excerpt":{"rendered":"<p>Enerji ve Madencilik Hukuku Enerji sekt\u00f6r\u00fc; \u00e7ok y\u00f6nl\u00fc, karma\u015f\u0131k, de\u011fi\u015fken piyasa ko\u015fullar\u0131na ve s\u0131k\u0131 d\u00fczenlemelere sahip, teknik, kendine \u00f6zg\u00fc zorluklar\u0131 ve riskleri bar\u0131nd\u0131ran ve etkili uygulamalar gerektiren bir sekt\u00f6rd\u00fcr. Uzun y\u0131llard\u0131r enerji ve alt sekt\u00f6rlerini yak\u0131ndan takip etmi\u015f olmam\u0131z sayesinde b\u00fcromuz; s\u0131k\u0131 d\u00fczenlemelere ve karma\u015f\u0131k yap\u0131ya sahip olan enerji alan\u0131nda [&hellip;]<\/p>","protected":false},"author":1,"featured_media":49,"parent":0,"menu_order":0,"comment_status":"closed","ping_status":"closed","template":"page-templates\/template-fullwidth.php","meta":{"om_disable_all_campaigns":false,"_monsterinsights_skip_tracking":false,"_monsterinsights_sitenote_active":false,"_monsterinsights_sitenote_note":"","_monsterinsights_sitenote_category":0,"footnotes":""},"class_list":["post-342","page","type-page","status-publish","has-post-thumbnail","hentry"],"aioseo_notices":[],"yoast_head":"<!-- This site is optimized with the Yoast SEO plugin v26.7 - https:\/\/yoast.com\/wordpress\/plugins\/seo\/ -->\n<title>Enerji ve Madencilik Hukuku - Ova Avukatl\u0131k B\u00fcrosu<\/title>\n<meta name=\"robots\" content=\"index, follow, max-snippet:-1, max-image-preview:large, max-video-preview:-1\" \/>\n<link rel=\"canonical\" href=\"https:\/\/ovahukuk.com\/en\/enerji-ve-madencilik-hukuku\/\" \/>\n<meta property=\"og:locale\" content=\"en_US\" \/>\n<meta property=\"og:type\" content=\"article\" \/>\n<meta property=\"og:title\" content=\"Enerji ve Madencilik Hukuku - Ova Avukatl\u0131k B\u00fcrosu\" \/>\n<meta property=\"og:description\" content=\"Enerji ve Madencilik Hukuku Enerji sekt\u00f6r\u00fc; \u00e7ok y\u00f6nl\u00fc, karma\u015f\u0131k, de\u011fi\u015fken piyasa ko\u015fullar\u0131na ve s\u0131k\u0131 d\u00fczenlemelere sahip, teknik, kendine \u00f6zg\u00fc zorluklar\u0131 ve riskleri bar\u0131nd\u0131ran ve etkili uygulamalar gerektiren bir sekt\u00f6rd\u00fcr. Uzun y\u0131llard\u0131r enerji ve alt sekt\u00f6rlerini yak\u0131ndan takip etmi\u015f olmam\u0131z sayesinde b\u00fcromuz; s\u0131k\u0131 d\u00fczenlemelere ve karma\u015f\u0131k yap\u0131ya sahip olan enerji alan\u0131nda [&hellip;]\" \/>\n<meta property=\"og:url\" content=\"https:\/\/ovahukuk.com\/en\/enerji-ve-madencilik-hukuku\/\" \/>\n<meta property=\"og:site_name\" content=\"Ova Avukatl\u0131k B\u00fcrosu\" \/>\n<meta property=\"article:modified_time\" content=\"2021-08-22T18:32:42+00:00\" \/>\n<meta property=\"og:image\" content=\"https:\/\/ovahukuk.com\/wp-content\/uploads\/2021\/08\/bg_2.jpg\" \/>\n\t<meta property=\"og:image:width\" content=\"2000\" \/>\n\t<meta property=\"og:image:height\" content=\"1030\" \/>\n\t<meta property=\"og:image:type\" content=\"image\/jpeg\" \/>\n<meta name=\"twitter:card\" content=\"summary_large_image\" \/>\n<meta name=\"twitter:label1\" content=\"Est. reading time\" \/>\n\t<meta name=\"twitter:data1\" content=\"2 minutes\" \/>\n<script type=\"application\/ld+json\" class=\"yoast-schema-graph\">{\"@context\":\"https:\/\/schema.org\",\"@graph\":[{\"@type\":\"WebPage\",\"@id\":\"https:\/\/ovahukuk.com\/enerji-ve-madencilik-hukuku\/\",\"url\":\"https:\/\/ovahukuk.com\/enerji-ve-madencilik-hukuku\/\",\"name\":\"Enerji ve Madencilik Hukuku - Ova Avukatl\u0131k B\u00fcrosu\",\"isPartOf\":{\"@id\":\"https:\/\/ovahukuk.com\/#website\"},\"primaryImageOfPage\":{\"@id\":\"https:\/\/ovahukuk.com\/enerji-ve-madencilik-hukuku\/#primaryimage\"},\"image\":{\"@id\":\"https:\/\/ovahukuk.com\/enerji-ve-madencilik-hukuku\/#primaryimage\"},\"thumbnailUrl\":\"https:\/\/ovahukuk.com\/wp-content\/uploads\/2021\/08\/bg_2.jpg\",\"datePublished\":\"2021-08-05T09:09:56+00:00\",\"dateModified\":\"2021-08-22T18:32:42+00:00\",\"breadcrumb\":{\"@id\":\"https:\/\/ovahukuk.com\/enerji-ve-madencilik-hukuku\/#breadcrumb\"},\"inLanguage\":\"en-US\",\"potentialAction\":[{\"@type\":\"ReadAction\",\"target\":[\"https:\/\/ovahukuk.com\/enerji-ve-madencilik-hukuku\/\"]}]},{\"@type\":\"ImageObject\",\"inLanguage\":\"en-US\",\"@id\":\"https:\/\/ovahukuk.com\/enerji-ve-madencilik-hukuku\/#primaryimage\",\"url\":\"https:\/\/ovahukuk.com\/wp-content\/uploads\/2021\/08\/bg_2.jpg\",\"contentUrl\":\"https:\/\/ovahukuk.com\/wp-content\/uploads\/2021\/08\/bg_2.jpg\",\"width\":2000,\"height\":1030},{\"@type\":\"BreadcrumbList\",\"@id\":\"https:\/\/ovahukuk.com\/enerji-ve-madencilik-hukuku\/#breadcrumb\",\"itemListElement\":[{\"@type\":\"ListItem\",\"position\":1,\"name\":\"Anasayfa\",\"item\":\"https:\/\/ovahukuk.com\/\"},{\"@type\":\"ListItem\",\"position\":2,\"name\":\"Enerji ve Madencilik Hukuku\"}]},{\"@type\":\"WebSite\",\"@id\":\"https:\/\/ovahukuk.com\/#website\",\"url\":\"https:\/\/ovahukuk.com\/\",\"name\":\"Ova Hukuk\",\"description\":\"Hukuk | Dan\u0131\u015fmanl\u0131k\",\"publisher\":{\"@id\":\"https:\/\/ovahukuk.com\/#organization\"},\"potentialAction\":[{\"@type\":\"SearchAction\",\"target\":{\"@type\":\"EntryPoint\",\"urlTemplate\":\"https:\/\/ovahukuk.com\/?s={search_term_string}\"},\"query-input\":{\"@type\":\"PropertyValueSpecification\",\"valueRequired\":true,\"valueName\":\"search_term_string\"}}],\"inLanguage\":\"en-US\"},{\"@type\":\"Organization\",\"@id\":\"https:\/\/ovahukuk.com\/#organization\",\"name\":\"Ova Avukatl\u0131k B\u00fcrosu\",\"url\":\"https:\/\/ovahukuk.com\/\",\"logo\":{\"@type\":\"ImageObject\",\"inLanguage\":\"en-US\",\"@id\":\"https:\/\/ovahukuk.com\/#\/schema\/logo\/image\/\",\"url\":\"https:\/\/ovahukuk.com\/wp-content\/uploads\/2021\/08\/logo2-1.png\",\"contentUrl\":\"https:\/\/ovahukuk.com\/wp-content\/uploads\/2021\/08\/logo2-1.png\",\"width\":268,\"height\":265,\"caption\":\"Ova Avukatl\u0131k B\u00fcrosu\"},\"image\":{\"@id\":\"https:\/\/ovahukuk.com\/#\/schema\/logo\/image\/\"}}]}<\/script>\n<!-- \/ Yoast SEO plugin. -->","yoast_head_json":{"title":"Enerji ve Madencilik Hukuku - Ova Avukatl\u0131k B\u00fcrosu","robots":{"index":"index","follow":"follow","max-snippet":"max-snippet:-1","max-image-preview":"max-image-preview:large","max-video-preview":"max-video-preview:-1"},"canonical":"https:\/\/ovahukuk.com\/en\/enerji-ve-madencilik-hukuku\/","og_locale":"en_US","og_type":"article","og_title":"Enerji ve Madencilik Hukuku - Ova Avukatl\u0131k B\u00fcrosu","og_description":"Enerji ve Madencilik Hukuku Enerji sekt\u00f6r\u00fc; \u00e7ok y\u00f6nl\u00fc, karma\u015f\u0131k, de\u011fi\u015fken piyasa ko\u015fullar\u0131na ve s\u0131k\u0131 d\u00fczenlemelere sahip, teknik, kendine \u00f6zg\u00fc zorluklar\u0131 ve riskleri bar\u0131nd\u0131ran ve etkili uygulamalar gerektiren bir sekt\u00f6rd\u00fcr. Uzun y\u0131llard\u0131r enerji ve alt sekt\u00f6rlerini yak\u0131ndan takip etmi\u015f olmam\u0131z sayesinde b\u00fcromuz; s\u0131k\u0131 d\u00fczenlemelere ve karma\u015f\u0131k yap\u0131ya sahip olan enerji alan\u0131nda [&hellip;]","og_url":"https:\/\/ovahukuk.com\/en\/enerji-ve-madencilik-hukuku\/","og_site_name":"Ova Avukatl\u0131k B\u00fcrosu","article_modified_time":"2021-08-22T18:32:42+00:00","og_image":[{"width":2000,"height":1030,"url":"https:\/\/ovahukuk.com\/wp-content\/uploads\/2021\/08\/bg_2.jpg","type":"image\/jpeg"}],"twitter_card":"summary_large_image","twitter_misc":{"Est. reading time":"2 minutes"},"schema":{"@context":"https:\/\/schema.org","@graph":[{"@type":"WebPage","@id":"https:\/\/ovahukuk.com\/enerji-ve-madencilik-hukuku\/","url":"https:\/\/ovahukuk.com\/enerji-ve-madencilik-hukuku\/","name":"Enerji ve Madencilik Hukuku - Ova Avukatl\u0131k B\u00fcrosu","isPartOf":{"@id":"https:\/\/ovahukuk.com\/#website"},"primaryImageOfPage":{"@id":"https:\/\/ovahukuk.com\/enerji-ve-madencilik-hukuku\/#primaryimage"},"image":{"@id":"https:\/\/ovahukuk.com\/enerji-ve-madencilik-hukuku\/#primaryimage"},"thumbnailUrl":"https:\/\/ovahukuk.com\/wp-content\/uploads\/2021\/08\/bg_2.jpg","datePublished":"2021-08-05T09:09:56+00:00","dateModified":"2021-08-22T18:32:42+00:00","breadcrumb":{"@id":"https:\/\/ovahukuk.com\/enerji-ve-madencilik-hukuku\/#breadcrumb"},"inLanguage":"en-US","potentialAction":[{"@type":"ReadAction","target":["https:\/\/ovahukuk.com\/enerji-ve-madencilik-hukuku\/"]}]},{"@type":"ImageObject","inLanguage":"en-US","@id":"https:\/\/ovahukuk.com\/enerji-ve-madencilik-hukuku\/#primaryimage","url":"https:\/\/ovahukuk.com\/wp-content\/uploads\/2021\/08\/bg_2.jpg","contentUrl":"https:\/\/ovahukuk.com\/wp-content\/uploads\/2021\/08\/bg_2.jpg","width":2000,"height":1030},{"@type":"BreadcrumbList","@id":"https:\/\/ovahukuk.com\/enerji-ve-madencilik-hukuku\/#breadcrumb","itemListElement":[{"@type":"ListItem","position":1,"name":"Anasayfa","item":"https:\/\/ovahukuk.com\/"},{"@type":"ListItem","position":2,"name":"Enerji ve Madencilik Hukuku"}]},{"@type":"WebSite","@id":"https:\/\/ovahukuk.com\/#website","url":"https:\/\/ovahukuk.com\/","name":"Ova Hukuk","description":"Hukuk | Dan\u0131\u015fmanl\u0131k","publisher":{"@id":"https:\/\/ovahukuk.com\/#organization"},"potentialAction":[{"@type":"SearchAction","target":{"@type":"EntryPoint","urlTemplate":"https:\/\/ovahukuk.com\/?s={search_term_string}"},"query-input":{"@type":"PropertyValueSpecification","valueRequired":true,"valueName":"search_term_string"}}],"inLanguage":"en-US"},{"@type":"Organization","@id":"https:\/\/ovahukuk.com\/#organization","name":"Ova Avukatl\u0131k B\u00fcrosu","url":"https:\/\/ovahukuk.com\/","logo":{"@type":"ImageObject","inLanguage":"en-US","@id":"https:\/\/ovahukuk.com\/#\/schema\/logo\/image\/","url":"https:\/\/ovahukuk.com\/wp-content\/uploads\/2021\/08\/logo2-1.png","contentUrl":"https:\/\/ovahukuk.com\/wp-content\/uploads\/2021\/08\/logo2-1.png","width":268,"height":265,"caption":"Ova Avukatl\u0131k B\u00fcrosu"},"image":{"@id":"https:\/\/ovahukuk.com\/#\/schema\/logo\/image\/"}}]}},"_links":{"self":[{"href":"https:\/\/ovahukuk.com\/en\/wp-json\/wp\/v2\/pages\/342","targetHints":{"allow":["GET"]}}],"collection":[{"href":"https:\/\/ovahukuk.com\/en\/wp-json\/wp\/v2\/pages"}],"about":[{"href":"https:\/\/ovahukuk.com\/en\/wp-json\/wp\/v2\/types\/page"}],"author":[{"embeddable":true,"href":"https:\/\/ovahukuk.com\/en\/wp-json\/wp\/v2\/users\/1"}],"replies":[{"embeddable":true,"href":"https:\/\/ovahukuk.com\/en\/wp-json\/wp\/v2\/comments?post=342"}],"version-history":[{"count":3,"href":"https:\/\/ovahukuk.com\/en\/wp-json\/wp\/v2\/pages\/342\/revisions"}],"predecessor-version":[{"id":524,"href":"https:\/\/ovahukuk.com\/en\/wp-json\/wp\/v2\/pages\/342\/revisions\/524"}],"wp:featuredmedia":[{"embeddable":true,"href":"https:\/\/ovahukuk.com\/en\/wp-json\/wp\/v2\/media\/49"}],"wp:attachment":[{"href":"https:\/\/ovahukuk.com\/en\/wp-json\/wp\/v2\/media?parent=342"}],"curies":[{"name":"wp","href":"https:\/\/api.w.org\/{rel}","templated":true}]}}