{"id":343,"date":"2021-08-05T09:12:53","date_gmt":"2021-08-05T09:12:53","guid":{"rendered":"https:\/\/ovahukuk.com\/?page_id=343"},"modified":"2021-08-22T18:35:57","modified_gmt":"2021-08-22T18:35:57","slug":"uluslararasi-ticaret-hukuku","status":"publish","type":"page","link":"https:\/\/ovahukuk.com\/en\/uluslararasi-ticaret-hukuku\/","title":{"rendered":"Uluslararas\u0131 Ticaret Hukuku"},"content":{"rendered":"<!DOCTYPE html PUBLIC \"-\/\/W3C\/\/DTD HTML 4.0 Transitional\/\/EN\" \"http:\/\/www.w3.org\/TR\/REC-html40\/loose.dtd\">\n<html><body><h1 class=\"wp-block-heading\">Uluslaras\u0131 Ticaret Hukuku<\/h1>\n\n\n\n<p style=\"font-size:18px\">Uluslararas\u0131 ticaret hukuku, farkl\u0131 \u00fclkelerde yer alan \u015firketler veya yabanc\u0131 uyruklu tacirler aras\u0131nda mal ve hizmetler ile uluslararas\u0131 ticari s\u00f6zle\u015fmeleri ele alan hukuk dal\u0131d\u0131r. OVA Avukatl\u0131k B\u00fcrosu olarak Uluslararas\u0131 Ticaret Hukuku kapsam\u0131nda vermi\u015f oldu\u011fumuz hizmetler \u015funlard\u0131r:<\/p>\n\n\n\n<ul class=\"wp-block-list\" style=\"font-size:18px\"><li>T\u00fcrk \u015firketlerin uluslararas\u0131 \u015firketlerle yapaca\u011f\u0131 ticari s\u00f6zle\u015fmelerin haz\u0131rlanmas\u0131, d\u00fczenlenmesi, yorumlanmas\u0131nda hukuki dan\u0131\u015fmanl\u0131k verilmesi,<\/li><li>\u015eirket kurulu\u015f ve ticari i\u015f ve i\u015flemlerde hukuki dan\u0131\u015fmanl\u0131k verilmesi,<\/li><li>CISG (Uluslararas\u0131 Sat\u0131\u015f S\u00f6zle\u015fmesi) ve uluslararas\u0131 ticaretten kaynakl\u0131 olarak her t\u00fcrl\u00fc uyu\u015fmazl\u0131k hakk\u0131nda dan\u0131\u015fmanl\u0131k verilmesi,<\/li><li>Leasing, Factoring, Franchising, Distrib\u00fct\u00f6rl\u00fck ve Sole Agency s\u00f6zle\u015fmelerinin haz\u0131rlanmas\u0131 ve revizyonu<\/li><li>Uluslararas\u0131 Tahkim yollar\u0131n\u0131 kullanarak uyu\u015fmazl\u0131klar\u0131n \u00e7\u00f6z\u00fcm\u00fcn\u00fc sa\u011flama,<\/li><li>Uluslararas\u0131 alacaklar\u0131n tahsili ve icra kanallar\u0131ndan alaca\u011f\u0131n temin edilmesi,<\/li><li>Uluslararas\u0131 yat\u0131r\u0131mlarda vergilendirme konusunda hukuki dan\u0131\u015fmanl\u0131k,<\/li><li>Yurt d\u0131\u015f\u0131nda yat\u0131r\u0131m yapmak isteyen veya \u015firket kurmak \u015fah\u0131s ve \u015firketler i\u00e7in; yat\u0131r\u0131m yap\u0131lacak \u00fclkenin ticaret, yabanc\u0131 sermaye, vergi, i\u015f ve di\u011fer mevzuatlar\u0131 ara\u015ft\u0131r\u0131larak yap\u0131lacak i\u015flemlere y\u00f6nelik hukuki dan\u0131\u015fmanl\u0131k,<\/li><li>Uluslararas\u0131 ticaret faaliyetlerinden do\u011fan uyu\u015fmazl\u0131klara y\u00f6nelik olarak T\u00fcrk mahkemeleri nezdinde Avukatl\u0131k hizmeti verilmesi.<\/li><\/ul>\n\n\n\n<div style=\"height:100px\" aria-hidden=\"true\" class=\"wp-block-spacer\"><\/div>\n<\/body><\/html>","protected":false},"excerpt":{"rendered":"<p>Uluslaras\u0131 Ticaret Hukuku Uluslararas\u0131 ticaret hukuku, farkl\u0131 \u00fclkelerde yer alan \u015firketler veya yabanc\u0131 uyruklu tacirler aras\u0131nda mal ve hizmetler ile uluslararas\u0131 ticari s\u00f6zle\u015fmeleri ele alan hukuk dal\u0131d\u0131r. OVA Avukatl\u0131k B\u00fcrosu olarak Uluslararas\u0131 Ticaret Hukuku kapsam\u0131nda vermi\u015f oldu\u011fumuz hizmetler \u015funlard\u0131r: T\u00fcrk \u015firketlerin uluslararas\u0131 \u015firketlerle yapaca\u011f\u0131 ticari s\u00f6zle\u015fmelerin haz\u0131rlanmas\u0131, d\u00fczenlenmesi, yorumlanmas\u0131nda hukuki [&hellip;]<\/p>","protected":false},"author":1,"featured_media":49,"parent":0,"menu_order":0,"comment_status":"closed","ping_status":"closed","template":"page-templates\/template-fullwidth.php","meta":{"om_disable_all_campaigns":false,"_monsterinsights_skip_tracking":false,"_monsterinsights_sitenote_active":false,"_monsterinsights_sitenote_note":"","_monsterinsights_sitenote_category":0,"footnotes":""},"class_list":["post-343","page","type-page","status-publish","has-post-thumbnail","hentry"],"aioseo_notices":[],"yoast_head":"<!-- This site is optimized with the Yoast SEO plugin v26.7 - https:\/\/yoast.com\/wordpress\/plugins\/seo\/ -->\n<title>Uluslararas\u0131 Ticaret Hukuku - Ova Avukatl\u0131k B\u00fcrosu<\/title>\n<meta name=\"robots\" content=\"index, follow, max-snippet:-1, max-image-preview:large, max-video-preview:-1\" \/>\n<link rel=\"canonical\" href=\"https:\/\/ovahukuk.com\/en\/uluslararasi-ticaret-hukuku\/\" \/>\n<meta property=\"og:locale\" content=\"en_US\" \/>\n<meta property=\"og:type\" content=\"article\" \/>\n<meta property=\"og:title\" content=\"Uluslararas\u0131 Ticaret Hukuku - Ova Avukatl\u0131k B\u00fcrosu\" \/>\n<meta property=\"og:description\" content=\"Uluslaras\u0131 Ticaret Hukuku Uluslararas\u0131 ticaret hukuku, farkl\u0131 \u00fclkelerde yer alan \u015firketler veya yabanc\u0131 uyruklu tacirler aras\u0131nda mal ve hizmetler ile uluslararas\u0131 ticari s\u00f6zle\u015fmeleri ele alan hukuk dal\u0131d\u0131r. OVA Avukatl\u0131k B\u00fcrosu olarak Uluslararas\u0131 Ticaret Hukuku kapsam\u0131nda vermi\u015f oldu\u011fumuz hizmetler \u015funlard\u0131r: T\u00fcrk \u015firketlerin uluslararas\u0131 \u015firketlerle yapaca\u011f\u0131 ticari s\u00f6zle\u015fmelerin haz\u0131rlanmas\u0131, d\u00fczenlenmesi, yorumlanmas\u0131nda hukuki [&hellip;]\" \/>\n<meta property=\"og:url\" content=\"https:\/\/ovahukuk.com\/en\/uluslararasi-ticaret-hukuku\/\" \/>\n<meta property=\"og:site_name\" content=\"Ova Avukatl\u0131k B\u00fcrosu\" \/>\n<meta property=\"article:modified_time\" content=\"2021-08-22T18:35:57+00:00\" \/>\n<meta property=\"og:image\" content=\"https:\/\/ovahukuk.com\/wp-content\/uploads\/2021\/08\/bg_2.jpg\" \/>\n\t<meta property=\"og:image:width\" content=\"2000\" \/>\n\t<meta property=\"og:image:height\" content=\"1030\" \/>\n\t<meta property=\"og:image:type\" content=\"image\/jpeg\" \/>\n<meta name=\"twitter:card\" content=\"summary_large_image\" \/>\n<meta name=\"twitter:label1\" content=\"Est. reading time\" \/>\n\t<meta name=\"twitter:data1\" content=\"1 minute\" \/>\n<script type=\"application\/ld+json\" class=\"yoast-schema-graph\">{\"@context\":\"https:\/\/schema.org\",\"@graph\":[{\"@type\":\"WebPage\",\"@id\":\"https:\/\/ovahukuk.com\/uluslararasi-ticaret-hukuku\/\",\"url\":\"https:\/\/ovahukuk.com\/uluslararasi-ticaret-hukuku\/\",\"name\":\"Uluslararas\u0131 Ticaret Hukuku - Ova Avukatl\u0131k B\u00fcrosu\",\"isPartOf\":{\"@id\":\"https:\/\/ovahukuk.com\/#website\"},\"primaryImageOfPage\":{\"@id\":\"https:\/\/ovahukuk.com\/uluslararasi-ticaret-hukuku\/#primaryimage\"},\"image\":{\"@id\":\"https:\/\/ovahukuk.com\/uluslararasi-ticaret-hukuku\/#primaryimage\"},\"thumbnailUrl\":\"https:\/\/ovahukuk.com\/wp-content\/uploads\/2021\/08\/bg_2.jpg\",\"datePublished\":\"2021-08-05T09:12:53+00:00\",\"dateModified\":\"2021-08-22T18:35:57+00:00\",\"breadcrumb\":{\"@id\":\"https:\/\/ovahukuk.com\/uluslararasi-ticaret-hukuku\/#breadcrumb\"},\"inLanguage\":\"en-US\",\"potentialAction\":[{\"@type\":\"ReadAction\",\"target\":[\"https:\/\/ovahukuk.com\/uluslararasi-ticaret-hukuku\/\"]}]},{\"@type\":\"ImageObject\",\"inLanguage\":\"en-US\",\"@id\":\"https:\/\/ovahukuk.com\/uluslararasi-ticaret-hukuku\/#primaryimage\",\"url\":\"https:\/\/ovahukuk.com\/wp-content\/uploads\/2021\/08\/bg_2.jpg\",\"contentUrl\":\"https:\/\/ovahukuk.com\/wp-content\/uploads\/2021\/08\/bg_2.jpg\",\"width\":2000,\"height\":1030},{\"@type\":\"BreadcrumbList\",\"@id\":\"https:\/\/ovahukuk.com\/uluslararasi-ticaret-hukuku\/#breadcrumb\",\"itemListElement\":[{\"@type\":\"ListItem\",\"position\":1,\"name\":\"Anasayfa\",\"item\":\"https:\/\/ovahukuk.com\/\"},{\"@type\":\"ListItem\",\"position\":2,\"name\":\"Uluslararas\u0131 Ticaret Hukuku\"}]},{\"@type\":\"WebSite\",\"@id\":\"https:\/\/ovahukuk.com\/#website\",\"url\":\"https:\/\/ovahukuk.com\/\",\"name\":\"Ova Hukuk\",\"description\":\"Hukuk | Dan\u0131\u015fmanl\u0131k\",\"publisher\":{\"@id\":\"https:\/\/ovahukuk.com\/#organization\"},\"potentialAction\":[{\"@type\":\"SearchAction\",\"target\":{\"@type\":\"EntryPoint\",\"urlTemplate\":\"https:\/\/ovahukuk.com\/?s={search_term_string}\"},\"query-input\":{\"@type\":\"PropertyValueSpecification\",\"valueRequired\":true,\"valueName\":\"search_term_string\"}}],\"inLanguage\":\"en-US\"},{\"@type\":\"Organization\",\"@id\":\"https:\/\/ovahukuk.com\/#organization\",\"name\":\"Ova Avukatl\u0131k B\u00fcrosu\",\"url\":\"https:\/\/ovahukuk.com\/\",\"logo\":{\"@type\":\"ImageObject\",\"inLanguage\":\"en-US\",\"@id\":\"https:\/\/ovahukuk.com\/#\/schema\/logo\/image\/\",\"url\":\"https:\/\/ovahukuk.com\/wp-content\/uploads\/2021\/08\/logo2-1.png\",\"contentUrl\":\"https:\/\/ovahukuk.com\/wp-content\/uploads\/2021\/08\/logo2-1.png\",\"width\":268,\"height\":265,\"caption\":\"Ova Avukatl\u0131k B\u00fcrosu\"},\"image\":{\"@id\":\"https:\/\/ovahukuk.com\/#\/schema\/logo\/image\/\"}}]}<\/script>\n<!-- \/ Yoast SEO plugin. -->","yoast_head_json":{"title":"Uluslararas\u0131 Ticaret Hukuku - Ova Avukatl\u0131k B\u00fcrosu","robots":{"index":"index","follow":"follow","max-snippet":"max-snippet:-1","max-image-preview":"max-image-preview:large","max-video-preview":"max-video-preview:-1"},"canonical":"https:\/\/ovahukuk.com\/en\/uluslararasi-ticaret-hukuku\/","og_locale":"en_US","og_type":"article","og_title":"Uluslararas\u0131 Ticaret Hukuku - Ova Avukatl\u0131k B\u00fcrosu","og_description":"Uluslaras\u0131 Ticaret Hukuku Uluslararas\u0131 ticaret hukuku, farkl\u0131 \u00fclkelerde yer alan \u015firketler veya yabanc\u0131 uyruklu tacirler aras\u0131nda mal ve hizmetler ile uluslararas\u0131 ticari s\u00f6zle\u015fmeleri ele alan hukuk dal\u0131d\u0131r. OVA Avukatl\u0131k B\u00fcrosu olarak Uluslararas\u0131 Ticaret Hukuku kapsam\u0131nda vermi\u015f oldu\u011fumuz hizmetler \u015funlard\u0131r: T\u00fcrk \u015firketlerin uluslararas\u0131 \u015firketlerle yapaca\u011f\u0131 ticari s\u00f6zle\u015fmelerin haz\u0131rlanmas\u0131, d\u00fczenlenmesi, yorumlanmas\u0131nda hukuki [&hellip;]","og_url":"https:\/\/ovahukuk.com\/en\/uluslararasi-ticaret-hukuku\/","og_site_name":"Ova Avukatl\u0131k B\u00fcrosu","article_modified_time":"2021-08-22T18:35:57+00:00","og_image":[{"width":2000,"height":1030,"url":"https:\/\/ovahukuk.com\/wp-content\/uploads\/2021\/08\/bg_2.jpg","type":"image\/jpeg"}],"twitter_card":"summary_large_image","twitter_misc":{"Est. reading time":"1 minute"},"schema":{"@context":"https:\/\/schema.org","@graph":[{"@type":"WebPage","@id":"https:\/\/ovahukuk.com\/uluslararasi-ticaret-hukuku\/","url":"https:\/\/ovahukuk.com\/uluslararasi-ticaret-hukuku\/","name":"Uluslararas\u0131 Ticaret Hukuku - Ova Avukatl\u0131k B\u00fcrosu","isPartOf":{"@id":"https:\/\/ovahukuk.com\/#website"},"primaryImageOfPage":{"@id":"https:\/\/ovahukuk.com\/uluslararasi-ticaret-hukuku\/#primaryimage"},"image":{"@id":"https:\/\/ovahukuk.com\/uluslararasi-ticaret-hukuku\/#primaryimage"},"thumbnailUrl":"https:\/\/ovahukuk.com\/wp-content\/uploads\/2021\/08\/bg_2.jpg","datePublished":"2021-08-05T09:12:53+00:00","dateModified":"2021-08-22T18:35:57+00:00","breadcrumb":{"@id":"https:\/\/ovahukuk.com\/uluslararasi-ticaret-hukuku\/#breadcrumb"},"inLanguage":"en-US","potentialAction":[{"@type":"ReadAction","target":["https:\/\/ovahukuk.com\/uluslararasi-ticaret-hukuku\/"]}]},{"@type":"ImageObject","inLanguage":"en-US","@id":"https:\/\/ovahukuk.com\/uluslararasi-ticaret-hukuku\/#primaryimage","url":"https:\/\/ovahukuk.com\/wp-content\/uploads\/2021\/08\/bg_2.jpg","contentUrl":"https:\/\/ovahukuk.com\/wp-content\/uploads\/2021\/08\/bg_2.jpg","width":2000,"height":1030},{"@type":"BreadcrumbList","@id":"https:\/\/ovahukuk.com\/uluslararasi-ticaret-hukuku\/#breadcrumb","itemListElement":[{"@type":"ListItem","position":1,"name":"Anasayfa","item":"https:\/\/ovahukuk.com\/"},{"@type":"ListItem","position":2,"name":"Uluslararas\u0131 Ticaret Hukuku"}]},{"@type":"WebSite","@id":"https:\/\/ovahukuk.com\/#website","url":"https:\/\/ovahukuk.com\/","name":"Ova Hukuk","description":"Hukuk | Dan\u0131\u015fmanl\u0131k","publisher":{"@id":"https:\/\/ovahukuk.com\/#organization"},"potentialAction":[{"@type":"SearchAction","target":{"@type":"EntryPoint","urlTemplate":"https:\/\/ovahukuk.com\/?s={search_term_string}"},"query-input":{"@type":"PropertyValueSpecification","valueRequired":true,"valueName":"search_term_string"}}],"inLanguage":"en-US"},{"@type":"Organization","@id":"https:\/\/ovahukuk.com\/#organization","name":"Ova Avukatl\u0131k B\u00fcrosu","url":"https:\/\/ovahukuk.com\/","logo":{"@type":"ImageObject","inLanguage":"en-US","@id":"https:\/\/ovahukuk.com\/#\/schema\/logo\/image\/","url":"https:\/\/ovahukuk.com\/wp-content\/uploads\/2021\/08\/logo2-1.png","contentUrl":"https:\/\/ovahukuk.com\/wp-content\/uploads\/2021\/08\/logo2-1.png","width":268,"height":265,"caption":"Ova Avukatl\u0131k B\u00fcrosu"},"image":{"@id":"https:\/\/ovahukuk.com\/#\/schema\/logo\/image\/"}}]}},"_links":{"self":[{"href":"https:\/\/ovahukuk.com\/en\/wp-json\/wp\/v2\/pages\/343","targetHints":{"allow":["GET"]}}],"collection":[{"href":"https:\/\/ovahukuk.com\/en\/wp-json\/wp\/v2\/pages"}],"about":[{"href":"https:\/\/ovahukuk.com\/en\/wp-json\/wp\/v2\/types\/page"}],"author":[{"embeddable":true,"href":"https:\/\/ovahukuk.com\/en\/wp-json\/wp\/v2\/users\/1"}],"replies":[{"embeddable":true,"href":"https:\/\/ovahukuk.com\/en\/wp-json\/wp\/v2\/comments?post=343"}],"version-history":[{"count":2,"href":"https:\/\/ovahukuk.com\/en\/wp-json\/wp\/v2\/pages\/343\/revisions"}],"predecessor-version":[{"id":529,"href":"https:\/\/ovahukuk.com\/en\/wp-json\/wp\/v2\/pages\/343\/revisions\/529"}],"wp:featuredmedia":[{"embeddable":true,"href":"https:\/\/ovahukuk.com\/en\/wp-json\/wp\/v2\/media\/49"}],"wp:attachment":[{"href":"https:\/\/ovahukuk.com\/en\/wp-json\/wp\/v2\/media?parent=343"}],"curies":[{"name":"wp","href":"https:\/\/api.w.org\/{rel}","templated":true}]}}