{"id":344,"date":"2021-08-05T09:13:27","date_gmt":"2021-08-05T09:13:27","guid":{"rendered":"https:\/\/ovahukuk.com\/?page_id=344"},"modified":"2021-09-15T22:01:39","modified_gmt":"2021-09-15T22:01:39","slug":"ceza-hukuku","status":"publish","type":"page","link":"https:\/\/ovahukuk.com\/en\/ceza-hukuku\/","title":{"rendered":"Ceza Hukuku"},"content":{"rendered":"<!DOCTYPE html PUBLIC \"-\/\/W3C\/\/DTD HTML 4.0 Transitional\/\/EN\" \"http:\/\/www.w3.org\/TR\/REC-html40\/loose.dtd\">\n<html><body><h1 class=\"wp-block-heading\">Ceza Hukuku<\/h1>\n\n\n\n<p style=\"font-size:18px\">OVA Avukatl\u0131k B\u00fcrosu, ceza hukuku \u00f6zelinde m\u00fcvekkillerine soru\u015fturma a\u015famas\u0131ndan itibaren ihtiya\u00e7 duyulan avukatl\u0131k ve hukuki dan\u0131\u015fmanl\u0131k hizmetini sa\u011flamaktad\u0131r. Ceza hukuku alan\u0131nda uzun y\u0131llard\u0131r \u00e7al\u0131\u015fan, her t\u00fcrl\u00fc teknik bilgi, donan\u0131m ve tecr\u00fcbeye sahip avukatlar\u0131yla, soru\u015fturma ve davalar\u0131n y\u00fcr\u00fct\u00fclmesi ile infaz a\u015famas\u0131na kadar, cezai yapt\u0131r\u0131m tehdidi olan t\u00fcm i\u015f ve i\u015flemlere ili\u015fkin avukatl\u0131k hizmeti vermektedir.<\/p>\n\n\n\n<div style=\"height:100px\" aria-hidden=\"true\" class=\"wp-block-spacer\"><\/div>\n<\/body><\/html>","protected":false},"excerpt":{"rendered":"<p>Ceza Hukuku OVA Avukatl\u0131k B\u00fcrosu, ceza hukuku \u00f6zelinde m\u00fcvekkillerine soru\u015fturma a\u015famas\u0131ndan itibaren ihtiya\u00e7 duyulan avukatl\u0131k ve hukuki dan\u0131\u015fmanl\u0131k hizmetini sa\u011flamaktad\u0131r. Ceza hukuku alan\u0131nda uzun y\u0131llard\u0131r \u00e7al\u0131\u015fan, her t\u00fcrl\u00fc teknik bilgi, donan\u0131m ve tecr\u00fcbeye sahip avukatlar\u0131yla, soru\u015fturma ve davalar\u0131n y\u00fcr\u00fct\u00fclmesi ile infaz a\u015famas\u0131na kadar, cezai yapt\u0131r\u0131m tehdidi olan t\u00fcm i\u015f ve [&hellip;]<\/p>","protected":false},"author":1,"featured_media":49,"parent":0,"menu_order":0,"comment_status":"closed","ping_status":"closed","template":"page-templates\/template-fullwidth.php","meta":{"om_disable_all_campaigns":false,"_monsterinsights_skip_tracking":false,"_monsterinsights_sitenote_active":false,"_monsterinsights_sitenote_note":"","_monsterinsights_sitenote_category":0,"footnotes":""},"class_list":["post-344","page","type-page","status-publish","has-post-thumbnail","hentry"],"aioseo_notices":[],"yoast_head":"<!-- This site is optimized with the Yoast SEO plugin v26.7 - https:\/\/yoast.com\/wordpress\/plugins\/seo\/ -->\n<title>Ceza Hukuku - Ova Avukatl\u0131k B\u00fcrosu<\/title>\n<meta name=\"robots\" content=\"index, follow, max-snippet:-1, max-image-preview:large, max-video-preview:-1\" \/>\n<link rel=\"canonical\" href=\"https:\/\/ovahukuk.com\/en\/ceza-hukuku\/\" \/>\n<meta property=\"og:locale\" content=\"en_US\" \/>\n<meta property=\"og:type\" content=\"article\" \/>\n<meta property=\"og:title\" content=\"Ceza Hukuku - Ova Avukatl\u0131k B\u00fcrosu\" \/>\n<meta property=\"og:description\" content=\"Ceza Hukuku OVA Avukatl\u0131k B\u00fcrosu, ceza hukuku \u00f6zelinde m\u00fcvekkillerine soru\u015fturma a\u015famas\u0131ndan itibaren ihtiya\u00e7 duyulan avukatl\u0131k ve hukuki dan\u0131\u015fmanl\u0131k hizmetini sa\u011flamaktad\u0131r. Ceza hukuku alan\u0131nda uzun y\u0131llard\u0131r \u00e7al\u0131\u015fan, her t\u00fcrl\u00fc teknik bilgi, donan\u0131m ve tecr\u00fcbeye sahip avukatlar\u0131yla, soru\u015fturma ve davalar\u0131n y\u00fcr\u00fct\u00fclmesi ile infaz a\u015famas\u0131na kadar, cezai yapt\u0131r\u0131m tehdidi olan t\u00fcm i\u015f ve [&hellip;]\" \/>\n<meta property=\"og:url\" content=\"https:\/\/ovahukuk.com\/en\/ceza-hukuku\/\" \/>\n<meta property=\"og:site_name\" content=\"Ova Avukatl\u0131k B\u00fcrosu\" \/>\n<meta property=\"article:modified_time\" content=\"2021-09-15T22:01:39+00:00\" \/>\n<meta property=\"og:image\" content=\"https:\/\/ovahukuk.com\/wp-content\/uploads\/2021\/08\/bg_2.jpg\" \/>\n\t<meta property=\"og:image:width\" content=\"2000\" \/>\n\t<meta property=\"og:image:height\" content=\"1030\" \/>\n\t<meta property=\"og:image:type\" content=\"image\/jpeg\" \/>\n<meta name=\"twitter:card\" content=\"summary_large_image\" \/>\n<meta name=\"twitter:label1\" content=\"Est. reading time\" \/>\n\t<meta name=\"twitter:data1\" content=\"1 minute\" \/>\n<script type=\"application\/ld+json\" class=\"yoast-schema-graph\">{\"@context\":\"https:\/\/schema.org\",\"@graph\":[{\"@type\":\"WebPage\",\"@id\":\"https:\/\/ovahukuk.com\/ceza-hukuku\/\",\"url\":\"https:\/\/ovahukuk.com\/ceza-hukuku\/\",\"name\":\"Ceza Hukuku - Ova Avukatl\u0131k B\u00fcrosu\",\"isPartOf\":{\"@id\":\"https:\/\/ovahukuk.com\/#website\"},\"primaryImageOfPage\":{\"@id\":\"https:\/\/ovahukuk.com\/ceza-hukuku\/#primaryimage\"},\"image\":{\"@id\":\"https:\/\/ovahukuk.com\/ceza-hukuku\/#primaryimage\"},\"thumbnailUrl\":\"https:\/\/ovahukuk.com\/wp-content\/uploads\/2021\/08\/bg_2.jpg\",\"datePublished\":\"2021-08-05T09:13:27+00:00\",\"dateModified\":\"2021-09-15T22:01:39+00:00\",\"breadcrumb\":{\"@id\":\"https:\/\/ovahukuk.com\/ceza-hukuku\/#breadcrumb\"},\"inLanguage\":\"en-US\",\"potentialAction\":[{\"@type\":\"ReadAction\",\"target\":[\"https:\/\/ovahukuk.com\/ceza-hukuku\/\"]}]},{\"@type\":\"ImageObject\",\"inLanguage\":\"en-US\",\"@id\":\"https:\/\/ovahukuk.com\/ceza-hukuku\/#primaryimage\",\"url\":\"https:\/\/ovahukuk.com\/wp-content\/uploads\/2021\/08\/bg_2.jpg\",\"contentUrl\":\"https:\/\/ovahukuk.com\/wp-content\/uploads\/2021\/08\/bg_2.jpg\",\"width\":2000,\"height\":1030},{\"@type\":\"BreadcrumbList\",\"@id\":\"https:\/\/ovahukuk.com\/ceza-hukuku\/#breadcrumb\",\"itemListElement\":[{\"@type\":\"ListItem\",\"position\":1,\"name\":\"Anasayfa\",\"item\":\"https:\/\/ovahukuk.com\/\"},{\"@type\":\"ListItem\",\"position\":2,\"name\":\"Ceza Hukuku\"}]},{\"@type\":\"WebSite\",\"@id\":\"https:\/\/ovahukuk.com\/#website\",\"url\":\"https:\/\/ovahukuk.com\/\",\"name\":\"Ova Hukuk\",\"description\":\"Hukuk | Dan\u0131\u015fmanl\u0131k\",\"publisher\":{\"@id\":\"https:\/\/ovahukuk.com\/#organization\"},\"potentialAction\":[{\"@type\":\"SearchAction\",\"target\":{\"@type\":\"EntryPoint\",\"urlTemplate\":\"https:\/\/ovahukuk.com\/?s={search_term_string}\"},\"query-input\":{\"@type\":\"PropertyValueSpecification\",\"valueRequired\":true,\"valueName\":\"search_term_string\"}}],\"inLanguage\":\"en-US\"},{\"@type\":\"Organization\",\"@id\":\"https:\/\/ovahukuk.com\/#organization\",\"name\":\"Ova Avukatl\u0131k B\u00fcrosu\",\"url\":\"https:\/\/ovahukuk.com\/\",\"logo\":{\"@type\":\"ImageObject\",\"inLanguage\":\"en-US\",\"@id\":\"https:\/\/ovahukuk.com\/#\/schema\/logo\/image\/\",\"url\":\"https:\/\/ovahukuk.com\/wp-content\/uploads\/2021\/08\/logo2-1.png\",\"contentUrl\":\"https:\/\/ovahukuk.com\/wp-content\/uploads\/2021\/08\/logo2-1.png\",\"width\":268,\"height\":265,\"caption\":\"Ova Avukatl\u0131k B\u00fcrosu\"},\"image\":{\"@id\":\"https:\/\/ovahukuk.com\/#\/schema\/logo\/image\/\"}}]}<\/script>\n<!-- \/ Yoast SEO plugin. -->","yoast_head_json":{"title":"Ceza Hukuku - Ova Avukatl\u0131k B\u00fcrosu","robots":{"index":"index","follow":"follow","max-snippet":"max-snippet:-1","max-image-preview":"max-image-preview:large","max-video-preview":"max-video-preview:-1"},"canonical":"https:\/\/ovahukuk.com\/en\/ceza-hukuku\/","og_locale":"en_US","og_type":"article","og_title":"Ceza Hukuku - Ova Avukatl\u0131k B\u00fcrosu","og_description":"Ceza Hukuku OVA Avukatl\u0131k B\u00fcrosu, ceza hukuku \u00f6zelinde m\u00fcvekkillerine soru\u015fturma a\u015famas\u0131ndan itibaren ihtiya\u00e7 duyulan avukatl\u0131k ve hukuki dan\u0131\u015fmanl\u0131k hizmetini sa\u011flamaktad\u0131r. Ceza hukuku alan\u0131nda uzun y\u0131llard\u0131r \u00e7al\u0131\u015fan, her t\u00fcrl\u00fc teknik bilgi, donan\u0131m ve tecr\u00fcbeye sahip avukatlar\u0131yla, soru\u015fturma ve davalar\u0131n y\u00fcr\u00fct\u00fclmesi ile infaz a\u015famas\u0131na kadar, cezai yapt\u0131r\u0131m tehdidi olan t\u00fcm i\u015f ve [&hellip;]","og_url":"https:\/\/ovahukuk.com\/en\/ceza-hukuku\/","og_site_name":"Ova Avukatl\u0131k B\u00fcrosu","article_modified_time":"2021-09-15T22:01:39+00:00","og_image":[{"width":2000,"height":1030,"url":"https:\/\/ovahukuk.com\/wp-content\/uploads\/2021\/08\/bg_2.jpg","type":"image\/jpeg"}],"twitter_card":"summary_large_image","twitter_misc":{"Est. reading time":"1 minute"},"schema":{"@context":"https:\/\/schema.org","@graph":[{"@type":"WebPage","@id":"https:\/\/ovahukuk.com\/ceza-hukuku\/","url":"https:\/\/ovahukuk.com\/ceza-hukuku\/","name":"Ceza Hukuku - Ova Avukatl\u0131k B\u00fcrosu","isPartOf":{"@id":"https:\/\/ovahukuk.com\/#website"},"primaryImageOfPage":{"@id":"https:\/\/ovahukuk.com\/ceza-hukuku\/#primaryimage"},"image":{"@id":"https:\/\/ovahukuk.com\/ceza-hukuku\/#primaryimage"},"thumbnailUrl":"https:\/\/ovahukuk.com\/wp-content\/uploads\/2021\/08\/bg_2.jpg","datePublished":"2021-08-05T09:13:27+00:00","dateModified":"2021-09-15T22:01:39+00:00","breadcrumb":{"@id":"https:\/\/ovahukuk.com\/ceza-hukuku\/#breadcrumb"},"inLanguage":"en-US","potentialAction":[{"@type":"ReadAction","target":["https:\/\/ovahukuk.com\/ceza-hukuku\/"]}]},{"@type":"ImageObject","inLanguage":"en-US","@id":"https:\/\/ovahukuk.com\/ceza-hukuku\/#primaryimage","url":"https:\/\/ovahukuk.com\/wp-content\/uploads\/2021\/08\/bg_2.jpg","contentUrl":"https:\/\/ovahukuk.com\/wp-content\/uploads\/2021\/08\/bg_2.jpg","width":2000,"height":1030},{"@type":"BreadcrumbList","@id":"https:\/\/ovahukuk.com\/ceza-hukuku\/#breadcrumb","itemListElement":[{"@type":"ListItem","position":1,"name":"Anasayfa","item":"https:\/\/ovahukuk.com\/"},{"@type":"ListItem","position":2,"name":"Ceza Hukuku"}]},{"@type":"WebSite","@id":"https:\/\/ovahukuk.com\/#website","url":"https:\/\/ovahukuk.com\/","name":"Ova Hukuk","description":"Hukuk | Dan\u0131\u015fmanl\u0131k","publisher":{"@id":"https:\/\/ovahukuk.com\/#organization"},"potentialAction":[{"@type":"SearchAction","target":{"@type":"EntryPoint","urlTemplate":"https:\/\/ovahukuk.com\/?s={search_term_string}"},"query-input":{"@type":"PropertyValueSpecification","valueRequired":true,"valueName":"search_term_string"}}],"inLanguage":"en-US"},{"@type":"Organization","@id":"https:\/\/ovahukuk.com\/#organization","name":"Ova Avukatl\u0131k B\u00fcrosu","url":"https:\/\/ovahukuk.com\/","logo":{"@type":"ImageObject","inLanguage":"en-US","@id":"https:\/\/ovahukuk.com\/#\/schema\/logo\/image\/","url":"https:\/\/ovahukuk.com\/wp-content\/uploads\/2021\/08\/logo2-1.png","contentUrl":"https:\/\/ovahukuk.com\/wp-content\/uploads\/2021\/08\/logo2-1.png","width":268,"height":265,"caption":"Ova Avukatl\u0131k B\u00fcrosu"},"image":{"@id":"https:\/\/ovahukuk.com\/#\/schema\/logo\/image\/"}}]}},"_links":{"self":[{"href":"https:\/\/ovahukuk.com\/en\/wp-json\/wp\/v2\/pages\/344","targetHints":{"allow":["GET"]}}],"collection":[{"href":"https:\/\/ovahukuk.com\/en\/wp-json\/wp\/v2\/pages"}],"about":[{"href":"https:\/\/ovahukuk.com\/en\/wp-json\/wp\/v2\/types\/page"}],"author":[{"embeddable":true,"href":"https:\/\/ovahukuk.com\/en\/wp-json\/wp\/v2\/users\/1"}],"replies":[{"embeddable":true,"href":"https:\/\/ovahukuk.com\/en\/wp-json\/wp\/v2\/comments?post=344"}],"version-history":[{"count":2,"href":"https:\/\/ovahukuk.com\/en\/wp-json\/wp\/v2\/pages\/344\/revisions"}],"predecessor-version":[{"id":558,"href":"https:\/\/ovahukuk.com\/en\/wp-json\/wp\/v2\/pages\/344\/revisions\/558"}],"wp:featuredmedia":[{"embeddable":true,"href":"https:\/\/ovahukuk.com\/en\/wp-json\/wp\/v2\/media\/49"}],"wp:attachment":[{"href":"https:\/\/ovahukuk.com\/en\/wp-json\/wp\/v2\/media?parent=344"}],"curies":[{"name":"wp","href":"https:\/\/api.w.org\/{rel}","templated":true}]}}