{"id":565,"date":"2021-09-17T19:59:55","date_gmt":"2021-09-17T19:59:55","guid":{"rendered":"https:\/\/ovahukuk.com\/?page_id=565"},"modified":"2021-09-17T20:00:41","modified_gmt":"2021-09-17T20:00:41","slug":"uluslararasi-tahkim","status":"publish","type":"page","link":"https:\/\/ovahukuk.com\/en\/uluslararasi-tahkim\/","title":{"rendered":"Uluslararas\u0131 Tahkim"},"content":{"rendered":"<!DOCTYPE html PUBLIC \"-\/\/W3C\/\/DTD HTML 4.0 Transitional\/\/EN\" \"http:\/\/www.w3.org\/TR\/REC-html40\/loose.dtd\">\n<html><body><h1 class=\"wp-block-heading\"><strong>Uluslararas\u0131 Tahkim<\/strong><\/h1>\n\n\n\n<p style=\"font-size:18px\">OVA Avukatl\u0131k B\u00fcrosu, \u015firketlerin ve \u015fah\u0131slar\u0131n uluslararas\u0131 alanda ya\u015fad\u0131\u011f\u0131 anla\u015fmazl\u0131klara ili\u015fkin olarak tahkim nezdinde de avukatl\u0131k ve dan\u0131\u015fmanl\u0131k hizmeti vermektedir. Bu kapsamda temelde faaliyet g\u00f6sterdi\u011fimiz konular; petrol ve gaz, in\u015faat, enerji ve altyap\u0131 projeleri, imtiyazlar, al\u0131m anla\u015fmalar\u0131, telekom\u00fcnikasyon, finans ve kurumsal i\u015flemler, joint ventures, sigorta ve reas\u00fcrans, fikri m\u00fclkiyet, \u00e7evre, ithalat ve ihracatt\u0131r. Bunlarla birlikte OVA Avukatl\u0131k B\u00fcrosu, di\u011fer \u00e7e\u015fitli alanlarda faaliyet g\u00f6steren uluslararas\u0131 i\u015fletmelere de avukatl\u0131k ve dan\u0131\u015fmanl\u0131k hizmeti vermektedir. OVA Avukatl\u0131k B\u00fcrosu, \u015firketler i\u00e7in \u00e7o\u011fu zaman karma\u015f\u0131k bir s\u00fcre\u00e7 halini alan uluslararas\u0131 uyu\u015fmazl\u0131klar\u0131, m\u00fcvekkiller y\u00f6n\u00fcnden komplekslikten uzakla\u015ft\u0131rarak en k\u0131sa s\u00fcrede en fazla sonu\u00e7 almay\u0131 hedef edinmi\u015ftir.<\/p>\n\n\n\n<div style=\"height:100px\" aria-hidden=\"true\" class=\"wp-block-spacer\"><\/div>\n<\/body><\/html>","protected":false},"excerpt":{"rendered":"<p>Uluslararas\u0131 Tahkim OVA Avukatl\u0131k B\u00fcrosu, \u015firketlerin ve \u015fah\u0131slar\u0131n uluslararas\u0131 alanda ya\u015fad\u0131\u011f\u0131 anla\u015fmazl\u0131klara ili\u015fkin olarak tahkim nezdinde de avukatl\u0131k ve dan\u0131\u015fmanl\u0131k hizmeti vermektedir. Bu kapsamda temelde faaliyet g\u00f6sterdi\u011fimiz konular; petrol ve gaz, in\u015faat, enerji ve altyap\u0131 projeleri, imtiyazlar, al\u0131m anla\u015fmalar\u0131, telekom\u00fcnikasyon, finans ve kurumsal i\u015flemler, joint ventures, sigorta ve reas\u00fcrans, fikri [&hellip;]<\/p>","protected":false},"author":1,"featured_media":49,"parent":0,"menu_order":0,"comment_status":"closed","ping_status":"closed","template":"page-templates\/template-fullwidth.php","meta":{"om_disable_all_campaigns":false,"_monsterinsights_skip_tracking":false,"_monsterinsights_sitenote_active":false,"_monsterinsights_sitenote_note":"","_monsterinsights_sitenote_category":0,"footnotes":""},"class_list":["post-565","page","type-page","status-publish","has-post-thumbnail","hentry"],"aioseo_notices":[],"yoast_head":"<!-- This site is optimized with the Yoast SEO plugin v26.7 - https:\/\/yoast.com\/wordpress\/plugins\/seo\/ -->\n<title>Uluslararas\u0131 Tahkim - Ova Avukatl\u0131k B\u00fcrosu<\/title>\n<meta name=\"robots\" content=\"index, follow, max-snippet:-1, max-image-preview:large, max-video-preview:-1\" \/>\n<link rel=\"canonical\" href=\"https:\/\/ovahukuk.com\/en\/uluslararasi-tahkim\/\" \/>\n<meta property=\"og:locale\" content=\"en_US\" \/>\n<meta property=\"og:type\" content=\"article\" \/>\n<meta property=\"og:title\" content=\"Uluslararas\u0131 Tahkim - Ova Avukatl\u0131k B\u00fcrosu\" \/>\n<meta property=\"og:description\" content=\"Uluslararas\u0131 Tahkim OVA Avukatl\u0131k B\u00fcrosu, \u015firketlerin ve \u015fah\u0131slar\u0131n uluslararas\u0131 alanda ya\u015fad\u0131\u011f\u0131 anla\u015fmazl\u0131klara ili\u015fkin olarak tahkim nezdinde de avukatl\u0131k ve dan\u0131\u015fmanl\u0131k hizmeti vermektedir. Bu kapsamda temelde faaliyet g\u00f6sterdi\u011fimiz konular; petrol ve gaz, in\u015faat, enerji ve altyap\u0131 projeleri, imtiyazlar, al\u0131m anla\u015fmalar\u0131, telekom\u00fcnikasyon, finans ve kurumsal i\u015flemler, joint ventures, sigorta ve reas\u00fcrans, fikri [&hellip;]\" \/>\n<meta property=\"og:url\" content=\"https:\/\/ovahukuk.com\/en\/uluslararasi-tahkim\/\" \/>\n<meta property=\"og:site_name\" content=\"Ova Avukatl\u0131k B\u00fcrosu\" \/>\n<meta property=\"article:modified_time\" content=\"2021-09-17T20:00:41+00:00\" \/>\n<meta property=\"og:image\" content=\"https:\/\/ovahukuk.com\/wp-content\/uploads\/2021\/08\/bg_2.jpg\" \/>\n\t<meta property=\"og:image:width\" content=\"2000\" \/>\n\t<meta property=\"og:image:height\" content=\"1030\" \/>\n\t<meta property=\"og:image:type\" content=\"image\/jpeg\" \/>\n<meta name=\"twitter:card\" content=\"summary_large_image\" \/>\n<meta name=\"twitter:label1\" content=\"Est. reading time\" \/>\n\t<meta name=\"twitter:data1\" content=\"1 minute\" \/>\n<script type=\"application\/ld+json\" class=\"yoast-schema-graph\">{\"@context\":\"https:\/\/schema.org\",\"@graph\":[{\"@type\":\"WebPage\",\"@id\":\"https:\/\/ovahukuk.com\/uluslararasi-tahkim\/\",\"url\":\"https:\/\/ovahukuk.com\/uluslararasi-tahkim\/\",\"name\":\"Uluslararas\u0131 Tahkim - Ova Avukatl\u0131k B\u00fcrosu\",\"isPartOf\":{\"@id\":\"https:\/\/ovahukuk.com\/#website\"},\"primaryImageOfPage\":{\"@id\":\"https:\/\/ovahukuk.com\/uluslararasi-tahkim\/#primaryimage\"},\"image\":{\"@id\":\"https:\/\/ovahukuk.com\/uluslararasi-tahkim\/#primaryimage\"},\"thumbnailUrl\":\"https:\/\/ovahukuk.com\/wp-content\/uploads\/2021\/08\/bg_2.jpg\",\"datePublished\":\"2021-09-17T19:59:55+00:00\",\"dateModified\":\"2021-09-17T20:00:41+00:00\",\"breadcrumb\":{\"@id\":\"https:\/\/ovahukuk.com\/uluslararasi-tahkim\/#breadcrumb\"},\"inLanguage\":\"en-US\",\"potentialAction\":[{\"@type\":\"ReadAction\",\"target\":[\"https:\/\/ovahukuk.com\/uluslararasi-tahkim\/\"]}]},{\"@type\":\"ImageObject\",\"inLanguage\":\"en-US\",\"@id\":\"https:\/\/ovahukuk.com\/uluslararasi-tahkim\/#primaryimage\",\"url\":\"https:\/\/ovahukuk.com\/wp-content\/uploads\/2021\/08\/bg_2.jpg\",\"contentUrl\":\"https:\/\/ovahukuk.com\/wp-content\/uploads\/2021\/08\/bg_2.jpg\",\"width\":2000,\"height\":1030},{\"@type\":\"BreadcrumbList\",\"@id\":\"https:\/\/ovahukuk.com\/uluslararasi-tahkim\/#breadcrumb\",\"itemListElement\":[{\"@type\":\"ListItem\",\"position\":1,\"name\":\"Anasayfa\",\"item\":\"https:\/\/ovahukuk.com\/\"},{\"@type\":\"ListItem\",\"position\":2,\"name\":\"Uluslararas\u0131 Tahkim\"}]},{\"@type\":\"WebSite\",\"@id\":\"https:\/\/ovahukuk.com\/#website\",\"url\":\"https:\/\/ovahukuk.com\/\",\"name\":\"Ova Hukuk\",\"description\":\"Hukuk | Dan\u0131\u015fmanl\u0131k\",\"publisher\":{\"@id\":\"https:\/\/ovahukuk.com\/#organization\"},\"potentialAction\":[{\"@type\":\"SearchAction\",\"target\":{\"@type\":\"EntryPoint\",\"urlTemplate\":\"https:\/\/ovahukuk.com\/?s={search_term_string}\"},\"query-input\":{\"@type\":\"PropertyValueSpecification\",\"valueRequired\":true,\"valueName\":\"search_term_string\"}}],\"inLanguage\":\"en-US\"},{\"@type\":\"Organization\",\"@id\":\"https:\/\/ovahukuk.com\/#organization\",\"name\":\"Ova Avukatl\u0131k B\u00fcrosu\",\"url\":\"https:\/\/ovahukuk.com\/\",\"logo\":{\"@type\":\"ImageObject\",\"inLanguage\":\"en-US\",\"@id\":\"https:\/\/ovahukuk.com\/#\/schema\/logo\/image\/\",\"url\":\"https:\/\/ovahukuk.com\/wp-content\/uploads\/2021\/08\/logo2-1.png\",\"contentUrl\":\"https:\/\/ovahukuk.com\/wp-content\/uploads\/2021\/08\/logo2-1.png\",\"width\":268,\"height\":265,\"caption\":\"Ova Avukatl\u0131k B\u00fcrosu\"},\"image\":{\"@id\":\"https:\/\/ovahukuk.com\/#\/schema\/logo\/image\/\"}}]}<\/script>\n<!-- \/ Yoast SEO plugin. -->","yoast_head_json":{"title":"Uluslararas\u0131 Tahkim - Ova Avukatl\u0131k B\u00fcrosu","robots":{"index":"index","follow":"follow","max-snippet":"max-snippet:-1","max-image-preview":"max-image-preview:large","max-video-preview":"max-video-preview:-1"},"canonical":"https:\/\/ovahukuk.com\/en\/uluslararasi-tahkim\/","og_locale":"en_US","og_type":"article","og_title":"Uluslararas\u0131 Tahkim - Ova Avukatl\u0131k B\u00fcrosu","og_description":"Uluslararas\u0131 Tahkim OVA Avukatl\u0131k B\u00fcrosu, \u015firketlerin ve \u015fah\u0131slar\u0131n uluslararas\u0131 alanda ya\u015fad\u0131\u011f\u0131 anla\u015fmazl\u0131klara ili\u015fkin olarak tahkim nezdinde de avukatl\u0131k ve dan\u0131\u015fmanl\u0131k hizmeti vermektedir. Bu kapsamda temelde faaliyet g\u00f6sterdi\u011fimiz konular; petrol ve gaz, in\u015faat, enerji ve altyap\u0131 projeleri, imtiyazlar, al\u0131m anla\u015fmalar\u0131, telekom\u00fcnikasyon, finans ve kurumsal i\u015flemler, joint ventures, sigorta ve reas\u00fcrans, fikri [&hellip;]","og_url":"https:\/\/ovahukuk.com\/en\/uluslararasi-tahkim\/","og_site_name":"Ova Avukatl\u0131k B\u00fcrosu","article_modified_time":"2021-09-17T20:00:41+00:00","og_image":[{"width":2000,"height":1030,"url":"https:\/\/ovahukuk.com\/wp-content\/uploads\/2021\/08\/bg_2.jpg","type":"image\/jpeg"}],"twitter_card":"summary_large_image","twitter_misc":{"Est. reading time":"1 minute"},"schema":{"@context":"https:\/\/schema.org","@graph":[{"@type":"WebPage","@id":"https:\/\/ovahukuk.com\/uluslararasi-tahkim\/","url":"https:\/\/ovahukuk.com\/uluslararasi-tahkim\/","name":"Uluslararas\u0131 Tahkim - Ova Avukatl\u0131k B\u00fcrosu","isPartOf":{"@id":"https:\/\/ovahukuk.com\/#website"},"primaryImageOfPage":{"@id":"https:\/\/ovahukuk.com\/uluslararasi-tahkim\/#primaryimage"},"image":{"@id":"https:\/\/ovahukuk.com\/uluslararasi-tahkim\/#primaryimage"},"thumbnailUrl":"https:\/\/ovahukuk.com\/wp-content\/uploads\/2021\/08\/bg_2.jpg","datePublished":"2021-09-17T19:59:55+00:00","dateModified":"2021-09-17T20:00:41+00:00","breadcrumb":{"@id":"https:\/\/ovahukuk.com\/uluslararasi-tahkim\/#breadcrumb"},"inLanguage":"en-US","potentialAction":[{"@type":"ReadAction","target":["https:\/\/ovahukuk.com\/uluslararasi-tahkim\/"]}]},{"@type":"ImageObject","inLanguage":"en-US","@id":"https:\/\/ovahukuk.com\/uluslararasi-tahkim\/#primaryimage","url":"https:\/\/ovahukuk.com\/wp-content\/uploads\/2021\/08\/bg_2.jpg","contentUrl":"https:\/\/ovahukuk.com\/wp-content\/uploads\/2021\/08\/bg_2.jpg","width":2000,"height":1030},{"@type":"BreadcrumbList","@id":"https:\/\/ovahukuk.com\/uluslararasi-tahkim\/#breadcrumb","itemListElement":[{"@type":"ListItem","position":1,"name":"Anasayfa","item":"https:\/\/ovahukuk.com\/"},{"@type":"ListItem","position":2,"name":"Uluslararas\u0131 Tahkim"}]},{"@type":"WebSite","@id":"https:\/\/ovahukuk.com\/#website","url":"https:\/\/ovahukuk.com\/","name":"Ova Hukuk","description":"Hukuk | Dan\u0131\u015fmanl\u0131k","publisher":{"@id":"https:\/\/ovahukuk.com\/#organization"},"potentialAction":[{"@type":"SearchAction","target":{"@type":"EntryPoint","urlTemplate":"https:\/\/ovahukuk.com\/?s={search_term_string}"},"query-input":{"@type":"PropertyValueSpecification","valueRequired":true,"valueName":"search_term_string"}}],"inLanguage":"en-US"},{"@type":"Organization","@id":"https:\/\/ovahukuk.com\/#organization","name":"Ova Avukatl\u0131k B\u00fcrosu","url":"https:\/\/ovahukuk.com\/","logo":{"@type":"ImageObject","inLanguage":"en-US","@id":"https:\/\/ovahukuk.com\/#\/schema\/logo\/image\/","url":"https:\/\/ovahukuk.com\/wp-content\/uploads\/2021\/08\/logo2-1.png","contentUrl":"https:\/\/ovahukuk.com\/wp-content\/uploads\/2021\/08\/logo2-1.png","width":268,"height":265,"caption":"Ova Avukatl\u0131k B\u00fcrosu"},"image":{"@id":"https:\/\/ovahukuk.com\/#\/schema\/logo\/image\/"}}]}},"_links":{"self":[{"href":"https:\/\/ovahukuk.com\/en\/wp-json\/wp\/v2\/pages\/565","targetHints":{"allow":["GET"]}}],"collection":[{"href":"https:\/\/ovahukuk.com\/en\/wp-json\/wp\/v2\/pages"}],"about":[{"href":"https:\/\/ovahukuk.com\/en\/wp-json\/wp\/v2\/types\/page"}],"author":[{"embeddable":true,"href":"https:\/\/ovahukuk.com\/en\/wp-json\/wp\/v2\/users\/1"}],"replies":[{"embeddable":true,"href":"https:\/\/ovahukuk.com\/en\/wp-json\/wp\/v2\/comments?post=565"}],"version-history":[{"count":2,"href":"https:\/\/ovahukuk.com\/en\/wp-json\/wp\/v2\/pages\/565\/revisions"}],"predecessor-version":[{"id":567,"href":"https:\/\/ovahukuk.com\/en\/wp-json\/wp\/v2\/pages\/565\/revisions\/567"}],"wp:featuredmedia":[{"embeddable":true,"href":"https:\/\/ovahukuk.com\/en\/wp-json\/wp\/v2\/media\/49"}],"wp:attachment":[{"href":"https:\/\/ovahukuk.com\/en\/wp-json\/wp\/v2\/media?parent=565"}],"curies":[{"name":"wp","href":"https:\/\/api.w.org\/{rel}","templated":true}]}}