{"id":569,"date":"2021-09-17T20:06:24","date_gmt":"2021-09-17T17:06:24","guid":{"rendered":"https:\/\/ovahukuk.com\/?page_id=569"},"modified":"2023-10-10T22:41:27","modified_gmt":"2023-10-10T19:41:27","slug":"yabancilar-ve-vatandaslik-hukuku","status":"publish","type":"page","link":"https:\/\/ovahukuk.com\/en\/yabancilar-ve-vatandaslik-hukuku\/","title":{"rendered":"17. Yabanc\u0131lar ve Vatanda\u015fl\u0131k Hukuku"},"content":{"rendered":"<!DOCTYPE html PUBLIC \"-\/\/W3C\/\/DTD HTML 4.0 Transitional\/\/EN\" \"http:\/\/www.w3.org\/TR\/REC-html40\/loose.dtd\">\n<html><body><h1 class=\"wp-block-heading\"><strong>Yabanc\u0131lar ve Vatanda\u015fl\u0131k Hukuku<\/strong><\/h1>\n\n\n\n<p style=\"font-size:18px\">OVA Avukatl\u0131k B\u00fcrosu T\u00fcrkiye\u2019de ikamet eden yabanc\u0131 uyruklu ki\u015filerin hukuki ihtiya\u00e7lar\u0131na y\u00f6nelik her t\u00fcrl\u00fc dan\u0131\u015fmanl\u0131k ve avukatl\u0131k hizmeti vermekte olup, bu kapsamda verilen hizmetlerin ba\u015fl\u0131ca \u015f\u00f6yledir:<\/p>\n\n\n\n<ul class=\"wp-block-list\" style=\"font-size:18px\"><li>Yabanc\u0131lar\u0131n ta\u015f\u0131nmaz sat\u0131n almas\u0131, kiralamas\u0131, \u015firket ortakl\u0131\u011f\u0131 yapmas\u0131 ve i\u015fyeri a\u00e7malar\u0131na ili\u015fkin hukuki dan\u0131\u015fmanl\u0131k,<\/li><li>T\u00fcrk Vatanda\u015fl\u0131\u011f\u0131 ba\u015fvuru, vatanda\u015fl\u0131k ba\u015fvurular\u0131n\u0131n ret kararlar\u0131na kar\u015f\u0131 itiraz ve davalara ili\u015fkin avukatl\u0131k hizmeti,<\/li><li>T\u00fcrkiye\u2019de ya\u015famak isteyen yabanc\u0131lar\u0131n oturma izni, oturma izni uzatma ba\u015fvurular\u0131n\u0131n yap\u0131lmas\u0131, takibi ve sonu\u00e7land\u0131r\u0131lmas\u0131,<\/li><li>T\u00fcrkiye\u2019de istihdam edilmesi planlanan yabanc\u0131lar\u0131n \u00e7al\u0131\u015fma izni, \u00e7al\u0131\u015fma izin uzat\u0131m ba\u015fvurusunun yap\u0131lmas\u0131, takibi ve sonu\u00e7land\u0131r\u0131lmas\u0131,<\/li><li>T\u00fcrkiye\u2019de \u00e7al\u0131\u015fma izni edinecek ki\u015filerin de e\u015fi ve \u00e7ocuklar\u0131na da destekleyici yoluyla aile ikamet izni ba\u015fvurusunun yap\u0131lmas\u0131, takibi ve sonu\u00e7land\u0131r\u0131lmas\u0131,<\/li><li>5901 Say\u0131l\u0131 T\u00fcrk Vatanda\u015fl\u0131\u011f\u0131 Kanunu kapsam\u0131nda, T\u00fcrk Vatanda\u015fl\u0131\u011f\u0131n\u0131 kazanmak etmek isteyen yabanc\u0131lar\u0131n vatanda\u015fl\u0131k ba\u015fvuru i\u015flemlerinin yap\u0131lmas\u0131, takibi ve sonu\u00e7land\u0131r\u0131lmas\u0131,<\/li><li>3065 Say\u0131l\u0131 Katma De\u011fer Vergisi Kanunu 13\/i bendi kapsam\u0131nda, T\u00fcrkiye\u2019de yerle\u015fik olmayan yabanc\u0131lar\u0131n T\u00fcrkiye\u2019de ta\u015f\u0131nmaz sat\u0131n al\u0131mlar\u0131nda \u00f6demekle y\u00fck\u00fcml\u00fc olan katma de\u011fer vergisinden muafiyet ba\u015fvuru i\u015flemlerinin yap\u0131lmas\u0131, takibi ve sonu\u00e7land\u0131r\u0131lmas\u0131,<\/li><li>T\u00fcrk vatanda\u015fl\u0131\u011f\u0131 alma konusunda, hukuki haz\u0131rl\u0131\u011f\u0131n yap\u0131lmas\u0131 ve s\u00fcrecin etkin takibi gibi, ancak bunlarla s\u0131n\u0131rl\u0131 olmamak \u00fczere gerekli t\u00fcm hukuki dan\u0131\u015fmanl\u0131k ve avukatl\u0131k hizmeti verilmektedir.<\/li><\/ul>\n\n\n\n<div style=\"height:100px\" aria-hidden=\"true\" class=\"wp-block-spacer\"><\/div>\n<\/body><\/html>","protected":false},"excerpt":{"rendered":"<p>Yabanc\u0131lar ve Vatanda\u015fl\u0131k Hukuku OVA Avukatl\u0131k B\u00fcrosu T\u00fcrkiye\u2019de ikamet eden yabanc\u0131 uyruklu ki\u015filerin hukuki ihtiya\u00e7lar\u0131na y\u00f6nelik her t\u00fcrl\u00fc dan\u0131\u015fmanl\u0131k ve avukatl\u0131k hizmeti vermekte olup, bu kapsamda verilen hizmetlerin ba\u015fl\u0131ca \u015f\u00f6yledir: Yabanc\u0131lar\u0131n ta\u015f\u0131nmaz sat\u0131n almas\u0131, kiralamas\u0131, \u015firket ortakl\u0131\u011f\u0131 yapmas\u0131 ve i\u015fyeri a\u00e7malar\u0131na ili\u015fkin hukuki dan\u0131\u015fmanl\u0131k, T\u00fcrk Vatanda\u015fl\u0131\u011f\u0131 ba\u015fvuru, vatanda\u015fl\u0131k ba\u015fvurular\u0131n\u0131n ret [&hellip;]<\/p>","protected":false},"author":1,"featured_media":49,"parent":0,"menu_order":0,"comment_status":"closed","ping_status":"closed","template":"page-templates\/template-fullwidth.php","meta":{"om_disable_all_campaigns":false,"_monsterinsights_skip_tracking":false,"_monsterinsights_sitenote_active":false,"_monsterinsights_sitenote_note":"","_monsterinsights_sitenote_category":0,"footnotes":""},"class_list":["post-569","page","type-page","status-publish","has-post-thumbnail","hentry"],"aioseo_notices":[],"yoast_head":"<!-- This site is optimized with the Yoast SEO plugin v26.7 - https:\/\/yoast.com\/wordpress\/plugins\/seo\/ -->\n<title>17. Yabanc\u0131lar ve Vatanda\u015fl\u0131k Hukuku - Ova Avukatl\u0131k B\u00fcrosu<\/title>\n<meta name=\"robots\" content=\"index, follow, max-snippet:-1, max-image-preview:large, max-video-preview:-1\" \/>\n<link rel=\"canonical\" href=\"https:\/\/ovahukuk.com\/en\/yabancilar-ve-vatandaslik-hukuku\/\" \/>\n<meta property=\"og:locale\" content=\"en_US\" \/>\n<meta property=\"og:type\" content=\"article\" \/>\n<meta property=\"og:title\" content=\"17. Yabanc\u0131lar ve Vatanda\u015fl\u0131k Hukuku - Ova Avukatl\u0131k B\u00fcrosu\" \/>\n<meta property=\"og:description\" content=\"Yabanc\u0131lar ve Vatanda\u015fl\u0131k Hukuku OVA Avukatl\u0131k B\u00fcrosu T\u00fcrkiye\u2019de ikamet eden yabanc\u0131 uyruklu ki\u015filerin hukuki ihtiya\u00e7lar\u0131na y\u00f6nelik her t\u00fcrl\u00fc dan\u0131\u015fmanl\u0131k ve avukatl\u0131k hizmeti vermekte olup, bu kapsamda verilen hizmetlerin ba\u015fl\u0131ca \u015f\u00f6yledir: Yabanc\u0131lar\u0131n ta\u015f\u0131nmaz sat\u0131n almas\u0131, kiralamas\u0131, \u015firket ortakl\u0131\u011f\u0131 yapmas\u0131 ve i\u015fyeri a\u00e7malar\u0131na ili\u015fkin hukuki dan\u0131\u015fmanl\u0131k, T\u00fcrk Vatanda\u015fl\u0131\u011f\u0131 ba\u015fvuru, vatanda\u015fl\u0131k ba\u015fvurular\u0131n\u0131n ret [&hellip;]\" \/>\n<meta property=\"og:url\" content=\"https:\/\/ovahukuk.com\/en\/yabancilar-ve-vatandaslik-hukuku\/\" \/>\n<meta property=\"og:site_name\" content=\"Ova Avukatl\u0131k B\u00fcrosu\" \/>\n<meta property=\"article:modified_time\" content=\"2023-10-10T19:41:27+00:00\" \/>\n<meta property=\"og:image\" content=\"https:\/\/ovahukuk.com\/wp-content\/uploads\/2021\/08\/bg_2.jpg\" \/>\n\t<meta property=\"og:image:width\" content=\"2000\" \/>\n\t<meta property=\"og:image:height\" content=\"1030\" \/>\n\t<meta property=\"og:image:type\" content=\"image\/jpeg\" \/>\n<meta name=\"twitter:card\" content=\"summary_large_image\" \/>\n<meta name=\"twitter:label1\" content=\"Est. reading time\" \/>\n\t<meta name=\"twitter:data1\" content=\"1 minute\" \/>\n<script type=\"application\/ld+json\" class=\"yoast-schema-graph\">{\"@context\":\"https:\/\/schema.org\",\"@graph\":[{\"@type\":\"WebPage\",\"@id\":\"https:\/\/ovahukuk.com\/yabancilar-ve-vatandaslik-hukuku\/\",\"url\":\"https:\/\/ovahukuk.com\/yabancilar-ve-vatandaslik-hukuku\/\",\"name\":\"17. Yabanc\u0131lar ve Vatanda\u015fl\u0131k Hukuku - Ova Avukatl\u0131k B\u00fcrosu\",\"isPartOf\":{\"@id\":\"https:\/\/ovahukuk.com\/#website\"},\"primaryImageOfPage\":{\"@id\":\"https:\/\/ovahukuk.com\/yabancilar-ve-vatandaslik-hukuku\/#primaryimage\"},\"image\":{\"@id\":\"https:\/\/ovahukuk.com\/yabancilar-ve-vatandaslik-hukuku\/#primaryimage\"},\"thumbnailUrl\":\"https:\/\/ovahukuk.com\/wp-content\/uploads\/2021\/08\/bg_2.jpg\",\"datePublished\":\"2021-09-17T17:06:24+00:00\",\"dateModified\":\"2023-10-10T19:41:27+00:00\",\"breadcrumb\":{\"@id\":\"https:\/\/ovahukuk.com\/yabancilar-ve-vatandaslik-hukuku\/#breadcrumb\"},\"inLanguage\":\"en-US\",\"potentialAction\":[{\"@type\":\"ReadAction\",\"target\":[\"https:\/\/ovahukuk.com\/yabancilar-ve-vatandaslik-hukuku\/\"]}]},{\"@type\":\"ImageObject\",\"inLanguage\":\"en-US\",\"@id\":\"https:\/\/ovahukuk.com\/yabancilar-ve-vatandaslik-hukuku\/#primaryimage\",\"url\":\"https:\/\/ovahukuk.com\/wp-content\/uploads\/2021\/08\/bg_2.jpg\",\"contentUrl\":\"https:\/\/ovahukuk.com\/wp-content\/uploads\/2021\/08\/bg_2.jpg\",\"width\":2000,\"height\":1030},{\"@type\":\"BreadcrumbList\",\"@id\":\"https:\/\/ovahukuk.com\/yabancilar-ve-vatandaslik-hukuku\/#breadcrumb\",\"itemListElement\":[{\"@type\":\"ListItem\",\"position\":1,\"name\":\"Anasayfa\",\"item\":\"https:\/\/ovahukuk.com\/\"},{\"@type\":\"ListItem\",\"position\":2,\"name\":\"17. Yabanc\u0131lar ve Vatanda\u015fl\u0131k Hukuku\"}]},{\"@type\":\"WebSite\",\"@id\":\"https:\/\/ovahukuk.com\/#website\",\"url\":\"https:\/\/ovahukuk.com\/\",\"name\":\"Ova Hukuk\",\"description\":\"Hukuk | Dan\u0131\u015fmanl\u0131k\",\"publisher\":{\"@id\":\"https:\/\/ovahukuk.com\/#organization\"},\"potentialAction\":[{\"@type\":\"SearchAction\",\"target\":{\"@type\":\"EntryPoint\",\"urlTemplate\":\"https:\/\/ovahukuk.com\/?s={search_term_string}\"},\"query-input\":{\"@type\":\"PropertyValueSpecification\",\"valueRequired\":true,\"valueName\":\"search_term_string\"}}],\"inLanguage\":\"en-US\"},{\"@type\":\"Organization\",\"@id\":\"https:\/\/ovahukuk.com\/#organization\",\"name\":\"Ova Avukatl\u0131k B\u00fcrosu\",\"url\":\"https:\/\/ovahukuk.com\/\",\"logo\":{\"@type\":\"ImageObject\",\"inLanguage\":\"en-US\",\"@id\":\"https:\/\/ovahukuk.com\/#\/schema\/logo\/image\/\",\"url\":\"https:\/\/ovahukuk.com\/wp-content\/uploads\/2021\/08\/logo2-1.png\",\"contentUrl\":\"https:\/\/ovahukuk.com\/wp-content\/uploads\/2021\/08\/logo2-1.png\",\"width\":268,\"height\":265,\"caption\":\"Ova Avukatl\u0131k B\u00fcrosu\"},\"image\":{\"@id\":\"https:\/\/ovahukuk.com\/#\/schema\/logo\/image\/\"}}]}<\/script>\n<!-- \/ Yoast SEO plugin. -->","yoast_head_json":{"title":"17. Yabanc\u0131lar ve Vatanda\u015fl\u0131k Hukuku - Ova Avukatl\u0131k B\u00fcrosu","robots":{"index":"index","follow":"follow","max-snippet":"max-snippet:-1","max-image-preview":"max-image-preview:large","max-video-preview":"max-video-preview:-1"},"canonical":"https:\/\/ovahukuk.com\/en\/yabancilar-ve-vatandaslik-hukuku\/","og_locale":"en_US","og_type":"article","og_title":"17. Yabanc\u0131lar ve Vatanda\u015fl\u0131k Hukuku - Ova Avukatl\u0131k B\u00fcrosu","og_description":"Yabanc\u0131lar ve Vatanda\u015fl\u0131k Hukuku OVA Avukatl\u0131k B\u00fcrosu T\u00fcrkiye\u2019de ikamet eden yabanc\u0131 uyruklu ki\u015filerin hukuki ihtiya\u00e7lar\u0131na y\u00f6nelik her t\u00fcrl\u00fc dan\u0131\u015fmanl\u0131k ve avukatl\u0131k hizmeti vermekte olup, bu kapsamda verilen hizmetlerin ba\u015fl\u0131ca \u015f\u00f6yledir: Yabanc\u0131lar\u0131n ta\u015f\u0131nmaz sat\u0131n almas\u0131, kiralamas\u0131, \u015firket ortakl\u0131\u011f\u0131 yapmas\u0131 ve i\u015fyeri a\u00e7malar\u0131na ili\u015fkin hukuki dan\u0131\u015fmanl\u0131k, T\u00fcrk Vatanda\u015fl\u0131\u011f\u0131 ba\u015fvuru, vatanda\u015fl\u0131k ba\u015fvurular\u0131n\u0131n ret [&hellip;]","og_url":"https:\/\/ovahukuk.com\/en\/yabancilar-ve-vatandaslik-hukuku\/","og_site_name":"Ova Avukatl\u0131k B\u00fcrosu","article_modified_time":"2023-10-10T19:41:27+00:00","og_image":[{"width":2000,"height":1030,"url":"https:\/\/ovahukuk.com\/wp-content\/uploads\/2021\/08\/bg_2.jpg","type":"image\/jpeg"}],"twitter_card":"summary_large_image","twitter_misc":{"Est. reading time":"1 minute"},"schema":{"@context":"https:\/\/schema.org","@graph":[{"@type":"WebPage","@id":"https:\/\/ovahukuk.com\/yabancilar-ve-vatandaslik-hukuku\/","url":"https:\/\/ovahukuk.com\/yabancilar-ve-vatandaslik-hukuku\/","name":"17. Yabanc\u0131lar ve Vatanda\u015fl\u0131k Hukuku - Ova Avukatl\u0131k B\u00fcrosu","isPartOf":{"@id":"https:\/\/ovahukuk.com\/#website"},"primaryImageOfPage":{"@id":"https:\/\/ovahukuk.com\/yabancilar-ve-vatandaslik-hukuku\/#primaryimage"},"image":{"@id":"https:\/\/ovahukuk.com\/yabancilar-ve-vatandaslik-hukuku\/#primaryimage"},"thumbnailUrl":"https:\/\/ovahukuk.com\/wp-content\/uploads\/2021\/08\/bg_2.jpg","datePublished":"2021-09-17T17:06:24+00:00","dateModified":"2023-10-10T19:41:27+00:00","breadcrumb":{"@id":"https:\/\/ovahukuk.com\/yabancilar-ve-vatandaslik-hukuku\/#breadcrumb"},"inLanguage":"en-US","potentialAction":[{"@type":"ReadAction","target":["https:\/\/ovahukuk.com\/yabancilar-ve-vatandaslik-hukuku\/"]}]},{"@type":"ImageObject","inLanguage":"en-US","@id":"https:\/\/ovahukuk.com\/yabancilar-ve-vatandaslik-hukuku\/#primaryimage","url":"https:\/\/ovahukuk.com\/wp-content\/uploads\/2021\/08\/bg_2.jpg","contentUrl":"https:\/\/ovahukuk.com\/wp-content\/uploads\/2021\/08\/bg_2.jpg","width":2000,"height":1030},{"@type":"BreadcrumbList","@id":"https:\/\/ovahukuk.com\/yabancilar-ve-vatandaslik-hukuku\/#breadcrumb","itemListElement":[{"@type":"ListItem","position":1,"name":"Anasayfa","item":"https:\/\/ovahukuk.com\/"},{"@type":"ListItem","position":2,"name":"17. Yabanc\u0131lar ve Vatanda\u015fl\u0131k Hukuku"}]},{"@type":"WebSite","@id":"https:\/\/ovahukuk.com\/#website","url":"https:\/\/ovahukuk.com\/","name":"Ova Hukuk","description":"Hukuk | Dan\u0131\u015fmanl\u0131k","publisher":{"@id":"https:\/\/ovahukuk.com\/#organization"},"potentialAction":[{"@type":"SearchAction","target":{"@type":"EntryPoint","urlTemplate":"https:\/\/ovahukuk.com\/?s={search_term_string}"},"query-input":{"@type":"PropertyValueSpecification","valueRequired":true,"valueName":"search_term_string"}}],"inLanguage":"en-US"},{"@type":"Organization","@id":"https:\/\/ovahukuk.com\/#organization","name":"Ova Avukatl\u0131k B\u00fcrosu","url":"https:\/\/ovahukuk.com\/","logo":{"@type":"ImageObject","inLanguage":"en-US","@id":"https:\/\/ovahukuk.com\/#\/schema\/logo\/image\/","url":"https:\/\/ovahukuk.com\/wp-content\/uploads\/2021\/08\/logo2-1.png","contentUrl":"https:\/\/ovahukuk.com\/wp-content\/uploads\/2021\/08\/logo2-1.png","width":268,"height":265,"caption":"Ova Avukatl\u0131k B\u00fcrosu"},"image":{"@id":"https:\/\/ovahukuk.com\/#\/schema\/logo\/image\/"}}]}},"_links":{"self":[{"href":"https:\/\/ovahukuk.com\/en\/wp-json\/wp\/v2\/pages\/569","targetHints":{"allow":["GET"]}}],"collection":[{"href":"https:\/\/ovahukuk.com\/en\/wp-json\/wp\/v2\/pages"}],"about":[{"href":"https:\/\/ovahukuk.com\/en\/wp-json\/wp\/v2\/types\/page"}],"author":[{"embeddable":true,"href":"https:\/\/ovahukuk.com\/en\/wp-json\/wp\/v2\/users\/1"}],"replies":[{"embeddable":true,"href":"https:\/\/ovahukuk.com\/en\/wp-json\/wp\/v2\/comments?post=569"}],"version-history":[{"count":2,"href":"https:\/\/ovahukuk.com\/en\/wp-json\/wp\/v2\/pages\/569\/revisions"}],"predecessor-version":[{"id":571,"href":"https:\/\/ovahukuk.com\/en\/wp-json\/wp\/v2\/pages\/569\/revisions\/571"}],"wp:featuredmedia":[{"embeddable":true,"href":"https:\/\/ovahukuk.com\/en\/wp-json\/wp\/v2\/media\/49"}],"wp:attachment":[{"href":"https:\/\/ovahukuk.com\/en\/wp-json\/wp\/v2\/media?parent=569"}],"curies":[{"name":"wp","href":"https:\/\/api.w.org\/{rel}","templated":true}]}}