{"id":86,"date":"2021-08-02T19:29:56","date_gmt":"2021-08-02T16:29:56","guid":{"rendered":"https:\/\/ovahukuk.com\/?page_id=86"},"modified":"2023-10-10T22:40:56","modified_gmt":"2023-10-10T19:40:56","slug":"ekibimiz","status":"publish","type":"page","link":"https:\/\/ovahukuk.com\/en\/ekibimiz\/","title":{"rendered":"\u00a0Ekibimiz"},"content":{"rendered":"<!DOCTYPE html PUBLIC \"-\/\/W3C\/\/DTD HTML 4.0 Transitional\/\/EN\" \"http:\/\/www.w3.org\/TR\/REC-html40\/loose.dtd\">\n<html><body><h1 class=\"wp-block-heading\">Ekibimiz<\/h1>\n\n\n\t<!-- wpshopmart team builder wrapper -->\r\n\t<div class=\"wpsm_team_3_b_row\" id=\"wpsm_team_3_b_row_175\">\r\n\t\t<div class=\"wpsm_row\">  \r\n\t\t\t<style>\r\n\t\t\t#wpsm_team_3_b_row_175 .wpsm_row{\r\n\t\t\t\tpadding:20px 0;\r\n\t\t\t}\r\n\t\t\t#wpsm_team_3_b_row_175 .wpsm_team_3_member_wrapper_inner h3{\r\n\t\t\t\tcolor:#000000 !important;\r\n\t\t\t\tfont-size:24px !important;\r\n\t\t\t\t\t\t\t\t  font-family:'Open Sans';\r\n\t\t\t\t\t\t\t\t\r\n\t\t\t}\r\n\t\t\t#wpsm_team_3_b_row_175 .wpsm_team_3_name_divider{\r\n\t\t\t\tbackground-color:#000000 !important;\r\n\t\t\t}\r\n\t\t\t#wpsm_team_3_b_row_175 .wpsm_team_3_b_desig{\r\n\t\t\t\tcolor:#918000 !important;\r\n\t\t\t\tfont-size:25px !important;\r\n\t\t\t\t\t\t\t\t   font-family:'Open Sans';\r\n\t\t\t\t\t\t\t}\r\n\t\t\t#wpsm_team_3_b_row_175 .wpsm_team_3_b_desc{\r\n\t\t\t\tcolor:#000000 !important;\r\n\t\t\t\tfont-size:14px !important;\r\n\t\t\t\t\t\t\t\t   font-family:'Open Sans';\r\n\t\t\t\t\t\t\t}\r\n\t\t\t#wpsm_team_3_b_row_175  p{\r\n\t\t\t\tcolor:#000000 !important;\r\n\t\t\t\tfont-size:14px !important;\r\n\t\t\t    \t\t\t\t   font-family:'Open Sans';\r\n\t\t\t\t\t\t\t\t\r\n\t\t\t}\r\n\t\t\t#wpsm_team_3_b_row_175 .wpsm_team_3_name_divider {\r\n\t\t\t\theight: 0px;\r\n\t\t\t}\r\n\t\t\t\r\n\t\t\t#wpsm_team_3_b_row_175 .wpsm_team_3_social_div a i{\r\n\t\t\t\tcolor:#4f4f4f !important;\r\n\t\t\t\tbackground: transparent !important;\r\n\t\t\t}\r\n\t\t\t#wpsm_team_3_b_row_175 .wpsm_tram_img_wrap {\r\n\t\t\t  width: 100px !important;\r\n\t\t\t  height: 100px !important;\r\n\t\t\t  border-radius: 50% !important;\r\n\t\t\t  position: relative !important;\r\n\t\t\t  overflow: hidden !important;\r\n\t\t\t  margin-left:auto !important;\r\n\t\t\t  margin-right:auto !important;\r\n\t\t\t}\r\n\t\t\t#wpsm_team_3_b_row_175 .wpsm_tram_img_wrap img {\r\n\t\t\t  min-width: 100% !important;\r\n\t\t\t  min-height: 100% !important;\r\n\t\t\t  width: auto !important;\r\n\t\t\t  height: auto !important;\r\n\t\t\t  position: absolute !important;\r\n\t\t\t  left: 50% !important;\r\n\t\t\t  top: 50% !important;\r\n\t\t\t  -webkit-transform: translate(-50%, -50%) !important;\r\n\t\t\t  -moz-transform: translate(-50%, -50%) !important;\r\n\t\t\t  -ms-transform: translate(-50%, -50%) !important;\r\n\t\t\t\ttransform: translate(-50%, -50%) !important;\r\n\t\t\t\t}\r\n\t\t\t\t\r\n\t\t\t\t#wpsm_team_3_b_row_175 .wpsm_team_3_member_wrapper{\r\n\t\t\t\tbackground:#ffffff !important;\r\n\t\t\t}\r\n\t\t\t#wpsm_team_3_b_row_175 .wpsm_tram_img_wrap {\r\n    width: 100px!important;\r\n    height: 0px!important;\t\t\t\r\n\t\t\t<\/style>\r\n\t\t\t\t\t\t \r\n\t\t\t\t\t<div class=\"wpsm_col-md-4 wpsm_col-sm-6 wpsm-col-div wpsm_single_team\">\r\n\t\t\t\t\t\t<div class=\"wpsm_team_3_member_wrapper\">\r\n\t\t\t\t\t\t\t<div class=\"wpsm_tram_img_wrap\">\r\n\t\t\t\t\t\t\t  <img decoding=\"async\" class=\"img-responsive wpsm_team_3_mem_img\" src=\"https:\/\/ovahukuk.com\/wp-content\/uploads\/2021\/08\/Adsiz.png\" alt=\"Av. G\u00fcner OVA\">\r\n\t\t\t\t\t\t\t<\/div>\r\n\t\t\t\t\t\t\t\r\n\t\t\t\t\t\t\t<div class=\"wpsm_team_3_member_wrapper_inner\">\r\n\t\t\t\t\t\t\t\t<h3>\r\n\t\t\t\t\t\t\t\t\tAv. G\u00fcner OVA\t\t\t\t\t\t\t\t\t<div class=\"wpsm_team_3_name_divider\"><\/div>\r\n\t\t\t\t\t\t\t\t<\/h3>\r\n\t\t\t\t\t\t\t\t<span class=\"wpsm_team_3_b_desig\"> Avukat <\/span> \t\t\t\t\t\t\t\t<p class=\"wpsm_team_3_b_desc\"> <a href=\"https:\/\/ovahukuk.com\/en\/guner-ova\/\">\r\n<img decoding=\"async\" src=\"https:\/\/ovahukuk.com\/wp-content\/uploads\/2021\/08\/Adsiz-300x300.png\">\r\n <\/a> <\/p> \t\t\t\t\t\t\t\t<div class=\"wpsm_team_3_social_div\">\r\n\t\t\t\t\t\t\t\t\t\t\t\t\t\t\t\t\t\t\t\t\t\t\t\t\t\t\t\t\t\t\t\t\t\t\t\t\t\t\t\t\t\t\t\t<\/div>\r\n\t\t\t\t\t\t\t<\/div>\r\n\t\t\t\t\t\t<\/div>\r\n\t\t\t\t\t<\/div>\r\n\t\t\t\t\t\t\t\t\t\t\t\t\t \r\n\t\t\t\t\t<div class=\"wpsm_col-md-4 wpsm_col-sm-6 wpsm-col-div wpsm_single_team\">\r\n\t\t\t\t\t\t<div class=\"wpsm_team_3_member_wrapper\">\r\n\t\t\t\t\t\t\t<div class=\"wpsm_tram_img_wrap\">\r\n\t\t\t\t\t\t\t  <img decoding=\"async\" class=\"img-responsive wpsm_team_3_mem_img\" src=\"https:\/\/ovahukuk.com\/wp-content\/uploads\/2021\/08\/Adsiz.png\" alt=\"Av. Serdan OVA - LL.M.\">\r\n\t\t\t\t\t\t\t<\/div>\r\n\t\t\t\t\t\t\t\r\n\t\t\t\t\t\t\t<div class=\"wpsm_team_3_member_wrapper_inner\">\r\n\t\t\t\t\t\t\t\t<h3>\r\n\t\t\t\t\t\t\t\t\tAv. Serdan OVA - LL.M.\t\t\t\t\t\t\t\t\t<div class=\"wpsm_team_3_name_divider\"><\/div>\r\n\t\t\t\t\t\t\t\t<\/h3>\r\n\t\t\t\t\t\t\t\t<span class=\"wpsm_team_3_b_desig\"> Avukat <\/span> \t\t\t\t\t\t\t\t<p class=\"wpsm_team_3_b_desc\"> <a href=\"https:\/\/ovahukuk.com\/en\/serdan-ova\/\">\r\n<img decoding=\"async\" src=\"https:\/\/ovahukuk.com\/wp-content\/uploads\/2021\/08\/Adsiz-300x300.png\">\r\n <\/a> <\/p> \t\t\t\t\t\t\t\t<div class=\"wpsm_team_3_social_div\">\r\n\t\t\t\t\t\t\t\t\t\t\t\t\t\t\t\t\t\t\t\t\t\t\t\t\t\t\t\t\t\t\t\t\t\t\t\t\t\t\t\t\t\t\t\t<\/div>\r\n\t\t\t\t\t\t\t<\/div>\r\n\t\t\t\t\t\t<\/div>\r\n\t\t\t\t\t<\/div>\r\n\t\t\t\t\t\t\t\t\t\t\t\t\t \r\n\t\t\t\t\t<div class=\"wpsm_col-md-4 wpsm_col-sm-6 wpsm-col-div wpsm_single_team\">\r\n\t\t\t\t\t\t<div class=\"wpsm_team_3_member_wrapper\">\r\n\t\t\t\t\t\t\t<div class=\"wpsm_tram_img_wrap\">\r\n\t\t\t\t\t\t\t  <img decoding=\"async\" class=\"img-responsive wpsm_team_3_mem_img\" src=\"https:\/\/ovahukuk.com\/wp-content\/uploads\/2021\/08\/Adsiz.png\" alt=\"Av. Emine G\u00fcl ORAN\">\r\n\t\t\t\t\t\t\t<\/div>\r\n\t\t\t\t\t\t\t\r\n\t\t\t\t\t\t\t<div class=\"wpsm_team_3_member_wrapper_inner\">\r\n\t\t\t\t\t\t\t\t<h3>\r\n\t\t\t\t\t\t\t\t\tAv. Emine G\u00fcl ORAN\t\t\t\t\t\t\t\t\t<div class=\"wpsm_team_3_name_divider\"><\/div>\r\n\t\t\t\t\t\t\t\t<\/h3>\r\n\t\t\t\t\t\t\t\t<span class=\"wpsm_team_3_b_desig\"> Avukat <\/span> \t\t\t\t\t\t\t\t<p class=\"wpsm_team_3_b_desc\"> <a href=\"https:\/\/ovahukuk.com\/en\/emine-gul-oran\/\">\r\n<img decoding=\"async\" src=\"https:\/\/ovahukuk.com\/wp-content\/uploads\/2021\/08\/Adsiz-300x300.png\">\r\n <\/a> <\/p> \t\t\t\t\t\t\t\t<div class=\"wpsm_team_3_social_div\">\r\n\t\t\t\t\t\t\t\t\t\t\t\t\t\t\t\t\t\t\t\t\t\t\t\t\t\t\t\t\t\t\t\t\t\t\t\t\t\t\t\t\t\t\t\t<\/div>\r\n\t\t\t\t\t\t\t<\/div>\r\n\t\t\t\t\t\t<\/div>\r\n\t\t\t\t\t<\/div>\r\n\t\t\t\t\t\t\t\t\t\t\t<\/div>\r\n\t\t\t\t\t\t<div class=\"wpsm_row\">\r\n\t\t\t\t\t\t\t\t\t\t\t\t\t\r\n\t\t<\/div>\r\n\t<\/div>\n<\/body><\/html>","protected":false},"excerpt":{"rendered":"<p>Ekibimiz<\/p>","protected":false},"author":1,"featured_media":49,"parent":0,"menu_order":0,"comment_status":"closed","ping_status":"closed","template":"page-templates\/template-fullwidth.php","meta":{"om_disable_all_campaigns":false,"_monsterinsights_skip_tracking":false,"_monsterinsights_sitenote_active":false,"_monsterinsights_sitenote_note":"","_monsterinsights_sitenote_category":0,"footnotes":""},"class_list":["post-86","page","type-page","status-publish","has-post-thumbnail","hentry"],"aioseo_notices":[],"yoast_head":"<!-- This site is optimized with the Yoast SEO plugin v26.7 - https:\/\/yoast.com\/wordpress\/plugins\/seo\/ -->\n<title>\u00a0Ekibimiz - Ova Avukatl\u0131k B\u00fcrosu<\/title>\n<meta name=\"robots\" content=\"index, follow, max-snippet:-1, max-image-preview:large, max-video-preview:-1\" \/>\n<link rel=\"canonical\" href=\"https:\/\/ovahukuk.com\/en\/ekibimiz\/\" \/>\n<meta property=\"og:locale\" content=\"en_US\" \/>\n<meta property=\"og:type\" content=\"article\" \/>\n<meta property=\"og:title\" content=\"\u00a0Ekibimiz - Ova Avukatl\u0131k B\u00fcrosu\" \/>\n<meta property=\"og:description\" content=\"Ekibimiz\" \/>\n<meta property=\"og:url\" content=\"https:\/\/ovahukuk.com\/en\/ekibimiz\/\" \/>\n<meta property=\"og:site_name\" content=\"Ova Avukatl\u0131k B\u00fcrosu\" \/>\n<meta property=\"article:modified_time\" content=\"2023-10-10T19:40:56+00:00\" \/>\n<meta property=\"og:image\" content=\"https:\/\/ovahukuk.com\/wp-content\/uploads\/2021\/08\/bg_2.jpg\" \/>\n\t<meta property=\"og:image:width\" content=\"2000\" \/>\n\t<meta property=\"og:image:height\" content=\"1030\" \/>\n\t<meta property=\"og:image:type\" content=\"image\/jpeg\" \/>\n<meta name=\"twitter:card\" content=\"summary_large_image\" \/>\n<script type=\"application\/ld+json\" class=\"yoast-schema-graph\">{\"@context\":\"https:\/\/schema.org\",\"@graph\":[{\"@type\":\"WebPage\",\"@id\":\"https:\/\/ovahukuk.com\/ekibimiz\/\",\"url\":\"https:\/\/ovahukuk.com\/ekibimiz\/\",\"name\":\"\u00a0Ekibimiz - Ova Avukatl\u0131k B\u00fcrosu\",\"isPartOf\":{\"@id\":\"https:\/\/ovahukuk.com\/#website\"},\"primaryImageOfPage\":{\"@id\":\"https:\/\/ovahukuk.com\/ekibimiz\/#primaryimage\"},\"image\":{\"@id\":\"https:\/\/ovahukuk.com\/ekibimiz\/#primaryimage\"},\"thumbnailUrl\":\"https:\/\/ovahukuk.com\/wp-content\/uploads\/2021\/08\/bg_2.jpg\",\"datePublished\":\"2021-08-02T16:29:56+00:00\",\"dateModified\":\"2023-10-10T19:40:56+00:00\",\"breadcrumb\":{\"@id\":\"https:\/\/ovahukuk.com\/ekibimiz\/#breadcrumb\"},\"inLanguage\":\"en-US\",\"potentialAction\":[{\"@type\":\"ReadAction\",\"target\":[\"https:\/\/ovahukuk.com\/ekibimiz\/\"]}]},{\"@type\":\"ImageObject\",\"inLanguage\":\"en-US\",\"@id\":\"https:\/\/ovahukuk.com\/ekibimiz\/#primaryimage\",\"url\":\"https:\/\/ovahukuk.com\/wp-content\/uploads\/2021\/08\/bg_2.jpg\",\"contentUrl\":\"https:\/\/ovahukuk.com\/wp-content\/uploads\/2021\/08\/bg_2.jpg\",\"width\":2000,\"height\":1030},{\"@type\":\"BreadcrumbList\",\"@id\":\"https:\/\/ovahukuk.com\/ekibimiz\/#breadcrumb\",\"itemListElement\":[{\"@type\":\"ListItem\",\"position\":1,\"name\":\"Anasayfa\",\"item\":\"https:\/\/ovahukuk.com\/\"},{\"@type\":\"ListItem\",\"position\":2,\"name\":\"\u00a0Ekibimiz\"}]},{\"@type\":\"WebSite\",\"@id\":\"https:\/\/ovahukuk.com\/#website\",\"url\":\"https:\/\/ovahukuk.com\/\",\"name\":\"Ova Hukuk\",\"description\":\"Hukuk | Dan\u0131\u015fmanl\u0131k\",\"publisher\":{\"@id\":\"https:\/\/ovahukuk.com\/#organization\"},\"potentialAction\":[{\"@type\":\"SearchAction\",\"target\":{\"@type\":\"EntryPoint\",\"urlTemplate\":\"https:\/\/ovahukuk.com\/?s={search_term_string}\"},\"query-input\":{\"@type\":\"PropertyValueSpecification\",\"valueRequired\":true,\"valueName\":\"search_term_string\"}}],\"inLanguage\":\"en-US\"},{\"@type\":\"Organization\",\"@id\":\"https:\/\/ovahukuk.com\/#organization\",\"name\":\"Ova Avukatl\u0131k B\u00fcrosu\",\"url\":\"https:\/\/ovahukuk.com\/\",\"logo\":{\"@type\":\"ImageObject\",\"inLanguage\":\"en-US\",\"@id\":\"https:\/\/ovahukuk.com\/#\/schema\/logo\/image\/\",\"url\":\"https:\/\/ovahukuk.com\/wp-content\/uploads\/2021\/08\/logo2-1.png\",\"contentUrl\":\"https:\/\/ovahukuk.com\/wp-content\/uploads\/2021\/08\/logo2-1.png\",\"width\":268,\"height\":265,\"caption\":\"Ova Avukatl\u0131k B\u00fcrosu\"},\"image\":{\"@id\":\"https:\/\/ovahukuk.com\/#\/schema\/logo\/image\/\"}}]}<\/script>\n<!-- \/ Yoast SEO plugin. -->","yoast_head_json":{"title":"\u00a0Ekibimiz - Ova Avukatl\u0131k B\u00fcrosu","robots":{"index":"index","follow":"follow","max-snippet":"max-snippet:-1","max-image-preview":"max-image-preview:large","max-video-preview":"max-video-preview:-1"},"canonical":"https:\/\/ovahukuk.com\/en\/ekibimiz\/","og_locale":"en_US","og_type":"article","og_title":"\u00a0Ekibimiz - Ova Avukatl\u0131k B\u00fcrosu","og_description":"Ekibimiz","og_url":"https:\/\/ovahukuk.com\/en\/ekibimiz\/","og_site_name":"Ova Avukatl\u0131k B\u00fcrosu","article_modified_time":"2023-10-10T19:40:56+00:00","og_image":[{"width":2000,"height":1030,"url":"https:\/\/ovahukuk.com\/wp-content\/uploads\/2021\/08\/bg_2.jpg","type":"image\/jpeg"}],"twitter_card":"summary_large_image","schema":{"@context":"https:\/\/schema.org","@graph":[{"@type":"WebPage","@id":"https:\/\/ovahukuk.com\/ekibimiz\/","url":"https:\/\/ovahukuk.com\/ekibimiz\/","name":"\u00a0Ekibimiz - Ova Avukatl\u0131k B\u00fcrosu","isPartOf":{"@id":"https:\/\/ovahukuk.com\/#website"},"primaryImageOfPage":{"@id":"https:\/\/ovahukuk.com\/ekibimiz\/#primaryimage"},"image":{"@id":"https:\/\/ovahukuk.com\/ekibimiz\/#primaryimage"},"thumbnailUrl":"https:\/\/ovahukuk.com\/wp-content\/uploads\/2021\/08\/bg_2.jpg","datePublished":"2021-08-02T16:29:56+00:00","dateModified":"2023-10-10T19:40:56+00:00","breadcrumb":{"@id":"https:\/\/ovahukuk.com\/ekibimiz\/#breadcrumb"},"inLanguage":"en-US","potentialAction":[{"@type":"ReadAction","target":["https:\/\/ovahukuk.com\/ekibimiz\/"]}]},{"@type":"ImageObject","inLanguage":"en-US","@id":"https:\/\/ovahukuk.com\/ekibimiz\/#primaryimage","url":"https:\/\/ovahukuk.com\/wp-content\/uploads\/2021\/08\/bg_2.jpg","contentUrl":"https:\/\/ovahukuk.com\/wp-content\/uploads\/2021\/08\/bg_2.jpg","width":2000,"height":1030},{"@type":"BreadcrumbList","@id":"https:\/\/ovahukuk.com\/ekibimiz\/#breadcrumb","itemListElement":[{"@type":"ListItem","position":1,"name":"Anasayfa","item":"https:\/\/ovahukuk.com\/"},{"@type":"ListItem","position":2,"name":"\u00a0Ekibimiz"}]},{"@type":"WebSite","@id":"https:\/\/ovahukuk.com\/#website","url":"https:\/\/ovahukuk.com\/","name":"Ova Hukuk","description":"Hukuk | Dan\u0131\u015fmanl\u0131k","publisher":{"@id":"https:\/\/ovahukuk.com\/#organization"},"potentialAction":[{"@type":"SearchAction","target":{"@type":"EntryPoint","urlTemplate":"https:\/\/ovahukuk.com\/?s={search_term_string}"},"query-input":{"@type":"PropertyValueSpecification","valueRequired":true,"valueName":"search_term_string"}}],"inLanguage":"en-US"},{"@type":"Organization","@id":"https:\/\/ovahukuk.com\/#organization","name":"Ova Avukatl\u0131k B\u00fcrosu","url":"https:\/\/ovahukuk.com\/","logo":{"@type":"ImageObject","inLanguage":"en-US","@id":"https:\/\/ovahukuk.com\/#\/schema\/logo\/image\/","url":"https:\/\/ovahukuk.com\/wp-content\/uploads\/2021\/08\/logo2-1.png","contentUrl":"https:\/\/ovahukuk.com\/wp-content\/uploads\/2021\/08\/logo2-1.png","width":268,"height":265,"caption":"Ova Avukatl\u0131k B\u00fcrosu"},"image":{"@id":"https:\/\/ovahukuk.com\/#\/schema\/logo\/image\/"}}]}},"_links":{"self":[{"href":"https:\/\/ovahukuk.com\/en\/wp-json\/wp\/v2\/pages\/86","targetHints":{"allow":["GET"]}}],"collection":[{"href":"https:\/\/ovahukuk.com\/en\/wp-json\/wp\/v2\/pages"}],"about":[{"href":"https:\/\/ovahukuk.com\/en\/wp-json\/wp\/v2\/types\/page"}],"author":[{"embeddable":true,"href":"https:\/\/ovahukuk.com\/en\/wp-json\/wp\/v2\/users\/1"}],"replies":[{"embeddable":true,"href":"https:\/\/ovahukuk.com\/en\/wp-json\/wp\/v2\/comments?post=86"}],"version-history":[{"count":11,"href":"https:\/\/ovahukuk.com\/en\/wp-json\/wp\/v2\/pages\/86\/revisions"}],"predecessor-version":[{"id":453,"href":"https:\/\/ovahukuk.com\/en\/wp-json\/wp\/v2\/pages\/86\/revisions\/453"}],"wp:featuredmedia":[{"embeddable":true,"href":"https:\/\/ovahukuk.com\/en\/wp-json\/wp\/v2\/media\/49"}],"wp:attachment":[{"href":"https:\/\/ovahukuk.com\/en\/wp-json\/wp\/v2\/media?parent=86"}],"curies":[{"name":"wp","href":"https:\/\/api.w.org\/{rel}","templated":true}]}}